{"id":86,"date":"2020-11-04T06:45:47","date_gmt":"2020-11-04T05:45:47","guid":{"rendered":"http:\/\/aca-pl.com\/?page_id=86"},"modified":"2020-11-04T06:47:42","modified_gmt":"2020-11-04T05:47:42","slug":"audit-conseil-assistance-2","status":"publish","type":"page","link":"https:\/\/aca-pl.com\/?page_id=86","title":{"rendered":"Audit d&rsquo;Assurances"},"content":{"rendered":"\r\n<div class=\"wp-block-group\">\r\n<div class=\"wp-block-group__inner-container is-layout-flow wp-block-group-is-layout-flow\">\r\n<div class=\"wp-block-group\">\r\n<div class=\"wp-block-group__inner-container is-layout-flow wp-block-group-is-layout-flow\">\r\n<p><strong>Pourquoi un Audit d&rsquo;assurances ?<\/strong><\/p>\r\n<p><strong>Qu\u2019est ce qu\u2019un audit d\u2019assurances\u00a0?<\/strong><\/p>\r\n\r\n\r\n\r\n<p>Un audit d\u2019assurances consiste \u00e0 analyser vos besoins dans le cadre de votre programme d\u2019assurances.<\/p>\r\n\r\n\r\n\r\n<p>Il n\u2019est pas redondant avec le programme que vous avez mis en place, mais il est compl\u00e9mentaire.<\/p>\r\n\r\n\r\n\r\n<p>En effet, il ne s\u2019agit pas de remettre syst\u00e9matiquement en cause le travail de votre courtier ou votre agent d\u2019assurances, mais de le conforter ou le compl\u00e9ter.<\/p>\r\n\r\n\r\n\r\n<p><strong>A quoi sert un audit\u00a0?<\/strong><\/p>\r\n\r\n\r\n\r\n<p>Avant tout \u00e0 pr\u00e9server votre patrimoine professionnel.<\/p>\r\n\r\n\r\n\r\n<p>Le sujet de l\u2019assurance est souvent consid\u00e9r\u00e9 \u00e0 tort comme une charge et un mal n\u00e9cessaire.<\/p>\r\n\r\n\r\n\r\n<p>S\u2019il est vrai que c\u2019est une charge, cela doit devenir aussi pour chacun un besoin, afin d\u2019\u00e9viter de voir un jour s\u2019\u00e9vanouir des ann\u00e9es de travail sans pouvoir remplacer les biens perdus.<\/p>\r\n\r\n\r\n\r\n<p>Bien entendu, il n&rsquo;est pas interdit de faire des \u00e9conomies de cotisations (c&rsquo;est souvent le cas) lorsque cela est possible.<\/p>\r\n\r\n\r\n\r\n<p><strong>Comment est il organis\u00e9\u00a0?<\/strong><\/p>\r\n\r\n\r\n\r\n<p>Un premier \u00e9change d\u00e9termine avec le chef d\u2019entreprise le p\u00e9rim\u00e8tre souhait\u00e9 soit<\/p>\r\n\r\n\r\n\r\n<ul class=\"wp-block-list\">\r\n<li>Une \u00e9tude afin de v\u00e9rifier si les surfaces, capitaux garantis, et les activit\u00e9s sont bien assur\u00e9s (y compris en sant\u00e9, pr\u00e9voyance et retraite).<\/li>\r\n<li>Une \u00e9tude approfondie avec la r\u00e9daction d\u2019un rapport d\u00e9taill\u00e9 sur les mesures pouvant \u00eatre mise en \u0153uvre avec votre conseiller habituel.<\/li>\r\n<li>La mise en place d\u2019un cahier des charges avec un appel d\u2019offre aupr\u00e8s des assureurs ou les courtiers de votre choix, y compris le v\u00f4tre, bien entendu.<\/li>\r\n<\/ul>\r\n\r\n\r\n\r\n<p><strong>Quel en est le co\u00fbt\u00a0?<\/strong><\/p>\r\n\r\n\r\n\r\n<p>Le co\u00fbt est variable en fonction de l\u2019importance de l\u2019entreprise ainsi que de la complexit\u00e9 de \u00a0ses structures juridiques.<\/p>\r\n\r\n\r\n\r\n<p>En tout \u00e9tat de cause, il est aussi d\u00e9termin\u00e9 suivant le p\u00e9rim\u00e8tre souhait\u00e9 par le client.<\/p>\r\n\r\n\r\n\r\n<p>En r\u00e9sum\u00e9, un audit permettra \u00e0 une entreprise d\u2019avoir un avis ind\u00e9pendant sur ses besoins et donc d\u2019adapter ses garanties si n\u00e9cessaire.<\/p>\r\n\r\n\r\n\r\n<p>Et surtout, il vous permettra de vous mobiliser sur d\u2019autres sujets, ainsi que vos collaborateurs.<\/p>\r\n\r\n\r\n\r\n<p>Bien s\u00fbr, un audit repr\u00e9sente un service et donc un petit investissement. Cependant il vous aidera \u00e0 pr\u00e9server votre entreprise en cas de sinistre important<\/p>\r\n\r\n\r\n\r\n<p>N&rsquo;h\u00e9sitez pas \u00e0 nous interroger ! Vous pouvez nous contacter par <a href=\"mailto:info@aca-pl.com\">mail<\/a> ou par t\u00e9l\u00e9phone au <strong>02 41 09 77 32<\/strong> ou par notre <a href=\"https:\/\/aca-pl.com\/?page_id=181\">formulaire<\/a> de contact de 8h \u00e0 19h du Lundi au Vendredi, et le Samedi uniquement par mail.<\/p>\r\n<\/div>\r\n<\/div>\r\n<\/div>\r\n<\/div>\r\n\r\n\r\n\r\n<div class=\"wp-block-image\">\r\n<figure class=\"aligncenter size-large\"><img loading=\"lazy\" decoding=\"async\" width=\"125\" height=\"125\" class=\"wp-image-33 aligncenter\" src=\"https:\/\/aca-pl.com\/wp-content\/uploads\/2019\/11\/ACA-15pxX15px-1.png\" alt=\"\" \/><\/figure>\r\n<\/div>\r\n\r\n\r\n\r\n<p class=\"has-text-align-center\" style=\"text-align: center;\"><strong>Quand la passion est un m\u00e9tier<\/strong><\/p>\r\n","protected":false},"excerpt":{"rendered":"<p>Pourquoi un Audit d&rsquo;assurances ? Qu\u2019est ce qu\u2019un audit d\u2019assurances\u00a0? Un audit d\u2019assurances consiste \u00e0 analyser vos besoins dans le cadre de votre programme d\u2019assurances. Il n\u2019est pas redondant avec le programme que vous avez mis en place, mais il est compl\u00e9mentaire. En effet, il ne s\u2019agit pas de remettre syst\u00e9matiquement en cause le travail &hellip; <a href=\"https:\/\/aca-pl.com\/?page_id=86\" class=\"more-link\">Continuer la lecture de <span class=\"screen-reader-text\">Audit d&rsquo;Assurances<\/span>  <span class=\"meta-nav\">&rarr;<\/span><\/a><\/p>\n","protected":false},"author":1,"featured_media":0,"parent":0,"menu_order":0,"comment_status":"closed","ping_status":"closed","template":"","meta":{"_bbp_topic_count":0,"_bbp_reply_count":0,"_bbp_total_topic_count":0,"_bbp_total_reply_count":0,"_bbp_voice_count":0,"_bbp_anonymous_reply_count":0,"_bbp_topic_count_hidden":0,"_bbp_reply_count_hidden":0,"_bbp_forum_subforum_count":0,"_monsterinsights_skip_tracking":false,"_monsterinsights_sitenote_active":false,"_monsterinsights_sitenote_note":"","_monsterinsights_sitenote_category":0,"_themeisle_gutenberg_block_has_review":false,"footnotes":""},"class_list":["post-86","page","type-page","status-publish","hentry"],"yoast_head":"<!-- This site is optimized with the Yoast SEO plugin v24.9 - https:\/\/yoast.com\/wordpress\/plugins\/seo\/ -->\n<title>Audit d&#039;Assurances -<\/title>\n<meta name=\"description\" content=\"Un audit d\u2019assurances consiste \u00e0 analyser vos besoins dans le cadre de votre programme d\u2019assurances.Il n\u2019est pas redondant avec le programme que vous avez mis en place, mais il est compl\u00e9mentaire.\" \/>\n<meta name=\"robots\" content=\"index, follow, max-snippet:-1, max-image-preview:large, max-video-preview:-1\" \/>\n<link rel=\"canonical\" href=\"https:\/\/aca-pl.com\/?page_id=86\" \/>\n<meta property=\"og:locale\" content=\"fr_FR\" \/>\n<meta property=\"og:type\" content=\"article\" \/>\n<meta property=\"og:title\" content=\"Audit d&#039;Assurances -\" \/>\n<meta property=\"og:description\" content=\"Un audit d\u2019assurances consiste \u00e0 analyser vos besoins dans le cadre de votre programme d\u2019assurances.Il n\u2019est pas redondant avec le programme que vous avez mis en place, mais il est compl\u00e9mentaire.\" \/>\n<meta property=\"og:url\" content=\"https:\/\/aca-pl.com\/?page_id=86\" \/>\n<meta property=\"article:publisher\" content=\"https:\/\/www.facebook.com\/groups\/1773349446235806\/?ref=bookmarks\" \/>\n<meta property=\"article:modified_time\" content=\"2020-11-04T05:47:42+00:00\" \/>\n<meta property=\"og:image\" content=\"https:\/\/aca-pl.com\/wp-content\/uploads\/2019\/11\/ACA-15pxX15px-1.png\" \/>\n<meta name=\"twitter:card\" content=\"summary_large_image\" \/>\n<meta name=\"twitter:site\" content=\"@AssistanceAudit\" \/>\n<meta name=\"twitter:label1\" content=\"Dur\u00e9e de lecture estim\u00e9e\" \/>\n\t<meta name=\"twitter:data1\" content=\"2 minutes\" \/>\n<script type=\"application\/ld+json\" class=\"yoast-schema-graph\">{\"@context\":\"https:\/\/schema.org\",\"@graph\":[{\"@type\":\"WebPage\",\"@id\":\"https:\/\/aca-pl.com\/?page_id=86\",\"url\":\"https:\/\/aca-pl.com\/?page_id=86\",\"name\":\"Audit d'Assurances -\",\"isPartOf\":{\"@id\":\"https:\/\/aca-pl.com\/#website\"},\"primaryImageOfPage\":{\"@id\":\"https:\/\/aca-pl.com\/?page_id=86#primaryimage\"},\"image\":{\"@id\":\"https:\/\/aca-pl.com\/?page_id=86#primaryimage\"},\"thumbnailUrl\":\"https:\/\/aca-pl.com\/wp-content\/uploads\/2019\/11\/ACA-15pxX15px-1.png\",\"datePublished\":\"2020-11-04T05:45:47+00:00\",\"dateModified\":\"2020-11-04T05:47:42+00:00\",\"description\":\"Un audit d\u2019assurances consiste \u00e0 analyser vos besoins dans le cadre de votre programme d\u2019assurances.Il n\u2019est pas redondant avec le programme que vous avez mis en place, mais il est compl\u00e9mentaire.\",\"breadcrumb\":{\"@id\":\"https:\/\/aca-pl.com\/?page_id=86#breadcrumb\"},\"inLanguage\":\"fr-FR\",\"potentialAction\":[{\"@type\":\"ReadAction\",\"target\":[\"https:\/\/aca-pl.com\/?page_id=86\"]}]},{\"@type\":\"ImageObject\",\"inLanguage\":\"fr-FR\",\"@id\":\"https:\/\/aca-pl.com\/?page_id=86#primaryimage\",\"url\":\"https:\/\/aca-pl.com\/wp-content\/uploads\/2019\/11\/ACA-15pxX15px-1.png\",\"contentUrl\":\"https:\/\/aca-pl.com\/wp-content\/uploads\/2019\/11\/ACA-15pxX15px-1.png\",\"width\":125,\"height\":125,\"caption\":\"LOGO ACA\"},{\"@type\":\"BreadcrumbList\",\"@id\":\"https:\/\/aca-pl.com\/?page_id=86#breadcrumb\",\"itemListElement\":[{\"@type\":\"ListItem\",\"position\":1,\"name\":\"Accueil\",\"item\":\"https:\/\/aca-pl.com\/\"},{\"@type\":\"ListItem\",\"position\":2,\"name\":\"Audit d&rsquo;Assurances\"}]},{\"@type\":\"WebSite\",\"@id\":\"https:\/\/aca-pl.com\/#website\",\"url\":\"https:\/\/aca-pl.com\/\",\"name\":\"\",\"description\":\"Quand la passion est un m\u00e9tier\",\"publisher\":{\"@id\":\"https:\/\/aca-pl.com\/#organization\"},\"potentialAction\":[{\"@type\":\"SearchAction\",\"target\":{\"@type\":\"EntryPoint\",\"urlTemplate\":\"https:\/\/aca-pl.com\/?s={search_term_string}\"},\"query-input\":{\"@type\":\"PropertyValueSpecification\",\"valueRequired\":true,\"valueName\":\"search_term_string\"}}],\"inLanguage\":\"fr-FR\"},{\"@type\":\"Organization\",\"@id\":\"https:\/\/aca-pl.com\/#organization\",\"name\":\"AUDIT CONSEIL ASSISTANCE\",\"url\":\"https:\/\/aca-pl.com\/\",\"logo\":{\"@type\":\"ImageObject\",\"inLanguage\":\"fr-FR\",\"@id\":\"https:\/\/aca-pl.com\/#\/schema\/logo\/image\/\",\"url\":\"https:\/\/aca-pl.com\/wp-content\/uploads\/2019\/11\/ACA-15pxX15px-1.png\",\"contentUrl\":\"https:\/\/aca-pl.com\/wp-content\/uploads\/2019\/11\/ACA-15pxX15px-1.png\",\"width\":125,\"height\":125,\"caption\":\"AUDIT CONSEIL ASSISTANCE\"},\"image\":{\"@id\":\"https:\/\/aca-pl.com\/#\/schema\/logo\/image\/\"},\"sameAs\":[\"https:\/\/www.facebook.com\/groups\/1773349446235806\/?ref=bookmarks\",\"https:\/\/x.com\/AssistanceAudit\",\"http:\/\/www.linkedin.com\/in\/philippe-b-7a43b342\"]}]}<\/script>\n<!-- \/ Yoast SEO plugin. -->","yoast_head_json":{"title":"Audit d'Assurances -","description":"Un audit d\u2019assurances consiste \u00e0 analyser vos besoins dans le cadre de votre programme d\u2019assurances.Il n\u2019est pas redondant avec le programme que vous avez mis en place, mais il est compl\u00e9mentaire.","robots":{"index":"index","follow":"follow","max-snippet":"max-snippet:-1","max-image-preview":"max-image-preview:large","max-video-preview":"max-video-preview:-1"},"canonical":"https:\/\/aca-pl.com\/?page_id=86","og_locale":"fr_FR","og_type":"article","og_title":"Audit d'Assurances -","og_description":"Un audit d\u2019assurances consiste \u00e0 analyser vos besoins dans le cadre de votre programme d\u2019assurances.Il n\u2019est pas redondant avec le programme que vous avez mis en place, mais il est compl\u00e9mentaire.","og_url":"https:\/\/aca-pl.com\/?page_id=86","article_publisher":"https:\/\/www.facebook.com\/groups\/1773349446235806\/?ref=bookmarks","article_modified_time":"2020-11-04T05:47:42+00:00","og_image":[{"url":"https:\/\/aca-pl.com\/wp-content\/uploads\/2019\/11\/ACA-15pxX15px-1.png","type":"","width":"","height":""}],"twitter_card":"summary_large_image","twitter_site":"@AssistanceAudit","twitter_misc":{"Dur\u00e9e de lecture estim\u00e9e":"2 minutes"},"schema":{"@context":"https:\/\/schema.org","@graph":[{"@type":"WebPage","@id":"https:\/\/aca-pl.com\/?page_id=86","url":"https:\/\/aca-pl.com\/?page_id=86","name":"Audit d'Assurances -","isPartOf":{"@id":"https:\/\/aca-pl.com\/#website"},"primaryImageOfPage":{"@id":"https:\/\/aca-pl.com\/?page_id=86#primaryimage"},"image":{"@id":"https:\/\/aca-pl.com\/?page_id=86#primaryimage"},"thumbnailUrl":"https:\/\/aca-pl.com\/wp-content\/uploads\/2019\/11\/ACA-15pxX15px-1.png","datePublished":"2020-11-04T05:45:47+00:00","dateModified":"2020-11-04T05:47:42+00:00","description":"Un audit d\u2019assurances consiste \u00e0 analyser vos besoins dans le cadre de votre programme d\u2019assurances.Il n\u2019est pas redondant avec le programme que vous avez mis en place, mais il est compl\u00e9mentaire.","breadcrumb":{"@id":"https:\/\/aca-pl.com\/?page_id=86#breadcrumb"},"inLanguage":"fr-FR","potentialAction":[{"@type":"ReadAction","target":["https:\/\/aca-pl.com\/?page_id=86"]}]},{"@type":"ImageObject","inLanguage":"fr-FR","@id":"https:\/\/aca-pl.com\/?page_id=86#primaryimage","url":"https:\/\/aca-pl.com\/wp-content\/uploads\/2019\/11\/ACA-15pxX15px-1.png","contentUrl":"https:\/\/aca-pl.com\/wp-content\/uploads\/2019\/11\/ACA-15pxX15px-1.png","width":125,"height":125,"caption":"LOGO ACA"},{"@type":"BreadcrumbList","@id":"https:\/\/aca-pl.com\/?page_id=86#breadcrumb","itemListElement":[{"@type":"ListItem","position":1,"name":"Accueil","item":"https:\/\/aca-pl.com\/"},{"@type":"ListItem","position":2,"name":"Audit d&rsquo;Assurances"}]},{"@type":"WebSite","@id":"https:\/\/aca-pl.com\/#website","url":"https:\/\/aca-pl.com\/","name":"","description":"Quand la passion est un m\u00e9tier","publisher":{"@id":"https:\/\/aca-pl.com\/#organization"},"potentialAction":[{"@type":"SearchAction","target":{"@type":"EntryPoint","urlTemplate":"https:\/\/aca-pl.com\/?s={search_term_string}"},"query-input":{"@type":"PropertyValueSpecification","valueRequired":true,"valueName":"search_term_string"}}],"inLanguage":"fr-FR"},{"@type":"Organization","@id":"https:\/\/aca-pl.com\/#organization","name":"AUDIT CONSEIL ASSISTANCE","url":"https:\/\/aca-pl.com\/","logo":{"@type":"ImageObject","inLanguage":"fr-FR","@id":"https:\/\/aca-pl.com\/#\/schema\/logo\/image\/","url":"https:\/\/aca-pl.com\/wp-content\/uploads\/2019\/11\/ACA-15pxX15px-1.png","contentUrl":"https:\/\/aca-pl.com\/wp-content\/uploads\/2019\/11\/ACA-15pxX15px-1.png","width":125,"height":125,"caption":"AUDIT CONSEIL ASSISTANCE"},"image":{"@id":"https:\/\/aca-pl.com\/#\/schema\/logo\/image\/"},"sameAs":["https:\/\/www.facebook.com\/groups\/1773349446235806\/?ref=bookmarks","https:\/\/x.com\/AssistanceAudit","http:\/\/www.linkedin.com\/in\/philippe-b-7a43b342"]}]}},"_links":{"self":[{"href":"https:\/\/aca-pl.com\/index.php?rest_route=\/wp\/v2\/pages\/86","targetHints":{"allow":["GET"]}}],"collection":[{"href":"https:\/\/aca-pl.com\/index.php?rest_route=\/wp\/v2\/pages"}],"about":[{"href":"https:\/\/aca-pl.com\/index.php?rest_route=\/wp\/v2\/types\/page"}],"author":[{"embeddable":true,"href":"https:\/\/aca-pl.com\/index.php?rest_route=\/wp\/v2\/users\/1"}],"replies":[{"embeddable":true,"href":"https:\/\/aca-pl.com\/index.php?rest_route=%2Fwp%2Fv2%2Fcomments&post=86"}],"version-history":[{"count":13,"href":"https:\/\/aca-pl.com\/index.php?rest_route=\/wp\/v2\/pages\/86\/revisions"}],"predecessor-version":[{"id":2394,"href":"https:\/\/aca-pl.com\/index.php?rest_route=\/wp\/v2\/pages\/86\/revisions\/2394"}],"wp:attachment":[{"href":"https:\/\/aca-pl.com\/index.php?rest_route=%2Fwp%2Fv2%2Fmedia&parent=86"}],"curies":[{"name":"wp","href":"https:\/\/api.w.org\/{rel}","templated":true}]}}