{"id":800,"date":"2020-05-07T23:05:29","date_gmt":"2020-05-07T21:05:29","guid":{"rendered":"https:\/\/aca-pl.com\/?page_id=800"},"modified":"2020-12-07T09:33:42","modified_gmt":"2020-12-07T08:33:42","slug":"videos-audit-conseil-assistance-aca","status":"publish","type":"page","link":"https:\/\/aca-pl.com\/?page_id=800","title":{"rendered":"VIDEOS"},"content":{"rendered":"\n<figure class=\"wp-block-embed-facebook wp-block-embed is-type-video is-provider-facebook\"><div class=\"wp-block-embed__wrapper\">\nhttps:\/\/www.facebook.com\/111129583646345\/videos\/697794907636392\/\n<\/div><figcaption>Pr\u00e9sentation du cabinet Audit Conseil Assistance<\/figcaption><\/figure>\n\n\n\n<p><\/p>\n\n\n\n<figure class=\"wp-block-embed-youtube wp-block-embed is-type-video is-provider-youtube wp-embed-aspect-4-3 wp-has-aspect-ratio\"><div class=\"wp-block-embed__wrapper\">\n<iframe loading=\"lazy\" title=\"RESILIATION INFRA-ANNUELLE\" width=\"474\" height=\"356\" src=\"https:\/\/www.youtube.com\/embed\/KuEMD-iS8g8?feature=oembed\" frameborder=\"0\" allow=\"accelerometer; autoplay; clipboard-write; encrypted-media; gyroscope; picture-in-picture; web-share\" referrerpolicy=\"strict-origin-when-cross-origin\" allowfullscreen><\/iframe>\n<\/div><\/figure>\n\n\n\n<p>Compl\u00e9mentaire sant\u00e9: la r\u00e9siliation infra-annuelle<\/p>\n\n\n\n<figure class=\"wp-block-embed-facebook wp-block-embed is-type-video is-provider-facebook\"><div class=\"wp-block-embed__wrapper\">\nhttps:\/\/www.facebook.com\/111129583646345\/videos\/234524620946029\/\n<\/div><figcaption>Pr\u00e9sentation responsabilit\u00e9 civile des dirigeants<br><br><\/figcaption><\/figure>\n\n\n\n<figure class=\"wp-block-embed-facebook wp-block-embed is-type-video is-provider-facebook\"><div class=\"wp-block-embed__wrapper\">\nhttps:\/\/www.facebook.com\/111129583646345\/videos\/701618583920705\/\n<\/div><figcaption>La n\u00e9cessit\u00e9  d&rsquo;auditer ses garanties d&rsquo;assurances en p\u00e9riode de crise<\/figcaption><\/figure>\n\n\n\n<figure class=\"wp-block-embed-youtube wp-block-embed is-type-video is-provider-youtube wp-embed-aspect-16-9 wp-has-aspect-ratio\"><div class=\"wp-block-embed__wrapper\">\n<iframe loading=\"lazy\" title=\"ASSURANCES DU PARTICULIER\" width=\"474\" height=\"267\" src=\"https:\/\/www.youtube.com\/embed\/LJrIcJ6o5Z0?feature=oembed\" frameborder=\"0\" allow=\"accelerometer; autoplay; clipboard-write; encrypted-media; gyroscope; picture-in-picture; web-share\" referrerpolicy=\"strict-origin-when-cross-origin\" allowfullscreen><\/iframe>\n<\/div><figcaption>D\u00e9couvrez notre offre pour les assurances des particuliers<\/figcaption><\/figure>\n\n\n\n<figure class=\"wp-block-embed-youtube wp-block-embed is-type-video is-provider-youtube wp-embed-aspect-16-9 wp-has-aspect-ratio\"><div class=\"wp-block-embed__wrapper\">\n<iframe loading=\"lazy\" title=\"PR\u00c9VOYANCE IND\u00c9PENDANTS COMMER\u00c7ANTS ARTISANS PROFESSIONS LIBERALES\" width=\"474\" height=\"267\" src=\"https:\/\/www.youtube.com\/embed\/CkmMXFIaRNs?feature=oembed\" frameborder=\"0\" allow=\"accelerometer; autoplay; clipboard-write; encrypted-media; gyroscope; picture-in-picture; web-share\" referrerpolicy=\"strict-origin-when-cross-origin\" allowfullscreen><\/iframe>\n<\/div><figcaption>Pourquoi une pr\u00e9voyance pour les ind\u00e9pendants.<\/figcaption><\/figure>\n","protected":false},"excerpt":{"rendered":"<p>Compl\u00e9mentaire sant\u00e9: la r\u00e9siliation infra-annuelle<\/p>\n","protected":false},"author":1,"featured_media":0,"parent":0,"menu_order":0,"comment_status":"closed","ping_status":"closed","template":"","meta":{"_bbp_topic_count":0,"_bbp_reply_count":0,"_bbp_total_topic_count":0,"_bbp_total_reply_count":0,"_bbp_voice_count":0,"_bbp_anonymous_reply_count":0,"_bbp_topic_count_hidden":0,"_bbp_reply_count_hidden":0,"_bbp_forum_subforum_count":0,"_monsterinsights_skip_tracking":false,"_monsterinsights_sitenote_active":false,"_monsterinsights_sitenote_note":"","_monsterinsights_sitenote_category":0,"_themeisle_gutenberg_block_has_review":false,"footnotes":""},"class_list":["post-800","page","type-page","status-publish","hentry"],"yoast_head":"<!-- This site is optimized with the Yoast SEO plugin v24.9 - https:\/\/yoast.com\/wordpress\/plugins\/seo\/ -->\n<title>VIDEOS -<\/title>\n<meta name=\"description\" content=\"D\u00e9couvrez Audit Conseil Assistance ( ACA) Nous vous offrons une large gamme de contrats d&#039;assurance pour les particuliers et les professionnels\" \/>\n<meta name=\"robots\" content=\"index, follow, max-snippet:-1, max-image-preview:large, max-video-preview:-1\" \/>\n<link rel=\"canonical\" href=\"https:\/\/aca-pl.com\/?page_id=800\" \/>\n<meta property=\"og:locale\" content=\"fr_FR\" \/>\n<meta property=\"og:type\" content=\"article\" \/>\n<meta property=\"og:title\" content=\"VIDEOS -\" \/>\n<meta property=\"og:description\" content=\"D\u00e9couvrez Audit Conseil Assistance ( ACA) Nous vous offrons une large gamme de contrats d&#039;assurance pour les particuliers et les professionnels\" \/>\n<meta property=\"og:url\" content=\"https:\/\/aca-pl.com\/?page_id=800\" \/>\n<meta property=\"article:publisher\" content=\"https:\/\/www.facebook.com\/groups\/1773349446235806\/?ref=bookmarks\" \/>\n<meta property=\"article:modified_time\" content=\"2020-12-07T08:33:42+00:00\" \/>\n<meta name=\"twitter:card\" content=\"summary_large_image\" \/>\n<meta name=\"twitter:site\" content=\"@AssistanceAudit\" \/>\n<script type=\"application\/ld+json\" class=\"yoast-schema-graph\">{\"@context\":\"https:\/\/schema.org\",\"@graph\":[{\"@type\":\"WebPage\",\"@id\":\"https:\/\/aca-pl.com\/?page_id=800\",\"url\":\"https:\/\/aca-pl.com\/?page_id=800\",\"name\":\"VIDEOS -\",\"isPartOf\":{\"@id\":\"https:\/\/aca-pl.com\/#website\"},\"datePublished\":\"2020-05-07T21:05:29+00:00\",\"dateModified\":\"2020-12-07T08:33:42+00:00\",\"description\":\"D\u00e9couvrez Audit Conseil Assistance ( ACA) Nous vous offrons une large gamme de contrats d'assurance pour les particuliers et les professionnels\",\"breadcrumb\":{\"@id\":\"https:\/\/aca-pl.com\/?page_id=800#breadcrumb\"},\"inLanguage\":\"fr-FR\",\"potentialAction\":[{\"@type\":\"ReadAction\",\"target\":[\"https:\/\/aca-pl.com\/?page_id=800\"]}]},{\"@type\":\"BreadcrumbList\",\"@id\":\"https:\/\/aca-pl.com\/?page_id=800#breadcrumb\",\"itemListElement\":[{\"@type\":\"ListItem\",\"position\":1,\"name\":\"Accueil\",\"item\":\"https:\/\/aca-pl.com\/\"},{\"@type\":\"ListItem\",\"position\":2,\"name\":\"VIDEOS\"}]},{\"@type\":\"WebSite\",\"@id\":\"https:\/\/aca-pl.com\/#website\",\"url\":\"https:\/\/aca-pl.com\/\",\"name\":\"\",\"description\":\"Quand la passion est un m\u00e9tier\",\"publisher\":{\"@id\":\"https:\/\/aca-pl.com\/#organization\"},\"potentialAction\":[{\"@type\":\"SearchAction\",\"target\":{\"@type\":\"EntryPoint\",\"urlTemplate\":\"https:\/\/aca-pl.com\/?s={search_term_string}\"},\"query-input\":{\"@type\":\"PropertyValueSpecification\",\"valueRequired\":true,\"valueName\":\"search_term_string\"}}],\"inLanguage\":\"fr-FR\"},{\"@type\":\"Organization\",\"@id\":\"https:\/\/aca-pl.com\/#organization\",\"name\":\"AUDIT CONSEIL ASSISTANCE\",\"url\":\"https:\/\/aca-pl.com\/\",\"logo\":{\"@type\":\"ImageObject\",\"inLanguage\":\"fr-FR\",\"@id\":\"https:\/\/aca-pl.com\/#\/schema\/logo\/image\/\",\"url\":\"https:\/\/aca-pl.com\/wp-content\/uploads\/2019\/11\/ACA-15pxX15px-1.png\",\"contentUrl\":\"https:\/\/aca-pl.com\/wp-content\/uploads\/2019\/11\/ACA-15pxX15px-1.png\",\"width\":125,\"height\":125,\"caption\":\"AUDIT CONSEIL ASSISTANCE\"},\"image\":{\"@id\":\"https:\/\/aca-pl.com\/#\/schema\/logo\/image\/\"},\"sameAs\":[\"https:\/\/www.facebook.com\/groups\/1773349446235806\/?ref=bookmarks\",\"https:\/\/x.com\/AssistanceAudit\",\"http:\/\/www.linkedin.com\/in\/philippe-b-7a43b342\"]}]}<\/script>\n<!-- \/ Yoast SEO plugin. -->","yoast_head_json":{"title":"VIDEOS -","description":"D\u00e9couvrez Audit Conseil Assistance ( ACA) Nous vous offrons une large gamme de contrats d'assurance pour les particuliers et les professionnels","robots":{"index":"index","follow":"follow","max-snippet":"max-snippet:-1","max-image-preview":"max-image-preview:large","max-video-preview":"max-video-preview:-1"},"canonical":"https:\/\/aca-pl.com\/?page_id=800","og_locale":"fr_FR","og_type":"article","og_title":"VIDEOS -","og_description":"D\u00e9couvrez Audit Conseil Assistance ( ACA) Nous vous offrons une large gamme de contrats d'assurance pour les particuliers et les professionnels","og_url":"https:\/\/aca-pl.com\/?page_id=800","article_publisher":"https:\/\/www.facebook.com\/groups\/1773349446235806\/?ref=bookmarks","article_modified_time":"2020-12-07T08:33:42+00:00","twitter_card":"summary_large_image","twitter_site":"@AssistanceAudit","schema":{"@context":"https:\/\/schema.org","@graph":[{"@type":"WebPage","@id":"https:\/\/aca-pl.com\/?page_id=800","url":"https:\/\/aca-pl.com\/?page_id=800","name":"VIDEOS -","isPartOf":{"@id":"https:\/\/aca-pl.com\/#website"},"datePublished":"2020-05-07T21:05:29+00:00","dateModified":"2020-12-07T08:33:42+00:00","description":"D\u00e9couvrez Audit Conseil Assistance ( ACA) Nous vous offrons une large gamme de contrats d'assurance pour les particuliers et les professionnels","breadcrumb":{"@id":"https:\/\/aca-pl.com\/?page_id=800#breadcrumb"},"inLanguage":"fr-FR","potentialAction":[{"@type":"ReadAction","target":["https:\/\/aca-pl.com\/?page_id=800"]}]},{"@type":"BreadcrumbList","@id":"https:\/\/aca-pl.com\/?page_id=800#breadcrumb","itemListElement":[{"@type":"ListItem","position":1,"name":"Accueil","item":"https:\/\/aca-pl.com\/"},{"@type":"ListItem","position":2,"name":"VIDEOS"}]},{"@type":"WebSite","@id":"https:\/\/aca-pl.com\/#website","url":"https:\/\/aca-pl.com\/","name":"","description":"Quand la passion est un m\u00e9tier","publisher":{"@id":"https:\/\/aca-pl.com\/#organization"},"potentialAction":[{"@type":"SearchAction","target":{"@type":"EntryPoint","urlTemplate":"https:\/\/aca-pl.com\/?s={search_term_string}"},"query-input":{"@type":"PropertyValueSpecification","valueRequired":true,"valueName":"search_term_string"}}],"inLanguage":"fr-FR"},{"@type":"Organization","@id":"https:\/\/aca-pl.com\/#organization","name":"AUDIT CONSEIL ASSISTANCE","url":"https:\/\/aca-pl.com\/","logo":{"@type":"ImageObject","inLanguage":"fr-FR","@id":"https:\/\/aca-pl.com\/#\/schema\/logo\/image\/","url":"https:\/\/aca-pl.com\/wp-content\/uploads\/2019\/11\/ACA-15pxX15px-1.png","contentUrl":"https:\/\/aca-pl.com\/wp-content\/uploads\/2019\/11\/ACA-15pxX15px-1.png","width":125,"height":125,"caption":"AUDIT CONSEIL ASSISTANCE"},"image":{"@id":"https:\/\/aca-pl.com\/#\/schema\/logo\/image\/"},"sameAs":["https:\/\/www.facebook.com\/groups\/1773349446235806\/?ref=bookmarks","https:\/\/x.com\/AssistanceAudit","http:\/\/www.linkedin.com\/in\/philippe-b-7a43b342"]}]}},"_links":{"self":[{"href":"https:\/\/aca-pl.com\/index.php?rest_route=\/wp\/v2\/pages\/800","targetHints":{"allow":["GET"]}}],"collection":[{"href":"https:\/\/aca-pl.com\/index.php?rest_route=\/wp\/v2\/pages"}],"about":[{"href":"https:\/\/aca-pl.com\/index.php?rest_route=\/wp\/v2\/types\/page"}],"author":[{"embeddable":true,"href":"https:\/\/aca-pl.com\/index.php?rest_route=\/wp\/v2\/users\/1"}],"replies":[{"embeddable":true,"href":"https:\/\/aca-pl.com\/index.php?rest_route=%2Fwp%2Fv2%2Fcomments&post=800"}],"version-history":[{"count":14,"href":"https:\/\/aca-pl.com\/index.php?rest_route=\/wp\/v2\/pages\/800\/revisions"}],"predecessor-version":[{"id":2601,"href":"https:\/\/aca-pl.com\/index.php?rest_route=\/wp\/v2\/pages\/800\/revisions\/2601"}],"wp:attachment":[{"href":"https:\/\/aca-pl.com\/index.php?rest_route=%2Fwp%2Fv2%2Fmedia&parent=800"}],"curies":[{"name":"wp","href":"https:\/\/api.w.org\/{rel}","templated":true}]}}