{"id":692,"date":"2020-04-14T16:05:50","date_gmt":"2020-04-14T14:05:50","guid":{"rendered":"https:\/\/aca-pl.com\/?page_id=692"},"modified":"2020-11-08T18:42:00","modified_gmt":"2020-11-08T17:42:00","slug":"assurance-emprunteur-2-tarif-april","status":"publish","type":"page","link":"https:\/\/aca-pl.com\/?page_id=692","title":{"rendered":"ASSURANCE EMPRUNTEUR"},"content":{"rendered":"\n<div class=\"wp-block-group\"><div class=\"wp-block-group__inner-container is-layout-flow wp-block-group-is-layout-flow\">\n<div class=\"wp-block-themeisle-blocks-advanced-columns has-1-columns has-desktop-equal-layout has-tablet-equal-layout has-mobile-equal-layout has-default-gap has-vertical-unset\" id=\"wp-block-themeisle-blocks-advanced-columns-b18740b7\"><div class=\"wp-block-themeisle-blocks-advanced-columns-overlay\"><\/div><div class=\"innerblocks-wrap\">\n<div class=\"wp-block-themeisle-blocks-advanced-column\" id=\"wp-block-themeisle-blocks-advanced-column-4a4f6f34\">\n<p><span style=\"color:#a38e00\" class=\"has-inline-color\"> <strong>NOUVEAU<\/strong>:<\/span>  <a href=\"https:\/\/tarif-assurance-pret-immobilier.april.fr\/?LI=B468DD21-B761-401F-8343-DAC4D8CAA4C1&amp;CO=10977&amp;AON_ID=d0k1em1FaEw2dHA4aFU5TEdOSmZiQT09\" target=\"_blank\" aria-label=\"undefined (s\u2019ouvre dans un nouvel onglet)\" rel=\"noreferrer noopener\">Faites une simulation en ligne:<\/a><\/p>\n\n\n\n<p>L&rsquo;assurance emprunteur est exig\u00e9e par votre banque ou l&rsquo;organisme pr\u00eateur, qu&rsquo;il s&rsquo;agisse d&rsquo;un pr\u00eat immobilier ou autre, d\u00e8s lors que le montant est important.<\/p>\n\n\n\n<p><span style=\"text-decoration: underline;\">Mais savez vous que vous avez le libre choix de l&rsquo;organisme assureur?<\/span><\/p>\n\n\n\n<p>Pourtant 85% des emprunteurs passent par leur banque, craignant souvent que le taux soit plus \u00e9lev\u00e9 s&rsquo;ils ne passent pas par le contrat de la banque.<\/p>\n\n\n\n<p>Or, la banque ne peut pas vous imposer la souscription d&rsquo;un contrat d&rsquo;assurance emprunteur ou multirisque habitation en \u00e9change d&rsquo;un taux moins \u00e9lev\u00e9.<\/p>\n\n\n\n<p><strong>Pourtant, m\u00eame si vous avez d\u00e9j\u00e0 souscrit aupr\u00e8s de votre banque, il n&rsquo;est pas trop tard pour nous questionner.<\/strong><\/p>\n\n\n\n<p><span style=\"text-decoration: underline;\">Vous pouvez nous interroger \u00e0 tout moment:<\/span><\/p>\n\n\n\n<ul class=\"wp-block-list\"><li>Soit avant la r\u00e9alisation de votre pr\u00eat<\/li><li>Soit pendant la 1\u00e8re ann\u00e9e de celui-ci<\/li><li>Soit, annuellement \u00e0 l&rsquo;\u00e9ch\u00e9ance anniversaire de la signature d&rsquo;offre de pr\u00eat, avec un pr\u00e9avis de 2 mois<\/li><\/ul>\n\n\n\n<p>Aussi, que vous soyez au d\u00e9but de l&rsquo;\u00e9tude de votre assurance de pr\u00eat ou bien que votre contrat soit en cours, contactez nous et pour une \u00e9tude.<\/p>\n\n\n\n<p><span style=\"text-decoration: underline;\"><strong>Nous vous proposons de compl\u00e9ter le questionnaire ci-dessous<\/strong><\/span><\/p>\n\n\n\n<p><a rel=\"noreferrer noopener\" href=\"https:\/\/aca-pl.com\/wp-content\/uploads\/2020\/04\/ASSURANCE-EMPRUNTEUR.xlsx\" target=\"_blank\">Questionnaire assurance de pr\u00eat<\/a><\/p>\n\n\n\n<p><span style=\"text-decoration: underline;\">Une fois compl\u00e9t\u00e9, celui-ci est \u00e0 nous retourner sur: <a href=\"mailto:info@aca-pl.com\">info@aca-pl.com<\/a><\/span><\/p>\n\n\n\n<p><strong>Nouveau:  <a href=\"https:\/\/tarif-assurance-pret-immobilier.april.fr\/?LI=B468DD21-B761-401F-8343-DAC4D8CAA4C1&amp;CO=10977&amp;AON_ID=d0k1em1FaEw2dHA4aFU5TEdOSmZiQT09\"> <\/a><\/strong><a href=\"https:\/\/tarif-assurance-pret-immobilier.april.fr\/?LI=B468DD21-B761-401F-8343-DAC4D8CAA4C1&amp;CO=10977&amp;AON_ID=d0k1em1FaEw2dHA4aFU5TEdOSmZiQT09\">faites une simulation en ligne<\/a><\/p>\n\n\n\n<p>Vous pouvez aussi  nous contacter par <a href=\"mailto:info@aca-pl.com\">mail<\/a> ou par t\u00e9l\u00e9phone &nbsp; au <strong>02 41 09 77 32<\/strong> ou par notre <a href=\"https:\/\/aca-pl.com\/?page_id=181\">formulaire<\/a> de contact de 8h \u00e0 19h du Lundi au Vendredi, et le Samedi uniquement par mail.<\/p>\n\n\n\n<p>A tr\u00e8s bient\u00f4t<\/p>\n\n\n\n<div class=\"wp-block-image\"><figure class=\"aligncenter size-large is-resized\"><img loading=\"lazy\" decoding=\"async\" src=\"https:\/\/aca-pl.com\/wp-content\/uploads\/2019\/11\/ACA-15pxX15px-1.png\" alt=\"\" class=\"wp-image-33\" width=\"166\" height=\"166\"\/><\/figure><\/div>\n<\/div>\n<\/div><\/div>\n<\/div><\/div>\n\n\n\n<p class=\"has-text-align-center\"><strong>Quand la passion est un m\u00e9tier<\/strong><\/p>\n","protected":false},"excerpt":{"rendered":"<p>Quand la passion est un m\u00e9tier<\/p>\n","protected":false},"author":1,"featured_media":0,"parent":0,"menu_order":0,"comment_status":"closed","ping_status":"closed","template":"","meta":{"_bbp_topic_count":0,"_bbp_reply_count":0,"_bbp_total_topic_count":0,"_bbp_total_reply_count":0,"_bbp_voice_count":0,"_bbp_anonymous_reply_count":0,"_bbp_topic_count_hidden":0,"_bbp_reply_count_hidden":0,"_bbp_forum_subforum_count":0,"_monsterinsights_skip_tracking":false,"_monsterinsights_sitenote_active":false,"_monsterinsights_sitenote_note":"","_monsterinsights_sitenote_category":0,"_themeisle_gutenberg_block_has_review":false,"footnotes":""},"class_list":["post-692","page","type-page","status-publish","hentry"],"yoast_head":"<!-- This site is optimized with the Yoast SEO plugin v24.9 - https:\/\/yoast.com\/wordpress\/plugins\/seo\/ -->\n<title>ASSURANCE EMPRUNTEUR -<\/title>\n<meta name=\"description\" content=\"L&#039;assurance emprunteur est exig\u00e9e par votre banque ou l&#039;organisme pr\u00eateur, qu&#039;il s&#039;agisse d&#039;un pr\u00eat immobilier ou autre, d\u00e8s lors que le montant est important.Mais savez vous que vous avez le libre choix de l&#039;organisme assureur?\" \/>\n<meta name=\"robots\" content=\"index, follow, max-snippet:-1, max-image-preview:large, max-video-preview:-1\" \/>\n<link rel=\"canonical\" href=\"https:\/\/aca-pl.com\/?page_id=692\" \/>\n<meta property=\"og:locale\" content=\"fr_FR\" \/>\n<meta property=\"og:type\" content=\"article\" \/>\n<meta property=\"og:title\" content=\"ASSURANCE EMPRUNTEUR -\" \/>\n<meta property=\"og:description\" content=\"L&#039;assurance emprunteur est exig\u00e9e par votre banque ou l&#039;organisme pr\u00eateur, qu&#039;il s&#039;agisse d&#039;un pr\u00eat immobilier ou autre, d\u00e8s lors que le montant est important.Mais savez vous que vous avez le libre choix de l&#039;organisme assureur?\" \/>\n<meta property=\"og:url\" content=\"https:\/\/aca-pl.com\/?page_id=692\" \/>\n<meta property=\"article:publisher\" content=\"https:\/\/www.facebook.com\/groups\/1773349446235806\/?ref=bookmarks\" \/>\n<meta property=\"article:modified_time\" content=\"2020-11-08T17:42:00+00:00\" \/>\n<meta property=\"og:image\" content=\"https:\/\/aca-pl.com\/wp-content\/uploads\/2019\/11\/ACA-15pxX15px-1.png\" \/>\n<meta name=\"twitter:card\" content=\"summary_large_image\" \/>\n<meta name=\"twitter:site\" content=\"@AssistanceAudit\" \/>\n<meta name=\"twitter:label1\" content=\"Dur\u00e9e de lecture estim\u00e9e\" \/>\n\t<meta name=\"twitter:data1\" content=\"1 minute\" \/>\n<script type=\"application\/ld+json\" class=\"yoast-schema-graph\">{\"@context\":\"https:\/\/schema.org\",\"@graph\":[{\"@type\":\"WebPage\",\"@id\":\"https:\/\/aca-pl.com\/?page_id=692\",\"url\":\"https:\/\/aca-pl.com\/?page_id=692\",\"name\":\"ASSURANCE EMPRUNTEUR -\",\"isPartOf\":{\"@id\":\"https:\/\/aca-pl.com\/#website\"},\"primaryImageOfPage\":{\"@id\":\"https:\/\/aca-pl.com\/?page_id=692#primaryimage\"},\"image\":{\"@id\":\"https:\/\/aca-pl.com\/?page_id=692#primaryimage\"},\"thumbnailUrl\":\"https:\/\/aca-pl.com\/wp-content\/uploads\/2019\/11\/ACA-15pxX15px-1.png\",\"datePublished\":\"2020-04-14T14:05:50+00:00\",\"dateModified\":\"2020-11-08T17:42:00+00:00\",\"description\":\"L'assurance emprunteur est exig\u00e9e par votre banque ou l'organisme pr\u00eateur, qu'il s'agisse d'un pr\u00eat immobilier ou autre, d\u00e8s lors que le montant est important.Mais savez vous que vous avez le libre choix de l'organisme assureur?\",\"breadcrumb\":{\"@id\":\"https:\/\/aca-pl.com\/?page_id=692#breadcrumb\"},\"inLanguage\":\"fr-FR\",\"potentialAction\":[{\"@type\":\"ReadAction\",\"target\":[\"https:\/\/aca-pl.com\/?page_id=692\"]}]},{\"@type\":\"ImageObject\",\"inLanguage\":\"fr-FR\",\"@id\":\"https:\/\/aca-pl.com\/?page_id=692#primaryimage\",\"url\":\"https:\/\/aca-pl.com\/wp-content\/uploads\/2019\/11\/ACA-15pxX15px-1.png\",\"contentUrl\":\"https:\/\/aca-pl.com\/wp-content\/uploads\/2019\/11\/ACA-15pxX15px-1.png\",\"width\":125,\"height\":125,\"caption\":\"LOGO ACA\"},{\"@type\":\"BreadcrumbList\",\"@id\":\"https:\/\/aca-pl.com\/?page_id=692#breadcrumb\",\"itemListElement\":[{\"@type\":\"ListItem\",\"position\":1,\"name\":\"Accueil\",\"item\":\"https:\/\/aca-pl.com\/\"},{\"@type\":\"ListItem\",\"position\":2,\"name\":\"ASSURANCE EMPRUNTEUR\"}]},{\"@type\":\"WebSite\",\"@id\":\"https:\/\/aca-pl.com\/#website\",\"url\":\"https:\/\/aca-pl.com\/\",\"name\":\"\",\"description\":\"Quand la passion est un m\u00e9tier\",\"publisher\":{\"@id\":\"https:\/\/aca-pl.com\/#organization\"},\"potentialAction\":[{\"@type\":\"SearchAction\",\"target\":{\"@type\":\"EntryPoint\",\"urlTemplate\":\"https:\/\/aca-pl.com\/?s={search_term_string}\"},\"query-input\":{\"@type\":\"PropertyValueSpecification\",\"valueRequired\":true,\"valueName\":\"search_term_string\"}}],\"inLanguage\":\"fr-FR\"},{\"@type\":\"Organization\",\"@id\":\"https:\/\/aca-pl.com\/#organization\",\"name\":\"AUDIT CONSEIL ASSISTANCE\",\"url\":\"https:\/\/aca-pl.com\/\",\"logo\":{\"@type\":\"ImageObject\",\"inLanguage\":\"fr-FR\",\"@id\":\"https:\/\/aca-pl.com\/#\/schema\/logo\/image\/\",\"url\":\"https:\/\/aca-pl.com\/wp-content\/uploads\/2019\/11\/ACA-15pxX15px-1.png\",\"contentUrl\":\"https:\/\/aca-pl.com\/wp-content\/uploads\/2019\/11\/ACA-15pxX15px-1.png\",\"width\":125,\"height\":125,\"caption\":\"AUDIT CONSEIL ASSISTANCE\"},\"image\":{\"@id\":\"https:\/\/aca-pl.com\/#\/schema\/logo\/image\/\"},\"sameAs\":[\"https:\/\/www.facebook.com\/groups\/1773349446235806\/?ref=bookmarks\",\"https:\/\/x.com\/AssistanceAudit\",\"http:\/\/www.linkedin.com\/in\/philippe-b-7a43b342\"]}]}<\/script>\n<!-- \/ Yoast SEO plugin. -->","yoast_head_json":{"title":"ASSURANCE EMPRUNTEUR -","description":"L'assurance emprunteur est exig\u00e9e par votre banque ou l'organisme pr\u00eateur, qu'il s'agisse d'un pr\u00eat immobilier ou autre, d\u00e8s lors que le montant est important.Mais savez vous que vous avez le libre choix de l'organisme assureur?","robots":{"index":"index","follow":"follow","max-snippet":"max-snippet:-1","max-image-preview":"max-image-preview:large","max-video-preview":"max-video-preview:-1"},"canonical":"https:\/\/aca-pl.com\/?page_id=692","og_locale":"fr_FR","og_type":"article","og_title":"ASSURANCE EMPRUNTEUR -","og_description":"L'assurance emprunteur est exig\u00e9e par votre banque ou l'organisme pr\u00eateur, qu'il s'agisse d'un pr\u00eat immobilier ou autre, d\u00e8s lors que le montant est important.Mais savez vous que vous avez le libre choix de l'organisme assureur?","og_url":"https:\/\/aca-pl.com\/?page_id=692","article_publisher":"https:\/\/www.facebook.com\/groups\/1773349446235806\/?ref=bookmarks","article_modified_time":"2020-11-08T17:42:00+00:00","og_image":[{"url":"https:\/\/aca-pl.com\/wp-content\/uploads\/2019\/11\/ACA-15pxX15px-1.png","type":"","width":"","height":""}],"twitter_card":"summary_large_image","twitter_site":"@AssistanceAudit","twitter_misc":{"Dur\u00e9e de lecture estim\u00e9e":"1 minute"},"schema":{"@context":"https:\/\/schema.org","@graph":[{"@type":"WebPage","@id":"https:\/\/aca-pl.com\/?page_id=692","url":"https:\/\/aca-pl.com\/?page_id=692","name":"ASSURANCE EMPRUNTEUR -","isPartOf":{"@id":"https:\/\/aca-pl.com\/#website"},"primaryImageOfPage":{"@id":"https:\/\/aca-pl.com\/?page_id=692#primaryimage"},"image":{"@id":"https:\/\/aca-pl.com\/?page_id=692#primaryimage"},"thumbnailUrl":"https:\/\/aca-pl.com\/wp-content\/uploads\/2019\/11\/ACA-15pxX15px-1.png","datePublished":"2020-04-14T14:05:50+00:00","dateModified":"2020-11-08T17:42:00+00:00","description":"L'assurance emprunteur est exig\u00e9e par votre banque ou l'organisme pr\u00eateur, qu'il s'agisse d'un pr\u00eat immobilier ou autre, d\u00e8s lors que le montant est important.Mais savez vous que vous avez le libre choix de l'organisme assureur?","breadcrumb":{"@id":"https:\/\/aca-pl.com\/?page_id=692#breadcrumb"},"inLanguage":"fr-FR","potentialAction":[{"@type":"ReadAction","target":["https:\/\/aca-pl.com\/?page_id=692"]}]},{"@type":"ImageObject","inLanguage":"fr-FR","@id":"https:\/\/aca-pl.com\/?page_id=692#primaryimage","url":"https:\/\/aca-pl.com\/wp-content\/uploads\/2019\/11\/ACA-15pxX15px-1.png","contentUrl":"https:\/\/aca-pl.com\/wp-content\/uploads\/2019\/11\/ACA-15pxX15px-1.png","width":125,"height":125,"caption":"LOGO ACA"},{"@type":"BreadcrumbList","@id":"https:\/\/aca-pl.com\/?page_id=692#breadcrumb","itemListElement":[{"@type":"ListItem","position":1,"name":"Accueil","item":"https:\/\/aca-pl.com\/"},{"@type":"ListItem","position":2,"name":"ASSURANCE EMPRUNTEUR"}]},{"@type":"WebSite","@id":"https:\/\/aca-pl.com\/#website","url":"https:\/\/aca-pl.com\/","name":"","description":"Quand la passion est un m\u00e9tier","publisher":{"@id":"https:\/\/aca-pl.com\/#organization"},"potentialAction":[{"@type":"SearchAction","target":{"@type":"EntryPoint","urlTemplate":"https:\/\/aca-pl.com\/?s={search_term_string}"},"query-input":{"@type":"PropertyValueSpecification","valueRequired":true,"valueName":"search_term_string"}}],"inLanguage":"fr-FR"},{"@type":"Organization","@id":"https:\/\/aca-pl.com\/#organization","name":"AUDIT CONSEIL ASSISTANCE","url":"https:\/\/aca-pl.com\/","logo":{"@type":"ImageObject","inLanguage":"fr-FR","@id":"https:\/\/aca-pl.com\/#\/schema\/logo\/image\/","url":"https:\/\/aca-pl.com\/wp-content\/uploads\/2019\/11\/ACA-15pxX15px-1.png","contentUrl":"https:\/\/aca-pl.com\/wp-content\/uploads\/2019\/11\/ACA-15pxX15px-1.png","width":125,"height":125,"caption":"AUDIT CONSEIL ASSISTANCE"},"image":{"@id":"https:\/\/aca-pl.com\/#\/schema\/logo\/image\/"},"sameAs":["https:\/\/www.facebook.com\/groups\/1773349446235806\/?ref=bookmarks","https:\/\/x.com\/AssistanceAudit","http:\/\/www.linkedin.com\/in\/philippe-b-7a43b342"]}]}},"_links":{"self":[{"href":"https:\/\/aca-pl.com\/index.php?rest_route=\/wp\/v2\/pages\/692","targetHints":{"allow":["GET"]}}],"collection":[{"href":"https:\/\/aca-pl.com\/index.php?rest_route=\/wp\/v2\/pages"}],"about":[{"href":"https:\/\/aca-pl.com\/index.php?rest_route=\/wp\/v2\/types\/page"}],"author":[{"embeddable":true,"href":"https:\/\/aca-pl.com\/index.php?rest_route=\/wp\/v2\/users\/1"}],"replies":[{"embeddable":true,"href":"https:\/\/aca-pl.com\/index.php?rest_route=%2Fwp%2Fv2%2Fcomments&post=692"}],"version-history":[{"count":15,"href":"https:\/\/aca-pl.com\/index.php?rest_route=\/wp\/v2\/pages\/692\/revisions"}],"predecessor-version":[{"id":1692,"href":"https:\/\/aca-pl.com\/index.php?rest_route=\/wp\/v2\/pages\/692\/revisions\/1692"}],"wp:attachment":[{"href":"https:\/\/aca-pl.com\/index.php?rest_route=%2Fwp%2Fv2%2Fmedia&parent=692"}],"curies":[{"name":"wp","href":"https:\/\/api.w.org\/{rel}","templated":true}]}}