{"id":676,"date":"2020-11-04T07:19:00","date_gmt":"2020-11-04T06:19:00","guid":{"rendered":"https:\/\/aca-pl.com\/?page_id=676"},"modified":"2021-02-11T11:14:21","modified_gmt":"2021-02-11T10:14:21","slug":"votre-automobile","status":"publish","type":"page","link":"https:\/\/aca-pl.com\/?page_id=676","title":{"rendered":"VOTRE AUTOMOBILE"},"content":{"rendered":"\n<div class=\"wp-block-group\"><div class=\"wp-block-group__inner-container is-layout-flow wp-block-group-is-layout-flow\">\n<div class=\"wp-block-themeisle-blocks-advanced-columns has-1-columns has-desktop-equal-layout has-tablet-equal-layout has-mobile-equal-layout has-default-gap has-vertical-unset\" id=\"wp-block-themeisle-blocks-advanced-columns-93dbb32c\"><div class=\"wp-block-themeisle-blocks-advanced-columns-overlay\"><\/div><div class=\"innerblocks-wrap\">\n<div class=\"wp-block-themeisle-blocks-advanced-column\" id=\"wp-block-themeisle-blocks-advanced-column-e95877b3\">\n<p>Bienvenu sur la partie AUTOMOBILE de notre site.<\/p>\n\n\n\n<p>Nous pouvons vous garantir dans les domaines suivant sous r\u00e9serve d&rsquo;\u00e9ligibilit\u00e9:<\/p>\n\n\n\n<ul class=\"wp-block-list\"><li><a rel=\"noreferrer noopener\" href=\"https:\/\/aca-pl.com\/?page_id=526\" target=\"_blank\">Assurance automobile classique.<\/a><\/li><\/ul>\n\n\n\n<ul class=\"wp-block-list\"><li><a rel=\"noreferrer noopener\" href=\"https:\/\/aca-pl.com\/?page_id=534\" target=\"_blank\">Assurance des contrats r\u00e9sili\u00e9s et maluss\u00e9s.<\/a><\/li><\/ul>\n\n\n\n<ul class=\"wp-block-list\"><li><a rel=\"noreferrer noopener\" href=\"https:\/\/aca-pl.com\/?page_id=573\" target=\"_blank\">Assurance des voitures sans permis<\/a><\/li><\/ul>\n\n\n\n<ul class=\"wp-block-list\"><li><a rel=\"noreferrer noopener\" href=\"https:\/\/aca-pl.com\/?page_id=534\" target=\"_blank\"><\/a><a href=\"https:\/\/aca-pl.com\/?page_id=1822\">Assurance des v\u00e9hicules de collection<\/a><\/li><\/ul>\n\n\n\n<p><\/p>\n\n\n\n<p>Nous pouvons aussi assurer vos v\u00e9hicules haut de gamme ou vos v\u00e9hicules de collection.<\/p>\n\n\n\n<p>Vous pouvez bien entendu nous contacter par <a href=\"mailto:info@aca-pl.com\">mail<\/a> ou par t\u00e9l\u00e9phone &nbsp;au <strong>02 41 09 77 32<\/strong> ou par notre <a href=\"https:\/\/aca-pl.com\/?page_id=181\">formulaire<\/a> de contact de 8h \u00e0 19h du Lundi au Vendredi, et le Samedi uniquement par mail.<\/p>\n\n\n\n<div class=\"wp-block-image\"><figure class=\"aligncenter size-large\"><img loading=\"lazy\" decoding=\"async\" width=\"125\" height=\"125\" src=\"https:\/\/aca-pl.com\/wp-content\/uploads\/2019\/11\/ACA-15pxX15px-1.png\" alt=\"\" class=\"wp-image-33\"\/><figcaption><br><\/figcaption><\/figure><\/div>\n\n\n\n<p class=\"has-text-align-center\"><strong>Quand la passion est un m\u00e9tier<\/strong><\/p>\n<\/div>\n<\/div><\/div>\n<\/div><\/div>\n\n\n\n<p><\/p>\n","protected":false},"excerpt":{"rendered":"","protected":false},"author":1,"featured_media":2781,"parent":0,"menu_order":0,"comment_status":"closed","ping_status":"closed","template":"","meta":{"_bbp_topic_count":0,"_bbp_reply_count":0,"_bbp_total_topic_count":0,"_bbp_total_reply_count":0,"_bbp_voice_count":0,"_bbp_anonymous_reply_count":0,"_bbp_topic_count_hidden":0,"_bbp_reply_count_hidden":0,"_bbp_forum_subforum_count":0,"_monsterinsights_skip_tracking":false,"_monsterinsights_sitenote_active":false,"_monsterinsights_sitenote_note":"","_monsterinsights_sitenote_category":0,"_themeisle_gutenberg_block_has_review":false,"footnotes":""},"class_list":["post-676","page","type-page","status-publish","has-post-thumbnail","hentry"],"yoast_head":"<!-- This site is optimized with the Yoast SEO plugin v24.9 - https:\/\/yoast.com\/wordpress\/plugins\/seo\/ -->\n<title>VOTRE AUTOMOBILE -<\/title>\n<meta name=\"description\" content=\"Bienvenu sur la partie AUTOMOBILE de notre site.Nous pouvons vous garantir dans les domaines suivant sous r\u00e9serve d&#039;\u00e9ligibilit\u00e9:\" \/>\n<meta name=\"robots\" content=\"index, follow, max-snippet:-1, max-image-preview:large, max-video-preview:-1\" \/>\n<link rel=\"canonical\" href=\"https:\/\/aca-pl.com\/?page_id=676\" \/>\n<meta property=\"og:locale\" content=\"fr_FR\" \/>\n<meta property=\"og:type\" content=\"article\" \/>\n<meta property=\"og:title\" content=\"VOTRE AUTOMOBILE -\" \/>\n<meta property=\"og:description\" content=\"Bienvenu sur la partie AUTOMOBILE de notre site.Nous pouvons vous garantir dans les domaines suivant sous r\u00e9serve d&#039;\u00e9ligibilit\u00e9:\" \/>\n<meta property=\"og:url\" content=\"https:\/\/aca-pl.com\/?page_id=676\" \/>\n<meta property=\"article:publisher\" content=\"https:\/\/www.facebook.com\/groups\/1773349446235806\/?ref=bookmarks\" \/>\n<meta property=\"article:modified_time\" content=\"2021-02-11T10:14:21+00:00\" \/>\n<meta property=\"og:image\" content=\"https:\/\/aca-pl.com\/wp-content\/uploads\/2021\/02\/Capture-1-2-e1613038422373.png\" \/>\n\t<meta property=\"og:image:width\" content=\"826\" \/>\n\t<meta property=\"og:image:height\" content=\"353\" \/>\n\t<meta property=\"og:image:type\" content=\"image\/png\" \/>\n<meta name=\"twitter:card\" content=\"summary_large_image\" \/>\n<meta name=\"twitter:site\" content=\"@AssistanceAudit\" \/>\n<meta name=\"twitter:label1\" content=\"Dur\u00e9e de lecture estim\u00e9e\" \/>\n\t<meta name=\"twitter:data1\" content=\"1 minute\" \/>\n<script type=\"application\/ld+json\" class=\"yoast-schema-graph\">{\"@context\":\"https:\/\/schema.org\",\"@graph\":[{\"@type\":\"WebPage\",\"@id\":\"https:\/\/aca-pl.com\/?page_id=676\",\"url\":\"https:\/\/aca-pl.com\/?page_id=676\",\"name\":\"VOTRE AUTOMOBILE -\",\"isPartOf\":{\"@id\":\"https:\/\/aca-pl.com\/#website\"},\"primaryImageOfPage\":{\"@id\":\"https:\/\/aca-pl.com\/?page_id=676#primaryimage\"},\"image\":{\"@id\":\"https:\/\/aca-pl.com\/?page_id=676#primaryimage\"},\"thumbnailUrl\":\"https:\/\/aca-pl.com\/wp-content\/uploads\/2021\/02\/Capture-1-2-e1613038422373.png\",\"datePublished\":\"2020-11-04T06:19:00+00:00\",\"dateModified\":\"2021-02-11T10:14:21+00:00\",\"description\":\"Bienvenu sur la partie AUTOMOBILE de notre site.Nous pouvons vous garantir dans les domaines suivant sous r\u00e9serve d'\u00e9ligibilit\u00e9:\",\"breadcrumb\":{\"@id\":\"https:\/\/aca-pl.com\/?page_id=676#breadcrumb\"},\"inLanguage\":\"fr-FR\",\"potentialAction\":[{\"@type\":\"ReadAction\",\"target\":[\"https:\/\/aca-pl.com\/?page_id=676\"]}]},{\"@type\":\"ImageObject\",\"inLanguage\":\"fr-FR\",\"@id\":\"https:\/\/aca-pl.com\/?page_id=676#primaryimage\",\"url\":\"https:\/\/aca-pl.com\/wp-content\/uploads\/2021\/02\/Capture-1-2-e1613038422373.png\",\"contentUrl\":\"https:\/\/aca-pl.com\/wp-content\/uploads\/2021\/02\/Capture-1-2-e1613038422373.png\",\"width\":826,\"height\":353},{\"@type\":\"BreadcrumbList\",\"@id\":\"https:\/\/aca-pl.com\/?page_id=676#breadcrumb\",\"itemListElement\":[{\"@type\":\"ListItem\",\"position\":1,\"name\":\"Accueil\",\"item\":\"https:\/\/aca-pl.com\/\"},{\"@type\":\"ListItem\",\"position\":2,\"name\":\"VOTRE AUTOMOBILE\"}]},{\"@type\":\"WebSite\",\"@id\":\"https:\/\/aca-pl.com\/#website\",\"url\":\"https:\/\/aca-pl.com\/\",\"name\":\"\",\"description\":\"Quand la passion est un m\u00e9tier\",\"publisher\":{\"@id\":\"https:\/\/aca-pl.com\/#organization\"},\"potentialAction\":[{\"@type\":\"SearchAction\",\"target\":{\"@type\":\"EntryPoint\",\"urlTemplate\":\"https:\/\/aca-pl.com\/?s={search_term_string}\"},\"query-input\":{\"@type\":\"PropertyValueSpecification\",\"valueRequired\":true,\"valueName\":\"search_term_string\"}}],\"inLanguage\":\"fr-FR\"},{\"@type\":\"Organization\",\"@id\":\"https:\/\/aca-pl.com\/#organization\",\"name\":\"AUDIT CONSEIL ASSISTANCE\",\"url\":\"https:\/\/aca-pl.com\/\",\"logo\":{\"@type\":\"ImageObject\",\"inLanguage\":\"fr-FR\",\"@id\":\"https:\/\/aca-pl.com\/#\/schema\/logo\/image\/\",\"url\":\"https:\/\/aca-pl.com\/wp-content\/uploads\/2019\/11\/ACA-15pxX15px-1.png\",\"contentUrl\":\"https:\/\/aca-pl.com\/wp-content\/uploads\/2019\/11\/ACA-15pxX15px-1.png\",\"width\":125,\"height\":125,\"caption\":\"AUDIT CONSEIL ASSISTANCE\"},\"image\":{\"@id\":\"https:\/\/aca-pl.com\/#\/schema\/logo\/image\/\"},\"sameAs\":[\"https:\/\/www.facebook.com\/groups\/1773349446235806\/?ref=bookmarks\",\"https:\/\/x.com\/AssistanceAudit\",\"http:\/\/www.linkedin.com\/in\/philippe-b-7a43b342\"]}]}<\/script>\n<!-- \/ Yoast SEO plugin. -->","yoast_head_json":{"title":"VOTRE AUTOMOBILE -","description":"Bienvenu sur la partie AUTOMOBILE de notre site.Nous pouvons vous garantir dans les domaines suivant sous r\u00e9serve d'\u00e9ligibilit\u00e9:","robots":{"index":"index","follow":"follow","max-snippet":"max-snippet:-1","max-image-preview":"max-image-preview:large","max-video-preview":"max-video-preview:-1"},"canonical":"https:\/\/aca-pl.com\/?page_id=676","og_locale":"fr_FR","og_type":"article","og_title":"VOTRE AUTOMOBILE -","og_description":"Bienvenu sur la partie AUTOMOBILE de notre site.Nous pouvons vous garantir dans les domaines suivant sous r\u00e9serve d'\u00e9ligibilit\u00e9:","og_url":"https:\/\/aca-pl.com\/?page_id=676","article_publisher":"https:\/\/www.facebook.com\/groups\/1773349446235806\/?ref=bookmarks","article_modified_time":"2021-02-11T10:14:21+00:00","og_image":[{"width":826,"height":353,"url":"https:\/\/aca-pl.com\/wp-content\/uploads\/2021\/02\/Capture-1-2-e1613038422373.png","type":"image\/png"}],"twitter_card":"summary_large_image","twitter_site":"@AssistanceAudit","twitter_misc":{"Dur\u00e9e de lecture estim\u00e9e":"1 minute"},"schema":{"@context":"https:\/\/schema.org","@graph":[{"@type":"WebPage","@id":"https:\/\/aca-pl.com\/?page_id=676","url":"https:\/\/aca-pl.com\/?page_id=676","name":"VOTRE AUTOMOBILE -","isPartOf":{"@id":"https:\/\/aca-pl.com\/#website"},"primaryImageOfPage":{"@id":"https:\/\/aca-pl.com\/?page_id=676#primaryimage"},"image":{"@id":"https:\/\/aca-pl.com\/?page_id=676#primaryimage"},"thumbnailUrl":"https:\/\/aca-pl.com\/wp-content\/uploads\/2021\/02\/Capture-1-2-e1613038422373.png","datePublished":"2020-11-04T06:19:00+00:00","dateModified":"2021-02-11T10:14:21+00:00","description":"Bienvenu sur la partie AUTOMOBILE de notre site.Nous pouvons vous garantir dans les domaines suivant sous r\u00e9serve d'\u00e9ligibilit\u00e9:","breadcrumb":{"@id":"https:\/\/aca-pl.com\/?page_id=676#breadcrumb"},"inLanguage":"fr-FR","potentialAction":[{"@type":"ReadAction","target":["https:\/\/aca-pl.com\/?page_id=676"]}]},{"@type":"ImageObject","inLanguage":"fr-FR","@id":"https:\/\/aca-pl.com\/?page_id=676#primaryimage","url":"https:\/\/aca-pl.com\/wp-content\/uploads\/2021\/02\/Capture-1-2-e1613038422373.png","contentUrl":"https:\/\/aca-pl.com\/wp-content\/uploads\/2021\/02\/Capture-1-2-e1613038422373.png","width":826,"height":353},{"@type":"BreadcrumbList","@id":"https:\/\/aca-pl.com\/?page_id=676#breadcrumb","itemListElement":[{"@type":"ListItem","position":1,"name":"Accueil","item":"https:\/\/aca-pl.com\/"},{"@type":"ListItem","position":2,"name":"VOTRE AUTOMOBILE"}]},{"@type":"WebSite","@id":"https:\/\/aca-pl.com\/#website","url":"https:\/\/aca-pl.com\/","name":"","description":"Quand la passion est un m\u00e9tier","publisher":{"@id":"https:\/\/aca-pl.com\/#organization"},"potentialAction":[{"@type":"SearchAction","target":{"@type":"EntryPoint","urlTemplate":"https:\/\/aca-pl.com\/?s={search_term_string}"},"query-input":{"@type":"PropertyValueSpecification","valueRequired":true,"valueName":"search_term_string"}}],"inLanguage":"fr-FR"},{"@type":"Organization","@id":"https:\/\/aca-pl.com\/#organization","name":"AUDIT CONSEIL ASSISTANCE","url":"https:\/\/aca-pl.com\/","logo":{"@type":"ImageObject","inLanguage":"fr-FR","@id":"https:\/\/aca-pl.com\/#\/schema\/logo\/image\/","url":"https:\/\/aca-pl.com\/wp-content\/uploads\/2019\/11\/ACA-15pxX15px-1.png","contentUrl":"https:\/\/aca-pl.com\/wp-content\/uploads\/2019\/11\/ACA-15pxX15px-1.png","width":125,"height":125,"caption":"AUDIT CONSEIL ASSISTANCE"},"image":{"@id":"https:\/\/aca-pl.com\/#\/schema\/logo\/image\/"},"sameAs":["https:\/\/www.facebook.com\/groups\/1773349446235806\/?ref=bookmarks","https:\/\/x.com\/AssistanceAudit","http:\/\/www.linkedin.com\/in\/philippe-b-7a43b342"]}]}},"_links":{"self":[{"href":"https:\/\/aca-pl.com\/index.php?rest_route=\/wp\/v2\/pages\/676","targetHints":{"allow":["GET"]}}],"collection":[{"href":"https:\/\/aca-pl.com\/index.php?rest_route=\/wp\/v2\/pages"}],"about":[{"href":"https:\/\/aca-pl.com\/index.php?rest_route=\/wp\/v2\/types\/page"}],"author":[{"embeddable":true,"href":"https:\/\/aca-pl.com\/index.php?rest_route=\/wp\/v2\/users\/1"}],"replies":[{"embeddable":true,"href":"https:\/\/aca-pl.com\/index.php?rest_route=%2Fwp%2Fv2%2Fcomments&post=676"}],"version-history":[{"count":6,"href":"https:\/\/aca-pl.com\/index.php?rest_route=\/wp\/v2\/pages\/676\/revisions"}],"predecessor-version":[{"id":2400,"href":"https:\/\/aca-pl.com\/index.php?rest_route=\/wp\/v2\/pages\/676\/revisions\/2400"}],"wp:featuredmedia":[{"embeddable":true,"href":"https:\/\/aca-pl.com\/index.php?rest_route=\/wp\/v2\/media\/2781"}],"wp:attachment":[{"href":"https:\/\/aca-pl.com\/index.php?rest_route=%2Fwp%2Fv2%2Fmedia&parent=676"}],"curies":[{"name":"wp","href":"https:\/\/api.w.org\/{rel}","templated":true}]}}