{"id":645,"date":"2025-04-11T16:08:51","date_gmt":"2025-04-11T14:08:51","guid":{"rendered":"https:\/\/aca-pl.com\/?page_id=645"},"modified":"2025-04-11T16:10:03","modified_gmt":"2025-04-11T14:10:03","slug":"complementaire-sante-complementaire-maladie","status":"publish","type":"page","link":"https:\/\/aca-pl.com\/?page_id=645","title":{"rendered":"COMPLEMENTAIRE SANT\u00c9"},"content":{"rendered":"\r\n<div id=\"wp-block-themeisle-blocks-advanced-columns-5dd6ce9a\" class=\"wp-block-themeisle-blocks-advanced-columns has-1-columns has-desktop-equal-layout has-tablet-equal-layout has-mobile-equal-layout has-default-gap has-vertical-unset\">\r\n<div class=\"wp-block-themeisle-blocks-advanced-columns-overlay\"><a href=\"https:\/\/aca-pl.com\/?page_id=2513\">QUESTIONNAIRE COMPLEMENTAIRE SANTE<\/a><\/div>\r\n<\/div>\r\n<div>\u00a0<\/div>\r\n<div><strong>IMPORTANT: vous pouvez d\u00e9sormais r\u00e9silier \u00e0 tous moment vos contrats compl\u00e9mentaire sant\u00e9 apr\u00e8s 12 mois d&rsquo;assurance.\u00a0 C&rsquo;est le moment de changer !!!<\/strong><\/div>\r\n<div>\u00a0<\/div>\r\n<div id=\"wp-block-themeisle-blocks-advanced-columns-5dd6ce9a\" class=\"wp-block-themeisle-blocks-advanced-columns has-1-columns has-desktop-equal-layout has-tablet-equal-layout has-mobile-equal-layout has-default-gap has-vertical-unset\">\r\n<div class=\"innerblocks-wrap\">\r\n<div id=\"wp-block-themeisle-blocks-advanced-column-03773824\" class=\"wp-block-themeisle-blocks-advanced-column\">\r\n<p class=\"has-normal-font-size\">La compl\u00e9mentaire sant\u00e9, est, un contrat absolument indispensable que l&rsquo;on soit particulier, commer\u00e7ant, artisan, ou ind\u00e9pendant.<\/p>\r\n<p>Aussi, il est important de bien la choisir.<\/p>\r\n<p>Il existe bien entendu, des contrats pour tous les budgets.<\/p>\r\n<p>Toutefois, qu&rsquo;il s&rsquo;agisse d&rsquo;une compl\u00e9mentaire maladie de base, ou encore d&rsquo;un contrat b\u00e9n\u00e9ficiant de meilleurs remboursements, on ne peut pas faire l&rsquo;impasse sur sa souscription, au risque de ne pas pouvoir se soigner faute de moyens financiers.<\/p>\r\n<p>De plus, se limiter \u00e0 la seule garantie hospitalisation, emp\u00eachera bon nombre de personnes de se soigner correctement au jour le jour, avec pour cons\u00e9quences une d\u00e9gradation de leur \u00e9tat de sant\u00e9.<\/p>\r\n<p>Aussi, nous vous proposons divers formules aupr\u00e8s de divers assureurs, afin de vous apporter le plus grand choix possible parmi nos partenaires<\/p>\r\n<p>Nous sommes \u00e0 votre disposition pour en parler de vive voix ou bien pour vous rencontrer.<\/p>\r\n<p>Bien entendu, nous op\u00e9rons dans toute la France et nous pouvons souscrire votre contrat \u00e0 distance.<\/p>\r\n<p>Pour recevoir un ou plusieurs projets, il suffit de compl\u00e9ter le questionnaire ci-dessous, et vous r\u00e9pondrons au plus vite.<\/p>\r\n<p><a href=\"https:\/\/aca-pl.com\/?page_id=2513\">QUESTIONNAIRE COMPLEMENTAIRE SANTE<\/a><\/p>\r\n<p>Vous pouvez aussi\u00a0 nous contacter par <a href=\"mailto:info@aca-pl.com\">mail<\/a> ou par t\u00e9l\u00e9phone\u00a0 au <strong>02 41 09 77 32<\/strong> ou par notre <a href=\"https:\/\/aca-pl.com\/?page_id=181\">formulaire<\/a> de contact de 8h \u00e0 19h du Lundi au Vendredi, et le Samedi uniquement par mail.<\/p>\r\n<p style=\"text-align: center;\"><img loading=\"lazy\" decoding=\"async\" class=\"size-full wp-image-33 aligncenter\" src=\"https:\/\/aca-pl.com\/wp-content\/uploads\/2019\/11\/ACA-15pxX15px-1.png\" alt=\"\" width=\"125\" height=\"125\" \/><strong>Quand la passion est un m\u00e9tier<\/strong><\/p>\r\n<p>&nbsp;<\/p>\r\n<\/div>\r\n<\/div>\r\n<\/div>\r\n","protected":false},"excerpt":{"rendered":"","protected":false},"author":1,"featured_media":2633,"parent":0,"menu_order":0,"comment_status":"closed","ping_status":"closed","template":"","meta":{"_bbp_topic_count":0,"_bbp_reply_count":0,"_bbp_total_topic_count":0,"_bbp_total_reply_count":0,"_bbp_voice_count":0,"_bbp_anonymous_reply_count":0,"_bbp_topic_count_hidden":0,"_bbp_reply_count_hidden":0,"_bbp_forum_subforum_count":0,"_monsterinsights_skip_tracking":false,"_monsterinsights_sitenote_active":false,"_monsterinsights_sitenote_note":"","_monsterinsights_sitenote_category":0,"_themeisle_gutenberg_block_has_review":false,"footnotes":""},"class_list":["post-645","page","type-page","status-publish","has-post-thumbnail","hentry"],"yoast_head":"<!-- This site is optimized with the Yoast SEO plugin v24.9 - https:\/\/yoast.com\/wordpress\/plugins\/seo\/ -->\n<title>COMPLEMENTAIRE SANT\u00c9 -<\/title>\n<meta name=\"description\" content=\"La compl\u00e9mentaire sant\u00e9, est, un contrat absolument indispensable que l&#039;on soit particulier, commer\u00e7ant, artisan, ou ind\u00e9pendant.Aussi, il est important de bien la choisir.Il existe bien entendu, des contrats pour tous les budgets.Toutefois, qu&#039;il s&#039;agisse d&#039;une compl\u00e9mentaire maladie de base, ou encore d&#039;un contrat b\u00e9n\u00e9ficiant de meilleurs remboursements, on ne peut pas faire l&#039;impasse sur sa souscription, au risque de ne pas pouvoir se soigner faute de moyens financiers.\" \/>\n<meta name=\"robots\" content=\"index, follow, max-snippet:-1, max-image-preview:large, max-video-preview:-1\" \/>\n<link rel=\"canonical\" href=\"https:\/\/aca-pl.com\/?page_id=645\" \/>\n<meta property=\"og:locale\" content=\"fr_FR\" \/>\n<meta property=\"og:type\" content=\"article\" \/>\n<meta property=\"og:title\" content=\"COMPLEMENTAIRE SANT\u00c9 -\" \/>\n<meta property=\"og:description\" content=\"La compl\u00e9mentaire sant\u00e9, est, un contrat absolument indispensable que l&#039;on soit particulier, commer\u00e7ant, artisan, ou ind\u00e9pendant.Aussi, il est important de bien la choisir.Il existe bien entendu, des contrats pour tous les budgets.Toutefois, qu&#039;il s&#039;agisse d&#039;une compl\u00e9mentaire maladie de base, ou encore d&#039;un contrat b\u00e9n\u00e9ficiant de meilleurs remboursements, on ne peut pas faire l&#039;impasse sur sa souscription, au risque de ne pas pouvoir se soigner faute de moyens financiers.\" \/>\n<meta property=\"og:url\" content=\"https:\/\/aca-pl.com\/?page_id=645\" \/>\n<meta property=\"article:publisher\" content=\"https:\/\/www.facebook.com\/groups\/1773349446235806\/?ref=bookmarks\" \/>\n<meta property=\"article:modified_time\" content=\"2025-04-11T14:10:03+00:00\" \/>\n<meta property=\"og:image\" content=\"https:\/\/aca-pl.com\/wp-content\/uploads\/2020\/12\/hypertension-867855_1920.jpg\" \/>\n\t<meta property=\"og:image:width\" content=\"1920\" \/>\n\t<meta property=\"og:image:height\" content=\"1280\" \/>\n\t<meta property=\"og:image:type\" content=\"image\/jpeg\" \/>\n<meta name=\"twitter:card\" content=\"summary_large_image\" \/>\n<meta name=\"twitter:site\" content=\"@AssistanceAudit\" \/>\n<meta name=\"twitter:label1\" content=\"Dur\u00e9e de lecture estim\u00e9e\" \/>\n\t<meta name=\"twitter:data1\" content=\"2 minutes\" \/>\n<script type=\"application\/ld+json\" class=\"yoast-schema-graph\">{\"@context\":\"https:\/\/schema.org\",\"@graph\":[{\"@type\":\"WebPage\",\"@id\":\"https:\/\/aca-pl.com\/?page_id=645\",\"url\":\"https:\/\/aca-pl.com\/?page_id=645\",\"name\":\"COMPLEMENTAIRE SANT\u00c9 -\",\"isPartOf\":{\"@id\":\"https:\/\/aca-pl.com\/#website\"},\"primaryImageOfPage\":{\"@id\":\"https:\/\/aca-pl.com\/?page_id=645#primaryimage\"},\"image\":{\"@id\":\"https:\/\/aca-pl.com\/?page_id=645#primaryimage\"},\"thumbnailUrl\":\"https:\/\/aca-pl.com\/wp-content\/uploads\/2020\/12\/hypertension-867855_1920.jpg\",\"datePublished\":\"2025-04-11T14:08:51+00:00\",\"dateModified\":\"2025-04-11T14:10:03+00:00\",\"description\":\"La compl\u00e9mentaire sant\u00e9, est, un contrat absolument indispensable que l'on soit particulier, commer\u00e7ant, artisan, ou ind\u00e9pendant.Aussi, il est important de bien la choisir.Il existe bien entendu, des contrats pour tous les budgets.Toutefois, qu'il s'agisse d'une compl\u00e9mentaire maladie de base, ou encore d'un contrat b\u00e9n\u00e9ficiant de meilleurs remboursements, on ne peut pas faire l'impasse sur sa souscription, au risque de ne pas pouvoir se soigner faute de moyens financiers.\",\"breadcrumb\":{\"@id\":\"https:\/\/aca-pl.com\/?page_id=645#breadcrumb\"},\"inLanguage\":\"fr-FR\",\"potentialAction\":[{\"@type\":\"ReadAction\",\"target\":[\"https:\/\/aca-pl.com\/?page_id=645\"]}]},{\"@type\":\"ImageObject\",\"inLanguage\":\"fr-FR\",\"@id\":\"https:\/\/aca-pl.com\/?page_id=645#primaryimage\",\"url\":\"https:\/\/aca-pl.com\/wp-content\/uploads\/2020\/12\/hypertension-867855_1920.jpg\",\"contentUrl\":\"https:\/\/aca-pl.com\/wp-content\/uploads\/2020\/12\/hypertension-867855_1920.jpg\",\"width\":1920,\"height\":1280},{\"@type\":\"BreadcrumbList\",\"@id\":\"https:\/\/aca-pl.com\/?page_id=645#breadcrumb\",\"itemListElement\":[{\"@type\":\"ListItem\",\"position\":1,\"name\":\"Accueil\",\"item\":\"https:\/\/aca-pl.com\/\"},{\"@type\":\"ListItem\",\"position\":2,\"name\":\"COMPLEMENTAIRE SANT\u00c9\"}]},{\"@type\":\"WebSite\",\"@id\":\"https:\/\/aca-pl.com\/#website\",\"url\":\"https:\/\/aca-pl.com\/\",\"name\":\"\",\"description\":\"Quand la passion est un m\u00e9tier\",\"publisher\":{\"@id\":\"https:\/\/aca-pl.com\/#organization\"},\"potentialAction\":[{\"@type\":\"SearchAction\",\"target\":{\"@type\":\"EntryPoint\",\"urlTemplate\":\"https:\/\/aca-pl.com\/?s={search_term_string}\"},\"query-input\":{\"@type\":\"PropertyValueSpecification\",\"valueRequired\":true,\"valueName\":\"search_term_string\"}}],\"inLanguage\":\"fr-FR\"},{\"@type\":\"Organization\",\"@id\":\"https:\/\/aca-pl.com\/#organization\",\"name\":\"AUDIT CONSEIL ASSISTANCE\",\"url\":\"https:\/\/aca-pl.com\/\",\"logo\":{\"@type\":\"ImageObject\",\"inLanguage\":\"fr-FR\",\"@id\":\"https:\/\/aca-pl.com\/#\/schema\/logo\/image\/\",\"url\":\"https:\/\/aca-pl.com\/wp-content\/uploads\/2019\/11\/ACA-15pxX15px-1.png\",\"contentUrl\":\"https:\/\/aca-pl.com\/wp-content\/uploads\/2019\/11\/ACA-15pxX15px-1.png\",\"width\":125,\"height\":125,\"caption\":\"AUDIT CONSEIL ASSISTANCE\"},\"image\":{\"@id\":\"https:\/\/aca-pl.com\/#\/schema\/logo\/image\/\"},\"sameAs\":[\"https:\/\/www.facebook.com\/groups\/1773349446235806\/?ref=bookmarks\",\"https:\/\/x.com\/AssistanceAudit\",\"http:\/\/www.linkedin.com\/in\/philippe-b-7a43b342\"]}]}<\/script>\n<!-- \/ Yoast SEO plugin. -->","yoast_head_json":{"title":"COMPLEMENTAIRE SANT\u00c9 -","description":"La compl\u00e9mentaire sant\u00e9, est, un contrat absolument indispensable que l'on soit particulier, commer\u00e7ant, artisan, ou ind\u00e9pendant.Aussi, il est important de bien la choisir.Il existe bien entendu, des contrats pour tous les budgets.Toutefois, qu'il s'agisse d'une compl\u00e9mentaire maladie de base, ou encore d'un contrat b\u00e9n\u00e9ficiant de meilleurs remboursements, on ne peut pas faire l'impasse sur sa souscription, au risque de ne pas pouvoir se soigner faute de moyens financiers.","robots":{"index":"index","follow":"follow","max-snippet":"max-snippet:-1","max-image-preview":"max-image-preview:large","max-video-preview":"max-video-preview:-1"},"canonical":"https:\/\/aca-pl.com\/?page_id=645","og_locale":"fr_FR","og_type":"article","og_title":"COMPLEMENTAIRE SANT\u00c9 -","og_description":"La compl\u00e9mentaire sant\u00e9, est, un contrat absolument indispensable que l'on soit particulier, commer\u00e7ant, artisan, ou ind\u00e9pendant.Aussi, il est important de bien la choisir.Il existe bien entendu, des contrats pour tous les budgets.Toutefois, qu'il s'agisse d'une compl\u00e9mentaire maladie de base, ou encore d'un contrat b\u00e9n\u00e9ficiant de meilleurs remboursements, on ne peut pas faire l'impasse sur sa souscription, au risque de ne pas pouvoir se soigner faute de moyens financiers.","og_url":"https:\/\/aca-pl.com\/?page_id=645","article_publisher":"https:\/\/www.facebook.com\/groups\/1773349446235806\/?ref=bookmarks","article_modified_time":"2025-04-11T14:10:03+00:00","og_image":[{"width":1920,"height":1280,"url":"https:\/\/aca-pl.com\/wp-content\/uploads\/2020\/12\/hypertension-867855_1920.jpg","type":"image\/jpeg"}],"twitter_card":"summary_large_image","twitter_site":"@AssistanceAudit","twitter_misc":{"Dur\u00e9e de lecture estim\u00e9e":"2 minutes"},"schema":{"@context":"https:\/\/schema.org","@graph":[{"@type":"WebPage","@id":"https:\/\/aca-pl.com\/?page_id=645","url":"https:\/\/aca-pl.com\/?page_id=645","name":"COMPLEMENTAIRE SANT\u00c9 -","isPartOf":{"@id":"https:\/\/aca-pl.com\/#website"},"primaryImageOfPage":{"@id":"https:\/\/aca-pl.com\/?page_id=645#primaryimage"},"image":{"@id":"https:\/\/aca-pl.com\/?page_id=645#primaryimage"},"thumbnailUrl":"https:\/\/aca-pl.com\/wp-content\/uploads\/2020\/12\/hypertension-867855_1920.jpg","datePublished":"2025-04-11T14:08:51+00:00","dateModified":"2025-04-11T14:10:03+00:00","description":"La compl\u00e9mentaire sant\u00e9, est, un contrat absolument indispensable que l'on soit particulier, commer\u00e7ant, artisan, ou ind\u00e9pendant.Aussi, il est important de bien la choisir.Il existe bien entendu, des contrats pour tous les budgets.Toutefois, qu'il s'agisse d'une compl\u00e9mentaire maladie de base, ou encore d'un contrat b\u00e9n\u00e9ficiant de meilleurs remboursements, on ne peut pas faire l'impasse sur sa souscription, au risque de ne pas pouvoir se soigner faute de moyens financiers.","breadcrumb":{"@id":"https:\/\/aca-pl.com\/?page_id=645#breadcrumb"},"inLanguage":"fr-FR","potentialAction":[{"@type":"ReadAction","target":["https:\/\/aca-pl.com\/?page_id=645"]}]},{"@type":"ImageObject","inLanguage":"fr-FR","@id":"https:\/\/aca-pl.com\/?page_id=645#primaryimage","url":"https:\/\/aca-pl.com\/wp-content\/uploads\/2020\/12\/hypertension-867855_1920.jpg","contentUrl":"https:\/\/aca-pl.com\/wp-content\/uploads\/2020\/12\/hypertension-867855_1920.jpg","width":1920,"height":1280},{"@type":"BreadcrumbList","@id":"https:\/\/aca-pl.com\/?page_id=645#breadcrumb","itemListElement":[{"@type":"ListItem","position":1,"name":"Accueil","item":"https:\/\/aca-pl.com\/"},{"@type":"ListItem","position":2,"name":"COMPLEMENTAIRE SANT\u00c9"}]},{"@type":"WebSite","@id":"https:\/\/aca-pl.com\/#website","url":"https:\/\/aca-pl.com\/","name":"","description":"Quand la passion est un m\u00e9tier","publisher":{"@id":"https:\/\/aca-pl.com\/#organization"},"potentialAction":[{"@type":"SearchAction","target":{"@type":"EntryPoint","urlTemplate":"https:\/\/aca-pl.com\/?s={search_term_string}"},"query-input":{"@type":"PropertyValueSpecification","valueRequired":true,"valueName":"search_term_string"}}],"inLanguage":"fr-FR"},{"@type":"Organization","@id":"https:\/\/aca-pl.com\/#organization","name":"AUDIT CONSEIL ASSISTANCE","url":"https:\/\/aca-pl.com\/","logo":{"@type":"ImageObject","inLanguage":"fr-FR","@id":"https:\/\/aca-pl.com\/#\/schema\/logo\/image\/","url":"https:\/\/aca-pl.com\/wp-content\/uploads\/2019\/11\/ACA-15pxX15px-1.png","contentUrl":"https:\/\/aca-pl.com\/wp-content\/uploads\/2019\/11\/ACA-15pxX15px-1.png","width":125,"height":125,"caption":"AUDIT CONSEIL ASSISTANCE"},"image":{"@id":"https:\/\/aca-pl.com\/#\/schema\/logo\/image\/"},"sameAs":["https:\/\/www.facebook.com\/groups\/1773349446235806\/?ref=bookmarks","https:\/\/x.com\/AssistanceAudit","http:\/\/www.linkedin.com\/in\/philippe-b-7a43b342"]}]}},"_links":{"self":[{"href":"https:\/\/aca-pl.com\/index.php?rest_route=\/wp\/v2\/pages\/645","targetHints":{"allow":["GET"]}}],"collection":[{"href":"https:\/\/aca-pl.com\/index.php?rest_route=\/wp\/v2\/pages"}],"about":[{"href":"https:\/\/aca-pl.com\/index.php?rest_route=\/wp\/v2\/types\/page"}],"author":[{"embeddable":true,"href":"https:\/\/aca-pl.com\/index.php?rest_route=\/wp\/v2\/users\/1"}],"replies":[{"embeddable":true,"href":"https:\/\/aca-pl.com\/index.php?rest_route=%2Fwp%2Fv2%2Fcomments&post=645"}],"version-history":[{"count":18,"href":"https:\/\/aca-pl.com\/index.php?rest_route=\/wp\/v2\/pages\/645\/revisions"}],"predecessor-version":[{"id":3019,"href":"https:\/\/aca-pl.com\/index.php?rest_route=\/wp\/v2\/pages\/645\/revisions\/3019"}],"wp:featuredmedia":[{"embeddable":true,"href":"https:\/\/aca-pl.com\/index.php?rest_route=\/wp\/v2\/media\/2633"}],"wp:attachment":[{"href":"https:\/\/aca-pl.com\/index.php?rest_route=%2Fwp%2Fv2%2Fmedia&parent=645"}],"curies":[{"name":"wp","href":"https:\/\/api.w.org\/{rel}","templated":true}]}}