{"id":573,"date":"2020-11-08T18:22:59","date_gmt":"2020-11-08T17:22:59","guid":{"rendered":"https:\/\/aca-pl.com\/?page_id=573"},"modified":"2020-11-08T18:25:58","modified_gmt":"2020-11-08T17:25:58","slug":"voitures-sans-permis","status":"publish","type":"page","link":"https:\/\/aca-pl.com\/?page_id=573","title":{"rendered":"VOITURES SANS PERMIS"},"content":{"rendered":"<p>Vous avez une voiture sans permis et vous souhaitez la garantir ?<\/p>\n<p>Audit Conseil Assistance a la solution.<\/p>\n<p>N&rsquo;h\u00e9sitez pas \u00e0 nous contacter, ou \u00e0 remplir le questionnaire \u00e0 t\u00e9l\u00e9charger ci-dessous et \u00e0 nous\u00a0 le retourner \u00e0 info@aca-plcom<\/p>\n<p><a href=\"https:\/\/aca-pl.com\/?page_id=2487\">QUESTIONNAIRE AUTOMOBILE<\/a><\/p>\n<p>Vous pouvez nous contacter par <a href=\"mailto:info@aca-pl.com\">mail<\/a> ou par t\u00e9l\u00e9phone \u00a0 \u00a0 \u00a0 \u00a0 \u00a0 \u00a0 \u00a0 \u00a0 \u00a0 \u00a0 \u00a0 \u00a0 \u00a0 au <strong>02 41 09 77 32<\/strong> ou par notre <a href=\"https:\/\/aca-pl.com\/?page_id=181\">formulaire<\/a> de contact de 8h \u00e0 19h du Lundi au Vendredi, et le Samedi uniquement par mail.<\/p>\n<p style=\"text-align: center;\"><img loading=\"lazy\" decoding=\"async\" class=\"alignnone size-full wp-image-33 aligncenter\" src=\"https:\/\/aca-pl.com\/wp-content\/uploads\/2019\/11\/ACA-15pxX15px-1.png\" alt=\"\" width=\"125\" height=\"125\" \/><strong>Quand la passion est un m\u00e9tier<\/strong><\/p>\n<p>&nbsp;<\/p>\n<p>&nbsp;<\/p>\n<p>&nbsp;<\/p>\n","protected":false},"excerpt":{"rendered":"<p>Vous avez une voiture sans permis et vous souhaitez la garantir ? Audit Conseil Assistance a la solution. N&rsquo;h\u00e9sitez pas \u00e0 nous contacter, ou \u00e0 remplir le questionnaire \u00e0 t\u00e9l\u00e9charger ci-dessous et \u00e0 nous\u00a0 le retourner \u00e0 info@aca-plcom QUESTIONNAIRE AUTOMOBILE Vous pouvez nous contacter par mail ou par t\u00e9l\u00e9phone \u00a0 \u00a0 \u00a0 \u00a0 \u00a0 \u00a0 &hellip; <a href=\"https:\/\/aca-pl.com\/?page_id=573\" class=\"more-link\">Continuer la lecture de <span class=\"screen-reader-text\">VOITURES SANS PERMIS<\/span>  <span class=\"meta-nav\">&rarr;<\/span><\/a><\/p>\n","protected":false},"author":1,"featured_media":0,"parent":0,"menu_order":0,"comment_status":"closed","ping_status":"closed","template":"","meta":{"_bbp_topic_count":0,"_bbp_reply_count":0,"_bbp_total_topic_count":0,"_bbp_total_reply_count":0,"_bbp_voice_count":0,"_bbp_anonymous_reply_count":0,"_bbp_topic_count_hidden":0,"_bbp_reply_count_hidden":0,"_bbp_forum_subforum_count":0,"_monsterinsights_skip_tracking":false,"_monsterinsights_sitenote_active":false,"_monsterinsights_sitenote_note":"","_monsterinsights_sitenote_category":0,"_themeisle_gutenberg_block_has_review":false,"footnotes":""},"class_list":["post-573","page","type-page","status-publish","hentry"],"yoast_head":"<!-- This site is optimized with the Yoast SEO plugin v24.9 - https:\/\/yoast.com\/wordpress\/plugins\/seo\/ -->\n<title>VOITURES SANS PERMIS -<\/title>\n<meta name=\"description\" content=\"Vous avez une voiture sans permis et vous souhaitez la garantir ? Audit Conseil Assistance a la solution.\" \/>\n<meta name=\"robots\" content=\"index, follow, max-snippet:-1, max-image-preview:large, max-video-preview:-1\" \/>\n<link rel=\"canonical\" href=\"https:\/\/aca-pl.com\/?page_id=573\" \/>\n<meta property=\"og:locale\" content=\"fr_FR\" \/>\n<meta property=\"og:type\" content=\"article\" \/>\n<meta property=\"og:title\" content=\"VOITURES SANS PERMIS -\" \/>\n<meta property=\"og:description\" content=\"Vous avez une voiture sans permis et vous souhaitez la garantir ? Audit Conseil Assistance a la solution.\" \/>\n<meta property=\"og:url\" content=\"https:\/\/aca-pl.com\/?page_id=573\" \/>\n<meta property=\"article:publisher\" content=\"https:\/\/www.facebook.com\/groups\/1773349446235806\/?ref=bookmarks\" \/>\n<meta property=\"article:modified_time\" content=\"2020-11-08T17:25:58+00:00\" \/>\n<meta property=\"og:image\" content=\"https:\/\/aca-pl.com\/wp-content\/uploads\/2019\/11\/ACA-15pxX15px-1.png\" \/>\n<meta name=\"twitter:card\" content=\"summary_large_image\" \/>\n<meta name=\"twitter:site\" content=\"@AssistanceAudit\" \/>\n<script type=\"application\/ld+json\" class=\"yoast-schema-graph\">{\"@context\":\"https:\/\/schema.org\",\"@graph\":[{\"@type\":\"WebPage\",\"@id\":\"https:\/\/aca-pl.com\/?page_id=573\",\"url\":\"https:\/\/aca-pl.com\/?page_id=573\",\"name\":\"VOITURES SANS PERMIS -\",\"isPartOf\":{\"@id\":\"https:\/\/aca-pl.com\/#website\"},\"primaryImageOfPage\":{\"@id\":\"https:\/\/aca-pl.com\/?page_id=573#primaryimage\"},\"image\":{\"@id\":\"https:\/\/aca-pl.com\/?page_id=573#primaryimage\"},\"thumbnailUrl\":\"https:\/\/aca-pl.com\/wp-content\/uploads\/2019\/11\/ACA-15pxX15px-1.png\",\"datePublished\":\"2020-11-08T17:22:59+00:00\",\"dateModified\":\"2020-11-08T17:25:58+00:00\",\"description\":\"Vous avez une voiture sans permis et vous souhaitez la garantir ? Audit Conseil Assistance a la solution.\",\"breadcrumb\":{\"@id\":\"https:\/\/aca-pl.com\/?page_id=573#breadcrumb\"},\"inLanguage\":\"fr-FR\",\"potentialAction\":[{\"@type\":\"ReadAction\",\"target\":[\"https:\/\/aca-pl.com\/?page_id=573\"]}]},{\"@type\":\"ImageObject\",\"inLanguage\":\"fr-FR\",\"@id\":\"https:\/\/aca-pl.com\/?page_id=573#primaryimage\",\"url\":\"https:\/\/aca-pl.com\/wp-content\/uploads\/2019\/11\/ACA-15pxX15px-1.png\",\"contentUrl\":\"https:\/\/aca-pl.com\/wp-content\/uploads\/2019\/11\/ACA-15pxX15px-1.png\",\"width\":125,\"height\":125,\"caption\":\"LOGO ACA\"},{\"@type\":\"BreadcrumbList\",\"@id\":\"https:\/\/aca-pl.com\/?page_id=573#breadcrumb\",\"itemListElement\":[{\"@type\":\"ListItem\",\"position\":1,\"name\":\"Accueil\",\"item\":\"https:\/\/aca-pl.com\/\"},{\"@type\":\"ListItem\",\"position\":2,\"name\":\"VOITURES SANS PERMIS\"}]},{\"@type\":\"WebSite\",\"@id\":\"https:\/\/aca-pl.com\/#website\",\"url\":\"https:\/\/aca-pl.com\/\",\"name\":\"\",\"description\":\"Quand la passion est un m\u00e9tier\",\"publisher\":{\"@id\":\"https:\/\/aca-pl.com\/#organization\"},\"potentialAction\":[{\"@type\":\"SearchAction\",\"target\":{\"@type\":\"EntryPoint\",\"urlTemplate\":\"https:\/\/aca-pl.com\/?s={search_term_string}\"},\"query-input\":{\"@type\":\"PropertyValueSpecification\",\"valueRequired\":true,\"valueName\":\"search_term_string\"}}],\"inLanguage\":\"fr-FR\"},{\"@type\":\"Organization\",\"@id\":\"https:\/\/aca-pl.com\/#organization\",\"name\":\"AUDIT CONSEIL ASSISTANCE\",\"url\":\"https:\/\/aca-pl.com\/\",\"logo\":{\"@type\":\"ImageObject\",\"inLanguage\":\"fr-FR\",\"@id\":\"https:\/\/aca-pl.com\/#\/schema\/logo\/image\/\",\"url\":\"https:\/\/aca-pl.com\/wp-content\/uploads\/2019\/11\/ACA-15pxX15px-1.png\",\"contentUrl\":\"https:\/\/aca-pl.com\/wp-content\/uploads\/2019\/11\/ACA-15pxX15px-1.png\",\"width\":125,\"height\":125,\"caption\":\"AUDIT CONSEIL ASSISTANCE\"},\"image\":{\"@id\":\"https:\/\/aca-pl.com\/#\/schema\/logo\/image\/\"},\"sameAs\":[\"https:\/\/www.facebook.com\/groups\/1773349446235806\/?ref=bookmarks\",\"https:\/\/x.com\/AssistanceAudit\",\"http:\/\/www.linkedin.com\/in\/philippe-b-7a43b342\"]}]}<\/script>\n<!-- \/ Yoast SEO plugin. -->","yoast_head_json":{"title":"VOITURES SANS PERMIS -","description":"Vous avez une voiture sans permis et vous souhaitez la garantir ? Audit Conseil Assistance a la solution.","robots":{"index":"index","follow":"follow","max-snippet":"max-snippet:-1","max-image-preview":"max-image-preview:large","max-video-preview":"max-video-preview:-1"},"canonical":"https:\/\/aca-pl.com\/?page_id=573","og_locale":"fr_FR","og_type":"article","og_title":"VOITURES SANS PERMIS -","og_description":"Vous avez une voiture sans permis et vous souhaitez la garantir ? Audit Conseil Assistance a la solution.","og_url":"https:\/\/aca-pl.com\/?page_id=573","article_publisher":"https:\/\/www.facebook.com\/groups\/1773349446235806\/?ref=bookmarks","article_modified_time":"2020-11-08T17:25:58+00:00","og_image":[{"url":"https:\/\/aca-pl.com\/wp-content\/uploads\/2019\/11\/ACA-15pxX15px-1.png","type":"","width":"","height":""}],"twitter_card":"summary_large_image","twitter_site":"@AssistanceAudit","schema":{"@context":"https:\/\/schema.org","@graph":[{"@type":"WebPage","@id":"https:\/\/aca-pl.com\/?page_id=573","url":"https:\/\/aca-pl.com\/?page_id=573","name":"VOITURES SANS PERMIS -","isPartOf":{"@id":"https:\/\/aca-pl.com\/#website"},"primaryImageOfPage":{"@id":"https:\/\/aca-pl.com\/?page_id=573#primaryimage"},"image":{"@id":"https:\/\/aca-pl.com\/?page_id=573#primaryimage"},"thumbnailUrl":"https:\/\/aca-pl.com\/wp-content\/uploads\/2019\/11\/ACA-15pxX15px-1.png","datePublished":"2020-11-08T17:22:59+00:00","dateModified":"2020-11-08T17:25:58+00:00","description":"Vous avez une voiture sans permis et vous souhaitez la garantir ? Audit Conseil Assistance a la solution.","breadcrumb":{"@id":"https:\/\/aca-pl.com\/?page_id=573#breadcrumb"},"inLanguage":"fr-FR","potentialAction":[{"@type":"ReadAction","target":["https:\/\/aca-pl.com\/?page_id=573"]}]},{"@type":"ImageObject","inLanguage":"fr-FR","@id":"https:\/\/aca-pl.com\/?page_id=573#primaryimage","url":"https:\/\/aca-pl.com\/wp-content\/uploads\/2019\/11\/ACA-15pxX15px-1.png","contentUrl":"https:\/\/aca-pl.com\/wp-content\/uploads\/2019\/11\/ACA-15pxX15px-1.png","width":125,"height":125,"caption":"LOGO ACA"},{"@type":"BreadcrumbList","@id":"https:\/\/aca-pl.com\/?page_id=573#breadcrumb","itemListElement":[{"@type":"ListItem","position":1,"name":"Accueil","item":"https:\/\/aca-pl.com\/"},{"@type":"ListItem","position":2,"name":"VOITURES SANS PERMIS"}]},{"@type":"WebSite","@id":"https:\/\/aca-pl.com\/#website","url":"https:\/\/aca-pl.com\/","name":"","description":"Quand la passion est un m\u00e9tier","publisher":{"@id":"https:\/\/aca-pl.com\/#organization"},"potentialAction":[{"@type":"SearchAction","target":{"@type":"EntryPoint","urlTemplate":"https:\/\/aca-pl.com\/?s={search_term_string}"},"query-input":{"@type":"PropertyValueSpecification","valueRequired":true,"valueName":"search_term_string"}}],"inLanguage":"fr-FR"},{"@type":"Organization","@id":"https:\/\/aca-pl.com\/#organization","name":"AUDIT CONSEIL ASSISTANCE","url":"https:\/\/aca-pl.com\/","logo":{"@type":"ImageObject","inLanguage":"fr-FR","@id":"https:\/\/aca-pl.com\/#\/schema\/logo\/image\/","url":"https:\/\/aca-pl.com\/wp-content\/uploads\/2019\/11\/ACA-15pxX15px-1.png","contentUrl":"https:\/\/aca-pl.com\/wp-content\/uploads\/2019\/11\/ACA-15pxX15px-1.png","width":125,"height":125,"caption":"AUDIT CONSEIL ASSISTANCE"},"image":{"@id":"https:\/\/aca-pl.com\/#\/schema\/logo\/image\/"},"sameAs":["https:\/\/www.facebook.com\/groups\/1773349446235806\/?ref=bookmarks","https:\/\/x.com\/AssistanceAudit","http:\/\/www.linkedin.com\/in\/philippe-b-7a43b342"]}]}},"_links":{"self":[{"href":"https:\/\/aca-pl.com\/index.php?rest_route=\/wp\/v2\/pages\/573","targetHints":{"allow":["GET"]}}],"collection":[{"href":"https:\/\/aca-pl.com\/index.php?rest_route=\/wp\/v2\/pages"}],"about":[{"href":"https:\/\/aca-pl.com\/index.php?rest_route=\/wp\/v2\/types\/page"}],"author":[{"embeddable":true,"href":"https:\/\/aca-pl.com\/index.php?rest_route=\/wp\/v2\/users\/1"}],"replies":[{"embeddable":true,"href":"https:\/\/aca-pl.com\/index.php?rest_route=%2Fwp%2Fv2%2Fcomments&post=573"}],"version-history":[{"count":4,"href":"https:\/\/aca-pl.com\/index.php?rest_route=\/wp\/v2\/pages\/573\/revisions"}],"predecessor-version":[{"id":2527,"href":"https:\/\/aca-pl.com\/index.php?rest_route=\/wp\/v2\/pages\/573\/revisions\/2527"}],"wp:attachment":[{"href":"https:\/\/aca-pl.com\/index.php?rest_route=%2Fwp%2Fv2%2Fmedia&parent=573"}],"curies":[{"name":"wp","href":"https:\/\/api.w.org\/{rel}","templated":true}]}}