{"id":505,"date":"2020-12-22T11:35:32","date_gmt":"2020-12-22T10:35:32","guid":{"rendered":"https:\/\/aca-pl.com\/?page_id=505"},"modified":"2020-12-22T11:48:40","modified_gmt":"2020-12-22T10:48:40","slug":"multirisque-habitation-assurance-habitation","status":"publish","type":"page","link":"https:\/\/aca-pl.com\/?page_id=505","title":{"rendered":"ASSURANCE MULTIRISQUE HABITATION"},"content":{"rendered":"<p style=\"text-align: center;\"><a href=\"https:\/\/aca-pl.com\/?page_id=2573\">QUESTIONNAIRE MULTIRISQUE HABITATION<\/a><\/p>\n<p>On a souvent tendance \u00e0 oublier l&rsquo;importance de l&rsquo;assurance MULTIRISQUE HABITATION et elle est souvent consid\u00e9r\u00e9e comme une obligation !<\/p>\n<p>Combien de fois mes clients me parlent de la taxe habitation au lieu de la cotisation\u00a0 d&rsquo;assurance habitation. Cela montre \u00e0 quel point il s&rsquo;agit d&rsquo;une d\u00e9pense contrainte !<\/p>\n<p>Et pourtant&#8230;<\/p>\n<p><span style=\"text-decoration: underline;\">Ce contrat prot\u00e8ge\u00a0 souvent la plus grande partie de votre patrimoine.<\/span> Il ne faut donc surtout pas le n\u00e9gliger.<\/p>\n<p>Remplir un questionnaire en ligne est tr\u00e8s facile, mais on n&rsquo;assure pas ses biens mobiliers et immobiliers en deux minutes.<\/p>\n<p><span style=\"text-decoration: underline;\"><strong>Avec Audit Conseil Assistance<\/strong><\/span><\/p>\n<p>Nous faisons le point <span style=\"text-decoration: underline;\">ensemble<\/span> sur vos garanties dans nos bureaux ou par t\u00e9l\u00e9phone, et nous prenons le temps de le faire.<\/p>\n<p>Nous d\u00e9terminons ensemble vos besoins d&rsquo;assurance.<\/p>\n<p>Nous vous accompagnons tout au long de la souscription de votre contrat et serons toujours \u00e0 vos c\u00f4t\u00e9s en cas de sinistre.<\/p>\n<p><strong><span style=\"text-decoration: underline;\">Notre engagement:<\/span><\/strong><\/p>\n<p>\u00catre \u00e0 votre disposition pour \u00e9changer avec vous en cas de question de votre part,\u00a0 et cela, tout au long de la vie de votre contrat, ou bien en cas de sinistre, pour vous aider dans l&rsquo;indemnisation de votre pr\u00e9judice.<\/p>\n<p>Vous pouvez nous contacter par <a href=\"mailto:info@aca-pl.com\">mail<\/a> ou par t\u00e9l\u00e9phone\u00a0\u00a0\u00a0\u00a0\u00a0\u00a0\u00a0\u00a0\u00a0\u00a0\u00a0\u00a0\u00a0\u00a0\u00a0\u00a0\u00a0\u00a0\u00a0\u00a0\u00a0\u00a0\u00a0\u00a0\u00a0\u00a0 au<strong> 02 41 09 77 32<\/strong> ou par notre <a href=\"https:\/\/aca-pl.com\/?page_id=181\">formulaire<\/a> de contact de 8h \u00e0 19h du Lundi au Vendredi, et le Samedi par mail.<\/p>\n<p>Pour t\u00e9l\u00e9charger notre questionnaire (format excel) cliquez ci-dessous, remplissez-le,\u00a0 et renvoyez le nous \u00e0 <a href=\"mailto:info@aca-pl.com\">info@aca-pl.com<\/a>.<\/p>\n<p><a href=\"https:\/\/aca-pl.com\/?page_id=2573\">QUESTIONNAIRE MULTIRISQUE HABITATION <\/a><\/p>\n<p style=\"text-align: center;\"><img loading=\"lazy\" decoding=\"async\" class=\"size-full wp-image-33 aligncenter\" src=\"https:\/\/aca-pl.com\/wp-content\/uploads\/2019\/11\/ACA-15pxX15px-1.png\" alt=\"\" width=\"125\" height=\"125\" \/><strong>Quand la passion est un m\u00e9tier<\/strong><\/p>\n","protected":false},"excerpt":{"rendered":"<p>QUESTIONNAIRE MULTIRISQUE HABITATION On a souvent tendance \u00e0 oublier l&rsquo;importance de l&rsquo;assurance MULTIRISQUE HABITATION et elle est souvent consid\u00e9r\u00e9e comme une obligation ! Combien de fois mes clients me parlent de la taxe habitation au lieu de la cotisation\u00a0 d&rsquo;assurance habitation. Cela montre \u00e0 quel point il s&rsquo;agit d&rsquo;une d\u00e9pense contrainte ! Et pourtant&#8230; Ce &hellip; <a href=\"https:\/\/aca-pl.com\/?page_id=505\" class=\"more-link\">Continuer la lecture de <span class=\"screen-reader-text\">ASSURANCE MULTIRISQUE HABITATION<\/span>  <span class=\"meta-nav\">&rarr;<\/span><\/a><\/p>\n","protected":false},"author":1,"featured_media":2652,"parent":0,"menu_order":0,"comment_status":"closed","ping_status":"closed","template":"","meta":{"_bbp_topic_count":0,"_bbp_reply_count":0,"_bbp_total_topic_count":0,"_bbp_total_reply_count":0,"_bbp_voice_count":0,"_bbp_anonymous_reply_count":0,"_bbp_topic_count_hidden":0,"_bbp_reply_count_hidden":0,"_bbp_forum_subforum_count":0,"_monsterinsights_skip_tracking":false,"_monsterinsights_sitenote_active":false,"_monsterinsights_sitenote_note":"","_monsterinsights_sitenote_category":0,"_themeisle_gutenberg_block_has_review":false,"footnotes":""},"class_list":["post-505","page","type-page","status-publish","has-post-thumbnail","hentry"],"yoast_head":"<!-- This site is optimized with the Yoast SEO plugin v24.9 - https:\/\/yoast.com\/wordpress\/plugins\/seo\/ -->\n<title>ASSURANCE MULTIRISQUE HABITATION -<\/title>\n<meta name=\"description\" content=\"On a souvent tendance \u00e0 oublier l&#039;importance de l&#039;assurance MULTIRISQUE HABITATION et elle est souvent consid\u00e9r\u00e9e comme une obligation !\" \/>\n<meta name=\"robots\" content=\"index, follow, max-snippet:-1, max-image-preview:large, max-video-preview:-1\" \/>\n<link rel=\"canonical\" href=\"https:\/\/aca-pl.com\/?page_id=505\" \/>\n<meta property=\"og:locale\" content=\"fr_FR\" \/>\n<meta property=\"og:type\" content=\"article\" \/>\n<meta property=\"og:title\" content=\"ASSURANCE MULTIRISQUE HABITATION -\" \/>\n<meta property=\"og:description\" content=\"On a souvent tendance \u00e0 oublier l&#039;importance de l&#039;assurance MULTIRISQUE HABITATION et elle est souvent consid\u00e9r\u00e9e comme une obligation !\" \/>\n<meta property=\"og:url\" content=\"https:\/\/aca-pl.com\/?page_id=505\" \/>\n<meta property=\"article:publisher\" content=\"https:\/\/www.facebook.com\/groups\/1773349446235806\/?ref=bookmarks\" \/>\n<meta property=\"article:modified_time\" content=\"2020-12-22T10:48:40+00:00\" \/>\n<meta property=\"og:image\" content=\"https:\/\/aca-pl.com\/wp-content\/uploads\/2020\/12\/house-48833_1280.png\" \/>\n\t<meta property=\"og:image:width\" content=\"1280\" \/>\n\t<meta property=\"og:image:height\" content=\"1044\" \/>\n\t<meta property=\"og:image:type\" content=\"image\/png\" \/>\n<meta name=\"twitter:card\" content=\"summary_large_image\" \/>\n<meta name=\"twitter:site\" content=\"@AssistanceAudit\" \/>\n<meta name=\"twitter:label1\" content=\"Dur\u00e9e de lecture estim\u00e9e\" \/>\n\t<meta name=\"twitter:data1\" content=\"1 minute\" \/>\n<script type=\"application\/ld+json\" class=\"yoast-schema-graph\">{\"@context\":\"https:\/\/schema.org\",\"@graph\":[{\"@type\":\"WebPage\",\"@id\":\"https:\/\/aca-pl.com\/?page_id=505\",\"url\":\"https:\/\/aca-pl.com\/?page_id=505\",\"name\":\"ASSURANCE MULTIRISQUE HABITATION -\",\"isPartOf\":{\"@id\":\"https:\/\/aca-pl.com\/#website\"},\"primaryImageOfPage\":{\"@id\":\"https:\/\/aca-pl.com\/?page_id=505#primaryimage\"},\"image\":{\"@id\":\"https:\/\/aca-pl.com\/?page_id=505#primaryimage\"},\"thumbnailUrl\":\"https:\/\/aca-pl.com\/wp-content\/uploads\/2020\/12\/house-48833_1280.png\",\"datePublished\":\"2020-12-22T10:35:32+00:00\",\"dateModified\":\"2020-12-22T10:48:40+00:00\",\"description\":\"On a souvent tendance \u00e0 oublier l'importance de l'assurance MULTIRISQUE HABITATION et elle est souvent consid\u00e9r\u00e9e comme une obligation !\",\"breadcrumb\":{\"@id\":\"https:\/\/aca-pl.com\/?page_id=505#breadcrumb\"},\"inLanguage\":\"fr-FR\",\"potentialAction\":[{\"@type\":\"ReadAction\",\"target\":[\"https:\/\/aca-pl.com\/?page_id=505\"]}]},{\"@type\":\"ImageObject\",\"inLanguage\":\"fr-FR\",\"@id\":\"https:\/\/aca-pl.com\/?page_id=505#primaryimage\",\"url\":\"https:\/\/aca-pl.com\/wp-content\/uploads\/2020\/12\/house-48833_1280.png\",\"contentUrl\":\"https:\/\/aca-pl.com\/wp-content\/uploads\/2020\/12\/house-48833_1280.png\",\"width\":1280,\"height\":1044},{\"@type\":\"BreadcrumbList\",\"@id\":\"https:\/\/aca-pl.com\/?page_id=505#breadcrumb\",\"itemListElement\":[{\"@type\":\"ListItem\",\"position\":1,\"name\":\"Accueil\",\"item\":\"https:\/\/aca-pl.com\/\"},{\"@type\":\"ListItem\",\"position\":2,\"name\":\"ASSURANCE MULTIRISQUE HABITATION\"}]},{\"@type\":\"WebSite\",\"@id\":\"https:\/\/aca-pl.com\/#website\",\"url\":\"https:\/\/aca-pl.com\/\",\"name\":\"\",\"description\":\"Quand la passion est un m\u00e9tier\",\"publisher\":{\"@id\":\"https:\/\/aca-pl.com\/#organization\"},\"potentialAction\":[{\"@type\":\"SearchAction\",\"target\":{\"@type\":\"EntryPoint\",\"urlTemplate\":\"https:\/\/aca-pl.com\/?s={search_term_string}\"},\"query-input\":{\"@type\":\"PropertyValueSpecification\",\"valueRequired\":true,\"valueName\":\"search_term_string\"}}],\"inLanguage\":\"fr-FR\"},{\"@type\":\"Organization\",\"@id\":\"https:\/\/aca-pl.com\/#organization\",\"name\":\"AUDIT CONSEIL ASSISTANCE\",\"url\":\"https:\/\/aca-pl.com\/\",\"logo\":{\"@type\":\"ImageObject\",\"inLanguage\":\"fr-FR\",\"@id\":\"https:\/\/aca-pl.com\/#\/schema\/logo\/image\/\",\"url\":\"https:\/\/aca-pl.com\/wp-content\/uploads\/2019\/11\/ACA-15pxX15px-1.png\",\"contentUrl\":\"https:\/\/aca-pl.com\/wp-content\/uploads\/2019\/11\/ACA-15pxX15px-1.png\",\"width\":125,\"height\":125,\"caption\":\"AUDIT CONSEIL ASSISTANCE\"},\"image\":{\"@id\":\"https:\/\/aca-pl.com\/#\/schema\/logo\/image\/\"},\"sameAs\":[\"https:\/\/www.facebook.com\/groups\/1773349446235806\/?ref=bookmarks\",\"https:\/\/x.com\/AssistanceAudit\",\"http:\/\/www.linkedin.com\/in\/philippe-b-7a43b342\"]}]}<\/script>\n<!-- \/ Yoast SEO plugin. -->","yoast_head_json":{"title":"ASSURANCE MULTIRISQUE HABITATION -","description":"On a souvent tendance \u00e0 oublier l'importance de l'assurance MULTIRISQUE HABITATION et elle est souvent consid\u00e9r\u00e9e comme une obligation !","robots":{"index":"index","follow":"follow","max-snippet":"max-snippet:-1","max-image-preview":"max-image-preview:large","max-video-preview":"max-video-preview:-1"},"canonical":"https:\/\/aca-pl.com\/?page_id=505","og_locale":"fr_FR","og_type":"article","og_title":"ASSURANCE MULTIRISQUE HABITATION -","og_description":"On a souvent tendance \u00e0 oublier l'importance de l'assurance MULTIRISQUE HABITATION et elle est souvent consid\u00e9r\u00e9e comme une obligation !","og_url":"https:\/\/aca-pl.com\/?page_id=505","article_publisher":"https:\/\/www.facebook.com\/groups\/1773349446235806\/?ref=bookmarks","article_modified_time":"2020-12-22T10:48:40+00:00","og_image":[{"width":1280,"height":1044,"url":"https:\/\/aca-pl.com\/wp-content\/uploads\/2020\/12\/house-48833_1280.png","type":"image\/png"}],"twitter_card":"summary_large_image","twitter_site":"@AssistanceAudit","twitter_misc":{"Dur\u00e9e de lecture estim\u00e9e":"1 minute"},"schema":{"@context":"https:\/\/schema.org","@graph":[{"@type":"WebPage","@id":"https:\/\/aca-pl.com\/?page_id=505","url":"https:\/\/aca-pl.com\/?page_id=505","name":"ASSURANCE MULTIRISQUE HABITATION -","isPartOf":{"@id":"https:\/\/aca-pl.com\/#website"},"primaryImageOfPage":{"@id":"https:\/\/aca-pl.com\/?page_id=505#primaryimage"},"image":{"@id":"https:\/\/aca-pl.com\/?page_id=505#primaryimage"},"thumbnailUrl":"https:\/\/aca-pl.com\/wp-content\/uploads\/2020\/12\/house-48833_1280.png","datePublished":"2020-12-22T10:35:32+00:00","dateModified":"2020-12-22T10:48:40+00:00","description":"On a souvent tendance \u00e0 oublier l'importance de l'assurance MULTIRISQUE HABITATION et elle est souvent consid\u00e9r\u00e9e comme une obligation !","breadcrumb":{"@id":"https:\/\/aca-pl.com\/?page_id=505#breadcrumb"},"inLanguage":"fr-FR","potentialAction":[{"@type":"ReadAction","target":["https:\/\/aca-pl.com\/?page_id=505"]}]},{"@type":"ImageObject","inLanguage":"fr-FR","@id":"https:\/\/aca-pl.com\/?page_id=505#primaryimage","url":"https:\/\/aca-pl.com\/wp-content\/uploads\/2020\/12\/house-48833_1280.png","contentUrl":"https:\/\/aca-pl.com\/wp-content\/uploads\/2020\/12\/house-48833_1280.png","width":1280,"height":1044},{"@type":"BreadcrumbList","@id":"https:\/\/aca-pl.com\/?page_id=505#breadcrumb","itemListElement":[{"@type":"ListItem","position":1,"name":"Accueil","item":"https:\/\/aca-pl.com\/"},{"@type":"ListItem","position":2,"name":"ASSURANCE MULTIRISQUE HABITATION"}]},{"@type":"WebSite","@id":"https:\/\/aca-pl.com\/#website","url":"https:\/\/aca-pl.com\/","name":"","description":"Quand la passion est un m\u00e9tier","publisher":{"@id":"https:\/\/aca-pl.com\/#organization"},"potentialAction":[{"@type":"SearchAction","target":{"@type":"EntryPoint","urlTemplate":"https:\/\/aca-pl.com\/?s={search_term_string}"},"query-input":{"@type":"PropertyValueSpecification","valueRequired":true,"valueName":"search_term_string"}}],"inLanguage":"fr-FR"},{"@type":"Organization","@id":"https:\/\/aca-pl.com\/#organization","name":"AUDIT CONSEIL ASSISTANCE","url":"https:\/\/aca-pl.com\/","logo":{"@type":"ImageObject","inLanguage":"fr-FR","@id":"https:\/\/aca-pl.com\/#\/schema\/logo\/image\/","url":"https:\/\/aca-pl.com\/wp-content\/uploads\/2019\/11\/ACA-15pxX15px-1.png","contentUrl":"https:\/\/aca-pl.com\/wp-content\/uploads\/2019\/11\/ACA-15pxX15px-1.png","width":125,"height":125,"caption":"AUDIT CONSEIL ASSISTANCE"},"image":{"@id":"https:\/\/aca-pl.com\/#\/schema\/logo\/image\/"},"sameAs":["https:\/\/www.facebook.com\/groups\/1773349446235806\/?ref=bookmarks","https:\/\/x.com\/AssistanceAudit","http:\/\/www.linkedin.com\/in\/philippe-b-7a43b342"]}]}},"_links":{"self":[{"href":"https:\/\/aca-pl.com\/index.php?rest_route=\/wp\/v2\/pages\/505","targetHints":{"allow":["GET"]}}],"collection":[{"href":"https:\/\/aca-pl.com\/index.php?rest_route=\/wp\/v2\/pages"}],"about":[{"href":"https:\/\/aca-pl.com\/index.php?rest_route=\/wp\/v2\/types\/page"}],"author":[{"embeddable":true,"href":"https:\/\/aca-pl.com\/index.php?rest_route=\/wp\/v2\/users\/1"}],"replies":[{"embeddable":true,"href":"https:\/\/aca-pl.com\/index.php?rest_route=%2Fwp%2Fv2%2Fcomments&post=505"}],"version-history":[{"count":17,"href":"https:\/\/aca-pl.com\/index.php?rest_route=\/wp\/v2\/pages\/505\/revisions"}],"predecessor-version":[{"id":2654,"href":"https:\/\/aca-pl.com\/index.php?rest_route=\/wp\/v2\/pages\/505\/revisions\/2654"}],"wp:featuredmedia":[{"embeddable":true,"href":"https:\/\/aca-pl.com\/index.php?rest_route=\/wp\/v2\/media\/2652"}],"wp:attachment":[{"href":"https:\/\/aca-pl.com\/index.php?rest_route=%2Fwp%2Fv2%2Fmedia&parent=505"}],"curies":[{"name":"wp","href":"https:\/\/api.w.org\/{rel}","templated":true}]}}