{"id":408,"date":"2020-06-09T16:18:19","date_gmt":"2020-06-09T14:18:19","guid":{"rendered":"https:\/\/aca-pl.com\/?page_id=408"},"modified":"2020-09-09T10:26:08","modified_gmt":"2020-09-09T08:26:08","slug":"assurance-des-particuliers-automobile-complementaire-sante-habitation","status":"publish","type":"page","link":"https:\/\/aca-pl.com\/?page_id=408","title":{"rendered":"ASSURANCE DES PARTICULIERS"},"content":{"rendered":"\r\n<div class=\"wp-block-group\">\r\n<div class=\"wp-block-group__inner-container is-layout-flow wp-block-group-is-layout-flow\">\r\n<div id=\"wp-block-themeisle-blocks-advanced-columns-8e69deea\" class=\"wp-block-themeisle-blocks-advanced-columns has-1-columns has-desktop-equal-layout has-tablet-equal-layout has-mobile-equal-layout has-default-gap has-vertical-unset\">\r\n<div class=\"wp-block-themeisle-blocks-advanced-columns-overlay\">\u00a0<\/div>\r\n<div class=\"innerblocks-wrap\">\r\n<div id=\"wp-block-themeisle-blocks-advanced-column-340888e3\" class=\"wp-block-themeisle-blocks-advanced-column\">\r\n<p><!--StartFragment--><\/p>\r\n\r\n\r\n\r\n<p>Nous vous proposons de d\u00e9couvrir notre offre destin\u00e9e aux particuliers.<\/p>\r\n<p>Quelque soit votre besoin, n&rsquo;h\u00e9sitez pas \u00e0 nous interroger.<\/p>\r\n<p>Vous ne souhaitez pas remplir de questionnaire ?\u00a0 Appelez-nous !<\/p>\r\n<p><iframe loading=\"lazy\" title=\"ASSURANCES DU PARTICULIER\" width=\"474\" height=\"267\" src=\"https:\/\/www.youtube.com\/embed\/LJrIcJ6o5Z0?feature=oembed\" frameborder=\"0\" allow=\"accelerometer; autoplay; clipboard-write; encrypted-media; gyroscope; picture-in-picture; web-share\" referrerpolicy=\"strict-origin-when-cross-origin\" allowfullscreen><\/iframe><\/p>\r\n<p>&nbsp;<\/p>\r\n<p>Vous trouverez dans les pages suivantes les questionnaires concernant:<\/p>\r\n<ul>\r\n<li>L&rsquo;assurance <a href=\"https:\/\/aca-pl.com\/?page_id=505\">MULTIRISQUE HABITATION<\/a><\/li>\r\n<li>L&rsquo;assurance <a href=\"https:\/\/aca-pl.com\/?page_id=676\">AUTOMOBILE<\/a><\/li>\r\n<li>l&rsquo;assurance<a href=\"https:\/\/aca-pl.com\/?page_id=534\"> AUTOMOBILE pour les contrats r\u00e9sili\u00e9s, ou maluss\u00e9s<\/a><\/li>\r\n<li>La <a href=\"https:\/\/aca-pl.com\/?page_id=645\">COMPLEMENTAIRE SANTE<\/a><\/li>\r\n<li><a href=\"https:\/\/aca-pl.com\/?page_id=692\">L&rsquo;ASSURANCE EMPRUNTEUR<\/a><strong> <br \/><\/strong><\/li>\r\n<\/ul>\r\n\r\n\r\n\r\n<p>Vous pouvez nous contacter par <a href=\"mailto:info@aca-pl.com\">mail<\/a> ou par t\u00e9l\u00e9phone au <strong>02 41 09 77 32<\/strong> ou par notre <a href=\"https:\/\/aca-pl.com\/?page_id=181\">formulaire<\/a> de contact de 8h \u00e0 19h du Lundi au Vendredi, et le Samedi uniquement par mail.<\/p>\r\n\r\n\r\n\r\n<p><!--EndFragment--><\/p>\r\n<\/div>\r\n<\/div>\r\n<\/div>\r\n<\/div>\r\n<\/div>\r\n\r\n\r\n\r\n<div class=\"wp-block-image\">\r\n<figure class=\"aligncenter size-large\"><img loading=\"lazy\" decoding=\"async\" width=\"125\" height=\"125\" class=\"wp-image-33 aligncenter\" src=\"https:\/\/aca-pl.com\/wp-content\/uploads\/2019\/11\/ACA-15pxX15px-1.png\" alt=\"\" \/><\/figure>\r\n<\/div>\r\n\r\n\r\n\r\n<p class=\"has-text-align-center\" style=\"text-align: center;\"><strong>Quand la passion est un m\u00e9tier<\/strong><\/p>\r\n","protected":false},"excerpt":{"rendered":"<p>Quand la passion est un m\u00e9tier<\/p>\n","protected":false},"author":1,"featured_media":0,"parent":0,"menu_order":0,"comment_status":"closed","ping_status":"closed","template":"","meta":{"_bbp_topic_count":0,"_bbp_reply_count":0,"_bbp_total_topic_count":0,"_bbp_total_reply_count":0,"_bbp_voice_count":0,"_bbp_anonymous_reply_count":0,"_bbp_topic_count_hidden":0,"_bbp_reply_count_hidden":0,"_bbp_forum_subforum_count":0,"_monsterinsights_skip_tracking":false,"_monsterinsights_sitenote_active":false,"_monsterinsights_sitenote_note":"","_monsterinsights_sitenote_category":0,"_themeisle_gutenberg_block_has_review":false,"footnotes":""},"class_list":["post-408","page","type-page","status-publish","hentry"],"yoast_head":"<!-- This site is optimized with the Yoast SEO plugin v24.9 - https:\/\/yoast.com\/wordpress\/plugins\/seo\/ -->\n<title>ASSURANCE DES PARTICULIERS -<\/title>\n<meta name=\"description\" content=\"Nous vous proposons de d\u00e9couvrir notre offre destin\u00e9e aux particuliers Vous trouverez dans les pages suivantes les questionnaires concernant: L&#039;assurance MULTIRISQUE HABITATION,L&#039;assurance AUTOMOBILEl&#039;assurance AUTOMOBILE pour les contrats r\u00e9sili\u00e9s, ou maluss\u00e9s,La COMPLEMENTAIRE SANTE. Si remplir le questionnaire vous ennuie, appelez nous !\" \/>\n<meta name=\"robots\" content=\"index, follow, max-snippet:-1, max-image-preview:large, max-video-preview:-1\" \/>\n<link rel=\"canonical\" href=\"https:\/\/aca-pl.com\/?page_id=408\" \/>\n<meta property=\"og:locale\" content=\"fr_FR\" \/>\n<meta property=\"og:type\" content=\"article\" \/>\n<meta property=\"og:title\" content=\"ASSURANCE DES PARTICULIERS -\" \/>\n<meta property=\"og:description\" content=\"Nous vous proposons de d\u00e9couvrir notre offre destin\u00e9e aux particuliers Vous trouverez dans les pages suivantes les questionnaires concernant: L&#039;assurance MULTIRISQUE HABITATION,L&#039;assurance AUTOMOBILEl&#039;assurance AUTOMOBILE pour les contrats r\u00e9sili\u00e9s, ou maluss\u00e9s,La COMPLEMENTAIRE SANTE. Si remplir le questionnaire vous ennuie, appelez nous !\" \/>\n<meta property=\"og:url\" content=\"https:\/\/aca-pl.com\/?page_id=408\" \/>\n<meta property=\"article:publisher\" content=\"https:\/\/www.facebook.com\/groups\/1773349446235806\/?ref=bookmarks\" \/>\n<meta property=\"article:modified_time\" content=\"2020-09-09T08:26:08+00:00\" \/>\n<meta property=\"og:image\" content=\"https:\/\/aca-pl.com\/wp-content\/uploads\/2019\/11\/ACA-15pxX15px-1.png\" \/>\n<meta name=\"twitter:card\" content=\"summary_large_image\" \/>\n<meta name=\"twitter:site\" content=\"@AssistanceAudit\" \/>\n<meta name=\"twitter:label1\" content=\"Dur\u00e9e de lecture estim\u00e9e\" \/>\n\t<meta name=\"twitter:data1\" content=\"1 minute\" \/>\n<script type=\"application\/ld+json\" class=\"yoast-schema-graph\">{\"@context\":\"https:\/\/schema.org\",\"@graph\":[{\"@type\":\"WebPage\",\"@id\":\"https:\/\/aca-pl.com\/?page_id=408\",\"url\":\"https:\/\/aca-pl.com\/?page_id=408\",\"name\":\"ASSURANCE DES PARTICULIERS -\",\"isPartOf\":{\"@id\":\"https:\/\/aca-pl.com\/#website\"},\"primaryImageOfPage\":{\"@id\":\"https:\/\/aca-pl.com\/?page_id=408#primaryimage\"},\"image\":{\"@id\":\"https:\/\/aca-pl.com\/?page_id=408#primaryimage\"},\"thumbnailUrl\":\"https:\/\/aca-pl.com\/wp-content\/uploads\/2019\/11\/ACA-15pxX15px-1.png\",\"datePublished\":\"2020-06-09T14:18:19+00:00\",\"dateModified\":\"2020-09-09T08:26:08+00:00\",\"description\":\"Nous vous proposons de d\u00e9couvrir notre offre destin\u00e9e aux particuliers Vous trouverez dans les pages suivantes les questionnaires concernant: L'assurance MULTIRISQUE HABITATION,L'assurance AUTOMOBILEl'assurance AUTOMOBILE pour les contrats r\u00e9sili\u00e9s, ou maluss\u00e9s,La COMPLEMENTAIRE SANTE. Si remplir le questionnaire vous ennuie, appelez nous !\",\"breadcrumb\":{\"@id\":\"https:\/\/aca-pl.com\/?page_id=408#breadcrumb\"},\"inLanguage\":\"fr-FR\",\"potentialAction\":[{\"@type\":\"ReadAction\",\"target\":[\"https:\/\/aca-pl.com\/?page_id=408\"]}]},{\"@type\":\"ImageObject\",\"inLanguage\":\"fr-FR\",\"@id\":\"https:\/\/aca-pl.com\/?page_id=408#primaryimage\",\"url\":\"https:\/\/aca-pl.com\/wp-content\/uploads\/2019\/11\/ACA-15pxX15px-1.png\",\"contentUrl\":\"https:\/\/aca-pl.com\/wp-content\/uploads\/2019\/11\/ACA-15pxX15px-1.png\",\"width\":125,\"height\":125,\"caption\":\"LOGO ACA\"},{\"@type\":\"BreadcrumbList\",\"@id\":\"https:\/\/aca-pl.com\/?page_id=408#breadcrumb\",\"itemListElement\":[{\"@type\":\"ListItem\",\"position\":1,\"name\":\"Accueil\",\"item\":\"https:\/\/aca-pl.com\/\"},{\"@type\":\"ListItem\",\"position\":2,\"name\":\"ASSURANCE DES PARTICULIERS\"}]},{\"@type\":\"WebSite\",\"@id\":\"https:\/\/aca-pl.com\/#website\",\"url\":\"https:\/\/aca-pl.com\/\",\"name\":\"\",\"description\":\"Quand la passion est un m\u00e9tier\",\"publisher\":{\"@id\":\"https:\/\/aca-pl.com\/#organization\"},\"potentialAction\":[{\"@type\":\"SearchAction\",\"target\":{\"@type\":\"EntryPoint\",\"urlTemplate\":\"https:\/\/aca-pl.com\/?s={search_term_string}\"},\"query-input\":{\"@type\":\"PropertyValueSpecification\",\"valueRequired\":true,\"valueName\":\"search_term_string\"}}],\"inLanguage\":\"fr-FR\"},{\"@type\":\"Organization\",\"@id\":\"https:\/\/aca-pl.com\/#organization\",\"name\":\"AUDIT CONSEIL ASSISTANCE\",\"url\":\"https:\/\/aca-pl.com\/\",\"logo\":{\"@type\":\"ImageObject\",\"inLanguage\":\"fr-FR\",\"@id\":\"https:\/\/aca-pl.com\/#\/schema\/logo\/image\/\",\"url\":\"https:\/\/aca-pl.com\/wp-content\/uploads\/2019\/11\/ACA-15pxX15px-1.png\",\"contentUrl\":\"https:\/\/aca-pl.com\/wp-content\/uploads\/2019\/11\/ACA-15pxX15px-1.png\",\"width\":125,\"height\":125,\"caption\":\"AUDIT CONSEIL ASSISTANCE\"},\"image\":{\"@id\":\"https:\/\/aca-pl.com\/#\/schema\/logo\/image\/\"},\"sameAs\":[\"https:\/\/www.facebook.com\/groups\/1773349446235806\/?ref=bookmarks\",\"https:\/\/x.com\/AssistanceAudit\",\"http:\/\/www.linkedin.com\/in\/philippe-b-7a43b342\"]}]}<\/script>\n<!-- \/ Yoast SEO plugin. -->","yoast_head_json":{"title":"ASSURANCE DES PARTICULIERS -","description":"Nous vous proposons de d\u00e9couvrir notre offre destin\u00e9e aux particuliers Vous trouverez dans les pages suivantes les questionnaires concernant: L'assurance MULTIRISQUE HABITATION,L'assurance AUTOMOBILEl'assurance AUTOMOBILE pour les contrats r\u00e9sili\u00e9s, ou maluss\u00e9s,La COMPLEMENTAIRE SANTE. Si remplir le questionnaire vous ennuie, appelez nous !","robots":{"index":"index","follow":"follow","max-snippet":"max-snippet:-1","max-image-preview":"max-image-preview:large","max-video-preview":"max-video-preview:-1"},"canonical":"https:\/\/aca-pl.com\/?page_id=408","og_locale":"fr_FR","og_type":"article","og_title":"ASSURANCE DES PARTICULIERS -","og_description":"Nous vous proposons de d\u00e9couvrir notre offre destin\u00e9e aux particuliers Vous trouverez dans les pages suivantes les questionnaires concernant: L'assurance MULTIRISQUE HABITATION,L'assurance AUTOMOBILEl'assurance AUTOMOBILE pour les contrats r\u00e9sili\u00e9s, ou maluss\u00e9s,La COMPLEMENTAIRE SANTE. Si remplir le questionnaire vous ennuie, appelez nous !","og_url":"https:\/\/aca-pl.com\/?page_id=408","article_publisher":"https:\/\/www.facebook.com\/groups\/1773349446235806\/?ref=bookmarks","article_modified_time":"2020-09-09T08:26:08+00:00","og_image":[{"url":"https:\/\/aca-pl.com\/wp-content\/uploads\/2019\/11\/ACA-15pxX15px-1.png","type":"","width":"","height":""}],"twitter_card":"summary_large_image","twitter_site":"@AssistanceAudit","twitter_misc":{"Dur\u00e9e de lecture estim\u00e9e":"1 minute"},"schema":{"@context":"https:\/\/schema.org","@graph":[{"@type":"WebPage","@id":"https:\/\/aca-pl.com\/?page_id=408","url":"https:\/\/aca-pl.com\/?page_id=408","name":"ASSURANCE DES PARTICULIERS -","isPartOf":{"@id":"https:\/\/aca-pl.com\/#website"},"primaryImageOfPage":{"@id":"https:\/\/aca-pl.com\/?page_id=408#primaryimage"},"image":{"@id":"https:\/\/aca-pl.com\/?page_id=408#primaryimage"},"thumbnailUrl":"https:\/\/aca-pl.com\/wp-content\/uploads\/2019\/11\/ACA-15pxX15px-1.png","datePublished":"2020-06-09T14:18:19+00:00","dateModified":"2020-09-09T08:26:08+00:00","description":"Nous vous proposons de d\u00e9couvrir notre offre destin\u00e9e aux particuliers Vous trouverez dans les pages suivantes les questionnaires concernant: L'assurance MULTIRISQUE HABITATION,L'assurance AUTOMOBILEl'assurance AUTOMOBILE pour les contrats r\u00e9sili\u00e9s, ou maluss\u00e9s,La COMPLEMENTAIRE SANTE. Si remplir le questionnaire vous ennuie, appelez nous !","breadcrumb":{"@id":"https:\/\/aca-pl.com\/?page_id=408#breadcrumb"},"inLanguage":"fr-FR","potentialAction":[{"@type":"ReadAction","target":["https:\/\/aca-pl.com\/?page_id=408"]}]},{"@type":"ImageObject","inLanguage":"fr-FR","@id":"https:\/\/aca-pl.com\/?page_id=408#primaryimage","url":"https:\/\/aca-pl.com\/wp-content\/uploads\/2019\/11\/ACA-15pxX15px-1.png","contentUrl":"https:\/\/aca-pl.com\/wp-content\/uploads\/2019\/11\/ACA-15pxX15px-1.png","width":125,"height":125,"caption":"LOGO ACA"},{"@type":"BreadcrumbList","@id":"https:\/\/aca-pl.com\/?page_id=408#breadcrumb","itemListElement":[{"@type":"ListItem","position":1,"name":"Accueil","item":"https:\/\/aca-pl.com\/"},{"@type":"ListItem","position":2,"name":"ASSURANCE DES PARTICULIERS"}]},{"@type":"WebSite","@id":"https:\/\/aca-pl.com\/#website","url":"https:\/\/aca-pl.com\/","name":"","description":"Quand la passion est un m\u00e9tier","publisher":{"@id":"https:\/\/aca-pl.com\/#organization"},"potentialAction":[{"@type":"SearchAction","target":{"@type":"EntryPoint","urlTemplate":"https:\/\/aca-pl.com\/?s={search_term_string}"},"query-input":{"@type":"PropertyValueSpecification","valueRequired":true,"valueName":"search_term_string"}}],"inLanguage":"fr-FR"},{"@type":"Organization","@id":"https:\/\/aca-pl.com\/#organization","name":"AUDIT CONSEIL ASSISTANCE","url":"https:\/\/aca-pl.com\/","logo":{"@type":"ImageObject","inLanguage":"fr-FR","@id":"https:\/\/aca-pl.com\/#\/schema\/logo\/image\/","url":"https:\/\/aca-pl.com\/wp-content\/uploads\/2019\/11\/ACA-15pxX15px-1.png","contentUrl":"https:\/\/aca-pl.com\/wp-content\/uploads\/2019\/11\/ACA-15pxX15px-1.png","width":125,"height":125,"caption":"AUDIT CONSEIL ASSISTANCE"},"image":{"@id":"https:\/\/aca-pl.com\/#\/schema\/logo\/image\/"},"sameAs":["https:\/\/www.facebook.com\/groups\/1773349446235806\/?ref=bookmarks","https:\/\/x.com\/AssistanceAudit","http:\/\/www.linkedin.com\/in\/philippe-b-7a43b342"]}]}},"_links":{"self":[{"href":"https:\/\/aca-pl.com\/index.php?rest_route=\/wp\/v2\/pages\/408","targetHints":{"allow":["GET"]}}],"collection":[{"href":"https:\/\/aca-pl.com\/index.php?rest_route=\/wp\/v2\/pages"}],"about":[{"href":"https:\/\/aca-pl.com\/index.php?rest_route=\/wp\/v2\/types\/page"}],"author":[{"embeddable":true,"href":"https:\/\/aca-pl.com\/index.php?rest_route=\/wp\/v2\/users\/1"}],"replies":[{"embeddable":true,"href":"https:\/\/aca-pl.com\/index.php?rest_route=%2Fwp%2Fv2%2Fcomments&post=408"}],"version-history":[{"count":14,"href":"https:\/\/aca-pl.com\/index.php?rest_route=\/wp\/v2\/pages\/408\/revisions"}],"predecessor-version":[{"id":1545,"href":"https:\/\/aca-pl.com\/index.php?rest_route=\/wp\/v2\/pages\/408\/revisions\/1545"}],"wp:attachment":[{"href":"https:\/\/aca-pl.com\/index.php?rest_route=%2Fwp%2Fv2%2Fmedia&parent=408"}],"curies":[{"name":"wp","href":"https:\/\/api.w.org\/{rel}","templated":true}]}}