{"id":366,"date":"2022-03-07T16:43:45","date_gmt":"2022-03-07T15:43:45","guid":{"rendered":"https:\/\/aca-pl.com\/?page_id=366"},"modified":"2025-10-22T17:32:23","modified_gmt":"2025-10-22T15:32:23","slug":"bonjour-et-bienvenue-sur-le-site-audit-conseil-assistance-assurances-professionnels-entreprises","status":"publish","type":"page","link":"https:\/\/aca-pl.com\/","title":{"rendered":"Bonjour et Bienvenue sur le site d&rsquo;Audit Conseil Assistance"},"content":{"rendered":"\r\n\r\n\r\n<p class=\"has-medium-font-size\"><strong>Vous souhaitez faire le point sur vos contrats d&rsquo;assurances?\u00a0<\/strong><\/p>\r\n<p class=\"has-medium-font-size\"><strong>Vous avez besoin d&rsquo;informations sur un sujet sp\u00e9cifique ?<\/strong><\/p>\r\n<p class=\"has-medium-font-size\"><strong>Que vous soyez un particulier ou un professionnel, nous sommes l\u00e0 pour vous conseiller.<br \/><\/strong><\/p>\r\n<p>\r\n\r\n<\/p>\r\n<p><strong>ACA met \u00e0 votre disposition tout son savoir faire et sa disponibilit\u00e9 afin de vous apporter la solution la plus adapt\u00e9e \u00e0 vos souhaits.<br \/><\/strong><\/p>\r\n<p><strong>Pour ACA vous \u00eates avant tout des personnes, et quoi qu&rsquo;il arrive, vous ne serez jamais un \u00ab\u00a0QRCODE\u00a0\u00bb<\/strong><\/p>\r\n<p><img loading=\"lazy\" decoding=\"async\" class=\"wp-image-2990 aligncenter\" src=\"https:\/\/aca-pl.com\/wp-content\/uploads\/2022\/03\/alipay-5417252_1920-300x200.jpg\" alt=\"\" width=\"159\" height=\"106\" srcset=\"https:\/\/aca-pl.com\/wp-content\/uploads\/2022\/03\/alipay-5417252_1920-300x200.jpg 300w, https:\/\/aca-pl.com\/wp-content\/uploads\/2022\/03\/alipay-5417252_1920-1024x683.jpg 1024w, https:\/\/aca-pl.com\/wp-content\/uploads\/2022\/03\/alipay-5417252_1920-768x512.jpg 768w, https:\/\/aca-pl.com\/wp-content\/uploads\/2022\/03\/alipay-5417252_1920-1536x1024.jpg 1536w, https:\/\/aca-pl.com\/wp-content\/uploads\/2022\/03\/alipay-5417252_1920.jpg 1920w\" sizes=\"auto, (max-width: 159px) 100vw, 159px\" \/><\/p>\r\n<p>A l&rsquo;heure o\u00f9 l&rsquo;informatique vient remplacer partout les hommes,\u00a0 ACA consid\u00e8re que celle-ci doit demeurer un moyen et en aucun cas une fin.<\/p>\r\n<p><strong>ACA ce sont 37 ans d&rsquo;exp\u00e9rience au service des entreprises et des particuliers !<\/strong><\/p>\r\n<p>Rien ne vaut un contact humain et un \u00e9change pour r\u00e9pondre \u00e0 une question ou r\u00e9soudre une situation complexe.<\/p>\r\n<p>Nous pouvons souscrire et intervenir partout en France.<\/p>\r\n<p>\r\n\r\nVous pouvez nous contacter par <a href=\"mailto:info@aca-pl.com\">mail<\/a> ou par t\u00e9l\u00e9phone \u00a0 \u00a0 \u00a0 \u00a0 \u00a0 \u00a0 \u00a0 \u00a0 \u00a0 \u00a0 \u00a0 \u00a0 \u00a0 au <strong>02 41 09 77 32<\/strong> ou par notre <a href=\"https:\/\/aca-pl.com\/?page_id=181\">formulaire<\/a> de contact de 8h \u00e0 19h du Lundi au Vendredi, et le Samedi uniquement par mail.<\/p>\r\n<p><a href=\"https:\/\/www.linkedin.com\/in\/philippe-b-7a43b342\/\">D\u00e9couvrez aussi notre page Linkedin:<\/a><\/p>\r\n<p>\r\n\r\nNous vous souhaitons une bonne visite et vous encourageons \u00e0 nous appeler ou nous \u00e9crire.<\/p>\r\n<p>\r\n\r\nA tr\u00e8s bient\u00f4t.<\/p>\r\n<p style=\"text-align: center;\"><img loading=\"lazy\" decoding=\"async\" class=\"size-full wp-image-33 aligncenter\" src=\"https:\/\/aca-pl.com\/wp-content\/uploads\/2019\/11\/ACA-15pxX15px-1.png\" alt=\"\" width=\"125\" height=\"125\" \/><strong>Quand la passion est un m\u00e9tier<\/strong><\/p>\r\n<p><a href=\"https:\/\/reseau-cme.fr\/\"><img loading=\"lazy\" decoding=\"async\" class=\"aligncenter wp-image-2933\" src=\"https:\/\/aca-pl.com\/wp-content\/uploads\/2021\/03\/logo-cme-2017-75-300x300.jpg\" alt=\"\" width=\"41\" height=\"41\" srcset=\"https:\/\/aca-pl.com\/wp-content\/uploads\/2021\/03\/logo-cme-2017-75-300x300.jpg 300w, https:\/\/aca-pl.com\/wp-content\/uploads\/2021\/03\/logo-cme-2017-75-150x150.jpg 150w, https:\/\/aca-pl.com\/wp-content\/uploads\/2021\/03\/logo-cme-2017-75-768x768.jpg 768w, https:\/\/aca-pl.com\/wp-content\/uploads\/2021\/03\/logo-cme-2017-75.jpg 886w\" sizes=\"auto, (max-width: 41px) 100vw, 41px\" \/><\/a><\/p>\r\n<p><a href=\"https:\/\/hoodspot.fr\/auxiliaires-assurances\/aca-85286034500010\/\">https:\/\/hoodspot.fr\/auxiliaires-assurances\/aca-85286034500010\/<\/a><\/p>\r\n<p>&nbsp;<\/p>\r\n<p>\r\n\r\n<\/p>\r\n<p class=\"has-text-align-center\">\u00a0<\/p>\r\n<p><\/p>","protected":false},"excerpt":{"rendered":"<p>Vous souhaitez faire le point sur vos contrats d&rsquo;assurances?\u00a0 Vous avez besoin d&rsquo;informations sur un sujet sp\u00e9cifique ? Que vous soyez un particulier ou un professionnel, nous sommes l\u00e0 pour vous conseiller. ACA met \u00e0 votre disposition tout son savoir faire et sa disponibilit\u00e9 afin de vous apporter la solution la plus adapt\u00e9e \u00e0 vos &hellip; <a href=\"https:\/\/aca-pl.com\/\" class=\"more-link\">Continuer la lecture de <span class=\"screen-reader-text\">Bonjour et Bienvenue sur le site d&rsquo;Audit Conseil Assistance<\/span>  <span class=\"meta-nav\">&rarr;<\/span><\/a><\/p>\n","protected":false},"author":1,"featured_media":2631,"parent":0,"menu_order":0,"comment_status":"closed","ping_status":"closed","template":"","meta":{"_bbp_topic_count":0,"_bbp_reply_count":0,"_bbp_total_topic_count":0,"_bbp_total_reply_count":0,"_bbp_voice_count":0,"_bbp_anonymous_reply_count":0,"_bbp_topic_count_hidden":0,"_bbp_reply_count_hidden":0,"_bbp_forum_subforum_count":0,"_monsterinsights_skip_tracking":false,"_monsterinsights_sitenote_active":false,"_monsterinsights_sitenote_note":"","_monsterinsights_sitenote_category":0,"_themeisle_gutenberg_block_has_review":false,"footnotes":""},"class_list":["post-366","page","type-page","status-publish","has-post-thumbnail","hentry"],"yoast_head":"<!-- This site is optimized with the Yoast SEO plugin v24.9 - https:\/\/yoast.com\/wordpress\/plugins\/seo\/ -->\n<title>Bonjour et Bienvenue sur le site d&#039;Audit Conseil Assistance -<\/title>\n<meta name=\"description\" content=\"Quand la passion est un m\u00e9tier Audit, assurances, assistance sinistres -\" \/>\n<meta name=\"robots\" content=\"index, follow, max-snippet:-1, max-image-preview:large, max-video-preview:-1\" \/>\n<link rel=\"canonical\" href=\"https:\/\/aca-pl.com\/\" \/>\n<meta property=\"og:locale\" content=\"fr_FR\" \/>\n<meta property=\"og:type\" content=\"article\" \/>\n<meta property=\"og:title\" content=\"Bonjour et Bienvenue sur le site d&#039;Audit Conseil Assistance -\" \/>\n<meta property=\"og:description\" content=\"Quand la passion est un m\u00e9tier Audit, assurances, assistance sinistres -\" \/>\n<meta property=\"og:url\" content=\"https:\/\/aca-pl.com\/\" \/>\n<meta property=\"article:publisher\" content=\"https:\/\/www.facebook.com\/groups\/1773349446235806\/?ref=bookmarks\" \/>\n<meta property=\"article:modified_time\" content=\"2025-10-22T15:32:23+00:00\" \/>\n<meta property=\"og:image\" content=\"https:\/\/aca-pl.com\/wp-content\/uploads\/2020\/12\/the-road-815297_1920.jpg\" \/>\n\t<meta property=\"og:image:width\" content=\"1920\" \/>\n\t<meta property=\"og:image:height\" content=\"1280\" \/>\n\t<meta property=\"og:image:type\" content=\"image\/jpeg\" \/>\n<meta name=\"twitter:card\" content=\"summary_large_image\" \/>\n<meta name=\"twitter:site\" content=\"@AssistanceAudit\" \/>\n<meta name=\"twitter:label1\" content=\"Dur\u00e9e de lecture estim\u00e9e\" \/>\n\t<meta name=\"twitter:data1\" content=\"2 minutes\" \/>\n<script type=\"application\/ld+json\" class=\"yoast-schema-graph\">{\"@context\":\"https:\/\/schema.org\",\"@graph\":[{\"@type\":\"WebPage\",\"@id\":\"https:\/\/aca-pl.com\/\",\"url\":\"https:\/\/aca-pl.com\/\",\"name\":\"Bonjour et Bienvenue sur le site d'Audit Conseil Assistance -\",\"isPartOf\":{\"@id\":\"https:\/\/aca-pl.com\/#website\"},\"primaryImageOfPage\":{\"@id\":\"https:\/\/aca-pl.com\/#primaryimage\"},\"image\":{\"@id\":\"https:\/\/aca-pl.com\/#primaryimage\"},\"thumbnailUrl\":\"https:\/\/aca-pl.com\/wp-content\/uploads\/2020\/12\/the-road-815297_1920.jpg\",\"datePublished\":\"2022-03-07T15:43:45+00:00\",\"dateModified\":\"2025-10-22T15:32:23+00:00\",\"description\":\"Quand la passion est un m\u00e9tier Audit, assurances, assistance sinistres -\",\"breadcrumb\":{\"@id\":\"https:\/\/aca-pl.com\/#breadcrumb\"},\"inLanguage\":\"fr-FR\",\"potentialAction\":[{\"@type\":\"ReadAction\",\"target\":[\"https:\/\/aca-pl.com\/\"]}]},{\"@type\":\"ImageObject\",\"inLanguage\":\"fr-FR\",\"@id\":\"https:\/\/aca-pl.com\/#primaryimage\",\"url\":\"https:\/\/aca-pl.com\/wp-content\/uploads\/2020\/12\/the-road-815297_1920.jpg\",\"contentUrl\":\"https:\/\/aca-pl.com\/wp-content\/uploads\/2020\/12\/the-road-815297_1920.jpg\",\"width\":1920,\"height\":1280},{\"@type\":\"BreadcrumbList\",\"@id\":\"https:\/\/aca-pl.com\/#breadcrumb\",\"itemListElement\":[{\"@type\":\"ListItem\",\"position\":1,\"name\":\"Accueil\",\"item\":\"https:\/\/aca-pl.com\/\"},{\"@type\":\"ListItem\",\"position\":2,\"name\":\"Bonjour et Bienvenue sur le site d&rsquo;Audit Conseil Assistance\"}]},{\"@type\":\"WebSite\",\"@id\":\"https:\/\/aca-pl.com\/#website\",\"url\":\"https:\/\/aca-pl.com\/\",\"name\":\"\",\"description\":\"Quand la passion est un m\u00e9tier\",\"publisher\":{\"@id\":\"https:\/\/aca-pl.com\/#organization\"},\"potentialAction\":[{\"@type\":\"SearchAction\",\"target\":{\"@type\":\"EntryPoint\",\"urlTemplate\":\"https:\/\/aca-pl.com\/?s={search_term_string}\"},\"query-input\":{\"@type\":\"PropertyValueSpecification\",\"valueRequired\":true,\"valueName\":\"search_term_string\"}}],\"inLanguage\":\"fr-FR\"},{\"@type\":\"Organization\",\"@id\":\"https:\/\/aca-pl.com\/#organization\",\"name\":\"AUDIT CONSEIL ASSISTANCE\",\"url\":\"https:\/\/aca-pl.com\/\",\"logo\":{\"@type\":\"ImageObject\",\"inLanguage\":\"fr-FR\",\"@id\":\"https:\/\/aca-pl.com\/#\/schema\/logo\/image\/\",\"url\":\"https:\/\/aca-pl.com\/wp-content\/uploads\/2019\/11\/ACA-15pxX15px-1.png\",\"contentUrl\":\"https:\/\/aca-pl.com\/wp-content\/uploads\/2019\/11\/ACA-15pxX15px-1.png\",\"width\":125,\"height\":125,\"caption\":\"AUDIT CONSEIL ASSISTANCE\"},\"image\":{\"@id\":\"https:\/\/aca-pl.com\/#\/schema\/logo\/image\/\"},\"sameAs\":[\"https:\/\/www.facebook.com\/groups\/1773349446235806\/?ref=bookmarks\",\"https:\/\/x.com\/AssistanceAudit\",\"http:\/\/www.linkedin.com\/in\/philippe-b-7a43b342\"]}]}<\/script>\n<!-- \/ Yoast SEO plugin. -->","yoast_head_json":{"title":"Bonjour et Bienvenue sur le site d'Audit Conseil Assistance -","description":"Quand la passion est un m\u00e9tier Audit, assurances, assistance sinistres -","robots":{"index":"index","follow":"follow","max-snippet":"max-snippet:-1","max-image-preview":"max-image-preview:large","max-video-preview":"max-video-preview:-1"},"canonical":"https:\/\/aca-pl.com\/","og_locale":"fr_FR","og_type":"article","og_title":"Bonjour et Bienvenue sur le site d'Audit Conseil Assistance -","og_description":"Quand la passion est un m\u00e9tier Audit, assurances, assistance sinistres -","og_url":"https:\/\/aca-pl.com\/","article_publisher":"https:\/\/www.facebook.com\/groups\/1773349446235806\/?ref=bookmarks","article_modified_time":"2025-10-22T15:32:23+00:00","og_image":[{"width":1920,"height":1280,"url":"https:\/\/aca-pl.com\/wp-content\/uploads\/2020\/12\/the-road-815297_1920.jpg","type":"image\/jpeg"}],"twitter_card":"summary_large_image","twitter_site":"@AssistanceAudit","twitter_misc":{"Dur\u00e9e de lecture estim\u00e9e":"2 minutes"},"schema":{"@context":"https:\/\/schema.org","@graph":[{"@type":"WebPage","@id":"https:\/\/aca-pl.com\/","url":"https:\/\/aca-pl.com\/","name":"Bonjour et Bienvenue sur le site d'Audit Conseil Assistance -","isPartOf":{"@id":"https:\/\/aca-pl.com\/#website"},"primaryImageOfPage":{"@id":"https:\/\/aca-pl.com\/#primaryimage"},"image":{"@id":"https:\/\/aca-pl.com\/#primaryimage"},"thumbnailUrl":"https:\/\/aca-pl.com\/wp-content\/uploads\/2020\/12\/the-road-815297_1920.jpg","datePublished":"2022-03-07T15:43:45+00:00","dateModified":"2025-10-22T15:32:23+00:00","description":"Quand la passion est un m\u00e9tier Audit, assurances, assistance sinistres -","breadcrumb":{"@id":"https:\/\/aca-pl.com\/#breadcrumb"},"inLanguage":"fr-FR","potentialAction":[{"@type":"ReadAction","target":["https:\/\/aca-pl.com\/"]}]},{"@type":"ImageObject","inLanguage":"fr-FR","@id":"https:\/\/aca-pl.com\/#primaryimage","url":"https:\/\/aca-pl.com\/wp-content\/uploads\/2020\/12\/the-road-815297_1920.jpg","contentUrl":"https:\/\/aca-pl.com\/wp-content\/uploads\/2020\/12\/the-road-815297_1920.jpg","width":1920,"height":1280},{"@type":"BreadcrumbList","@id":"https:\/\/aca-pl.com\/#breadcrumb","itemListElement":[{"@type":"ListItem","position":1,"name":"Accueil","item":"https:\/\/aca-pl.com\/"},{"@type":"ListItem","position":2,"name":"Bonjour et Bienvenue sur le site d&rsquo;Audit Conseil Assistance"}]},{"@type":"WebSite","@id":"https:\/\/aca-pl.com\/#website","url":"https:\/\/aca-pl.com\/","name":"","description":"Quand la passion est un m\u00e9tier","publisher":{"@id":"https:\/\/aca-pl.com\/#organization"},"potentialAction":[{"@type":"SearchAction","target":{"@type":"EntryPoint","urlTemplate":"https:\/\/aca-pl.com\/?s={search_term_string}"},"query-input":{"@type":"PropertyValueSpecification","valueRequired":true,"valueName":"search_term_string"}}],"inLanguage":"fr-FR"},{"@type":"Organization","@id":"https:\/\/aca-pl.com\/#organization","name":"AUDIT CONSEIL ASSISTANCE","url":"https:\/\/aca-pl.com\/","logo":{"@type":"ImageObject","inLanguage":"fr-FR","@id":"https:\/\/aca-pl.com\/#\/schema\/logo\/image\/","url":"https:\/\/aca-pl.com\/wp-content\/uploads\/2019\/11\/ACA-15pxX15px-1.png","contentUrl":"https:\/\/aca-pl.com\/wp-content\/uploads\/2019\/11\/ACA-15pxX15px-1.png","width":125,"height":125,"caption":"AUDIT CONSEIL ASSISTANCE"},"image":{"@id":"https:\/\/aca-pl.com\/#\/schema\/logo\/image\/"},"sameAs":["https:\/\/www.facebook.com\/groups\/1773349446235806\/?ref=bookmarks","https:\/\/x.com\/AssistanceAudit","http:\/\/www.linkedin.com\/in\/philippe-b-7a43b342"]}]}},"_links":{"self":[{"href":"https:\/\/aca-pl.com\/index.php?rest_route=\/wp\/v2\/pages\/366","targetHints":{"allow":["GET"]}}],"collection":[{"href":"https:\/\/aca-pl.com\/index.php?rest_route=\/wp\/v2\/pages"}],"about":[{"href":"https:\/\/aca-pl.com\/index.php?rest_route=\/wp\/v2\/types\/page"}],"author":[{"embeddable":true,"href":"https:\/\/aca-pl.com\/index.php?rest_route=\/wp\/v2\/users\/1"}],"replies":[{"embeddable":true,"href":"https:\/\/aca-pl.com\/index.php?rest_route=%2Fwp%2Fv2%2Fcomments&post=366"}],"version-history":[{"count":30,"href":"https:\/\/aca-pl.com\/index.php?rest_route=\/wp\/v2\/pages\/366\/revisions"}],"predecessor-version":[{"id":3047,"href":"https:\/\/aca-pl.com\/index.php?rest_route=\/wp\/v2\/pages\/366\/revisions\/3047"}],"wp:featuredmedia":[{"embeddable":true,"href":"https:\/\/aca-pl.com\/index.php?rest_route=\/wp\/v2\/media\/2631"}],"wp:attachment":[{"href":"https:\/\/aca-pl.com\/index.php?rest_route=%2Fwp%2Fv2%2Fmedia&parent=366"}],"curies":[{"name":"wp","href":"https:\/\/api.w.org\/{rel}","templated":true}]}}