{"id":2958,"date":"2021-11-17T14:56:27","date_gmt":"2021-11-17T13:56:27","guid":{"rendered":"https:\/\/aca-pl.com\/?page_id=2958"},"modified":"2021-11-17T14:56:31","modified_gmt":"2021-11-17T13:56:31","slug":"automobile-missions","status":"publish","type":"page","link":"https:\/\/aca-pl.com\/?page_id=2958","title":{"rendered":"AUTOMOBILE MISSIONS"},"content":{"rendered":"\n<p><br><\/p>\n\n\n\n<div class=\"wp-block-image\"><figure class=\"aligncenter size-large is-resized\"><img loading=\"lazy\" decoding=\"async\" src=\"https:\/\/aca-pl.com\/wp-content\/uploads\/2021\/11\/taxi-g910a565c6_1920-3-1024x683.jpg\" alt=\"automobile mission\" class=\"wp-image-2970\" width=\"325\" height=\"216\" srcset=\"https:\/\/aca-pl.com\/wp-content\/uploads\/2021\/11\/taxi-g910a565c6_1920-3-1024x683.jpg 1024w, https:\/\/aca-pl.com\/wp-content\/uploads\/2021\/11\/taxi-g910a565c6_1920-3-300x200.jpg 300w, https:\/\/aca-pl.com\/wp-content\/uploads\/2021\/11\/taxi-g910a565c6_1920-3-768x512.jpg 768w, https:\/\/aca-pl.com\/wp-content\/uploads\/2021\/11\/taxi-g910a565c6_1920-3-1536x1024.jpg 1536w, https:\/\/aca-pl.com\/wp-content\/uploads\/2021\/11\/taxi-g910a565c6_1920-3.jpg 1920w\" sizes=\"auto, (max-width: 325px) 100vw, 325px\" \/><\/figure><\/div>\n\n\n\n<p><strong>Vous demandez parfois ou de fa\u00e7on r\u00e9guli\u00e8re \u00e0 vos collaborateurs d\u2019utiliser leurs v\u00e9hicules personnels pour des<\/strong> <strong>d\u00e9placements<\/strong> <strong>professionnels <\/strong>: rendez-vous en client\u00e8le, fourniture de mat\u00e9riel sur un chantier, r\u00e9ception d\u2019un colis \u00e0 la poste\u2026<\/p>\n\n\n\n<p>Dans ce cas, un contrat Auto Missions est la r\u00e9ponse \u00e0 vos besoins de chef d\u2019entreprise et \u00e0 ceux de vos collaborateurs !<\/p>\n\n\n\n<p><span style=\"text-decoration: underline;\">Pourquoi souscrire un contrat automobile missions ?<\/span><\/p>\n\n\n\n<p>Les avantages pour vous, chef d\u2019entreprise, et pour vos collaborateurs<br> est que vous avez l\u2019esprit tranquille lorsque ceux-ci sont en mission professionnelle avec leurs v\u00e9hicules personnels et cela m\u00eame s\u2019ils ne sont assur\u00e9s qu\u2019en usage \u00ab priv\u00e9 \u00bb ou \u00ab domicile-travail \u00bb au titre de leur contrat auto personnel.<\/p>\n\n\n\n<p>De plus, le coefficient de bonus de votre collaborateur n&rsquo;est pas affect\u00e9 en cas de sinistre responsable, et celui-ci ne supporte pas les franchises ou la non garantie du contrat personnel du collaborateur.<br><br>Peu importe la fr\u00e9quence des d\u00e9placements de vos collaborateurs : un contrat Auto Missions couvre les missions professionnelles occasionnelles ou r\u00e9guli\u00e8res de vos collaborateurs \u00ab s\u00e9dentaires \u00bb et<br>\u00ab non s\u00e9dentaires \u00bb.<\/p>\n\n\n\n<ul class=\"wp-block-list\"><li>Il couvre \u00e9galement les d\u00e9placements de vos \u00e9ventuels apprentis, alternants, stagiaires et collaborateurs en CDD.<\/li><\/ul>\n\n\n\n<p>Pour les associations: les salari\u00e9s et les b\u00e9n\u00e9voles de l\u2019association sont assur\u00e9s <\/p>\n\n\n\n<p> <span style=\"text-decoration: underline;\"><strong><span class=\"has-inline-color has-green-color\">Auto Missions :  des couvertures d\u2019assurance optimales<\/span><\/strong><\/span><br><br><strong>Interrogez nous !<\/strong><\/p>\n\n\n\n<p>Vous pouvez nous contacter par <a href=\"mailto:info@aca-pl.com\">mail<\/a> ou par t\u00e9l\u00e9phone \u00a0 \u00a0 \u00a0 \u00a0 \u00a0 \u00a0 \u00a0 \u00a0 \u00a0 \u00a0 \u00a0 \u00a0 \u00a0 au <strong>02 41 09 77 32<\/strong> ou par notre <a href=\"https:\/\/aca-pl.com\/?page_id=181\">formulaire<\/a> de contact de 8h \u00e0 19h du Lundi au Vendredi, et le Samedi uniquement par mail.<\/p>\n\n\n\n<div class=\"wp-block-image\"><figure class=\"aligncenter is-resized\"><img loading=\"lazy\" decoding=\"async\" src=\"https:\/\/aca-pl.com\/wp-content\/uploads\/2019\/11\/ACA-15pxX15px-1.png\" alt=\"\" class=\"wp-image-33\" width=\"183\" height=\"183\"\/><figcaption>Quand la passion est un m\u00e9tier<\/figcaption><\/figure><\/div>\n","protected":false},"excerpt":{"rendered":"<p>Vous demandez parfois ou de fa\u00e7on r\u00e9guli\u00e8re \u00e0 vos collaborateurs d\u2019utiliser leurs v\u00e9hicules personnels pour des d\u00e9placements professionnels : rendez-vous en client\u00e8le, fourniture de mat\u00e9riel sur un chantier, r\u00e9ception d\u2019un colis \u00e0 la poste\u2026 Dans ce cas, un contrat Auto Missions est la r\u00e9ponse \u00e0 vos besoins de chef d\u2019entreprise et \u00e0 ceux de vos &hellip; <a href=\"https:\/\/aca-pl.com\/?page_id=2958\" class=\"more-link\">Continuer la lecture de <span class=\"screen-reader-text\">AUTOMOBILE MISSIONS<\/span>  <span class=\"meta-nav\">&rarr;<\/span><\/a><\/p>\n","protected":false},"author":1,"featured_media":0,"parent":0,"menu_order":0,"comment_status":"closed","ping_status":"closed","template":"","meta":{"_bbp_topic_count":0,"_bbp_reply_count":0,"_bbp_total_topic_count":0,"_bbp_total_reply_count":0,"_bbp_voice_count":0,"_bbp_anonymous_reply_count":0,"_bbp_topic_count_hidden":0,"_bbp_reply_count_hidden":0,"_bbp_forum_subforum_count":0,"_monsterinsights_skip_tracking":false,"_monsterinsights_sitenote_active":false,"_monsterinsights_sitenote_note":"","_monsterinsights_sitenote_category":0,"_themeisle_gutenberg_block_has_review":false,"footnotes":""},"class_list":["post-2958","page","type-page","status-publish","hentry"],"yoast_head":"<!-- This site is optimized with the Yoast SEO plugin v24.9 - https:\/\/yoast.com\/wordpress\/plugins\/seo\/ -->\n<title>AUTOMOBILE MISSIONS -<\/title>\n<meta name=\"robots\" content=\"index, follow, max-snippet:-1, max-image-preview:large, max-video-preview:-1\" \/>\n<link rel=\"canonical\" href=\"https:\/\/aca-pl.com\/?page_id=2958\" \/>\n<meta property=\"og:locale\" content=\"fr_FR\" \/>\n<meta property=\"og:type\" content=\"article\" \/>\n<meta property=\"og:title\" content=\"AUTOMOBILE MISSIONS -\" \/>\n<meta property=\"og:description\" content=\"Vous demandez parfois ou de fa\u00e7on r\u00e9guli\u00e8re \u00e0 vos collaborateurs d\u2019utiliser leurs v\u00e9hicules personnels pour des d\u00e9placements professionnels : rendez-vous en client\u00e8le, fourniture de mat\u00e9riel sur un chantier, r\u00e9ception d\u2019un colis \u00e0 la poste\u2026 Dans ce cas, un contrat Auto Missions est la r\u00e9ponse \u00e0 vos besoins de chef d\u2019entreprise et \u00e0 ceux de vos &hellip; Continuer la lecture de AUTOMOBILE MISSIONS &rarr;\" \/>\n<meta property=\"og:url\" content=\"https:\/\/aca-pl.com\/?page_id=2958\" \/>\n<meta property=\"article:publisher\" content=\"https:\/\/www.facebook.com\/groups\/1773349446235806\/?ref=bookmarks\" \/>\n<meta property=\"article:modified_time\" content=\"2021-11-17T13:56:31+00:00\" \/>\n<meta property=\"og:image\" content=\"https:\/\/aca-pl.com\/wp-content\/uploads\/2021\/11\/taxi-g910a565c6_1920-3-1024x683.jpg\" \/>\n<meta name=\"twitter:card\" content=\"summary_large_image\" \/>\n<meta name=\"twitter:site\" content=\"@AssistanceAudit\" \/>\n<meta name=\"twitter:label1\" content=\"Dur\u00e9e de lecture estim\u00e9e\" \/>\n\t<meta name=\"twitter:data1\" content=\"2 minutes\" \/>\n<script type=\"application\/ld+json\" class=\"yoast-schema-graph\">{\"@context\":\"https:\/\/schema.org\",\"@graph\":[{\"@type\":\"WebPage\",\"@id\":\"https:\/\/aca-pl.com\/?page_id=2958\",\"url\":\"https:\/\/aca-pl.com\/?page_id=2958\",\"name\":\"AUTOMOBILE MISSIONS -\",\"isPartOf\":{\"@id\":\"https:\/\/aca-pl.com\/#website\"},\"primaryImageOfPage\":{\"@id\":\"https:\/\/aca-pl.com\/?page_id=2958#primaryimage\"},\"image\":{\"@id\":\"https:\/\/aca-pl.com\/?page_id=2958#primaryimage\"},\"thumbnailUrl\":\"https:\/\/aca-pl.com\/wp-content\/uploads\/2021\/11\/taxi-g910a565c6_1920-3-1024x683.jpg\",\"datePublished\":\"2021-11-17T13:56:27+00:00\",\"dateModified\":\"2021-11-17T13:56:31+00:00\",\"breadcrumb\":{\"@id\":\"https:\/\/aca-pl.com\/?page_id=2958#breadcrumb\"},\"inLanguage\":\"fr-FR\",\"potentialAction\":[{\"@type\":\"ReadAction\",\"target\":[\"https:\/\/aca-pl.com\/?page_id=2958\"]}]},{\"@type\":\"ImageObject\",\"inLanguage\":\"fr-FR\",\"@id\":\"https:\/\/aca-pl.com\/?page_id=2958#primaryimage\",\"url\":\"https:\/\/aca-pl.com\/wp-content\/uploads\/2021\/11\/taxi-g910a565c6_1920-3.jpg\",\"contentUrl\":\"https:\/\/aca-pl.com\/wp-content\/uploads\/2021\/11\/taxi-g910a565c6_1920-3.jpg\",\"width\":1920,\"height\":1280,\"caption\":\"automobile mission\"},{\"@type\":\"BreadcrumbList\",\"@id\":\"https:\/\/aca-pl.com\/?page_id=2958#breadcrumb\",\"itemListElement\":[{\"@type\":\"ListItem\",\"position\":1,\"name\":\"Accueil\",\"item\":\"https:\/\/aca-pl.com\/\"},{\"@type\":\"ListItem\",\"position\":2,\"name\":\"AUTOMOBILE MISSIONS\"}]},{\"@type\":\"WebSite\",\"@id\":\"https:\/\/aca-pl.com\/#website\",\"url\":\"https:\/\/aca-pl.com\/\",\"name\":\"\",\"description\":\"Quand la passion est un m\u00e9tier\",\"publisher\":{\"@id\":\"https:\/\/aca-pl.com\/#organization\"},\"potentialAction\":[{\"@type\":\"SearchAction\",\"target\":{\"@type\":\"EntryPoint\",\"urlTemplate\":\"https:\/\/aca-pl.com\/?s={search_term_string}\"},\"query-input\":{\"@type\":\"PropertyValueSpecification\",\"valueRequired\":true,\"valueName\":\"search_term_string\"}}],\"inLanguage\":\"fr-FR\"},{\"@type\":\"Organization\",\"@id\":\"https:\/\/aca-pl.com\/#organization\",\"name\":\"AUDIT CONSEIL ASSISTANCE\",\"url\":\"https:\/\/aca-pl.com\/\",\"logo\":{\"@type\":\"ImageObject\",\"inLanguage\":\"fr-FR\",\"@id\":\"https:\/\/aca-pl.com\/#\/schema\/logo\/image\/\",\"url\":\"https:\/\/aca-pl.com\/wp-content\/uploads\/2019\/11\/ACA-15pxX15px-1.png\",\"contentUrl\":\"https:\/\/aca-pl.com\/wp-content\/uploads\/2019\/11\/ACA-15pxX15px-1.png\",\"width\":125,\"height\":125,\"caption\":\"AUDIT CONSEIL ASSISTANCE\"},\"image\":{\"@id\":\"https:\/\/aca-pl.com\/#\/schema\/logo\/image\/\"},\"sameAs\":[\"https:\/\/www.facebook.com\/groups\/1773349446235806\/?ref=bookmarks\",\"https:\/\/x.com\/AssistanceAudit\",\"http:\/\/www.linkedin.com\/in\/philippe-b-7a43b342\"]}]}<\/script>\n<!-- \/ Yoast SEO plugin. -->","yoast_head_json":{"title":"AUTOMOBILE MISSIONS -","robots":{"index":"index","follow":"follow","max-snippet":"max-snippet:-1","max-image-preview":"max-image-preview:large","max-video-preview":"max-video-preview:-1"},"canonical":"https:\/\/aca-pl.com\/?page_id=2958","og_locale":"fr_FR","og_type":"article","og_title":"AUTOMOBILE MISSIONS -","og_description":"Vous demandez parfois ou de fa\u00e7on r\u00e9guli\u00e8re \u00e0 vos collaborateurs d\u2019utiliser leurs v\u00e9hicules personnels pour des d\u00e9placements professionnels : rendez-vous en client\u00e8le, fourniture de mat\u00e9riel sur un chantier, r\u00e9ception d\u2019un colis \u00e0 la poste\u2026 Dans ce cas, un contrat Auto Missions est la r\u00e9ponse \u00e0 vos besoins de chef d\u2019entreprise et \u00e0 ceux de vos &hellip; Continuer la lecture de AUTOMOBILE MISSIONS &rarr;","og_url":"https:\/\/aca-pl.com\/?page_id=2958","article_publisher":"https:\/\/www.facebook.com\/groups\/1773349446235806\/?ref=bookmarks","article_modified_time":"2021-11-17T13:56:31+00:00","og_image":[{"url":"https:\/\/aca-pl.com\/wp-content\/uploads\/2021\/11\/taxi-g910a565c6_1920-3-1024x683.jpg","type":"","width":"","height":""}],"twitter_card":"summary_large_image","twitter_site":"@AssistanceAudit","twitter_misc":{"Dur\u00e9e de lecture estim\u00e9e":"2 minutes"},"schema":{"@context":"https:\/\/schema.org","@graph":[{"@type":"WebPage","@id":"https:\/\/aca-pl.com\/?page_id=2958","url":"https:\/\/aca-pl.com\/?page_id=2958","name":"AUTOMOBILE MISSIONS -","isPartOf":{"@id":"https:\/\/aca-pl.com\/#website"},"primaryImageOfPage":{"@id":"https:\/\/aca-pl.com\/?page_id=2958#primaryimage"},"image":{"@id":"https:\/\/aca-pl.com\/?page_id=2958#primaryimage"},"thumbnailUrl":"https:\/\/aca-pl.com\/wp-content\/uploads\/2021\/11\/taxi-g910a565c6_1920-3-1024x683.jpg","datePublished":"2021-11-17T13:56:27+00:00","dateModified":"2021-11-17T13:56:31+00:00","breadcrumb":{"@id":"https:\/\/aca-pl.com\/?page_id=2958#breadcrumb"},"inLanguage":"fr-FR","potentialAction":[{"@type":"ReadAction","target":["https:\/\/aca-pl.com\/?page_id=2958"]}]},{"@type":"ImageObject","inLanguage":"fr-FR","@id":"https:\/\/aca-pl.com\/?page_id=2958#primaryimage","url":"https:\/\/aca-pl.com\/wp-content\/uploads\/2021\/11\/taxi-g910a565c6_1920-3.jpg","contentUrl":"https:\/\/aca-pl.com\/wp-content\/uploads\/2021\/11\/taxi-g910a565c6_1920-3.jpg","width":1920,"height":1280,"caption":"automobile mission"},{"@type":"BreadcrumbList","@id":"https:\/\/aca-pl.com\/?page_id=2958#breadcrumb","itemListElement":[{"@type":"ListItem","position":1,"name":"Accueil","item":"https:\/\/aca-pl.com\/"},{"@type":"ListItem","position":2,"name":"AUTOMOBILE MISSIONS"}]},{"@type":"WebSite","@id":"https:\/\/aca-pl.com\/#website","url":"https:\/\/aca-pl.com\/","name":"","description":"Quand la passion est un m\u00e9tier","publisher":{"@id":"https:\/\/aca-pl.com\/#organization"},"potentialAction":[{"@type":"SearchAction","target":{"@type":"EntryPoint","urlTemplate":"https:\/\/aca-pl.com\/?s={search_term_string}"},"query-input":{"@type":"PropertyValueSpecification","valueRequired":true,"valueName":"search_term_string"}}],"inLanguage":"fr-FR"},{"@type":"Organization","@id":"https:\/\/aca-pl.com\/#organization","name":"AUDIT CONSEIL ASSISTANCE","url":"https:\/\/aca-pl.com\/","logo":{"@type":"ImageObject","inLanguage":"fr-FR","@id":"https:\/\/aca-pl.com\/#\/schema\/logo\/image\/","url":"https:\/\/aca-pl.com\/wp-content\/uploads\/2019\/11\/ACA-15pxX15px-1.png","contentUrl":"https:\/\/aca-pl.com\/wp-content\/uploads\/2019\/11\/ACA-15pxX15px-1.png","width":125,"height":125,"caption":"AUDIT CONSEIL ASSISTANCE"},"image":{"@id":"https:\/\/aca-pl.com\/#\/schema\/logo\/image\/"},"sameAs":["https:\/\/www.facebook.com\/groups\/1773349446235806\/?ref=bookmarks","https:\/\/x.com\/AssistanceAudit","http:\/\/www.linkedin.com\/in\/philippe-b-7a43b342"]}]}},"_links":{"self":[{"href":"https:\/\/aca-pl.com\/index.php?rest_route=\/wp\/v2\/pages\/2958","targetHints":{"allow":["GET"]}}],"collection":[{"href":"https:\/\/aca-pl.com\/index.php?rest_route=\/wp\/v2\/pages"}],"about":[{"href":"https:\/\/aca-pl.com\/index.php?rest_route=\/wp\/v2\/types\/page"}],"author":[{"embeddable":true,"href":"https:\/\/aca-pl.com\/index.php?rest_route=\/wp\/v2\/users\/1"}],"replies":[{"embeddable":true,"href":"https:\/\/aca-pl.com\/index.php?rest_route=%2Fwp%2Fv2%2Fcomments&post=2958"}],"version-history":[{"count":13,"href":"https:\/\/aca-pl.com\/index.php?rest_route=\/wp\/v2\/pages\/2958\/revisions"}],"predecessor-version":[{"id":2975,"href":"https:\/\/aca-pl.com\/index.php?rest_route=\/wp\/v2\/pages\/2958\/revisions\/2975"}],"wp:attachment":[{"href":"https:\/\/aca-pl.com\/index.php?rest_route=%2Fwp%2Fv2%2Fmedia&parent=2958"}],"curies":[{"name":"wp","href":"https:\/\/api.w.org\/{rel}","templated":true}]}}