{"id":2834,"date":"2025-04-11T16:56:02","date_gmt":"2025-04-11T14:56:02","guid":{"rendered":"https:\/\/aca-pl.com\/?page_id=2834"},"modified":"2025-04-11T16:56:03","modified_gmt":"2025-04-11T14:56:03","slug":"comment-nous-retrouver","status":"publish","type":"page","link":"https:\/\/aca-pl.com\/?page_id=2834","title":{"rendered":"COMMENT NOUS RETROUVER?"},"content":{"rendered":"\n<h3 class=\"wp-block-heading has-text-align-center\">Audit Conseil Assistance vous informe <\/h3>\n\n\n\n<h5 class=\"wp-block-heading\"><strong>HORAIRES D&rsquo;OUVERTURE <\/strong><\/h5>\n\n\n\n<ul class=\"wp-block-list\">\n<li><strong><span style=\"color:#009acc\" class=\"has-inline-color\">LUNDI <\/span><\/strong>8:00 &#8211; 19:00<\/li>\n\n\n\n<li><strong><span style=\"color:#009acc\" class=\"has-inline-color\">MARDI <\/span><\/strong>8:00 &#8211; 19:00<\/li>\n\n\n\n<li><strong><span style=\"color:#009acc\" class=\"has-inline-color\">MERCREDI <\/span><\/strong>8:00 &#8211; 19:00<\/li>\n\n\n\n<li><strong><span style=\"color:#009acc\" class=\"has-inline-color\">JEUDI <\/span><\/strong>8:00 &#8211; 19:00<\/li>\n\n\n\n<li><strong><span style=\"color:#009acc\" class=\"has-inline-color\">VENDREDI <\/span><\/strong>8:00 &#8211; 19:00<\/li>\n\n\n\n<li><strong><span style=\"color:#009acc\" class=\"has-inline-color\">SAMEDI <\/span><\/strong>8:00 &#8211; 12:00 (Uniquement par mail) <\/li>\n\n\n\n<li><strong><span style=\"color:#009acc\" class=\"has-inline-color\">DIMANCHE <\/span><\/strong>Ferm\u00e9 <\/li>\n<\/ul>\n\n\n\n<h5 class=\"wp-block-heading\">T\u00c9L\u00c9PHONE<\/h5>\n\n\n\n<p class=\"has-text-align-left\"><img loading=\"lazy\" decoding=\"async\" width=\"45\" height=\"45\" class=\"wp-image-2899\" style=\"width: 45px;\" src=\"https:\/\/aca-pl.com\/wp-content\/uploads\/2021\/02\/smartphone-1132677_1280.png\" alt=\"\" srcset=\"https:\/\/aca-pl.com\/wp-content\/uploads\/2021\/02\/smartphone-1132677_1280.png 1280w, https:\/\/aca-pl.com\/wp-content\/uploads\/2021\/02\/smartphone-1132677_1280-300x300.png 300w, https:\/\/aca-pl.com\/wp-content\/uploads\/2021\/02\/smartphone-1132677_1280-1024x1024.png 1024w, https:\/\/aca-pl.com\/wp-content\/uploads\/2021\/02\/smartphone-1132677_1280-150x150.png 150w, https:\/\/aca-pl.com\/wp-content\/uploads\/2021\/02\/smartphone-1132677_1280-768x768.png 768w\" sizes=\"auto, (max-width: 45px) 100vw, 45px\" \/>  Vous pouvez nous joindre par t\u00e9l\u00e9phone au <strong><span style=\"color:#009acc\" class=\"has-inline-color\">02 41 09 77 32<\/span><\/strong><\/p>\n\n\n\n<h5 class=\"wp-block-heading\"><strong>ADRESSE E-MAIL <\/strong><\/h5>\n\n\n\n<p><img loading=\"lazy\" decoding=\"async\" width=\"45\" height=\"45\" class=\"wp-image-2900\" style=\"width: 45px;\" src=\"https:\/\/aca-pl.com\/wp-content\/uploads\/2021\/02\/at-sign-1083508_1280.png\" alt=\"\" srcset=\"https:\/\/aca-pl.com\/wp-content\/uploads\/2021\/02\/at-sign-1083508_1280.png 1280w, https:\/\/aca-pl.com\/wp-content\/uploads\/2021\/02\/at-sign-1083508_1280-300x300.png 300w, https:\/\/aca-pl.com\/wp-content\/uploads\/2021\/02\/at-sign-1083508_1280-1024x1024.png 1024w, https:\/\/aca-pl.com\/wp-content\/uploads\/2021\/02\/at-sign-1083508_1280-150x150.png 150w, https:\/\/aca-pl.com\/wp-content\/uploads\/2021\/02\/at-sign-1083508_1280-768x768.png 768w\" sizes=\"auto, (max-width: 45px) 100vw, 45px\" \/>  Mais aussi, nous contacter par e-mail : <strong><a href=\"mailto:contact@aca-pl.com\"><span style=\"color:#009acc\" class=\"has-inline-color\">contact@aca-pl.com<\/span><\/a><\/strong><\/p>\n\n\n\n<h5 class=\"wp-block-heading\">VISIOCONF\u00c9RENCE<\/h5>\n\n\n\n<p>Nous sommes maintenant disponible pour des rendez-vous en visioconf\u00e9rence, nous utilisons une plateforme s\u00e9curis\u00e9e avec notre partenaire:<\/p>\n\n\n<div class=\"wp-block-image\">\n<figure class=\"aligncenter size-large is-resized\"><a href=\"https:\/\/www.h24solutions.com\/\" target=\"_blank\" rel=\" noreferrer noopener\"><img loading=\"lazy\" decoding=\"async\" width=\"1024\" height=\"1024\" src=\"https:\/\/aca-pl.com\/wp-content\/uploads\/2025\/04\/icone_carre-1-1024x1024.png\" alt=\"\" class=\"wp-image-3031\" style=\"width:98px;height:auto\" srcset=\"https:\/\/aca-pl.com\/wp-content\/uploads\/2025\/04\/icone_carre-1-1024x1024.png 1024w, https:\/\/aca-pl.com\/wp-content\/uploads\/2025\/04\/icone_carre-1-300x300.png 300w, https:\/\/aca-pl.com\/wp-content\/uploads\/2025\/04\/icone_carre-1-150x150.png 150w, https:\/\/aca-pl.com\/wp-content\/uploads\/2025\/04\/icone_carre-1-768x768.png 768w, https:\/\/aca-pl.com\/wp-content\/uploads\/2025\/04\/icone_carre-1-1536x1536.png 1536w, https:\/\/aca-pl.com\/wp-content\/uploads\/2025\/04\/icone_carre-1-2048x2048.png 2048w\" sizes=\"auto, (max-width: 1024px) 100vw, 1024px\" \/><\/a><\/figure>\n<\/div>\n\n\n<h5 class=\"wp-block-heading\">STATIONNEMENT<\/h5>\n\n\n\n<p>Vous avez acc\u00e8s \u00e0 des places de <strong><span style=\"color:#009acc\" class=\"has-inline-color\">parkings<\/span> <\/strong>\u00e0 proximit\u00e9 du cabinet.<\/p>\n\n\n\n<h5 class=\"wp-block-heading\">CABINET ADAPT\u00c9<\/h5>\n\n\n\n<p>Le cabinet est adapt\u00e9 pour accueillir les personnes en situation d\u2019 handicap avec la pr\u00e9sence d&rsquo;une rampe. <\/p>\n\n\n\n<h5 class=\"wp-block-heading\">CARTE<\/h5>\n\n\n\n<p><img loading=\"lazy\" decoding=\"async\" width=\"45\" height=\"45\" class=\"wp-image-2901\" style=\"width: 45px;\" src=\"https:\/\/aca-pl.com\/wp-content\/uploads\/2021\/02\/gps-2845363_1920.png\" alt=\"\" srcset=\"https:\/\/aca-pl.com\/wp-content\/uploads\/2021\/02\/gps-2845363_1920.png 1920w, https:\/\/aca-pl.com\/wp-content\/uploads\/2021\/02\/gps-2845363_1920-300x300.png 300w, https:\/\/aca-pl.com\/wp-content\/uploads\/2021\/02\/gps-2845363_1920-1024x1024.png 1024w, https:\/\/aca-pl.com\/wp-content\/uploads\/2021\/02\/gps-2845363_1920-150x150.png 150w, https:\/\/aca-pl.com\/wp-content\/uploads\/2021\/02\/gps-2845363_1920-768x768.png 768w, https:\/\/aca-pl.com\/wp-content\/uploads\/2021\/02\/gps-2845363_1920-1536x1536.png 1536w\" sizes=\"auto, (max-width: 45px) 100vw, 45px\" \/>  Vous pouvez retrouver notre cabinet au<span style=\"color:#009acc\" class=\"has-inline-color\"> <\/span><strong><a href=\"https:\/\/g.page\/audit-conseil-assistance?share\"><span style=\"color:#009acc\" class=\"has-inline-color\">22 Rue de Belgique, 49460 Montreuil-Juign\u00e9<\/span><\/a><span style=\"color:#009acc\" class=\"has-inline-color\"> en France.<\/span><\/strong><\/p>\n\n\n<div class=\"wp-block-image\">\n<figure class=\"aligncenter size-large is-resized\"><a href=\"https:\/\/g.page\/audit-conseil-assistance?share\"><img loading=\"lazy\" decoding=\"async\" width=\"1024\" height=\"420\" src=\"https:\/\/aca-pl.com\/wp-content\/uploads\/2021\/02\/GOOGLE-MAPS-1024x420.png\" alt=\"\" class=\"wp-image-2835\" style=\"width:504px;height:206px\" srcset=\"https:\/\/aca-pl.com\/wp-content\/uploads\/2021\/02\/GOOGLE-MAPS-1024x420.png 1024w, https:\/\/aca-pl.com\/wp-content\/uploads\/2021\/02\/GOOGLE-MAPS-300x123.png 300w, https:\/\/aca-pl.com\/wp-content\/uploads\/2021\/02\/GOOGLE-MAPS-768x315.png 768w, https:\/\/aca-pl.com\/wp-content\/uploads\/2021\/02\/GOOGLE-MAPS.png 1505w\" sizes=\"auto, (max-width: 1024px) 100vw, 1024px\" \/><\/a><figcaption class=\"wp-element-caption\"><strong>Vous pouvez cliquer sur la carte pour acc\u00e9der \u00e0 Google MAPS<\/strong><\/figcaption><\/figure>\n<\/div>\n\n\n<p>Nous sommes situ\u00e9 \u00e0 proximit\u00e9 d&rsquo;Angers, en \u00e9tant \u00e0 15 minutes en voiture du centre ville.<\/p>\n\n\n<div class=\"wp-block-image\">\n<figure class=\"aligncenter size-large\"><a href=\"https:\/\/g.page\/audit-conseil-assistance?share\"><img loading=\"lazy\" decoding=\"async\" width=\"850\" height=\"671\" src=\"https:\/\/aca-pl.com\/wp-content\/uploads\/2021\/02\/GOOGLE-MAPS-2.png\" alt=\"\" class=\"wp-image-2839\" srcset=\"https:\/\/aca-pl.com\/wp-content\/uploads\/2021\/02\/GOOGLE-MAPS-2.png 850w, https:\/\/aca-pl.com\/wp-content\/uploads\/2021\/02\/GOOGLE-MAPS-2-300x237.png 300w, https:\/\/aca-pl.com\/wp-content\/uploads\/2021\/02\/GOOGLE-MAPS-2-768x606.png 768w\" sizes=\"auto, (max-width: 850px) 100vw, 850px\" \/><\/a><\/figure>\n<\/div>\n\n\n<h5 class=\"wp-block-heading\"><strong>R\u00c9SEAUX SOCIAUX <\/strong><\/h5>\n\n\n\n<p><em>Vous pouvez nous retrouver sur nos diff\u00e9rents r\u00e9seaux sociaux :<\/em><\/p>\n\n\n\n<div class=\"wp-block-group alignwide\"><div class=\"wp-block-group__inner-container is-layout-flow wp-block-group-is-layout-flow\">\n<div class=\"wp-block-group\"><div class=\"wp-block-group__inner-container is-layout-flow wp-block-group-is-layout-flow\">\n<div class=\"wp-block-group\"><div class=\"wp-block-group__inner-container is-layout-flow wp-block-group-is-layout-flow\">\n<div class=\"wp-block-group\"><div class=\"wp-block-group__inner-container is-layout-flow wp-block-group-is-layout-flow\">\n<div class=\"wp-block-columns is-layout-flex wp-container-core-columns-is-layout-9d6595d7 wp-block-columns-is-layout-flex\">\n<div class=\"wp-block-column is-layout-flow wp-block-column-is-layout-flow\">\n<figure class=\"wp-block-image size-large is-style-rounded\"><a href=\"https:\/\/www.facebook.com\/philippe.buspin.5\/\"><img loading=\"lazy\" decoding=\"async\" width=\"1024\" height=\"1024\" src=\"https:\/\/aca-pl.com\/wp-content\/uploads\/2021\/02\/facebook-2429746_1280-1024x1024.png\" alt=\"\" class=\"wp-image-2903\" srcset=\"https:\/\/aca-pl.com\/wp-content\/uploads\/2021\/02\/facebook-2429746_1280-1024x1024.png 1024w, https:\/\/aca-pl.com\/wp-content\/uploads\/2021\/02\/facebook-2429746_1280-300x300.png 300w, https:\/\/aca-pl.com\/wp-content\/uploads\/2021\/02\/facebook-2429746_1280-150x150.png 150w, https:\/\/aca-pl.com\/wp-content\/uploads\/2021\/02\/facebook-2429746_1280-768x768.png 768w, https:\/\/aca-pl.com\/wp-content\/uploads\/2021\/02\/facebook-2429746_1280.png 1280w\" sizes=\"auto, (max-width: 1024px) 100vw, 1024px\" \/><\/a><\/figure>\n<\/div>\n\n\n\n<div class=\"wp-block-column is-layout-flow wp-block-column-is-layout-flow\">\n<figure class=\"wp-block-image size-large is-style-rounded\"><a href=\"https:\/\/www.linkedin.com\/in\/philippe-b-7a43b342\/\"><img loading=\"lazy\" decoding=\"async\" width=\"934\" height=\"924\" src=\"https:\/\/aca-pl.com\/wp-content\/uploads\/2021\/02\/linked-in-2668700_1280.png\" alt=\"\" class=\"wp-image-2910\" srcset=\"https:\/\/aca-pl.com\/wp-content\/uploads\/2021\/02\/linked-in-2668700_1280.png 934w, https:\/\/aca-pl.com\/wp-content\/uploads\/2021\/02\/linked-in-2668700_1280-300x297.png 300w, https:\/\/aca-pl.com\/wp-content\/uploads\/2021\/02\/linked-in-2668700_1280-768x760.png 768w\" sizes=\"auto, (max-width: 934px) 100vw, 934px\" \/><\/a><\/figure>\n<\/div>\n\n\n\n<div class=\"wp-block-column is-layout-flow wp-block-column-is-layout-flow\">\n<figure class=\"wp-block-image size-large is-style-rounded\"><a href=\"https:\/\/www.instagram.com\/phillippebusson\/?hl=fr\"><img loading=\"lazy\" decoding=\"async\" width=\"1024\" height=\"1024\" src=\"https:\/\/aca-pl.com\/wp-content\/uploads\/2021\/02\/instagram-3814080_1280-1024x1024.png\" alt=\"\" class=\"wp-image-2911\" srcset=\"https:\/\/aca-pl.com\/wp-content\/uploads\/2021\/02\/instagram-3814080_1280-1024x1024.png 1024w, https:\/\/aca-pl.com\/wp-content\/uploads\/2021\/02\/instagram-3814080_1280-300x300.png 300w, https:\/\/aca-pl.com\/wp-content\/uploads\/2021\/02\/instagram-3814080_1280-150x150.png 150w, https:\/\/aca-pl.com\/wp-content\/uploads\/2021\/02\/instagram-3814080_1280-768x768.png 768w, https:\/\/aca-pl.com\/wp-content\/uploads\/2021\/02\/instagram-3814080_1280.png 1280w\" sizes=\"auto, (max-width: 1024px) 100vw, 1024px\" \/><\/a><\/figure>\n<\/div>\n<\/div>\n<\/div><\/div>\n<\/div><\/div>\n<\/div><\/div>\n<\/div><\/div>\n\n\n\n<h5 class=\"wp-block-heading\">DEMANDE DE CONTACT<\/h5>\n\n\n\n<p>Vous avez la possibilit\u00e9 de nous contacter via notre<a href=\"https:\/\/aca-pl.com\/?page_id=181\"> <strong><span style=\"color:#009acc\" class=\"has-inline-color\">formulaire de contact<\/span><\/strong><\/a> en ligne sur notre site Internet.<\/p>\n\n\n\n<h4 class=\"wp-block-heading has-text-align-center\"><strong><span class=\"has-inline-color has-black-color\">Audit Conseil Assistance reste \u00e0 votre \u00e9coute, et vous encourage \u00e0 nous appeler ou \u00e0 nous \u00e9crire.<\/span><\/strong><\/h4>\n\n\n\n<p><strong><u>A tr\u00e8s bient\u00f4t.<\/u><\/strong><\/p>\n\n\n<div class=\"wp-block-image\">\n<figure class=\"aligncenter size-large is-resized\"><img loading=\"lazy\" decoding=\"async\" width=\"512\" height=\"512\" src=\"https:\/\/aca-pl.com\/wp-content\/uploads\/2019\/11\/cropped-ACA-15pxX15px-1-4.png\" alt=\"\" class=\"wp-image-485\" style=\"width:115px;height:115px\" srcset=\"https:\/\/aca-pl.com\/wp-content\/uploads\/2019\/11\/cropped-ACA-15pxX15px-1-4.png 512w, https:\/\/aca-pl.com\/wp-content\/uploads\/2019\/11\/cropped-ACA-15pxX15px-1-4-300x300.png 300w, https:\/\/aca-pl.com\/wp-content\/uploads\/2019\/11\/cropped-ACA-15pxX15px-1-4-150x150.png 150w, https:\/\/aca-pl.com\/wp-content\/uploads\/2019\/11\/cropped-ACA-15pxX15px-1-4-50x50.png 50w, https:\/\/aca-pl.com\/wp-content\/uploads\/2019\/11\/cropped-ACA-15pxX15px-1-4-270x270.png 270w, https:\/\/aca-pl.com\/wp-content\/uploads\/2019\/11\/cropped-ACA-15pxX15px-1-4-192x192.png 192w, https:\/\/aca-pl.com\/wp-content\/uploads\/2019\/11\/cropped-ACA-15pxX15px-1-4-180x180.png 180w, https:\/\/aca-pl.com\/wp-content\/uploads\/2019\/11\/cropped-ACA-15pxX15px-1-4-32x32.png 32w\" sizes=\"auto, (max-width: 512px) 100vw, 512px\" \/><\/figure>\n<\/div>\n\n\n<p class=\"has-text-align-center\"><strong>Quand la passion est un m\u00e9tier<\/strong><\/p>\n","protected":false},"excerpt":{"rendered":"<p>Audit Conseil Assistance vous informe HORAIRES D&rsquo;OUVERTURE T\u00c9L\u00c9PHONE Vous pouvez nous joindre par t\u00e9l\u00e9phone au 02 41 09 77 32 ADRESSE E-MAIL Mais aussi, nous contacter par e-mail : contact@aca-pl.com VISIOCONF\u00c9RENCE Nous sommes maintenant disponible pour des rendez-vous en visioconf\u00e9rence, nous utilisons une plateforme s\u00e9curis\u00e9e avec notre partenaire: STATIONNEMENT Vous avez acc\u00e8s \u00e0 des places &hellip; <a href=\"https:\/\/aca-pl.com\/?page_id=2834\" class=\"more-link\">Continuer la lecture de <span class=\"screen-reader-text\">COMMENT NOUS RETROUVER?<\/span>  <span class=\"meta-nav\">&rarr;<\/span><\/a><\/p>\n","protected":false},"author":1,"featured_media":0,"parent":0,"menu_order":0,"comment_status":"closed","ping_status":"closed","template":"","meta":{"_bbp_topic_count":0,"_bbp_reply_count":0,"_bbp_total_topic_count":0,"_bbp_total_reply_count":0,"_bbp_voice_count":0,"_bbp_anonymous_reply_count":0,"_bbp_topic_count_hidden":0,"_bbp_reply_count_hidden":0,"_bbp_forum_subforum_count":0,"_monsterinsights_skip_tracking":false,"_monsterinsights_sitenote_active":false,"_monsterinsights_sitenote_note":"","_monsterinsights_sitenote_category":0,"_themeisle_gutenberg_block_has_review":false,"footnotes":""},"class_list":["post-2834","page","type-page","status-publish","hentry"],"yoast_head":"<!-- This site is optimized with the Yoast SEO plugin v24.9 - https:\/\/yoast.com\/wordpress\/plugins\/seo\/ -->\n<title>COMMENT NOUS RETROUVER? -<\/title>\n<meta name=\"description\" content=\"Audit Conseil Assistance vous informe sur les informations du cabinet telles les horaires d&#039;ouvertures, les moyens de nous contacter ainsi que la localisation du cabinet.\" \/>\n<meta name=\"robots\" content=\"index, follow, max-snippet:-1, max-image-preview:large, max-video-preview:-1\" \/>\n<link rel=\"canonical\" href=\"https:\/\/aca-pl.com\/?page_id=2834\" \/>\n<meta property=\"og:locale\" content=\"fr_FR\" \/>\n<meta property=\"og:type\" content=\"article\" \/>\n<meta property=\"og:title\" content=\"COMMENT NOUS RETROUVER? -\" \/>\n<meta property=\"og:description\" content=\"Audit Conseil Assistance vous informe sur les informations du cabinet telles les horaires d&#039;ouvertures, les moyens de nous contacter ainsi que la localisation du cabinet.\" \/>\n<meta property=\"og:url\" content=\"https:\/\/aca-pl.com\/?page_id=2834\" \/>\n<meta property=\"article:publisher\" content=\"https:\/\/www.facebook.com\/groups\/1773349446235806\/?ref=bookmarks\" \/>\n<meta property=\"article:modified_time\" content=\"2025-04-11T14:56:03+00:00\" \/>\n<meta property=\"og:image\" content=\"https:\/\/aca-pl.com\/wp-content\/uploads\/2021\/02\/smartphone-1132677_1280.png\" \/>\n\t<meta property=\"og:image:width\" content=\"1280\" \/>\n\t<meta property=\"og:image:height\" content=\"1280\" \/>\n\t<meta property=\"og:image:type\" content=\"image\/png\" \/>\n<meta name=\"twitter:card\" content=\"summary_large_image\" \/>\n<meta name=\"twitter:site\" content=\"@AssistanceAudit\" \/>\n<meta name=\"twitter:label1\" content=\"Dur\u00e9e de lecture estim\u00e9e\" \/>\n\t<meta name=\"twitter:data1\" content=\"4 minutes\" \/>\n<script type=\"application\/ld+json\" class=\"yoast-schema-graph\">{\"@context\":\"https:\/\/schema.org\",\"@graph\":[{\"@type\":\"WebPage\",\"@id\":\"https:\/\/aca-pl.com\/?page_id=2834\",\"url\":\"https:\/\/aca-pl.com\/?page_id=2834\",\"name\":\"COMMENT NOUS RETROUVER? -\",\"isPartOf\":{\"@id\":\"https:\/\/aca-pl.com\/#website\"},\"primaryImageOfPage\":{\"@id\":\"https:\/\/aca-pl.com\/?page_id=2834#primaryimage\"},\"image\":{\"@id\":\"https:\/\/aca-pl.com\/?page_id=2834#primaryimage\"},\"thumbnailUrl\":\"https:\/\/aca-pl.com\/wp-content\/uploads\/2021\/02\/smartphone-1132677_1280.png\",\"datePublished\":\"2025-04-11T14:56:02+00:00\",\"dateModified\":\"2025-04-11T14:56:03+00:00\",\"description\":\"Audit Conseil Assistance vous informe sur les informations du cabinet telles les horaires d'ouvertures, les moyens de nous contacter ainsi que la localisation du cabinet.\",\"breadcrumb\":{\"@id\":\"https:\/\/aca-pl.com\/?page_id=2834#breadcrumb\"},\"inLanguage\":\"fr-FR\",\"potentialAction\":[{\"@type\":\"ReadAction\",\"target\":[\"https:\/\/aca-pl.com\/?page_id=2834\"]}]},{\"@type\":\"ImageObject\",\"inLanguage\":\"fr-FR\",\"@id\":\"https:\/\/aca-pl.com\/?page_id=2834#primaryimage\",\"url\":\"https:\/\/aca-pl.com\/wp-content\/uploads\/2021\/02\/smartphone-1132677_1280.png\",\"contentUrl\":\"https:\/\/aca-pl.com\/wp-content\/uploads\/2021\/02\/smartphone-1132677_1280.png\",\"width\":1280,\"height\":1280},{\"@type\":\"BreadcrumbList\",\"@id\":\"https:\/\/aca-pl.com\/?page_id=2834#breadcrumb\",\"itemListElement\":[{\"@type\":\"ListItem\",\"position\":1,\"name\":\"Accueil\",\"item\":\"https:\/\/aca-pl.com\/\"},{\"@type\":\"ListItem\",\"position\":2,\"name\":\"COMMENT NOUS RETROUVER?\"}]},{\"@type\":\"WebSite\",\"@id\":\"https:\/\/aca-pl.com\/#website\",\"url\":\"https:\/\/aca-pl.com\/\",\"name\":\"\",\"description\":\"Quand la passion est un m\u00e9tier\",\"publisher\":{\"@id\":\"https:\/\/aca-pl.com\/#organization\"},\"potentialAction\":[{\"@type\":\"SearchAction\",\"target\":{\"@type\":\"EntryPoint\",\"urlTemplate\":\"https:\/\/aca-pl.com\/?s={search_term_string}\"},\"query-input\":{\"@type\":\"PropertyValueSpecification\",\"valueRequired\":true,\"valueName\":\"search_term_string\"}}],\"inLanguage\":\"fr-FR\"},{\"@type\":\"Organization\",\"@id\":\"https:\/\/aca-pl.com\/#organization\",\"name\":\"AUDIT CONSEIL ASSISTANCE\",\"url\":\"https:\/\/aca-pl.com\/\",\"logo\":{\"@type\":\"ImageObject\",\"inLanguage\":\"fr-FR\",\"@id\":\"https:\/\/aca-pl.com\/#\/schema\/logo\/image\/\",\"url\":\"https:\/\/aca-pl.com\/wp-content\/uploads\/2019\/11\/ACA-15pxX15px-1.png\",\"contentUrl\":\"https:\/\/aca-pl.com\/wp-content\/uploads\/2019\/11\/ACA-15pxX15px-1.png\",\"width\":125,\"height\":125,\"caption\":\"AUDIT CONSEIL ASSISTANCE\"},\"image\":{\"@id\":\"https:\/\/aca-pl.com\/#\/schema\/logo\/image\/\"},\"sameAs\":[\"https:\/\/www.facebook.com\/groups\/1773349446235806\/?ref=bookmarks\",\"https:\/\/x.com\/AssistanceAudit\",\"http:\/\/www.linkedin.com\/in\/philippe-b-7a43b342\"]}]}<\/script>\n<!-- \/ Yoast SEO plugin. -->","yoast_head_json":{"title":"COMMENT NOUS RETROUVER? -","description":"Audit Conseil Assistance vous informe sur les informations du cabinet telles les horaires d'ouvertures, les moyens de nous contacter ainsi que la localisation du cabinet.","robots":{"index":"index","follow":"follow","max-snippet":"max-snippet:-1","max-image-preview":"max-image-preview:large","max-video-preview":"max-video-preview:-1"},"canonical":"https:\/\/aca-pl.com\/?page_id=2834","og_locale":"fr_FR","og_type":"article","og_title":"COMMENT NOUS RETROUVER? -","og_description":"Audit Conseil Assistance vous informe sur les informations du cabinet telles les horaires d'ouvertures, les moyens de nous contacter ainsi que la localisation du cabinet.","og_url":"https:\/\/aca-pl.com\/?page_id=2834","article_publisher":"https:\/\/www.facebook.com\/groups\/1773349446235806\/?ref=bookmarks","article_modified_time":"2025-04-11T14:56:03+00:00","og_image":[{"width":1280,"height":1280,"url":"https:\/\/aca-pl.com\/wp-content\/uploads\/2021\/02\/smartphone-1132677_1280.png","type":"image\/png"}],"twitter_card":"summary_large_image","twitter_site":"@AssistanceAudit","twitter_misc":{"Dur\u00e9e de lecture estim\u00e9e":"4 minutes"},"schema":{"@context":"https:\/\/schema.org","@graph":[{"@type":"WebPage","@id":"https:\/\/aca-pl.com\/?page_id=2834","url":"https:\/\/aca-pl.com\/?page_id=2834","name":"COMMENT NOUS RETROUVER? -","isPartOf":{"@id":"https:\/\/aca-pl.com\/#website"},"primaryImageOfPage":{"@id":"https:\/\/aca-pl.com\/?page_id=2834#primaryimage"},"image":{"@id":"https:\/\/aca-pl.com\/?page_id=2834#primaryimage"},"thumbnailUrl":"https:\/\/aca-pl.com\/wp-content\/uploads\/2021\/02\/smartphone-1132677_1280.png","datePublished":"2025-04-11T14:56:02+00:00","dateModified":"2025-04-11T14:56:03+00:00","description":"Audit Conseil Assistance vous informe sur les informations du cabinet telles les horaires d'ouvertures, les moyens de nous contacter ainsi que la localisation du cabinet.","breadcrumb":{"@id":"https:\/\/aca-pl.com\/?page_id=2834#breadcrumb"},"inLanguage":"fr-FR","potentialAction":[{"@type":"ReadAction","target":["https:\/\/aca-pl.com\/?page_id=2834"]}]},{"@type":"ImageObject","inLanguage":"fr-FR","@id":"https:\/\/aca-pl.com\/?page_id=2834#primaryimage","url":"https:\/\/aca-pl.com\/wp-content\/uploads\/2021\/02\/smartphone-1132677_1280.png","contentUrl":"https:\/\/aca-pl.com\/wp-content\/uploads\/2021\/02\/smartphone-1132677_1280.png","width":1280,"height":1280},{"@type":"BreadcrumbList","@id":"https:\/\/aca-pl.com\/?page_id=2834#breadcrumb","itemListElement":[{"@type":"ListItem","position":1,"name":"Accueil","item":"https:\/\/aca-pl.com\/"},{"@type":"ListItem","position":2,"name":"COMMENT NOUS RETROUVER?"}]},{"@type":"WebSite","@id":"https:\/\/aca-pl.com\/#website","url":"https:\/\/aca-pl.com\/","name":"","description":"Quand la passion est un m\u00e9tier","publisher":{"@id":"https:\/\/aca-pl.com\/#organization"},"potentialAction":[{"@type":"SearchAction","target":{"@type":"EntryPoint","urlTemplate":"https:\/\/aca-pl.com\/?s={search_term_string}"},"query-input":{"@type":"PropertyValueSpecification","valueRequired":true,"valueName":"search_term_string"}}],"inLanguage":"fr-FR"},{"@type":"Organization","@id":"https:\/\/aca-pl.com\/#organization","name":"AUDIT CONSEIL ASSISTANCE","url":"https:\/\/aca-pl.com\/","logo":{"@type":"ImageObject","inLanguage":"fr-FR","@id":"https:\/\/aca-pl.com\/#\/schema\/logo\/image\/","url":"https:\/\/aca-pl.com\/wp-content\/uploads\/2019\/11\/ACA-15pxX15px-1.png","contentUrl":"https:\/\/aca-pl.com\/wp-content\/uploads\/2019\/11\/ACA-15pxX15px-1.png","width":125,"height":125,"caption":"AUDIT CONSEIL ASSISTANCE"},"image":{"@id":"https:\/\/aca-pl.com\/#\/schema\/logo\/image\/"},"sameAs":["https:\/\/www.facebook.com\/groups\/1773349446235806\/?ref=bookmarks","https:\/\/x.com\/AssistanceAudit","http:\/\/www.linkedin.com\/in\/philippe-b-7a43b342"]}]}},"_links":{"self":[{"href":"https:\/\/aca-pl.com\/index.php?rest_route=\/wp\/v2\/pages\/2834","targetHints":{"allow":["GET"]}}],"collection":[{"href":"https:\/\/aca-pl.com\/index.php?rest_route=\/wp\/v2\/pages"}],"about":[{"href":"https:\/\/aca-pl.com\/index.php?rest_route=\/wp\/v2\/types\/page"}],"author":[{"embeddable":true,"href":"https:\/\/aca-pl.com\/index.php?rest_route=\/wp\/v2\/users\/1"}],"replies":[{"embeddable":true,"href":"https:\/\/aca-pl.com\/index.php?rest_route=%2Fwp%2Fv2%2Fcomments&post=2834"}],"version-history":[{"count":33,"href":"https:\/\/aca-pl.com\/index.php?rest_route=\/wp\/v2\/pages\/2834\/revisions"}],"predecessor-version":[{"id":3034,"href":"https:\/\/aca-pl.com\/index.php?rest_route=\/wp\/v2\/pages\/2834\/revisions\/3034"}],"wp:attachment":[{"href":"https:\/\/aca-pl.com\/index.php?rest_route=%2Fwp%2Fv2%2Fmedia&parent=2834"}],"curies":[{"name":"wp","href":"https:\/\/api.w.org\/{rel}","templated":true}]}}