{"id":2800,"date":"2021-02-18T12:08:57","date_gmt":"2021-02-18T11:08:57","guid":{"rendered":"https:\/\/aca-pl.com\/?page_id=2800"},"modified":"2021-02-18T12:15:32","modified_gmt":"2021-02-18T11:15:32","slug":"la-protection-juridique-vie-privee","status":"publish","type":"page","link":"https:\/\/aca-pl.com\/?page_id=2800","title":{"rendered":"LA PROTECTION JURIDIQUE VIE PRIV\u00c9E"},"content":{"rendered":"\n<h4 class=\"has-text-align-center wp-block-heading\"><strong><a href=\"https:\/\/aca-pl.com\/?page_id=2810\"><span style=\"color:#99cc66\" class=\"has-inline-color\">QUESTIONNAIRE PROTECTION JURIDIQUE <\/span><\/a><\/strong><\/h4>\n\n\n\n<p>Aujourd\u2019hui, la Protection Juridique Vie Priv\u00e9e est un vrai produit d\u2019assurance, souvent d\u00e9laiss\u00e9, parce qu\u2019une grande majorit\u00e9 de personnes pense \u00eatre suffisamment prot\u00e9g\u00e9e par la garantie \u00ab&nbsp;D\u00e9fense p\u00e9nale et recours&nbsp;\u00bb de leur contrat Multirisque Habitation.<\/p>\n\n\n\n<p>Pourtant, souscrire une Protection Juridique Vie priv\u00e9 est beaucoup plus avantageux puisque le contrat est plus complet, proposant de meilleures garanties et services pour g\u00e9rer les litiges avec un ou plusieurs tiers, allant du traitement \u00e0 l\u2019amiable jusqu\u2019\u00e0 la d\u00e9fense ou le recours.<\/p>\n\n\n\n<p><strong><u>Comment va-t-elle intervenir&nbsp;?<\/u><\/strong><\/p>\n\n\n\n<ul class=\"wp-block-list\"><li>Elle intervient d\u00e8s l\u2019apparition du litige, apr\u00e8s d\u00e9claration aupr\u00e8s de l\u2019assureur.<\/li><li>Elle va dans un premier temps chercher une solution amiable avec votre adversaire.<\/li><li>Sans solution, elle va vous conseiller sur les dispositions \u00e0 prendre, soit, lors d\u2019un \u00e9change avec vous, soit lors d\u2019un entretien avec un avocat que vous aurez pu choisir librement.<\/li><li>Il y aura alors lieu de pr\u00e9parer une mise en cause du tiers, ou bien votre d\u00e9fense.<\/li><li>Si votre litige est port\u00e9 devant les tribunaux, la protection juridique prendra alors les frais d\u2019avocat en charge dans la limite du bar\u00e8me qui vous a \u00e9t\u00e9 communiqu\u00e9 lors de la souscription du contrat.<\/li><\/ul>\n\n\n\n<p>Comme vous pouvez le constater, ce contrat est une v\u00e9ritable protection pour toute votre famille, que ce soit pour vous, votre conjoint, ou encore vos enfants fiscalement \u00e0 charge.<\/p>\n\n\n\n<p><strong><u>Garanties pr\u00e9vues au contrat pour les litiges relatifs \u00e0 votre vie priv\u00e9e&nbsp;:<\/u><\/strong><\/p>\n\n\n\n<ul class=\"wp-block-list\"><li><strong>Garantie Consommation <\/strong>(<em><span style=\"color:#009acc\" class=\"has-inline-color\">ex&nbsp;: Litige suite \u00e0 l\u2019achat, vente ou livraison d\u2019un bien mobilier<\/span><\/em>)<\/li><li><strong>Garantie Emplois familiaux<\/strong> (<em><span style=\"color:#009acc\" class=\"has-inline-color\">ex&nbsp;: Litige avec une aide-m\u00e9nag\u00e8re, une assistante maternelle ou encore un jardinier<\/span><\/em>)<\/li><li><strong>Garantie Sant\u00e9<\/strong> (<span style=\"color:#009acc\" class=\"has-inline-color\"><em>ex&nbsp;:<\/em> <em>Litige avec votre m\u00e9decin ou un h\u00f4pital<\/em><\/span>)<\/li><li><strong>Garantie Habitation <\/strong>(<span style=\"color:#009acc\" class=\"has-inline-color\"><em>ex&nbsp;:<\/em> <em>Litige avec un voisin, le propri\u00e9taire de l\u2019immeuble, &nbsp;ou encore le syndicat de copropri\u00e9t\u00e9<\/em><\/span>)<\/li><li><strong>Garantie Travail Salari\u00e9<\/strong>&nbsp;(<em><span style=\"color:#009acc\" class=\"has-inline-color\">ex&nbsp;: Litige opposant l\u2019assur\u00e9 \u00e0 son employeur<\/span><\/em>)<\/li><li><strong>Garantie V\u00e9hicule <\/strong>(<span style=\"color:#009acc\" class=\"has-inline-color\">ex&nbsp;: <em>Litige lors d\u2019un achat, d\u2019une location, pendant un entretien, ou apr\u00e8s une r\u00e9paration<\/em><\/span>)<\/li><\/ul>\n\n\n\n<p><strong><u>Mais aussi<\/u><\/strong>&nbsp;:<\/p>\n\n\n\n<ul class=\"wp-block-list\"><li><strong>Garantie Scolarit\u00e9, le sport et les loisirs<\/strong> (<em><span style=\"color:#009acc\" class=\"has-inline-color\">ex&nbsp;: Litige li\u00e9 \u00e0 la scolarit\u00e9, pratique d\u2019un sport amateur, d\u00e9placement touristique ou encore lors d\u2019une location saisonni\u00e8re<\/span><\/em>)<\/li><\/ul>\n\n\n\n<ul class=\"wp-block-list\"><li><strong>Garantie Prestations sociales<\/strong> (<em><span style=\"color:#009acc\" class=\"has-inline-color\">ex&nbsp;: Litiges relatifs aux r\u00e9clamations et contestations aff\u00e9rentes aux prestations et indemnit\u00e9s devant \u00eatre vers\u00e9es \u00e0 l\u2019assur\u00e9 par ses caisses retraites ou de pr\u00e9voyance, par sa caisse de S\u00e9curit\u00e9 sociale ou allocations familiales mais encore par p\u00f4le emploi<\/span><\/em>)<\/li><\/ul>\n\n\n\n<ul class=\"wp-block-list\"><li><strong>Garantie Permis de conduire <\/strong>(<span style=\"color:#009acc\" class=\"has-inline-color\">ex&nbsp;: <em>un stage de r\u00e9cup\u00e9ration de point<\/em><\/span>)<\/li><\/ul>\n\n\n\n<ul class=\"wp-block-list\"><li><strong>Garantie du Digital<\/strong> (<em><span style=\"color:#009acc\" class=\"has-inline-color\">ex&nbsp;: op\u00e9ration de nettoyage par un professionnel du web en cas de probl\u00e8me d\u2019e-r\u00e9putation, ou en cas d\u2019usurpation d\u2019identit\u00e9<\/span><\/em>)<\/li><\/ul>\n\n\n\n<ul class=\"wp-block-list\"><li><strong>Garantie Protection tous accidents<\/strong> (<em><span style=\"color:#009acc\" class=\"has-inline-color\">ex&nbsp;: si vous \u00eates victime d\u2019une infraction p\u00e9nale<\/span><\/em>)<\/li><\/ul>\n\n\n\n<p><strong><u>Vous avez aussi la possibilit\u00e9 de compl\u00e9ter votre protection juridique avec des garanties optionnelles, telles que&nbsp;<\/u><\/strong>:<\/p>\n\n\n\n<ul class=\"wp-block-list\"><li><strong>La fiscalit\u00e9<\/strong> (<em><span style=\"color:#009acc\" class=\"has-inline-color\">ex&nbsp;: Litige relatif aux imp\u00f4ts locaux avec la prise en charge des frais et honoraires du conseil qui assiste l\u2019assur\u00e9<\/span><\/em>)<\/li><\/ul>\n\n\n\n<ul class=\"wp-block-list\"><li><strong>Le droit de la famille et des successions <\/strong>(<em><span style=\"color:#009acc\" class=\"has-inline-color\">ex&nbsp;: Litige en cas de divorce, donation, garde d\u2019enfants ou encore en cas de refus d\u2019adoption<\/span><\/em>)<\/li><\/ul>\n\n\n\n<ul class=\"wp-block-list\"><li><strong>La construction immobili\u00e8re<\/strong> (<em><span style=\"color:#009acc\" class=\"has-inline-color\">ex&nbsp;: Litige relatif aux travaux, ou avec les architectes<\/span><\/em>)<\/li><\/ul>\n\n\n\n<ul class=\"wp-block-list\"><li><strong>Le patrimoine \u00e0 usage locatif<\/strong> (baux d\u2019habitation et autres baux) (<em><span style=\"color:#009acc\" class=\"has-inline-color\">ex&nbsp;: Litige li\u00e9 \u00e0 la mitoyennet\u00e9, travaux d\u2019entretien, r\u00e9paration, construction ou de r\u00e9novation mais encore litige cons\u00e9cutif \u00e0 l\u2019achat ou la vente de son bien immobilier locatif<\/span><\/em>)<\/li><\/ul>\n\n\n\n<p class=\"has-text-align-center\"><strong>De plus, lors de la souscription du contrat, vous avez la possibilit\u00e9 de choisir une option qui permet de doubler le montant des garanties choisies.<\/strong><\/p>\n\n\n\n<p><strong><u>Les limites au contrat<\/u><\/strong><em> :<\/em><\/p>\n\n\n\n<ul class=\"wp-block-list\"><li>La pr\u00e9sence d\u2019un plafond de garantie pour l\u2019ensemble des sinistres, avec une possibilit\u00e9 de le doubler lors de la souscription du contrat.<\/li><li>Le seuil d\u2019intervention judiciaire en dessous duquel l\u2019assureur n\u2019intervient pas.<\/li><\/ul>\n\n\n\n<p><strong><u>Ce que la Protection Juridique Vie priv\u00e9e ne garantit pas<\/u><\/strong>&nbsp;:<\/p>\n\n\n\n<ul class=\"wp-block-list\"><li>Les litiges relevant de la vie professionnelle non-salari\u00e9e.<\/li><li>Les litiges dont l\u2019assur\u00e9 avait connaissance avant la date de souscription.<\/li><li>Les litiges d\u00e9coulant d\u2019un surendettement ou d\u2019insolvabilit\u00e9.<\/li><\/ul>\n\n\n\n<p><strong><u>Conclusion<\/u><\/strong>&nbsp;:<\/p>\n\n\n\n<p>Comme vous pouvez le constater, la Protection Juridique Vie Priv\u00e9e est un contrat indispensable, permettant de vous prot\u00e9ger vous et votre famille, en cas de litige avec un tiers.<\/p>\n\n\n\n<p>De plus, la Protection Juridique vous permet de pr\u00e9server vos droits plus facilement, car les frais \u00e9tant \u00e9lev\u00e9s, beaucoup d\u2019entre vous renoncent \u00e0 se d\u00e9fendre, craignant de ne pas pouvoir faire face financi\u00e8rement.<\/p>\n\n\n\n<p class=\"has-text-align-center\"><strong>Souscrire une Protection Juridique Vie Priv\u00e9e est donc un choix pertinent, vous permettant d\u2019avoir l\u2019esprit tranquille en cas de litige.<\/strong><\/p>\n\n\n\n<div class=\"wp-block-image\"><figure class=\"aligncenter size-large is-resized\"><img loading=\"lazy\" decoding=\"async\" src=\"https:\/\/aca-pl.com\/wp-content\/uploads\/2021\/02\/Image-1-1024x768.jpg\" alt=\"\" class=\"wp-image-2802\" width=\"371\" height=\"278\" srcset=\"https:\/\/aca-pl.com\/wp-content\/uploads\/2021\/02\/Image-1-1024x768.jpg 1024w, https:\/\/aca-pl.com\/wp-content\/uploads\/2021\/02\/Image-1-300x225.jpg 300w, https:\/\/aca-pl.com\/wp-content\/uploads\/2021\/02\/Image-1-768x576.jpg 768w, https:\/\/aca-pl.com\/wp-content\/uploads\/2021\/02\/Image-1-1536x1152.jpg 1536w, https:\/\/aca-pl.com\/wp-content\/uploads\/2021\/02\/Image-1.jpg 1920w\" sizes=\"auto, (max-width: 371px) 100vw, 371px\" \/><\/figure><\/div>\n\n\n\n<p class=\"has-text-align-center has-text-color\" style=\"color:#009acc\">\u00ab\u00a0<strong>La survenance d\u2019un litige avec un ou plusieurs tiers ne peut \u00eatre pr\u00e9visible, faites en sorte d\u2019\u00eatre prot\u00e9g\u00e9 en cas de conflit\u00a0\u00bb<\/strong><\/p>\n\n\n\n<p><strong><span style=\"text-decoration: underline;\">Pour recevoir un projet, vous pouvez compl\u00e9ter le questionnaire ci-dessous&nbsp;:<\/span><\/strong><\/p>\n\n\n\n<h4 class=\"has-text-align-center wp-block-heading\"><strong><a href=\"https:\/\/aca-pl.com\/?page_id=2810\"><span style=\"color:#99cc66\" class=\"has-inline-color\">QUESTIONNAIRE PROTECTION JURIDIQUE<\/span><\/a><\/strong><\/h4>\n\n\n\n<p><strong><u>Pour toute demande d\u2019informations:<\/u><\/strong><\/p>\n\n\n\n<p>Vous pouvez nous contacter par t\u00e9l\u00e9phone au 02 41 09 77 32 ou par visioconf\u00e9rence, par notre <a href=\"https:\/\/aca-pl.com\/?page_id=181\">formulaire de contact<\/a>, ou par mail&nbsp;: <a href=\"mailto:info@aca-pl.com\">info@aca-pl.com<\/a><\/p>\n\n\n\n<div class=\"wp-block-image\"><figure class=\"aligncenter size-large is-resized\"><img loading=\"lazy\" decoding=\"async\" src=\"https:\/\/aca-pl.com\/wp-content\/uploads\/2019\/11\/cropped-ACA-15pxX15px-1-6.png\" alt=\"\" class=\"wp-image-507\" width=\"129\" height=\"129\" srcset=\"https:\/\/aca-pl.com\/wp-content\/uploads\/2019\/11\/cropped-ACA-15pxX15px-1-6.png 512w, https:\/\/aca-pl.com\/wp-content\/uploads\/2019\/11\/cropped-ACA-15pxX15px-1-6-300x300.png 300w, https:\/\/aca-pl.com\/wp-content\/uploads\/2019\/11\/cropped-ACA-15pxX15px-1-6-150x150.png 150w, https:\/\/aca-pl.com\/wp-content\/uploads\/2019\/11\/cropped-ACA-15pxX15px-1-6-50x50.png 50w, https:\/\/aca-pl.com\/wp-content\/uploads\/2019\/11\/cropped-ACA-15pxX15px-1-6-270x270.png 270w, https:\/\/aca-pl.com\/wp-content\/uploads\/2019\/11\/cropped-ACA-15pxX15px-1-6-192x192.png 192w, https:\/\/aca-pl.com\/wp-content\/uploads\/2019\/11\/cropped-ACA-15pxX15px-1-6-180x180.png 180w, https:\/\/aca-pl.com\/wp-content\/uploads\/2019\/11\/cropped-ACA-15pxX15px-1-6-32x32.png 32w\" sizes=\"auto, (max-width: 129px) 100vw, 129px\" \/><\/figure><\/div>\n\n\n\n<p class=\"has-text-align-center\"><strong>Quand la passion est un m\u00e9tier<\/strong><\/p>\n","protected":false},"excerpt":{"rendered":"<p>QUESTIONNAIRE PROTECTION JURIDIQUE Aujourd\u2019hui, la Protection Juridique Vie Priv\u00e9e est un vrai produit d\u2019assurance, souvent d\u00e9laiss\u00e9, parce qu\u2019une grande majorit\u00e9 de personnes pense \u00eatre suffisamment prot\u00e9g\u00e9e par la garantie \u00ab&nbsp;D\u00e9fense p\u00e9nale et recours&nbsp;\u00bb de leur contrat Multirisque Habitation. Pourtant, souscrire une Protection Juridique Vie priv\u00e9 est beaucoup plus avantageux puisque le contrat est plus complet, &hellip; <a href=\"https:\/\/aca-pl.com\/?page_id=2800\" class=\"more-link\">Continuer la lecture de <span class=\"screen-reader-text\">LA PROTECTION JURIDIQUE VIE PRIV\u00c9E<\/span>  <span class=\"meta-nav\">&rarr;<\/span><\/a><\/p>\n","protected":false},"author":1,"featured_media":2801,"parent":0,"menu_order":0,"comment_status":"closed","ping_status":"closed","template":"","meta":{"_bbp_topic_count":0,"_bbp_reply_count":0,"_bbp_total_topic_count":0,"_bbp_total_reply_count":0,"_bbp_voice_count":0,"_bbp_anonymous_reply_count":0,"_bbp_topic_count_hidden":0,"_bbp_reply_count_hidden":0,"_bbp_forum_subforum_count":0,"_monsterinsights_skip_tracking":false,"_monsterinsights_sitenote_active":false,"_monsterinsights_sitenote_note":"","_monsterinsights_sitenote_category":0,"_themeisle_gutenberg_block_has_review":false,"footnotes":""},"class_list":["post-2800","page","type-page","status-publish","has-post-thumbnail","hentry"],"yoast_head":"<!-- This site is optimized with the Yoast SEO plugin v24.9 - https:\/\/yoast.com\/wordpress\/plugins\/seo\/ -->\n<title>LA PROTECTION JURIDIQUE VIE PRIV\u00c9E -<\/title>\n<meta name=\"description\" content=\"Aujourd\u2019hui, la Protection Juridique Vie Priv\u00e9e est un vrai produit d\u2019assurance, souvent d\u00e9laiss\u00e9, parce qu\u2019une grande majorit\u00e9 de personnes pense \u00eatre suffisamment prot\u00e9g\u00e9e par la garantie \u00ab D\u00e9fense p\u00e9nale et recours \u00bb de leur contrat Multirisque Habitation.\" \/>\n<meta name=\"robots\" content=\"index, follow, max-snippet:-1, max-image-preview:large, max-video-preview:-1\" \/>\n<link rel=\"canonical\" href=\"https:\/\/aca-pl.com\/?page_id=2800\" \/>\n<meta property=\"og:locale\" content=\"fr_FR\" \/>\n<meta property=\"og:type\" content=\"article\" \/>\n<meta property=\"og:title\" content=\"LA PROTECTION JURIDIQUE VIE PRIV\u00c9E -\" \/>\n<meta property=\"og:description\" content=\"Aujourd\u2019hui, la Protection Juridique Vie Priv\u00e9e est un vrai produit d\u2019assurance, souvent d\u00e9laiss\u00e9, parce qu\u2019une grande majorit\u00e9 de personnes pense \u00eatre suffisamment prot\u00e9g\u00e9e par la garantie \u00ab D\u00e9fense p\u00e9nale et recours \u00bb de leur contrat Multirisque Habitation.\" \/>\n<meta property=\"og:url\" content=\"https:\/\/aca-pl.com\/?page_id=2800\" \/>\n<meta property=\"article:publisher\" content=\"https:\/\/www.facebook.com\/groups\/1773349446235806\/?ref=bookmarks\" \/>\n<meta property=\"article:modified_time\" content=\"2021-02-18T11:15:32+00:00\" \/>\n<meta property=\"og:image\" content=\"https:\/\/aca-pl.com\/wp-content\/uploads\/2021\/02\/Image-2.jpg\" \/>\n\t<meta property=\"og:image:width\" content=\"1920\" \/>\n\t<meta property=\"og:image:height\" content=\"1439\" \/>\n\t<meta property=\"og:image:type\" content=\"image\/jpeg\" \/>\n<meta name=\"twitter:card\" content=\"summary_large_image\" \/>\n<meta name=\"twitter:site\" content=\"@AssistanceAudit\" \/>\n<meta name=\"twitter:label1\" content=\"Dur\u00e9e de lecture estim\u00e9e\" \/>\n\t<meta name=\"twitter:data1\" content=\"4 minutes\" \/>\n<script type=\"application\/ld+json\" class=\"yoast-schema-graph\">{\"@context\":\"https:\/\/schema.org\",\"@graph\":[{\"@type\":\"WebPage\",\"@id\":\"https:\/\/aca-pl.com\/?page_id=2800\",\"url\":\"https:\/\/aca-pl.com\/?page_id=2800\",\"name\":\"LA PROTECTION JURIDIQUE VIE PRIV\u00c9E -\",\"isPartOf\":{\"@id\":\"https:\/\/aca-pl.com\/#website\"},\"primaryImageOfPage\":{\"@id\":\"https:\/\/aca-pl.com\/?page_id=2800#primaryimage\"},\"image\":{\"@id\":\"https:\/\/aca-pl.com\/?page_id=2800#primaryimage\"},\"thumbnailUrl\":\"https:\/\/aca-pl.com\/wp-content\/uploads\/2021\/02\/Image-2.jpg\",\"datePublished\":\"2021-02-18T11:08:57+00:00\",\"dateModified\":\"2021-02-18T11:15:32+00:00\",\"description\":\"Aujourd\u2019hui, la Protection Juridique Vie Priv\u00e9e est un vrai produit d\u2019assurance, souvent d\u00e9laiss\u00e9, parce qu\u2019une grande majorit\u00e9 de personnes pense \u00eatre suffisamment prot\u00e9g\u00e9e par la garantie \u00ab D\u00e9fense p\u00e9nale et recours \u00bb de leur contrat Multirisque Habitation.\",\"breadcrumb\":{\"@id\":\"https:\/\/aca-pl.com\/?page_id=2800#breadcrumb\"},\"inLanguage\":\"fr-FR\",\"potentialAction\":[{\"@type\":\"ReadAction\",\"target\":[\"https:\/\/aca-pl.com\/?page_id=2800\"]}]},{\"@type\":\"ImageObject\",\"inLanguage\":\"fr-FR\",\"@id\":\"https:\/\/aca-pl.com\/?page_id=2800#primaryimage\",\"url\":\"https:\/\/aca-pl.com\/wp-content\/uploads\/2021\/02\/Image-2.jpg\",\"contentUrl\":\"https:\/\/aca-pl.com\/wp-content\/uploads\/2021\/02\/Image-2.jpg\",\"width\":1920,\"height\":1439},{\"@type\":\"BreadcrumbList\",\"@id\":\"https:\/\/aca-pl.com\/?page_id=2800#breadcrumb\",\"itemListElement\":[{\"@type\":\"ListItem\",\"position\":1,\"name\":\"Accueil\",\"item\":\"https:\/\/aca-pl.com\/\"},{\"@type\":\"ListItem\",\"position\":2,\"name\":\"LA PROTECTION JURIDIQUE VIE PRIV\u00c9E\"}]},{\"@type\":\"WebSite\",\"@id\":\"https:\/\/aca-pl.com\/#website\",\"url\":\"https:\/\/aca-pl.com\/\",\"name\":\"\",\"description\":\"Quand la passion est un m\u00e9tier\",\"publisher\":{\"@id\":\"https:\/\/aca-pl.com\/#organization\"},\"potentialAction\":[{\"@type\":\"SearchAction\",\"target\":{\"@type\":\"EntryPoint\",\"urlTemplate\":\"https:\/\/aca-pl.com\/?s={search_term_string}\"},\"query-input\":{\"@type\":\"PropertyValueSpecification\",\"valueRequired\":true,\"valueName\":\"search_term_string\"}}],\"inLanguage\":\"fr-FR\"},{\"@type\":\"Organization\",\"@id\":\"https:\/\/aca-pl.com\/#organization\",\"name\":\"AUDIT CONSEIL ASSISTANCE\",\"url\":\"https:\/\/aca-pl.com\/\",\"logo\":{\"@type\":\"ImageObject\",\"inLanguage\":\"fr-FR\",\"@id\":\"https:\/\/aca-pl.com\/#\/schema\/logo\/image\/\",\"url\":\"https:\/\/aca-pl.com\/wp-content\/uploads\/2019\/11\/ACA-15pxX15px-1.png\",\"contentUrl\":\"https:\/\/aca-pl.com\/wp-content\/uploads\/2019\/11\/ACA-15pxX15px-1.png\",\"width\":125,\"height\":125,\"caption\":\"AUDIT CONSEIL ASSISTANCE\"},\"image\":{\"@id\":\"https:\/\/aca-pl.com\/#\/schema\/logo\/image\/\"},\"sameAs\":[\"https:\/\/www.facebook.com\/groups\/1773349446235806\/?ref=bookmarks\",\"https:\/\/x.com\/AssistanceAudit\",\"http:\/\/www.linkedin.com\/in\/philippe-b-7a43b342\"]}]}<\/script>\n<!-- \/ Yoast SEO plugin. -->","yoast_head_json":{"title":"LA PROTECTION JURIDIQUE VIE PRIV\u00c9E -","description":"Aujourd\u2019hui, la Protection Juridique Vie Priv\u00e9e est un vrai produit d\u2019assurance, souvent d\u00e9laiss\u00e9, parce qu\u2019une grande majorit\u00e9 de personnes pense \u00eatre suffisamment prot\u00e9g\u00e9e par la garantie \u00ab D\u00e9fense p\u00e9nale et recours \u00bb de leur contrat Multirisque Habitation.","robots":{"index":"index","follow":"follow","max-snippet":"max-snippet:-1","max-image-preview":"max-image-preview:large","max-video-preview":"max-video-preview:-1"},"canonical":"https:\/\/aca-pl.com\/?page_id=2800","og_locale":"fr_FR","og_type":"article","og_title":"LA PROTECTION JURIDIQUE VIE PRIV\u00c9E -","og_description":"Aujourd\u2019hui, la Protection Juridique Vie Priv\u00e9e est un vrai produit d\u2019assurance, souvent d\u00e9laiss\u00e9, parce qu\u2019une grande majorit\u00e9 de personnes pense \u00eatre suffisamment prot\u00e9g\u00e9e par la garantie \u00ab D\u00e9fense p\u00e9nale et recours \u00bb de leur contrat Multirisque Habitation.","og_url":"https:\/\/aca-pl.com\/?page_id=2800","article_publisher":"https:\/\/www.facebook.com\/groups\/1773349446235806\/?ref=bookmarks","article_modified_time":"2021-02-18T11:15:32+00:00","og_image":[{"width":1920,"height":1439,"url":"https:\/\/aca-pl.com\/wp-content\/uploads\/2021\/02\/Image-2.jpg","type":"image\/jpeg"}],"twitter_card":"summary_large_image","twitter_site":"@AssistanceAudit","twitter_misc":{"Dur\u00e9e de lecture estim\u00e9e":"4 minutes"},"schema":{"@context":"https:\/\/schema.org","@graph":[{"@type":"WebPage","@id":"https:\/\/aca-pl.com\/?page_id=2800","url":"https:\/\/aca-pl.com\/?page_id=2800","name":"LA PROTECTION JURIDIQUE VIE PRIV\u00c9E -","isPartOf":{"@id":"https:\/\/aca-pl.com\/#website"},"primaryImageOfPage":{"@id":"https:\/\/aca-pl.com\/?page_id=2800#primaryimage"},"image":{"@id":"https:\/\/aca-pl.com\/?page_id=2800#primaryimage"},"thumbnailUrl":"https:\/\/aca-pl.com\/wp-content\/uploads\/2021\/02\/Image-2.jpg","datePublished":"2021-02-18T11:08:57+00:00","dateModified":"2021-02-18T11:15:32+00:00","description":"Aujourd\u2019hui, la Protection Juridique Vie Priv\u00e9e est un vrai produit d\u2019assurance, souvent d\u00e9laiss\u00e9, parce qu\u2019une grande majorit\u00e9 de personnes pense \u00eatre suffisamment prot\u00e9g\u00e9e par la garantie \u00ab D\u00e9fense p\u00e9nale et recours \u00bb de leur contrat Multirisque Habitation.","breadcrumb":{"@id":"https:\/\/aca-pl.com\/?page_id=2800#breadcrumb"},"inLanguage":"fr-FR","potentialAction":[{"@type":"ReadAction","target":["https:\/\/aca-pl.com\/?page_id=2800"]}]},{"@type":"ImageObject","inLanguage":"fr-FR","@id":"https:\/\/aca-pl.com\/?page_id=2800#primaryimage","url":"https:\/\/aca-pl.com\/wp-content\/uploads\/2021\/02\/Image-2.jpg","contentUrl":"https:\/\/aca-pl.com\/wp-content\/uploads\/2021\/02\/Image-2.jpg","width":1920,"height":1439},{"@type":"BreadcrumbList","@id":"https:\/\/aca-pl.com\/?page_id=2800#breadcrumb","itemListElement":[{"@type":"ListItem","position":1,"name":"Accueil","item":"https:\/\/aca-pl.com\/"},{"@type":"ListItem","position":2,"name":"LA PROTECTION JURIDIQUE VIE PRIV\u00c9E"}]},{"@type":"WebSite","@id":"https:\/\/aca-pl.com\/#website","url":"https:\/\/aca-pl.com\/","name":"","description":"Quand la passion est un m\u00e9tier","publisher":{"@id":"https:\/\/aca-pl.com\/#organization"},"potentialAction":[{"@type":"SearchAction","target":{"@type":"EntryPoint","urlTemplate":"https:\/\/aca-pl.com\/?s={search_term_string}"},"query-input":{"@type":"PropertyValueSpecification","valueRequired":true,"valueName":"search_term_string"}}],"inLanguage":"fr-FR"},{"@type":"Organization","@id":"https:\/\/aca-pl.com\/#organization","name":"AUDIT CONSEIL ASSISTANCE","url":"https:\/\/aca-pl.com\/","logo":{"@type":"ImageObject","inLanguage":"fr-FR","@id":"https:\/\/aca-pl.com\/#\/schema\/logo\/image\/","url":"https:\/\/aca-pl.com\/wp-content\/uploads\/2019\/11\/ACA-15pxX15px-1.png","contentUrl":"https:\/\/aca-pl.com\/wp-content\/uploads\/2019\/11\/ACA-15pxX15px-1.png","width":125,"height":125,"caption":"AUDIT CONSEIL ASSISTANCE"},"image":{"@id":"https:\/\/aca-pl.com\/#\/schema\/logo\/image\/"},"sameAs":["https:\/\/www.facebook.com\/groups\/1773349446235806\/?ref=bookmarks","https:\/\/x.com\/AssistanceAudit","http:\/\/www.linkedin.com\/in\/philippe-b-7a43b342"]}]}},"_links":{"self":[{"href":"https:\/\/aca-pl.com\/index.php?rest_route=\/wp\/v2\/pages\/2800","targetHints":{"allow":["GET"]}}],"collection":[{"href":"https:\/\/aca-pl.com\/index.php?rest_route=\/wp\/v2\/pages"}],"about":[{"href":"https:\/\/aca-pl.com\/index.php?rest_route=\/wp\/v2\/types\/page"}],"author":[{"embeddable":true,"href":"https:\/\/aca-pl.com\/index.php?rest_route=\/wp\/v2\/users\/1"}],"replies":[{"embeddable":true,"href":"https:\/\/aca-pl.com\/index.php?rest_route=%2Fwp%2Fv2%2Fcomments&post=2800"}],"version-history":[{"count":12,"href":"https:\/\/aca-pl.com\/index.php?rest_route=\/wp\/v2\/pages\/2800\/revisions"}],"predecessor-version":[{"id":2823,"href":"https:\/\/aca-pl.com\/index.php?rest_route=\/wp\/v2\/pages\/2800\/revisions\/2823"}],"wp:featuredmedia":[{"embeddable":true,"href":"https:\/\/aca-pl.com\/index.php?rest_route=\/wp\/v2\/media\/2801"}],"wp:attachment":[{"href":"https:\/\/aca-pl.com\/index.php?rest_route=%2Fwp%2Fv2%2Fmedia&parent=2800"}],"curies":[{"name":"wp","href":"https:\/\/api.w.org\/{rel}","templated":true}]}}