{"id":273,"date":"2020-01-22T14:43:17","date_gmt":"2020-01-22T13:43:17","guid":{"rendered":"https:\/\/aca-pl.com\/?page_id=273"},"modified":"2020-12-22T10:17:36","modified_gmt":"2020-12-22T09:17:36","slug":"bris-de-machine","status":"publish","type":"page","link":"https:\/\/aca-pl.com\/?page_id=273","title":{"rendered":"BRIS DE MACHINE"},"content":{"rendered":"\r\n<div id=\"wp-block-themeisle-blocks-advanced-columns-8f772bd3\" class=\"wp-block-themeisle-blocks-advanced-columns has-1-columns has-desktop-equal-layout has-tablet-equal-layout has-mobile-equal-layout has-default-gap has-vertical-unset\">\r\n<div class=\"wp-block-themeisle-blocks-advanced-columns-overlay\">\u00a0<\/div>\r\n<div class=\"innerblocks-wrap\">\r\n<div id=\"wp-block-themeisle-blocks-advanced-column-490be288\" class=\"wp-block-themeisle-blocks-advanced-column\">\r\n<div class=\"wp-block-group\">\r\n<div class=\"wp-block-group__inner-container is-layout-flow wp-block-group-is-layout-flow\">\r\n<div class=\"wp-block-group\">\r\n<div class=\"wp-block-group__inner-container is-layout-flow wp-block-group-is-layout-flow\">\r\n<p>Le bris de machine est une garantie indispensable dans un programme d&rsquo;assurances.<\/p>\r\n\r\n\r\n\r\n<p>Toutefois, si le mat\u00e9riel informatique est le plus souvent assur\u00e9 au titre des MULTIRISQUES PROFESSIONNELLES, les autres mat\u00e9riels sont souvent oubli\u00e9s.<\/p>\r\n\r\n\r\n\r\n<p>Or l&rsquo;ensemble du parc de machines d&rsquo;une entreprise peut et doit \u00eatre assur\u00e9.<\/p>\r\n<\/div>\r\n<\/div>\r\n<\/div>\r\n<\/div>\r\n\r\n\r\n\r\n<p class=\"ul {list-style: none} ul li { background-image: url(&quot;lien-vers-votre-image&quot;); background-repeat: none; background-position: 0 0.5em; }\">Les diff\u00e9rents dommages que peuvent rencontrer votre parc sont, par exemple:<\/p>\r\n\r\n\r\n\r\n<ul class=\"wp-block-list\">\r\n<li>Un bris de machine externe apr\u00e8s un choc ,<\/li>\r\n<li>Une erreur humaine provoquant des dommages sur le mat\u00e9riel utilis\u00e9,<\/li>\r\n<li>Un incendie d&rsquo;origine interne ou externe,<\/li>\r\n<li>Des dommages \u00e9lectriques, etc&#8230;<\/li>\r\n<\/ul>\r\n\r\n\r\n\r\n<p>Ces dommages peuvent entrainer aussi bien des pertes de donn\u00e9es, que des frais suppl\u00e9mentaires ou encore des pertes d&rsquo;exploitation<\/p>\r\n\r\n\r\n\r\n<p>Certes, l&rsquo;assurance BRIS DE MACHINE vous indemnisera de vos dommages dans la plupart des cas.<\/p>\r\n\r\n\r\n\r\n<p>Cependant il faut pr\u00e9voir en amont les dispositions \u00e0 mettre en place pour limiter les pertes, que ce soit vis \u00e0 vis des clients, ou vis \u00e0 vis des sous-traitants pour \u00e9viter une fuite du savoir faire de l&rsquo;entreprise.<\/p>\r\n\r\n\r\n\r\n<p>En r\u00e9sum\u00e9, non seulement une garantie BRIS DE MACHINE s&rsquo;av\u00e8re n\u00e9cessaire dans un programme d&rsquo;assurances, mais elle peut permettre d&rsquo;assurer la p\u00e9rennit\u00e9 d&rsquo;une entreprise en cas de sinistre majeur.<\/p>\r\n\r\n\r\n\r\n<p><strong><span style=\"text-decoration: underline;\">Pour toute demande d&rsquo;informations:<\/span><\/strong><\/p>\r\n\r\n\r\n\r\n<p>Vous pouvez nous contacter par <a href=\"mailto:info@aca-pl.com\">mail<\/a> ou par t\u00e9l\u00e9phone au\u00a0 <strong>02 41 09 77 32<\/strong> ou par notre <a href=\"https:\/\/aca-pl.com\/?page_id=181\">formulaire<\/a> de contact<\/p>\r\n\r\n\r\n\r\n<div class=\"wp-block-image\" style=\"text-align: center;\">\r\n<figure class=\"aligncenter size-large\"><img loading=\"lazy\" decoding=\"async\" width=\"125\" height=\"125\" class=\"wp-image-33 aligncenter\" src=\"https:\/\/aca-pl.com\/wp-content\/uploads\/2019\/11\/ACA-15pxX15px-1.png\" alt=\"\" \/><strong>Quand la passion est un m\u00e9tier<\/strong><\/figure>\r\n<\/div>\r\n<\/div>\r\n<\/div>\r\n<\/div>\r\n\r\n\r\n","protected":false},"excerpt":{"rendered":"","protected":false},"author":1,"featured_media":2638,"parent":134,"menu_order":0,"comment_status":"closed","ping_status":"closed","template":"","meta":{"_bbp_topic_count":0,"_bbp_reply_count":0,"_bbp_total_topic_count":0,"_bbp_total_reply_count":0,"_bbp_voice_count":0,"_bbp_anonymous_reply_count":0,"_bbp_topic_count_hidden":0,"_bbp_reply_count_hidden":0,"_bbp_forum_subforum_count":0,"_monsterinsights_skip_tracking":false,"_monsterinsights_sitenote_active":false,"_monsterinsights_sitenote_note":"","_monsterinsights_sitenote_category":0,"_themeisle_gutenberg_block_has_review":false,"footnotes":""},"class_list":["post-273","page","type-page","status-publish","has-post-thumbnail","hentry"],"yoast_head":"<!-- This site is optimized with the Yoast SEO plugin v24.9 - https:\/\/yoast.com\/wordpress\/plugins\/seo\/ -->\n<title>BRIS DE MACHINE -<\/title>\n<meta name=\"description\" content=\"Le bris de machine est une garantie indispensable dans un programme d&#039;assurances.Toutefois, si le mat\u00e9riel informatique est le plus souvent assur\u00e9 au titre des MULTIRISQUES PROFESSIONNELLES, les autres mat\u00e9riels sont souvent oubli\u00e9s.\" \/>\n<meta name=\"robots\" content=\"index, follow, max-snippet:-1, max-image-preview:large, max-video-preview:-1\" \/>\n<link rel=\"canonical\" href=\"https:\/\/aca-pl.com\/?page_id=273\" \/>\n<meta property=\"og:locale\" content=\"fr_FR\" \/>\n<meta property=\"og:type\" content=\"article\" \/>\n<meta property=\"og:title\" content=\"BRIS DE MACHINE -\" \/>\n<meta property=\"og:description\" content=\"Le bris de machine est une garantie indispensable dans un programme d&#039;assurances.Toutefois, si le mat\u00e9riel informatique est le plus souvent assur\u00e9 au titre des MULTIRISQUES PROFESSIONNELLES, les autres mat\u00e9riels sont souvent oubli\u00e9s.\" \/>\n<meta property=\"og:url\" content=\"https:\/\/aca-pl.com\/?page_id=273\" \/>\n<meta property=\"article:publisher\" content=\"https:\/\/www.facebook.com\/groups\/1773349446235806\/?ref=bookmarks\" \/>\n<meta property=\"article:modified_time\" content=\"2020-12-22T09:17:36+00:00\" \/>\n<meta property=\"og:image\" content=\"https:\/\/aca-pl.com\/wp-content\/uploads\/2020\/12\/head-607480_1920.jpg\" \/>\n\t<meta property=\"og:image:width\" content=\"1920\" \/>\n\t<meta property=\"og:image:height\" content=\"1357\" \/>\n\t<meta property=\"og:image:type\" content=\"image\/jpeg\" \/>\n<meta name=\"twitter:card\" content=\"summary_large_image\" \/>\n<meta name=\"twitter:site\" content=\"@AssistanceAudit\" \/>\n<meta name=\"twitter:label1\" content=\"Dur\u00e9e de lecture estim\u00e9e\" \/>\n\t<meta name=\"twitter:data1\" content=\"1 minute\" \/>\n<script type=\"application\/ld+json\" class=\"yoast-schema-graph\">{\"@context\":\"https:\/\/schema.org\",\"@graph\":[{\"@type\":\"WebPage\",\"@id\":\"https:\/\/aca-pl.com\/?page_id=273\",\"url\":\"https:\/\/aca-pl.com\/?page_id=273\",\"name\":\"BRIS DE MACHINE -\",\"isPartOf\":{\"@id\":\"https:\/\/aca-pl.com\/#website\"},\"primaryImageOfPage\":{\"@id\":\"https:\/\/aca-pl.com\/?page_id=273#primaryimage\"},\"image\":{\"@id\":\"https:\/\/aca-pl.com\/?page_id=273#primaryimage\"},\"thumbnailUrl\":\"https:\/\/aca-pl.com\/wp-content\/uploads\/2020\/12\/head-607480_1920.jpg\",\"datePublished\":\"2020-01-22T13:43:17+00:00\",\"dateModified\":\"2020-12-22T09:17:36+00:00\",\"description\":\"Le bris de machine est une garantie indispensable dans un programme d'assurances.Toutefois, si le mat\u00e9riel informatique est le plus souvent assur\u00e9 au titre des MULTIRISQUES PROFESSIONNELLES, les autres mat\u00e9riels sont souvent oubli\u00e9s.\",\"breadcrumb\":{\"@id\":\"https:\/\/aca-pl.com\/?page_id=273#breadcrumb\"},\"inLanguage\":\"fr-FR\",\"potentialAction\":[{\"@type\":\"ReadAction\",\"target\":[\"https:\/\/aca-pl.com\/?page_id=273\"]}]},{\"@type\":\"ImageObject\",\"inLanguage\":\"fr-FR\",\"@id\":\"https:\/\/aca-pl.com\/?page_id=273#primaryimage\",\"url\":\"https:\/\/aca-pl.com\/wp-content\/uploads\/2020\/12\/head-607480_1920.jpg\",\"contentUrl\":\"https:\/\/aca-pl.com\/wp-content\/uploads\/2020\/12\/head-607480_1920.jpg\",\"width\":1920,\"height\":1357},{\"@type\":\"BreadcrumbList\",\"@id\":\"https:\/\/aca-pl.com\/?page_id=273#breadcrumb\",\"itemListElement\":[{\"@type\":\"ListItem\",\"position\":1,\"name\":\"Accueil\",\"item\":\"https:\/\/aca-pl.com\/\"},{\"@type\":\"ListItem\",\"position\":2,\"name\":\"ASSURANCES DES ENTREPRISES\",\"item\":\"https:\/\/aca-pl.com\/?page_id=134\"},{\"@type\":\"ListItem\",\"position\":3,\"name\":\"BRIS DE MACHINE\"}]},{\"@type\":\"WebSite\",\"@id\":\"https:\/\/aca-pl.com\/#website\",\"url\":\"https:\/\/aca-pl.com\/\",\"name\":\"\",\"description\":\"Quand la passion est un m\u00e9tier\",\"publisher\":{\"@id\":\"https:\/\/aca-pl.com\/#organization\"},\"potentialAction\":[{\"@type\":\"SearchAction\",\"target\":{\"@type\":\"EntryPoint\",\"urlTemplate\":\"https:\/\/aca-pl.com\/?s={search_term_string}\"},\"query-input\":{\"@type\":\"PropertyValueSpecification\",\"valueRequired\":true,\"valueName\":\"search_term_string\"}}],\"inLanguage\":\"fr-FR\"},{\"@type\":\"Organization\",\"@id\":\"https:\/\/aca-pl.com\/#organization\",\"name\":\"AUDIT CONSEIL ASSISTANCE\",\"url\":\"https:\/\/aca-pl.com\/\",\"logo\":{\"@type\":\"ImageObject\",\"inLanguage\":\"fr-FR\",\"@id\":\"https:\/\/aca-pl.com\/#\/schema\/logo\/image\/\",\"url\":\"https:\/\/aca-pl.com\/wp-content\/uploads\/2019\/11\/ACA-15pxX15px-1.png\",\"contentUrl\":\"https:\/\/aca-pl.com\/wp-content\/uploads\/2019\/11\/ACA-15pxX15px-1.png\",\"width\":125,\"height\":125,\"caption\":\"AUDIT CONSEIL ASSISTANCE\"},\"image\":{\"@id\":\"https:\/\/aca-pl.com\/#\/schema\/logo\/image\/\"},\"sameAs\":[\"https:\/\/www.facebook.com\/groups\/1773349446235806\/?ref=bookmarks\",\"https:\/\/x.com\/AssistanceAudit\",\"http:\/\/www.linkedin.com\/in\/philippe-b-7a43b342\"]}]}<\/script>\n<!-- \/ Yoast SEO plugin. -->","yoast_head_json":{"title":"BRIS DE MACHINE -","description":"Le bris de machine est une garantie indispensable dans un programme d'assurances.Toutefois, si le mat\u00e9riel informatique est le plus souvent assur\u00e9 au titre des MULTIRISQUES PROFESSIONNELLES, les autres mat\u00e9riels sont souvent oubli\u00e9s.","robots":{"index":"index","follow":"follow","max-snippet":"max-snippet:-1","max-image-preview":"max-image-preview:large","max-video-preview":"max-video-preview:-1"},"canonical":"https:\/\/aca-pl.com\/?page_id=273","og_locale":"fr_FR","og_type":"article","og_title":"BRIS DE MACHINE -","og_description":"Le bris de machine est une garantie indispensable dans un programme d'assurances.Toutefois, si le mat\u00e9riel informatique est le plus souvent assur\u00e9 au titre des MULTIRISQUES PROFESSIONNELLES, les autres mat\u00e9riels sont souvent oubli\u00e9s.","og_url":"https:\/\/aca-pl.com\/?page_id=273","article_publisher":"https:\/\/www.facebook.com\/groups\/1773349446235806\/?ref=bookmarks","article_modified_time":"2020-12-22T09:17:36+00:00","og_image":[{"width":1920,"height":1357,"url":"https:\/\/aca-pl.com\/wp-content\/uploads\/2020\/12\/head-607480_1920.jpg","type":"image\/jpeg"}],"twitter_card":"summary_large_image","twitter_site":"@AssistanceAudit","twitter_misc":{"Dur\u00e9e de lecture estim\u00e9e":"1 minute"},"schema":{"@context":"https:\/\/schema.org","@graph":[{"@type":"WebPage","@id":"https:\/\/aca-pl.com\/?page_id=273","url":"https:\/\/aca-pl.com\/?page_id=273","name":"BRIS DE MACHINE -","isPartOf":{"@id":"https:\/\/aca-pl.com\/#website"},"primaryImageOfPage":{"@id":"https:\/\/aca-pl.com\/?page_id=273#primaryimage"},"image":{"@id":"https:\/\/aca-pl.com\/?page_id=273#primaryimage"},"thumbnailUrl":"https:\/\/aca-pl.com\/wp-content\/uploads\/2020\/12\/head-607480_1920.jpg","datePublished":"2020-01-22T13:43:17+00:00","dateModified":"2020-12-22T09:17:36+00:00","description":"Le bris de machine est une garantie indispensable dans un programme d'assurances.Toutefois, si le mat\u00e9riel informatique est le plus souvent assur\u00e9 au titre des MULTIRISQUES PROFESSIONNELLES, les autres mat\u00e9riels sont souvent oubli\u00e9s.","breadcrumb":{"@id":"https:\/\/aca-pl.com\/?page_id=273#breadcrumb"},"inLanguage":"fr-FR","potentialAction":[{"@type":"ReadAction","target":["https:\/\/aca-pl.com\/?page_id=273"]}]},{"@type":"ImageObject","inLanguage":"fr-FR","@id":"https:\/\/aca-pl.com\/?page_id=273#primaryimage","url":"https:\/\/aca-pl.com\/wp-content\/uploads\/2020\/12\/head-607480_1920.jpg","contentUrl":"https:\/\/aca-pl.com\/wp-content\/uploads\/2020\/12\/head-607480_1920.jpg","width":1920,"height":1357},{"@type":"BreadcrumbList","@id":"https:\/\/aca-pl.com\/?page_id=273#breadcrumb","itemListElement":[{"@type":"ListItem","position":1,"name":"Accueil","item":"https:\/\/aca-pl.com\/"},{"@type":"ListItem","position":2,"name":"ASSURANCES DES ENTREPRISES","item":"https:\/\/aca-pl.com\/?page_id=134"},{"@type":"ListItem","position":3,"name":"BRIS DE MACHINE"}]},{"@type":"WebSite","@id":"https:\/\/aca-pl.com\/#website","url":"https:\/\/aca-pl.com\/","name":"","description":"Quand la passion est un m\u00e9tier","publisher":{"@id":"https:\/\/aca-pl.com\/#organization"},"potentialAction":[{"@type":"SearchAction","target":{"@type":"EntryPoint","urlTemplate":"https:\/\/aca-pl.com\/?s={search_term_string}"},"query-input":{"@type":"PropertyValueSpecification","valueRequired":true,"valueName":"search_term_string"}}],"inLanguage":"fr-FR"},{"@type":"Organization","@id":"https:\/\/aca-pl.com\/#organization","name":"AUDIT CONSEIL ASSISTANCE","url":"https:\/\/aca-pl.com\/","logo":{"@type":"ImageObject","inLanguage":"fr-FR","@id":"https:\/\/aca-pl.com\/#\/schema\/logo\/image\/","url":"https:\/\/aca-pl.com\/wp-content\/uploads\/2019\/11\/ACA-15pxX15px-1.png","contentUrl":"https:\/\/aca-pl.com\/wp-content\/uploads\/2019\/11\/ACA-15pxX15px-1.png","width":125,"height":125,"caption":"AUDIT CONSEIL ASSISTANCE"},"image":{"@id":"https:\/\/aca-pl.com\/#\/schema\/logo\/image\/"},"sameAs":["https:\/\/www.facebook.com\/groups\/1773349446235806\/?ref=bookmarks","https:\/\/x.com\/AssistanceAudit","http:\/\/www.linkedin.com\/in\/philippe-b-7a43b342"]}]}},"_links":{"self":[{"href":"https:\/\/aca-pl.com\/index.php?rest_route=\/wp\/v2\/pages\/273","targetHints":{"allow":["GET"]}}],"collection":[{"href":"https:\/\/aca-pl.com\/index.php?rest_route=\/wp\/v2\/pages"}],"about":[{"href":"https:\/\/aca-pl.com\/index.php?rest_route=\/wp\/v2\/types\/page"}],"author":[{"embeddable":true,"href":"https:\/\/aca-pl.com\/index.php?rest_route=\/wp\/v2\/users\/1"}],"replies":[{"embeddable":true,"href":"https:\/\/aca-pl.com\/index.php?rest_route=%2Fwp%2Fv2%2Fcomments&post=273"}],"version-history":[{"count":21,"href":"https:\/\/aca-pl.com\/index.php?rest_route=\/wp\/v2\/pages\/273\/revisions"}],"predecessor-version":[{"id":644,"href":"https:\/\/aca-pl.com\/index.php?rest_route=\/wp\/v2\/pages\/273\/revisions\/644"}],"up":[{"embeddable":true,"href":"https:\/\/aca-pl.com\/index.php?rest_route=\/wp\/v2\/pages\/134"}],"wp:featuredmedia":[{"embeddable":true,"href":"https:\/\/aca-pl.com\/index.php?rest_route=\/wp\/v2\/media\/2638"}],"wp:attachment":[{"href":"https:\/\/aca-pl.com\/index.php?rest_route=%2Fwp%2Fv2%2Fmedia&parent=273"}],"curies":[{"name":"wp","href":"https:\/\/api.w.org\/{rel}","templated":true}]}}