{"id":2681,"date":"2021-02-04T12:01:48","date_gmt":"2021-02-04T11:01:48","guid":{"rendered":"https:\/\/aca-pl.com\/?page_id=2681"},"modified":"2021-02-18T11:52:41","modified_gmt":"2021-02-18T10:52:41","slug":"objets-dart-et-de-collection","status":"publish","type":"page","link":"https:\/\/aca-pl.com\/?page_id=2681","title":{"rendered":"OBJETS D&rsquo;ART ET DE                  COLLECTION"},"content":{"rendered":"\n<p class=\"has-text-align-center\"><strong><a href=\"https:\/\/aca-pl.com\/?page_id=2690\">QUESTIONNAIRE \u00ab&nbsp;CONTRAT D\u2019OBJETS D\u2019ART OU DE COLLECTION&nbsp;\u00bb<\/a><\/strong><\/p>\n\n\n\n<p>Que vous soyez un particulier ou une entreprise, d\u00e9tenant un ou plusieurs objets d\u2019art ou de collection, il est important de les prot\u00e9ger contre les potentiels accidents qui peuvent se produire.<\/p>\n\n\n\n<p>En effet, un simple contrat de Multirisque n\u2019est pas suffisant pour la protection de vos objets de valeur.<\/p>\n\n\n\n<p>Il faut donc s\u2019orienter vers un contrat sp\u00e9cifique permettant d\u2019adapter les garanties \u00e0 votre situation et \u00e0 vos besoins, tant en termes de protection, qu\u2019en termes de pr\u00e9servation de vos objets d\u2019art et de collection.<\/p>\n\n\n\n<p>Nous sommes l\u00e0 pour vous conseiller&nbsp;!<\/p>\n\n\n\n<p><strong><u>Qui peut souscrire&nbsp;?<\/u><\/strong><\/p>\n\n\n\n<ul class=\"wp-block-list\"><li>Les collectionneurs d\u2019art ou d\u00e9tenteurs d\u2019objets de valeur, que ce soit en qualit\u00e9 de particulier ou d\u2019entreprise, \u00e0 conditions d\u2019\u00eatre propri\u00e9taires des \u0153uvres, ou qu\u2019ils aient sous leur garde une collection confi\u00e9e par un tiers.<\/li><\/ul>\n\n\n\n<p><strong><span style=\"text-decoration: underline;\">Sont donc concern\u00e9s&nbsp;:<\/span><\/strong><\/p>\n\n\n\n<ul class=\"wp-block-list\"><li> Les particuliers<\/li><li>Les galeries, exposants, photographes ou autres professionnels de l\u2019art pour leur stock permanent et les organisateurs d\u2019exposition.<\/li><li>Les bijoutiers, joailliers et les autres professionnels du \u00ab pr\u00e9cieux \u00bb.<\/li><li>Les restaurateurs d\u2019art, luthiers et antiquaires.<\/li><\/ul>\n\n\n\n<p><strong><u>Quels sont les diff\u00e9rents objets d\u2019art ou de collection assurables&nbsp;?<\/u><\/strong><\/p>\n\n\n\n<ul class=\"wp-block-list\"><li>Tableaux<\/li><li>Sculptures<\/li><li>Statues<\/li><li>Instrument de musique<\/li><li>Photographies<\/li><li> Bijoux \/ Joailleries<\/li><li>Mobiliers de valeur<\/li><li>etc\u2026<\/li><\/ul>\n\n\n\n<p><strong><u>Quelles sont les garanties pr\u00e9vues au contrat :<\/u><\/strong><\/p>\n\n\n\n<ul class=\"wp-block-list\"><li>Incendie<\/li><li>D\u00e9g\u00e2ts des eaux<\/li><li>Vol ou tentative de vol<\/li><li>Intemp\u00e9ries<\/li><li>Catastrophes naturelles<\/li><li>Dommages accidentels<\/li><li>Bris \/ Casse<\/li><li>D\u00e9pr\u00e9ciation apr\u00e8s un sinistre<\/li><\/ul>\n\n\n\n<p><strong><u>Le contrat pour vos objets d\u2019art et de collection vous propose aussi des options, telles que :<\/u><\/strong><\/p>\n\n\n\n<ul class=\"wp-block-list\"><li>Les frais de transport des objets pour une restauration, expertise ou exposition<\/li><li>La garantie&nbsp;: Foires \/ Expositions \/ Salons<\/li><li>Les frais de cl\u00f4ture provisoire ou de gardiennage des locaux&nbsp;apr\u00e8s sinistre.&nbsp;&nbsp;&nbsp;&nbsp;&nbsp;&nbsp;&nbsp;&nbsp;&nbsp;&nbsp;&nbsp;&nbsp;&nbsp;&nbsp;&nbsp;&nbsp;<\/li><li>Les \u0153uvres en ext\u00e9rieur<\/li><\/ul>\n\n\n\n<p><strong><u>Conclusion&nbsp;:<\/u><\/strong><\/p>\n\n\n\n<p>Vos objets d\u2019art et de collection m\u00e9ritent qu\u2019on leur apporte toute l\u2019attention et le soin n\u00e9cessaire \u00e0 leur pr\u00e9servation afin d\u2019\u00e9viter au mieux les risques de d\u00e9t\u00e9rioration.<\/p>\n\n\n\n<div class=\"wp-block-image\"><figure class=\"aligncenter size-large is-resized\"><img loading=\"lazy\" decoding=\"async\" src=\"https:\/\/aca-pl.com\/wp-content\/uploads\/2021\/02\/sculpture-1225487_1920-1024x673.jpg\" alt=\"\" class=\"wp-image-2688\" width=\"380\" height=\"249\" srcset=\"https:\/\/aca-pl.com\/wp-content\/uploads\/2021\/02\/sculpture-1225487_1920-1024x673.jpg 1024w, https:\/\/aca-pl.com\/wp-content\/uploads\/2021\/02\/sculpture-1225487_1920-300x197.jpg 300w, https:\/\/aca-pl.com\/wp-content\/uploads\/2021\/02\/sculpture-1225487_1920-768x505.jpg 768w, https:\/\/aca-pl.com\/wp-content\/uploads\/2021\/02\/sculpture-1225487_1920-1536x1010.jpg 1536w, https:\/\/aca-pl.com\/wp-content\/uploads\/2021\/02\/sculpture-1225487_1920.jpg 1920w\" sizes=\"auto, (max-width: 380px) 100vw, 380px\" \/><\/figure><\/div>\n\n\n\n<p class=\"has-text-align-center has-text-color\" style=\"color:#00c8f0\"><strong>\u00ab Notre conseil, faites-en sorte de prot\u00e9ger vos objets d\u2019art et de collection contre les risques accidentels ou de d\u00e9t\u00e9riorations qu\u2019ils peuvent subir&nbsp;\u00bb<\/strong><\/p>\n\n\n\n<p><strong>Pour recevoir un projet, vous pouvez compl\u00e9ter le questionnaire ci-dessous&nbsp;:<\/strong><\/p>\n\n\n\n<p class=\"has-text-align-center\"><strong><u><a href=\"https:\/\/aca-pl.com\/?page_id=2690\">QUESTIONNAIRE \u00ab&nbsp;CONTRAT D\u2019OBJETS D\u2019ART OU DE COLLECTION&nbsp;\u00bb<\/a><\/u><\/strong><\/p>\n\n\n\n<p><strong><u>Pour toute demande d\u2019informations:<\/u><\/strong><\/p>\n\n\n\n<p>Vous pouvez nous contacter par t\u00e9l\u00e9phone au<strong> 02 41 09 77 32 <\/strong>ou par visioconf\u00e9rence, ou encore par notre <a href=\"https:\/\/aca-pl.com\/?page_id=181\">formulaire de contact<\/a>, ou par mail&nbsp;: <a href=\"mailto:info@aca-pl.com\">info@aca-pl.com<\/a><\/p>\n\n\n\n<div class=\"wp-block-image\"><figure class=\"aligncenter\"><img loading=\"lazy\" decoding=\"async\" width=\"125\" height=\"125\" src=\"https:\/\/aca-pl.com\/wp-content\/uploads\/2019\/11\/ACA-15pxX15px-1.png\" alt=\"\" class=\"wp-image-33\"\/><\/figure><\/div>\n\n\n\n<p class=\"has-text-align-center\"><strong>Quand la passion est un m\u00e9tier<\/strong><\/p>\n","protected":false},"excerpt":{"rendered":"<p>QUESTIONNAIRE \u00ab&nbsp;CONTRAT D\u2019OBJETS D\u2019ART OU DE COLLECTION&nbsp;\u00bb Que vous soyez un particulier ou une entreprise, d\u00e9tenant un ou plusieurs objets d\u2019art ou de collection, il est important de les prot\u00e9ger contre les potentiels accidents qui peuvent se produire. En effet, un simple contrat de Multirisque n\u2019est pas suffisant pour la protection de vos objets de &hellip; <a href=\"https:\/\/aca-pl.com\/?page_id=2681\" class=\"more-link\">Continuer la lecture de <span class=\"screen-reader-text\">OBJETS D&rsquo;ART ET DE                  COLLECTION<\/span>  <span class=\"meta-nav\">&rarr;<\/span><\/a><\/p>\n","protected":false},"author":1,"featured_media":2683,"parent":0,"menu_order":0,"comment_status":"closed","ping_status":"closed","template":"","meta":{"_bbp_topic_count":0,"_bbp_reply_count":0,"_bbp_total_topic_count":0,"_bbp_total_reply_count":0,"_bbp_voice_count":0,"_bbp_anonymous_reply_count":0,"_bbp_topic_count_hidden":0,"_bbp_reply_count_hidden":0,"_bbp_forum_subforum_count":0,"_monsterinsights_skip_tracking":false,"_monsterinsights_sitenote_active":false,"_monsterinsights_sitenote_note":"","_monsterinsights_sitenote_category":0,"_themeisle_gutenberg_block_has_review":false,"footnotes":""},"class_list":["post-2681","page","type-page","status-publish","has-post-thumbnail","hentry"],"yoast_head":"<!-- This site is optimized with the Yoast SEO plugin v24.9 - https:\/\/yoast.com\/wordpress\/plugins\/seo\/ -->\n<title>OBJETS D&#039;ART ET DE         COLLECTION -<\/title>\n<meta name=\"description\" content=\"Que vous soyez un particulier ou une entreprise, d\u00e9tenant un ou plusieurs objets d\u2019art ou de collection, il est important de les prot\u00e9ger contre les potentiels accidents qui peuvent se produire.En effet, un simple contrat de Multirisque n\u2019est pas suffisant pour la protection de vos objets de valeur.\" \/>\n<meta name=\"robots\" content=\"index, follow, max-snippet:-1, max-image-preview:large, max-video-preview:-1\" \/>\n<link rel=\"canonical\" href=\"https:\/\/aca-pl.com\/?page_id=2681\" \/>\n<meta property=\"og:locale\" content=\"fr_FR\" \/>\n<meta property=\"og:type\" content=\"article\" \/>\n<meta property=\"og:title\" content=\"OBJETS D&#039;ART ET DE         COLLECTION -\" \/>\n<meta property=\"og:description\" content=\"Que vous soyez un particulier ou une entreprise, d\u00e9tenant un ou plusieurs objets d\u2019art ou de collection, il est important de les prot\u00e9ger contre les potentiels accidents qui peuvent se produire.En effet, un simple contrat de Multirisque n\u2019est pas suffisant pour la protection de vos objets de valeur.\" \/>\n<meta property=\"og:url\" content=\"https:\/\/aca-pl.com\/?page_id=2681\" \/>\n<meta property=\"article:publisher\" content=\"https:\/\/www.facebook.com\/groups\/1773349446235806\/?ref=bookmarks\" \/>\n<meta property=\"article:modified_time\" content=\"2021-02-18T10:52:41+00:00\" \/>\n<meta property=\"og:image\" content=\"https:\/\/aca-pl.com\/wp-content\/uploads\/2021\/02\/Capture-1.png\" \/>\n\t<meta property=\"og:image:width\" content=\"823\" \/>\n\t<meta property=\"og:image:height\" content=\"802\" \/>\n\t<meta property=\"og:image:type\" content=\"image\/png\" \/>\n<meta name=\"twitter:card\" content=\"summary_large_image\" \/>\n<meta name=\"twitter:site\" content=\"@AssistanceAudit\" \/>\n<meta name=\"twitter:label1\" content=\"Dur\u00e9e de lecture estim\u00e9e\" \/>\n\t<meta name=\"twitter:data1\" content=\"3 minutes\" \/>\n<script type=\"application\/ld+json\" class=\"yoast-schema-graph\">{\"@context\":\"https:\/\/schema.org\",\"@graph\":[{\"@type\":\"WebPage\",\"@id\":\"https:\/\/aca-pl.com\/?page_id=2681\",\"url\":\"https:\/\/aca-pl.com\/?page_id=2681\",\"name\":\"OBJETS D'ART ET DE COLLECTION -\",\"isPartOf\":{\"@id\":\"https:\/\/aca-pl.com\/#website\"},\"primaryImageOfPage\":{\"@id\":\"https:\/\/aca-pl.com\/?page_id=2681#primaryimage\"},\"image\":{\"@id\":\"https:\/\/aca-pl.com\/?page_id=2681#primaryimage\"},\"thumbnailUrl\":\"https:\/\/aca-pl.com\/wp-content\/uploads\/2021\/02\/Capture-1.png\",\"datePublished\":\"2021-02-04T11:01:48+00:00\",\"dateModified\":\"2021-02-18T10:52:41+00:00\",\"description\":\"Que vous soyez un particulier ou une entreprise, d\u00e9tenant un ou plusieurs objets d\u2019art ou de collection, il est important de les prot\u00e9ger contre les potentiels accidents qui peuvent se produire.En effet, un simple contrat de Multirisque n\u2019est pas suffisant pour la protection de vos objets de valeur.\",\"breadcrumb\":{\"@id\":\"https:\/\/aca-pl.com\/?page_id=2681#breadcrumb\"},\"inLanguage\":\"fr-FR\",\"potentialAction\":[{\"@type\":\"ReadAction\",\"target\":[\"https:\/\/aca-pl.com\/?page_id=2681\"]}]},{\"@type\":\"ImageObject\",\"inLanguage\":\"fr-FR\",\"@id\":\"https:\/\/aca-pl.com\/?page_id=2681#primaryimage\",\"url\":\"https:\/\/aca-pl.com\/wp-content\/uploads\/2021\/02\/Capture-1.png\",\"contentUrl\":\"https:\/\/aca-pl.com\/wp-content\/uploads\/2021\/02\/Capture-1.png\",\"width\":823,\"height\":802},{\"@type\":\"BreadcrumbList\",\"@id\":\"https:\/\/aca-pl.com\/?page_id=2681#breadcrumb\",\"itemListElement\":[{\"@type\":\"ListItem\",\"position\":1,\"name\":\"Accueil\",\"item\":\"https:\/\/aca-pl.com\/\"},{\"@type\":\"ListItem\",\"position\":2,\"name\":\"OBJETS D&rsquo;ART ET DE COLLECTION\"}]},{\"@type\":\"WebSite\",\"@id\":\"https:\/\/aca-pl.com\/#website\",\"url\":\"https:\/\/aca-pl.com\/\",\"name\":\"\",\"description\":\"Quand la passion est un m\u00e9tier\",\"publisher\":{\"@id\":\"https:\/\/aca-pl.com\/#organization\"},\"potentialAction\":[{\"@type\":\"SearchAction\",\"target\":{\"@type\":\"EntryPoint\",\"urlTemplate\":\"https:\/\/aca-pl.com\/?s={search_term_string}\"},\"query-input\":{\"@type\":\"PropertyValueSpecification\",\"valueRequired\":true,\"valueName\":\"search_term_string\"}}],\"inLanguage\":\"fr-FR\"},{\"@type\":\"Organization\",\"@id\":\"https:\/\/aca-pl.com\/#organization\",\"name\":\"AUDIT CONSEIL ASSISTANCE\",\"url\":\"https:\/\/aca-pl.com\/\",\"logo\":{\"@type\":\"ImageObject\",\"inLanguage\":\"fr-FR\",\"@id\":\"https:\/\/aca-pl.com\/#\/schema\/logo\/image\/\",\"url\":\"https:\/\/aca-pl.com\/wp-content\/uploads\/2019\/11\/ACA-15pxX15px-1.png\",\"contentUrl\":\"https:\/\/aca-pl.com\/wp-content\/uploads\/2019\/11\/ACA-15pxX15px-1.png\",\"width\":125,\"height\":125,\"caption\":\"AUDIT CONSEIL ASSISTANCE\"},\"image\":{\"@id\":\"https:\/\/aca-pl.com\/#\/schema\/logo\/image\/\"},\"sameAs\":[\"https:\/\/www.facebook.com\/groups\/1773349446235806\/?ref=bookmarks\",\"https:\/\/x.com\/AssistanceAudit\",\"http:\/\/www.linkedin.com\/in\/philippe-b-7a43b342\"]}]}<\/script>\n<!-- \/ Yoast SEO plugin. -->","yoast_head_json":{"title":"OBJETS D'ART ET DE         COLLECTION -","description":"Que vous soyez un particulier ou une entreprise, d\u00e9tenant un ou plusieurs objets d\u2019art ou de collection, il est important de les prot\u00e9ger contre les potentiels accidents qui peuvent se produire.En effet, un simple contrat de Multirisque n\u2019est pas suffisant pour la protection de vos objets de valeur.","robots":{"index":"index","follow":"follow","max-snippet":"max-snippet:-1","max-image-preview":"max-image-preview:large","max-video-preview":"max-video-preview:-1"},"canonical":"https:\/\/aca-pl.com\/?page_id=2681","og_locale":"fr_FR","og_type":"article","og_title":"OBJETS D'ART ET DE         COLLECTION -","og_description":"Que vous soyez un particulier ou une entreprise, d\u00e9tenant un ou plusieurs objets d\u2019art ou de collection, il est important de les prot\u00e9ger contre les potentiels accidents qui peuvent se produire.En effet, un simple contrat de Multirisque n\u2019est pas suffisant pour la protection de vos objets de valeur.","og_url":"https:\/\/aca-pl.com\/?page_id=2681","article_publisher":"https:\/\/www.facebook.com\/groups\/1773349446235806\/?ref=bookmarks","article_modified_time":"2021-02-18T10:52:41+00:00","og_image":[{"width":823,"height":802,"url":"https:\/\/aca-pl.com\/wp-content\/uploads\/2021\/02\/Capture-1.png","type":"image\/png"}],"twitter_card":"summary_large_image","twitter_site":"@AssistanceAudit","twitter_misc":{"Dur\u00e9e de lecture estim\u00e9e":"3 minutes"},"schema":{"@context":"https:\/\/schema.org","@graph":[{"@type":"WebPage","@id":"https:\/\/aca-pl.com\/?page_id=2681","url":"https:\/\/aca-pl.com\/?page_id=2681","name":"OBJETS D'ART ET DE COLLECTION -","isPartOf":{"@id":"https:\/\/aca-pl.com\/#website"},"primaryImageOfPage":{"@id":"https:\/\/aca-pl.com\/?page_id=2681#primaryimage"},"image":{"@id":"https:\/\/aca-pl.com\/?page_id=2681#primaryimage"},"thumbnailUrl":"https:\/\/aca-pl.com\/wp-content\/uploads\/2021\/02\/Capture-1.png","datePublished":"2021-02-04T11:01:48+00:00","dateModified":"2021-02-18T10:52:41+00:00","description":"Que vous soyez un particulier ou une entreprise, d\u00e9tenant un ou plusieurs objets d\u2019art ou de collection, il est important de les prot\u00e9ger contre les potentiels accidents qui peuvent se produire.En effet, un simple contrat de Multirisque n\u2019est pas suffisant pour la protection de vos objets de valeur.","breadcrumb":{"@id":"https:\/\/aca-pl.com\/?page_id=2681#breadcrumb"},"inLanguage":"fr-FR","potentialAction":[{"@type":"ReadAction","target":["https:\/\/aca-pl.com\/?page_id=2681"]}]},{"@type":"ImageObject","inLanguage":"fr-FR","@id":"https:\/\/aca-pl.com\/?page_id=2681#primaryimage","url":"https:\/\/aca-pl.com\/wp-content\/uploads\/2021\/02\/Capture-1.png","contentUrl":"https:\/\/aca-pl.com\/wp-content\/uploads\/2021\/02\/Capture-1.png","width":823,"height":802},{"@type":"BreadcrumbList","@id":"https:\/\/aca-pl.com\/?page_id=2681#breadcrumb","itemListElement":[{"@type":"ListItem","position":1,"name":"Accueil","item":"https:\/\/aca-pl.com\/"},{"@type":"ListItem","position":2,"name":"OBJETS D&rsquo;ART ET DE COLLECTION"}]},{"@type":"WebSite","@id":"https:\/\/aca-pl.com\/#website","url":"https:\/\/aca-pl.com\/","name":"","description":"Quand la passion est un m\u00e9tier","publisher":{"@id":"https:\/\/aca-pl.com\/#organization"},"potentialAction":[{"@type":"SearchAction","target":{"@type":"EntryPoint","urlTemplate":"https:\/\/aca-pl.com\/?s={search_term_string}"},"query-input":{"@type":"PropertyValueSpecification","valueRequired":true,"valueName":"search_term_string"}}],"inLanguage":"fr-FR"},{"@type":"Organization","@id":"https:\/\/aca-pl.com\/#organization","name":"AUDIT CONSEIL ASSISTANCE","url":"https:\/\/aca-pl.com\/","logo":{"@type":"ImageObject","inLanguage":"fr-FR","@id":"https:\/\/aca-pl.com\/#\/schema\/logo\/image\/","url":"https:\/\/aca-pl.com\/wp-content\/uploads\/2019\/11\/ACA-15pxX15px-1.png","contentUrl":"https:\/\/aca-pl.com\/wp-content\/uploads\/2019\/11\/ACA-15pxX15px-1.png","width":125,"height":125,"caption":"AUDIT CONSEIL ASSISTANCE"},"image":{"@id":"https:\/\/aca-pl.com\/#\/schema\/logo\/image\/"},"sameAs":["https:\/\/www.facebook.com\/groups\/1773349446235806\/?ref=bookmarks","https:\/\/x.com\/AssistanceAudit","http:\/\/www.linkedin.com\/in\/philippe-b-7a43b342"]}]}},"_links":{"self":[{"href":"https:\/\/aca-pl.com\/index.php?rest_route=\/wp\/v2\/pages\/2681","targetHints":{"allow":["GET"]}}],"collection":[{"href":"https:\/\/aca-pl.com\/index.php?rest_route=\/wp\/v2\/pages"}],"about":[{"href":"https:\/\/aca-pl.com\/index.php?rest_route=\/wp\/v2\/types\/page"}],"author":[{"embeddable":true,"href":"https:\/\/aca-pl.com\/index.php?rest_route=\/wp\/v2\/users\/1"}],"replies":[{"embeddable":true,"href":"https:\/\/aca-pl.com\/index.php?rest_route=%2Fwp%2Fv2%2Fcomments&post=2681"}],"version-history":[{"count":17,"href":"https:\/\/aca-pl.com\/index.php?rest_route=\/wp\/v2\/pages\/2681\/revisions"}],"predecessor-version":[{"id":2816,"href":"https:\/\/aca-pl.com\/index.php?rest_route=\/wp\/v2\/pages\/2681\/revisions\/2816"}],"wp:featuredmedia":[{"embeddable":true,"href":"https:\/\/aca-pl.com\/index.php?rest_route=\/wp\/v2\/media\/2683"}],"wp:attachment":[{"href":"https:\/\/aca-pl.com\/index.php?rest_route=%2Fwp%2Fv2%2Fmedia&parent=2681"}],"curies":[{"name":"wp","href":"https:\/\/api.w.org\/{rel}","templated":true}]}}