{"id":2604,"date":"2020-12-21T15:46:51","date_gmt":"2020-12-21T14:46:51","guid":{"rendered":"https:\/\/aca-pl.com\/?page_id=2604"},"modified":"2021-02-11T11:24:56","modified_gmt":"2021-02-11T10:24:56","slug":"assurances-sante-chiens-et-chats","status":"publish","type":"page","link":"https:\/\/aca-pl.com\/?page_id=2604","title":{"rendered":"ASSURANCES SANTE CHIENS ET CHATS"},"content":{"rendered":"\n<p><a href=\"https:\/\/aca-pl.com\/?page_id=2617\">Questionnaire chats et chiens<\/a><\/p>\n\n\n\n<p>Alors qu&rsquo;un foyer sur deux poss\u00e8de un animal de compagnie,  le co\u00fbt des frais de sant\u00e9 augmente r\u00e9guli\u00e8rement du fait de soins de plus en plus \u00e9volu\u00e9s (scanners, proth\u00e8ses etc&#8230;)<\/p>\n\n\n\n<p>ACA a s\u00e9lectionn\u00e9 3 partenaires (GENERALI, ZEPHIR, APRIL ) pour l&rsquo;assurance de vos animaux de compagnie, afin de vous offrir le choix le mieux adapt\u00e9 tant en terme de garanties que de budget.<\/p>\n\n\n\n<p><span style=\"text-decoration: underline;\">Vous trouverez ci-apr\u00e8s un r\u00e9sum\u00e9 des garanties que nous pouvons vous proposer:<\/span><\/p>\n\n\n\n<ul class=\"wp-block-list\"><li>Les frais chirurgicaux et m\u00e9dicaux<\/li><li>La pr\u00e9vention (Vaccin, vermifuge ou encore m\u00e9dicament antiparasitaire)<\/li><li>Les frais de c\u00e9sarienne<\/li><li>Les frais d\u2019euthanasie et d\u2019inhumation en cas d\u2019accident selon la compagnie souscrite<\/li><li>Assistance<\/li><\/ul>\n\n\n\n<p><strong><u>Le contrat peut vous proposer une option, telle que&nbsp;:<\/u><\/strong><\/p>\n\n\n\n<ul class=\"wp-block-list\"><li><em>Option&nbsp;: Capital d\u00e9c\u00e8s&nbsp;: intervenant apr\u00e8s le d\u00e9c\u00e8s de l\u2019animal assur\u00e9.<\/em><\/li><\/ul>\n\n\n\n<p><strong><u>Les limites au contrat (Franchise* \/ Plafond \/ D\u00e9lai de carence)&nbsp;:<\/u><\/strong><\/p>\n\n\n\n<ul class=\"wp-block-list\"><li>Une franchise dite annuelle.<\/li><li>La possibilit\u00e9 de souscrire \u00e0 une formule ou des garanties sans franchise ou de la racheter.<\/li><li>Une franchise doubl\u00e9e&nbsp;: Lorsque l\u2019animal assur\u00e9 atteint ces 10 ou 11 ans.<\/li><\/ul>\n\n\n\n<p><strong>* La franchise peut aller de 0\u20ac \u00e0 100\u20ac selon la formule souscrite et la compagnie d\u2019assurance.<\/strong><\/p>\n\n\n\n<ul class=\"wp-block-list\"><li>Un plafond pouvant aller jusqu\u2019\u00e0 2\u00a0000\u20ac selon la formule souscrite.<\/li><li>Un d\u00e9lai de carence\u00a0:<ul><li><em>En cas d\u2019accident\u00a0: 2 jours (48 heures)<\/em><\/li><li><em>En cas de maladie\u00a0: varie selon la compagnie choisie\u00a0: de 30 jours \u00e0 2 mois<\/em><\/li><li><em>En cas de c\u00e9sarienne\u00a0: 180 jours<\/em><\/li><\/ul><\/li><\/ul>\n\n\n\n<p><strong><u>Ce que l\u2019assurance animale ne garantit pas&nbsp;:<\/u><\/strong><\/p>\n\n\n\n<ul class=\"wp-block-list\"><li>Les animaux de moins de 3 mois et de plus de 8 ans au jour de la souscription.<\/li><li>Les animaux d\u2019\u00e9levage, de meute ou utilis\u00e9s \u00e0 des fins professionnelles ou commerciales.<\/li><li>Toutes les maladies constat\u00e9es ou trouvant leur origine avant la souscription du contrat<\/li><li>Les soins re\u00e7us en dehors de la p\u00e9riode de validit\u00e9 du contrat<\/li><li><strong>*<\/strong>Les chiens de 1\u00e8re ou 2\u00e8me cat\u00e9gorie (Comprenant&nbsp;: American Staffordshire Terrier ou Staffordshire Terrier \/ Mastiff (B\u0153r bulls) \/ Tosa \/ Rottweiller)<\/li><\/ul>\n\n\n\n<p>D\u00e8s r\u00e9ception du questionnaire compl\u00e9t\u00e9, nous vous adresserons une \u00e9tude adapt\u00e9e \u00e0 vos besoins.<\/p>\n\n\n\n<div class=\"wp-block-image\"><figure class=\"aligncenter size-large is-resized\"><img loading=\"lazy\" decoding=\"async\" src=\"https:\/\/aca-pl.com\/wp-content\/uploads\/2021\/02\/Animaux-1-1024x602.jpg\" alt=\"\" class=\"wp-image-2784\" width=\"512\" height=\"301\" srcset=\"https:\/\/aca-pl.com\/wp-content\/uploads\/2021\/02\/Animaux-1-1024x602.jpg 1024w, https:\/\/aca-pl.com\/wp-content\/uploads\/2021\/02\/Animaux-1-300x176.jpg 300w, https:\/\/aca-pl.com\/wp-content\/uploads\/2021\/02\/Animaux-1-768x452.jpg 768w, https:\/\/aca-pl.com\/wp-content\/uploads\/2021\/02\/Animaux-1-1536x903.jpg 1536w, https:\/\/aca-pl.com\/wp-content\/uploads\/2021\/02\/Animaux-1.jpg 1920w\" sizes=\"auto, (max-width: 512px) 100vw, 512px\" \/><\/figure><\/div>\n\n\n\n<p><strong>Vous pouvez nous contacter par t\u00e9l\u00e9phone au 02 41 09 77 32 ou par visioconf\u00e9rence, ou encore par notre <a href=\"https:\/\/aca-pl.com\/?page_id=181\">formulaire de contact<\/a>, ou par mail : <a href=\"mailto:info@aca-pl.com\">info@aca-pl.com<\/a><\/strong><\/p>\n\n\n\n<p><a href=\"https:\/\/aca-pl.com\/?page_id=2617\">Questionnaire chats et chiens<\/a><\/p>\n\n\n\n<div class=\"wp-block-image\"><figure class=\"aligncenter size-large is-resized\"><img loading=\"lazy\" decoding=\"async\" src=\"https:\/\/aca-pl.com\/wp-content\/uploads\/2019\/11\/cropped-ACA-15pxX15px-1-2.png\" alt=\"\" class=\"wp-image-96\" width=\"172\" height=\"172\" srcset=\"https:\/\/aca-pl.com\/wp-content\/uploads\/2019\/11\/cropped-ACA-15pxX15px-1-2.png 512w, https:\/\/aca-pl.com\/wp-content\/uploads\/2019\/11\/cropped-ACA-15pxX15px-1-2-300x300.png 300w, https:\/\/aca-pl.com\/wp-content\/uploads\/2019\/11\/cropped-ACA-15pxX15px-1-2-150x150.png 150w, https:\/\/aca-pl.com\/wp-content\/uploads\/2019\/11\/cropped-ACA-15pxX15px-1-2-50x50.png 50w, https:\/\/aca-pl.com\/wp-content\/uploads\/2019\/11\/cropped-ACA-15pxX15px-1-2-270x270.png 270w, https:\/\/aca-pl.com\/wp-content\/uploads\/2019\/11\/cropped-ACA-15pxX15px-1-2-192x192.png 192w, https:\/\/aca-pl.com\/wp-content\/uploads\/2019\/11\/cropped-ACA-15pxX15px-1-2-180x180.png 180w, https:\/\/aca-pl.com\/wp-content\/uploads\/2019\/11\/cropped-ACA-15pxX15px-1-2-32x32.png 32w\" sizes=\"auto, (max-width: 172px) 100vw, 172px\" \/><\/figure><\/div>\n\n\n\n<p class=\"has-text-align-center\"><strong>Quand la passion est un m\u00e9tier<\/strong><\/p>\n","protected":false},"excerpt":{"rendered":"<p>Questionnaire chats et chiens Alors qu&rsquo;un foyer sur deux poss\u00e8de un animal de compagnie, le co\u00fbt des frais de sant\u00e9 augmente r\u00e9guli\u00e8rement du fait de soins de plus en plus \u00e9volu\u00e9s (scanners, proth\u00e8ses etc&#8230;) ACA a s\u00e9lectionn\u00e9 3 partenaires (GENERALI, ZEPHIR, APRIL ) pour l&rsquo;assurance de vos animaux de compagnie, afin de vous offrir le &hellip; <a href=\"https:\/\/aca-pl.com\/?page_id=2604\" class=\"more-link\">Continuer la lecture de <span class=\"screen-reader-text\">ASSURANCES SANTE CHIENS ET CHATS<\/span>  <span class=\"meta-nav\">&rarr;<\/span><\/a><\/p>\n","protected":false},"author":1,"featured_media":2615,"parent":0,"menu_order":0,"comment_status":"closed","ping_status":"closed","template":"","meta":{"_bbp_topic_count":0,"_bbp_reply_count":0,"_bbp_total_topic_count":0,"_bbp_total_reply_count":0,"_bbp_voice_count":0,"_bbp_anonymous_reply_count":0,"_bbp_topic_count_hidden":0,"_bbp_reply_count_hidden":0,"_bbp_forum_subforum_count":0,"_monsterinsights_skip_tracking":false,"_monsterinsights_sitenote_active":false,"_monsterinsights_sitenote_note":"","_monsterinsights_sitenote_category":0,"_themeisle_gutenberg_block_has_review":false,"footnotes":""},"class_list":["post-2604","page","type-page","status-publish","has-post-thumbnail","hentry"],"yoast_head":"<!-- This site is optimized with the Yoast SEO plugin v24.9 - https:\/\/yoast.com\/wordpress\/plugins\/seo\/ -->\n<title>ASSURANCES SANTE CHIENS ET CHATS -<\/title>\n<meta name=\"description\" content=\"Alors qu&#039;un foyer sur deux poss\u00e8de un animal de compagnie, le co\u00fbt des frais de sant\u00e9 augmente r\u00e9guli\u00e8rement du fait de soins de plus en plus \u00e9volu\u00e9s (scanners, proth\u00e8ses etc...)ACA a s\u00e9lectionn\u00e9 3 partenaires (GENERALI, ZEPHIR, APRIL ) pour l&#039;assurance de vos animaux de compagnie, afin de vous offrir le choix le mieux adapt\u00e9 tant en terme de garanties que de budget.\" \/>\n<meta name=\"robots\" content=\"index, follow, max-snippet:-1, max-image-preview:large, max-video-preview:-1\" \/>\n<link rel=\"canonical\" href=\"https:\/\/aca-pl.com\/?page_id=2604\" \/>\n<meta property=\"og:locale\" content=\"fr_FR\" \/>\n<meta property=\"og:type\" content=\"article\" \/>\n<meta property=\"og:title\" content=\"ASSURANCES SANTE CHIENS ET CHATS -\" \/>\n<meta property=\"og:description\" content=\"Alors qu&#039;un foyer sur deux poss\u00e8de un animal de compagnie, le co\u00fbt des frais de sant\u00e9 augmente r\u00e9guli\u00e8rement du fait de soins de plus en plus \u00e9volu\u00e9s (scanners, proth\u00e8ses etc...)ACA a s\u00e9lectionn\u00e9 3 partenaires (GENERALI, ZEPHIR, APRIL ) pour l&#039;assurance de vos animaux de compagnie, afin de vous offrir le choix le mieux adapt\u00e9 tant en terme de garanties que de budget.\" \/>\n<meta property=\"og:url\" content=\"https:\/\/aca-pl.com\/?page_id=2604\" \/>\n<meta property=\"article:publisher\" content=\"https:\/\/www.facebook.com\/groups\/1773349446235806\/?ref=bookmarks\" \/>\n<meta property=\"article:modified_time\" content=\"2021-02-11T10:24:56+00:00\" \/>\n<meta property=\"og:image\" content=\"https:\/\/aca-pl.com\/wp-content\/uploads\/2020\/12\/cat-and-dog-775116_1920.jpg\" \/>\n\t<meta property=\"og:image:width\" content=\"1920\" \/>\n\t<meta property=\"og:image:height\" content=\"1440\" \/>\n\t<meta property=\"og:image:type\" content=\"image\/jpeg\" \/>\n<meta name=\"twitter:card\" content=\"summary_large_image\" \/>\n<meta name=\"twitter:site\" content=\"@AssistanceAudit\" \/>\n<meta name=\"twitter:label1\" content=\"Dur\u00e9e de lecture estim\u00e9e\" \/>\n\t<meta name=\"twitter:data1\" content=\"3 minutes\" \/>\n<script type=\"application\/ld+json\" class=\"yoast-schema-graph\">{\"@context\":\"https:\/\/schema.org\",\"@graph\":[{\"@type\":\"WebPage\",\"@id\":\"https:\/\/aca-pl.com\/?page_id=2604\",\"url\":\"https:\/\/aca-pl.com\/?page_id=2604\",\"name\":\"ASSURANCES SANTE CHIENS ET CHATS -\",\"isPartOf\":{\"@id\":\"https:\/\/aca-pl.com\/#website\"},\"primaryImageOfPage\":{\"@id\":\"https:\/\/aca-pl.com\/?page_id=2604#primaryimage\"},\"image\":{\"@id\":\"https:\/\/aca-pl.com\/?page_id=2604#primaryimage\"},\"thumbnailUrl\":\"https:\/\/aca-pl.com\/wp-content\/uploads\/2020\/12\/cat-and-dog-775116_1920.jpg\",\"datePublished\":\"2020-12-21T14:46:51+00:00\",\"dateModified\":\"2021-02-11T10:24:56+00:00\",\"description\":\"Alors qu'un foyer sur deux poss\u00e8de un animal de compagnie, le co\u00fbt des frais de sant\u00e9 augmente r\u00e9guli\u00e8rement du fait de soins de plus en plus \u00e9volu\u00e9s (scanners, proth\u00e8ses etc...)ACA a s\u00e9lectionn\u00e9 3 partenaires (GENERALI, ZEPHIR, APRIL ) pour l'assurance de vos animaux de compagnie, afin de vous offrir le choix le mieux adapt\u00e9 tant en terme de garanties que de budget.\",\"breadcrumb\":{\"@id\":\"https:\/\/aca-pl.com\/?page_id=2604#breadcrumb\"},\"inLanguage\":\"fr-FR\",\"potentialAction\":[{\"@type\":\"ReadAction\",\"target\":[\"https:\/\/aca-pl.com\/?page_id=2604\"]}]},{\"@type\":\"ImageObject\",\"inLanguage\":\"fr-FR\",\"@id\":\"https:\/\/aca-pl.com\/?page_id=2604#primaryimage\",\"url\":\"https:\/\/aca-pl.com\/wp-content\/uploads\/2020\/12\/cat-and-dog-775116_1920.jpg\",\"contentUrl\":\"https:\/\/aca-pl.com\/wp-content\/uploads\/2020\/12\/cat-and-dog-775116_1920.jpg\",\"width\":1920,\"height\":1440},{\"@type\":\"BreadcrumbList\",\"@id\":\"https:\/\/aca-pl.com\/?page_id=2604#breadcrumb\",\"itemListElement\":[{\"@type\":\"ListItem\",\"position\":1,\"name\":\"Accueil\",\"item\":\"https:\/\/aca-pl.com\/\"},{\"@type\":\"ListItem\",\"position\":2,\"name\":\"ASSURANCES SANTE CHIENS ET CHATS\"}]},{\"@type\":\"WebSite\",\"@id\":\"https:\/\/aca-pl.com\/#website\",\"url\":\"https:\/\/aca-pl.com\/\",\"name\":\"\",\"description\":\"Quand la passion est un m\u00e9tier\",\"publisher\":{\"@id\":\"https:\/\/aca-pl.com\/#organization\"},\"potentialAction\":[{\"@type\":\"SearchAction\",\"target\":{\"@type\":\"EntryPoint\",\"urlTemplate\":\"https:\/\/aca-pl.com\/?s={search_term_string}\"},\"query-input\":{\"@type\":\"PropertyValueSpecification\",\"valueRequired\":true,\"valueName\":\"search_term_string\"}}],\"inLanguage\":\"fr-FR\"},{\"@type\":\"Organization\",\"@id\":\"https:\/\/aca-pl.com\/#organization\",\"name\":\"AUDIT CONSEIL ASSISTANCE\",\"url\":\"https:\/\/aca-pl.com\/\",\"logo\":{\"@type\":\"ImageObject\",\"inLanguage\":\"fr-FR\",\"@id\":\"https:\/\/aca-pl.com\/#\/schema\/logo\/image\/\",\"url\":\"https:\/\/aca-pl.com\/wp-content\/uploads\/2019\/11\/ACA-15pxX15px-1.png\",\"contentUrl\":\"https:\/\/aca-pl.com\/wp-content\/uploads\/2019\/11\/ACA-15pxX15px-1.png\",\"width\":125,\"height\":125,\"caption\":\"AUDIT CONSEIL ASSISTANCE\"},\"image\":{\"@id\":\"https:\/\/aca-pl.com\/#\/schema\/logo\/image\/\"},\"sameAs\":[\"https:\/\/www.facebook.com\/groups\/1773349446235806\/?ref=bookmarks\",\"https:\/\/x.com\/AssistanceAudit\",\"http:\/\/www.linkedin.com\/in\/philippe-b-7a43b342\"]}]}<\/script>\n<!-- \/ Yoast SEO plugin. -->","yoast_head_json":{"title":"ASSURANCES SANTE CHIENS ET CHATS -","description":"Alors qu'un foyer sur deux poss\u00e8de un animal de compagnie, le co\u00fbt des frais de sant\u00e9 augmente r\u00e9guli\u00e8rement du fait de soins de plus en plus \u00e9volu\u00e9s (scanners, proth\u00e8ses etc...)ACA a s\u00e9lectionn\u00e9 3 partenaires (GENERALI, ZEPHIR, APRIL ) pour l'assurance de vos animaux de compagnie, afin de vous offrir le choix le mieux adapt\u00e9 tant en terme de garanties que de budget.","robots":{"index":"index","follow":"follow","max-snippet":"max-snippet:-1","max-image-preview":"max-image-preview:large","max-video-preview":"max-video-preview:-1"},"canonical":"https:\/\/aca-pl.com\/?page_id=2604","og_locale":"fr_FR","og_type":"article","og_title":"ASSURANCES SANTE CHIENS ET CHATS -","og_description":"Alors qu'un foyer sur deux poss\u00e8de un animal de compagnie, le co\u00fbt des frais de sant\u00e9 augmente r\u00e9guli\u00e8rement du fait de soins de plus en plus \u00e9volu\u00e9s (scanners, proth\u00e8ses etc...)ACA a s\u00e9lectionn\u00e9 3 partenaires (GENERALI, ZEPHIR, APRIL ) pour l'assurance de vos animaux de compagnie, afin de vous offrir le choix le mieux adapt\u00e9 tant en terme de garanties que de budget.","og_url":"https:\/\/aca-pl.com\/?page_id=2604","article_publisher":"https:\/\/www.facebook.com\/groups\/1773349446235806\/?ref=bookmarks","article_modified_time":"2021-02-11T10:24:56+00:00","og_image":[{"width":1920,"height":1440,"url":"https:\/\/aca-pl.com\/wp-content\/uploads\/2020\/12\/cat-and-dog-775116_1920.jpg","type":"image\/jpeg"}],"twitter_card":"summary_large_image","twitter_site":"@AssistanceAudit","twitter_misc":{"Dur\u00e9e de lecture estim\u00e9e":"3 minutes"},"schema":{"@context":"https:\/\/schema.org","@graph":[{"@type":"WebPage","@id":"https:\/\/aca-pl.com\/?page_id=2604","url":"https:\/\/aca-pl.com\/?page_id=2604","name":"ASSURANCES SANTE CHIENS ET CHATS -","isPartOf":{"@id":"https:\/\/aca-pl.com\/#website"},"primaryImageOfPage":{"@id":"https:\/\/aca-pl.com\/?page_id=2604#primaryimage"},"image":{"@id":"https:\/\/aca-pl.com\/?page_id=2604#primaryimage"},"thumbnailUrl":"https:\/\/aca-pl.com\/wp-content\/uploads\/2020\/12\/cat-and-dog-775116_1920.jpg","datePublished":"2020-12-21T14:46:51+00:00","dateModified":"2021-02-11T10:24:56+00:00","description":"Alors qu'un foyer sur deux poss\u00e8de un animal de compagnie, le co\u00fbt des frais de sant\u00e9 augmente r\u00e9guli\u00e8rement du fait de soins de plus en plus \u00e9volu\u00e9s (scanners, proth\u00e8ses etc...)ACA a s\u00e9lectionn\u00e9 3 partenaires (GENERALI, ZEPHIR, APRIL ) pour l'assurance de vos animaux de compagnie, afin de vous offrir le choix le mieux adapt\u00e9 tant en terme de garanties que de budget.","breadcrumb":{"@id":"https:\/\/aca-pl.com\/?page_id=2604#breadcrumb"},"inLanguage":"fr-FR","potentialAction":[{"@type":"ReadAction","target":["https:\/\/aca-pl.com\/?page_id=2604"]}]},{"@type":"ImageObject","inLanguage":"fr-FR","@id":"https:\/\/aca-pl.com\/?page_id=2604#primaryimage","url":"https:\/\/aca-pl.com\/wp-content\/uploads\/2020\/12\/cat-and-dog-775116_1920.jpg","contentUrl":"https:\/\/aca-pl.com\/wp-content\/uploads\/2020\/12\/cat-and-dog-775116_1920.jpg","width":1920,"height":1440},{"@type":"BreadcrumbList","@id":"https:\/\/aca-pl.com\/?page_id=2604#breadcrumb","itemListElement":[{"@type":"ListItem","position":1,"name":"Accueil","item":"https:\/\/aca-pl.com\/"},{"@type":"ListItem","position":2,"name":"ASSURANCES SANTE CHIENS ET CHATS"}]},{"@type":"WebSite","@id":"https:\/\/aca-pl.com\/#website","url":"https:\/\/aca-pl.com\/","name":"","description":"Quand la passion est un m\u00e9tier","publisher":{"@id":"https:\/\/aca-pl.com\/#organization"},"potentialAction":[{"@type":"SearchAction","target":{"@type":"EntryPoint","urlTemplate":"https:\/\/aca-pl.com\/?s={search_term_string}"},"query-input":{"@type":"PropertyValueSpecification","valueRequired":true,"valueName":"search_term_string"}}],"inLanguage":"fr-FR"},{"@type":"Organization","@id":"https:\/\/aca-pl.com\/#organization","name":"AUDIT CONSEIL ASSISTANCE","url":"https:\/\/aca-pl.com\/","logo":{"@type":"ImageObject","inLanguage":"fr-FR","@id":"https:\/\/aca-pl.com\/#\/schema\/logo\/image\/","url":"https:\/\/aca-pl.com\/wp-content\/uploads\/2019\/11\/ACA-15pxX15px-1.png","contentUrl":"https:\/\/aca-pl.com\/wp-content\/uploads\/2019\/11\/ACA-15pxX15px-1.png","width":125,"height":125,"caption":"AUDIT CONSEIL ASSISTANCE"},"image":{"@id":"https:\/\/aca-pl.com\/#\/schema\/logo\/image\/"},"sameAs":["https:\/\/www.facebook.com\/groups\/1773349446235806\/?ref=bookmarks","https:\/\/x.com\/AssistanceAudit","http:\/\/www.linkedin.com\/in\/philippe-b-7a43b342"]}]}},"_links":{"self":[{"href":"https:\/\/aca-pl.com\/index.php?rest_route=\/wp\/v2\/pages\/2604","targetHints":{"allow":["GET"]}}],"collection":[{"href":"https:\/\/aca-pl.com\/index.php?rest_route=\/wp\/v2\/pages"}],"about":[{"href":"https:\/\/aca-pl.com\/index.php?rest_route=\/wp\/v2\/types\/page"}],"author":[{"embeddable":true,"href":"https:\/\/aca-pl.com\/index.php?rest_route=\/wp\/v2\/users\/1"}],"replies":[{"embeddable":true,"href":"https:\/\/aca-pl.com\/index.php?rest_route=%2Fwp%2Fv2%2Fcomments&post=2604"}],"version-history":[{"count":10,"href":"https:\/\/aca-pl.com\/index.php?rest_route=\/wp\/v2\/pages\/2604\/revisions"}],"predecessor-version":[{"id":2785,"href":"https:\/\/aca-pl.com\/index.php?rest_route=\/wp\/v2\/pages\/2604\/revisions\/2785"}],"wp:featuredmedia":[{"embeddable":true,"href":"https:\/\/aca-pl.com\/index.php?rest_route=\/wp\/v2\/media\/2615"}],"wp:attachment":[{"href":"https:\/\/aca-pl.com\/index.php?rest_route=%2Fwp%2Fv2%2Fmedia&parent=2604"}],"curies":[{"name":"wp","href":"https:\/\/api.w.org\/{rel}","templated":true}]}}