{"id":248,"date":"2025-04-11T16:02:25","date_gmt":"2025-04-11T14:02:25","guid":{"rendered":"https:\/\/aca-pl.com\/?page_id=248"},"modified":"2025-04-11T16:02:26","modified_gmt":"2025-04-11T14:02:26","slug":"assistance-sinistres-assurances-litiges-refus-de-rembourser","status":"publish","type":"page","link":"https:\/\/aca-pl.com\/?page_id=248","title":{"rendered":"ASSISTANCE SINISTRES"},"content":{"rendered":"<p><code><code><\/code><\/code><\/p>\n\n\n<div id=\"wp-block-themeisle-blocks-advanced-columns-fbe0a3e3\" class=\"wp-block-themeisle-blocks-advanced-columns has-1-columns has-desktop-equal-layout has-tablet-equal-layout has-mobile-equal-layout has-vertical-unset\"><div class=\"wp-block-themeisle-blocks-advanced-columns-overlay\"><\/div><div class=\"innerblocks-wrap\">\n<div id=\"wp-block-themeisle-blocks-advanced-column-20f9db00\" class=\"wp-block-themeisle-blocks-advanced-column\">\n<p>Lorsqu&rsquo;un sinistre survient,\u00a0 on se sent souvent seul face \u00e0 une \u00ab\u00a0machine\u00a0\u00bb que l&rsquo;on ne comprend pas.<\/p>\n<p>En cas de refus de prise en charge du sinistre par la compagnie d&rsquo;assurances, on renonce souvent \u00e0 d\u00e9fendre ses droits, m\u00eame quand ceux-ci ne devraient pas \u00eatre soumis \u00e0 discussion.<\/p>\n<p>Nous pouvons vous aider !<\/p>\n<p>Qu&rsquo;il s&rsquo;agisse d&rsquo;un sinistre incendie, d\u00e9g\u00e2ts des eaux ou vol etc&#8230;, nous pouvons analyser celui-ci, et vous aider dans vos d\u00e9marches ou vos courriers.<\/p>\n<p>L&rsquo;objectif est de vous faire gagner du temps et de v\u00e9rifier que les garanties soient bien acquises, en cas de refus de prise en charge de la part de votre assureur.<\/p>\n<p>\u00a0Bien entendu, si votre contrat ne vous permet pas d&rsquo;\u00eatre indemnis\u00e9, la compagnie, quelle qu&rsquo;elle soit, ne pourra intervenir dans l&rsquo;indemnisation de vos dommages.<\/p>\n<p>N&rsquo;h\u00e9sitez pas \u00e0 nous contacter par <a href=\"mailto:info@aca-pl.com\">mail<\/a> ou par t\u00e9l\u00e9phone\u00a0 au:<\/p>\n<p><strong>02 41 09 77 32<\/strong> ou par notre <a href=\"https:\/\/aca-pl.com\/?page_id=181\">formulaire<\/a> de contact de 8h \u00e0 19h du Lundi au Vendredi, et le Samedi uniquement par mail.<\/p>\n<p><img loading=\"lazy\" decoding=\"async\" class=\"size-full wp-image-33 aligncenter\" src=\"https:\/\/aca-pl.com\/wp-content\/uploads\/2019\/11\/ACA-15pxX15px-1.png\" alt=\"LOGO ACA\" width=\"125\" height=\"125\" \/><\/p>\n<p style=\"text-align: center;\"><strong>Quand la passion est un m\u00e9tier<\/strong><\/p>\n<\/div>\n<\/div><\/div>\n\n\n\n<p><\/p>\n","protected":false},"excerpt":{"rendered":"","protected":false},"author":1,"featured_media":0,"parent":0,"menu_order":0,"comment_status":"closed","ping_status":"closed","template":"page-templates\/full-width.php","meta":{"_bbp_topic_count":0,"_bbp_reply_count":0,"_bbp_total_topic_count":0,"_bbp_total_reply_count":0,"_bbp_voice_count":0,"_bbp_anonymous_reply_count":0,"_bbp_topic_count_hidden":0,"_bbp_reply_count_hidden":0,"_bbp_forum_subforum_count":0,"_monsterinsights_skip_tracking":false,"_monsterinsights_sitenote_active":false,"_monsterinsights_sitenote_note":"","_monsterinsights_sitenote_category":0,"_themeisle_gutenberg_block_has_review":false,"footnotes":""},"class_list":["post-248","page","type-page","status-publish","hentry"],"yoast_head":"<!-- This site is optimized with the Yoast SEO plugin v24.9 - https:\/\/yoast.com\/wordpress\/plugins\/seo\/ -->\n<title>ASSISTANCE SINISTRES -<\/title>\n<meta name=\"description\" content=\"Ne soyez plus seuls en cas de sinistre. ASSISTANCE SINISTRES\" \/>\n<meta name=\"robots\" content=\"index, follow, max-snippet:-1, max-image-preview:large, max-video-preview:-1\" \/>\n<link rel=\"canonical\" href=\"https:\/\/aca-pl.com\/?page_id=248\" \/>\n<meta property=\"og:locale\" content=\"fr_FR\" \/>\n<meta property=\"og:type\" content=\"article\" \/>\n<meta property=\"og:title\" content=\"ASSISTANCE SINISTRES -\" \/>\n<meta property=\"og:description\" content=\"Ne soyez plus seuls en cas de sinistre. ASSISTANCE SINISTRES\" \/>\n<meta property=\"og:url\" content=\"https:\/\/aca-pl.com\/?page_id=248\" \/>\n<meta property=\"article:publisher\" content=\"https:\/\/www.facebook.com\/groups\/1773349446235806\/?ref=bookmarks\" \/>\n<meta property=\"article:modified_time\" content=\"2025-04-11T14:02:26+00:00\" \/>\n<meta property=\"og:image\" content=\"https:\/\/aca-pl.com\/wp-content\/uploads\/2019\/11\/ACA-15pxX15px-1.png\" \/>\n\t<meta property=\"og:image:width\" content=\"125\" \/>\n\t<meta property=\"og:image:height\" content=\"125\" \/>\n\t<meta property=\"og:image:type\" content=\"image\/png\" \/>\n<meta name=\"twitter:card\" content=\"summary_large_image\" \/>\n<meta name=\"twitter:site\" content=\"@AssistanceAudit\" \/>\n<meta name=\"twitter:label1\" content=\"Dur\u00e9e de lecture estim\u00e9e\" \/>\n\t<meta name=\"twitter:data1\" content=\"2 minutes\" \/>\n<script type=\"application\/ld+json\" class=\"yoast-schema-graph\">{\"@context\":\"https:\/\/schema.org\",\"@graph\":[{\"@type\":\"WebPage\",\"@id\":\"https:\/\/aca-pl.com\/?page_id=248\",\"url\":\"https:\/\/aca-pl.com\/?page_id=248\",\"name\":\"ASSISTANCE SINISTRES -\",\"isPartOf\":{\"@id\":\"https:\/\/aca-pl.com\/#website\"},\"primaryImageOfPage\":{\"@id\":\"https:\/\/aca-pl.com\/?page_id=248#primaryimage\"},\"image\":{\"@id\":\"https:\/\/aca-pl.com\/?page_id=248#primaryimage\"},\"thumbnailUrl\":\"https:\/\/aca-pl.com\/wp-content\/uploads\/2019\/11\/ACA-15pxX15px-1.png\",\"datePublished\":\"2025-04-11T14:02:25+00:00\",\"dateModified\":\"2025-04-11T14:02:26+00:00\",\"description\":\"Ne soyez plus seuls en cas de sinistre. ASSISTANCE SINISTRES\",\"breadcrumb\":{\"@id\":\"https:\/\/aca-pl.com\/?page_id=248#breadcrumb\"},\"inLanguage\":\"fr-FR\",\"potentialAction\":[{\"@type\":\"ReadAction\",\"target\":[\"https:\/\/aca-pl.com\/?page_id=248\"]}]},{\"@type\":\"ImageObject\",\"inLanguage\":\"fr-FR\",\"@id\":\"https:\/\/aca-pl.com\/?page_id=248#primaryimage\",\"url\":\"https:\/\/aca-pl.com\/wp-content\/uploads\/2019\/11\/ACA-15pxX15px-1.png\",\"contentUrl\":\"https:\/\/aca-pl.com\/wp-content\/uploads\/2019\/11\/ACA-15pxX15px-1.png\",\"width\":125,\"height\":125,\"caption\":\"LOGO ACA\"},{\"@type\":\"BreadcrumbList\",\"@id\":\"https:\/\/aca-pl.com\/?page_id=248#breadcrumb\",\"itemListElement\":[{\"@type\":\"ListItem\",\"position\":1,\"name\":\"Accueil\",\"item\":\"https:\/\/aca-pl.com\/\"},{\"@type\":\"ListItem\",\"position\":2,\"name\":\"ASSISTANCE SINISTRES\"}]},{\"@type\":\"WebSite\",\"@id\":\"https:\/\/aca-pl.com\/#website\",\"url\":\"https:\/\/aca-pl.com\/\",\"name\":\"\",\"description\":\"Quand la passion est un m\u00e9tier\",\"publisher\":{\"@id\":\"https:\/\/aca-pl.com\/#organization\"},\"potentialAction\":[{\"@type\":\"SearchAction\",\"target\":{\"@type\":\"EntryPoint\",\"urlTemplate\":\"https:\/\/aca-pl.com\/?s={search_term_string}\"},\"query-input\":{\"@type\":\"PropertyValueSpecification\",\"valueRequired\":true,\"valueName\":\"search_term_string\"}}],\"inLanguage\":\"fr-FR\"},{\"@type\":\"Organization\",\"@id\":\"https:\/\/aca-pl.com\/#organization\",\"name\":\"AUDIT CONSEIL ASSISTANCE\",\"url\":\"https:\/\/aca-pl.com\/\",\"logo\":{\"@type\":\"ImageObject\",\"inLanguage\":\"fr-FR\",\"@id\":\"https:\/\/aca-pl.com\/#\/schema\/logo\/image\/\",\"url\":\"https:\/\/aca-pl.com\/wp-content\/uploads\/2019\/11\/ACA-15pxX15px-1.png\",\"contentUrl\":\"https:\/\/aca-pl.com\/wp-content\/uploads\/2019\/11\/ACA-15pxX15px-1.png\",\"width\":125,\"height\":125,\"caption\":\"AUDIT CONSEIL ASSISTANCE\"},\"image\":{\"@id\":\"https:\/\/aca-pl.com\/#\/schema\/logo\/image\/\"},\"sameAs\":[\"https:\/\/www.facebook.com\/groups\/1773349446235806\/?ref=bookmarks\",\"https:\/\/x.com\/AssistanceAudit\",\"http:\/\/www.linkedin.com\/in\/philippe-b-7a43b342\"]}]}<\/script>\n<!-- \/ Yoast SEO plugin. -->","yoast_head_json":{"title":"ASSISTANCE SINISTRES -","description":"Ne soyez plus seuls en cas de sinistre. ASSISTANCE SINISTRES","robots":{"index":"index","follow":"follow","max-snippet":"max-snippet:-1","max-image-preview":"max-image-preview:large","max-video-preview":"max-video-preview:-1"},"canonical":"https:\/\/aca-pl.com\/?page_id=248","og_locale":"fr_FR","og_type":"article","og_title":"ASSISTANCE SINISTRES -","og_description":"Ne soyez plus seuls en cas de sinistre. ASSISTANCE SINISTRES","og_url":"https:\/\/aca-pl.com\/?page_id=248","article_publisher":"https:\/\/www.facebook.com\/groups\/1773349446235806\/?ref=bookmarks","article_modified_time":"2025-04-11T14:02:26+00:00","og_image":[{"width":125,"height":125,"url":"https:\/\/aca-pl.com\/wp-content\/uploads\/2019\/11\/ACA-15pxX15px-1.png","type":"image\/png"}],"twitter_card":"summary_large_image","twitter_site":"@AssistanceAudit","twitter_misc":{"Dur\u00e9e de lecture estim\u00e9e":"2 minutes"},"schema":{"@context":"https:\/\/schema.org","@graph":[{"@type":"WebPage","@id":"https:\/\/aca-pl.com\/?page_id=248","url":"https:\/\/aca-pl.com\/?page_id=248","name":"ASSISTANCE SINISTRES -","isPartOf":{"@id":"https:\/\/aca-pl.com\/#website"},"primaryImageOfPage":{"@id":"https:\/\/aca-pl.com\/?page_id=248#primaryimage"},"image":{"@id":"https:\/\/aca-pl.com\/?page_id=248#primaryimage"},"thumbnailUrl":"https:\/\/aca-pl.com\/wp-content\/uploads\/2019\/11\/ACA-15pxX15px-1.png","datePublished":"2025-04-11T14:02:25+00:00","dateModified":"2025-04-11T14:02:26+00:00","description":"Ne soyez plus seuls en cas de sinistre. ASSISTANCE SINISTRES","breadcrumb":{"@id":"https:\/\/aca-pl.com\/?page_id=248#breadcrumb"},"inLanguage":"fr-FR","potentialAction":[{"@type":"ReadAction","target":["https:\/\/aca-pl.com\/?page_id=248"]}]},{"@type":"ImageObject","inLanguage":"fr-FR","@id":"https:\/\/aca-pl.com\/?page_id=248#primaryimage","url":"https:\/\/aca-pl.com\/wp-content\/uploads\/2019\/11\/ACA-15pxX15px-1.png","contentUrl":"https:\/\/aca-pl.com\/wp-content\/uploads\/2019\/11\/ACA-15pxX15px-1.png","width":125,"height":125,"caption":"LOGO ACA"},{"@type":"BreadcrumbList","@id":"https:\/\/aca-pl.com\/?page_id=248#breadcrumb","itemListElement":[{"@type":"ListItem","position":1,"name":"Accueil","item":"https:\/\/aca-pl.com\/"},{"@type":"ListItem","position":2,"name":"ASSISTANCE SINISTRES"}]},{"@type":"WebSite","@id":"https:\/\/aca-pl.com\/#website","url":"https:\/\/aca-pl.com\/","name":"","description":"Quand la passion est un m\u00e9tier","publisher":{"@id":"https:\/\/aca-pl.com\/#organization"},"potentialAction":[{"@type":"SearchAction","target":{"@type":"EntryPoint","urlTemplate":"https:\/\/aca-pl.com\/?s={search_term_string}"},"query-input":{"@type":"PropertyValueSpecification","valueRequired":true,"valueName":"search_term_string"}}],"inLanguage":"fr-FR"},{"@type":"Organization","@id":"https:\/\/aca-pl.com\/#organization","name":"AUDIT CONSEIL ASSISTANCE","url":"https:\/\/aca-pl.com\/","logo":{"@type":"ImageObject","inLanguage":"fr-FR","@id":"https:\/\/aca-pl.com\/#\/schema\/logo\/image\/","url":"https:\/\/aca-pl.com\/wp-content\/uploads\/2019\/11\/ACA-15pxX15px-1.png","contentUrl":"https:\/\/aca-pl.com\/wp-content\/uploads\/2019\/11\/ACA-15pxX15px-1.png","width":125,"height":125,"caption":"AUDIT CONSEIL ASSISTANCE"},"image":{"@id":"https:\/\/aca-pl.com\/#\/schema\/logo\/image\/"},"sameAs":["https:\/\/www.facebook.com\/groups\/1773349446235806\/?ref=bookmarks","https:\/\/x.com\/AssistanceAudit","http:\/\/www.linkedin.com\/in\/philippe-b-7a43b342"]}]}},"_links":{"self":[{"href":"https:\/\/aca-pl.com\/index.php?rest_route=\/wp\/v2\/pages\/248","targetHints":{"allow":["GET"]}}],"collection":[{"href":"https:\/\/aca-pl.com\/index.php?rest_route=\/wp\/v2\/pages"}],"about":[{"href":"https:\/\/aca-pl.com\/index.php?rest_route=\/wp\/v2\/types\/page"}],"author":[{"embeddable":true,"href":"https:\/\/aca-pl.com\/index.php?rest_route=\/wp\/v2\/users\/1"}],"replies":[{"embeddable":true,"href":"https:\/\/aca-pl.com\/index.php?rest_route=%2Fwp%2Fv2%2Fcomments&post=248"}],"version-history":[{"count":16,"href":"https:\/\/aca-pl.com\/index.php?rest_route=\/wp\/v2\/pages\/248\/revisions"}],"predecessor-version":[{"id":3018,"href":"https:\/\/aca-pl.com\/index.php?rest_route=\/wp\/v2\/pages\/248\/revisions\/3018"}],"wp:attachment":[{"href":"https:\/\/aca-pl.com\/index.php?rest_route=%2Fwp%2Fv2%2Fmedia&parent=248"}],"curies":[{"name":"wp","href":"https:\/\/api.w.org\/{rel}","templated":true}]}}