{"id":1822,"date":"2020-10-02T11:29:18","date_gmt":"2020-10-02T09:29:18","guid":{"rendered":"https:\/\/aca-pl.com\/?page_id=1822"},"modified":"2021-02-10T16:19:56","modified_gmt":"2021-02-10T15:19:56","slug":"les-vehicules-de-collection","status":"publish","type":"page","link":"https:\/\/aca-pl.com\/?page_id=1822","title":{"rendered":"LES V\u00c9HICULES DE COLLECTION"},"content":{"rendered":"\n<p>Vous d\u00e9tenez un v\u00e9hicule de collection, que ce soit une voiture, une moto ou un cyclomoteur, nous sommes l\u00e0 pour vous assurer contre les risques mat\u00e9riels et\/ou corporels qui peuvent en d\u00e9couler. &nbsp;<\/p>\n\n\n\n<p>Ce qu\u2019il faut savoir, c\u2019est que les v\u00e9hicules de collection sont des v\u00e9hicules terrestres \u00e0 moteur, c&rsquo;est-\u00e0-dire&nbsp; que vous \u00eates dans l\u2019obligation de les assurer \u00e0 \u00ab&nbsp;minima&nbsp;\u00bb en Responsabilit\u00e9 Civile.<\/p>\n\n\n\n<p><strong><u>Qui peut souscrire&nbsp;?<\/u><\/strong><\/p>\n\n\n\n<p>Toutes personnes ayant le permis, et d\u00e9tenant un v\u00e9hicule de collection.<\/p>\n\n\n\n<p><strong><u>Quels sont les diff\u00e9rents v\u00e9hicules&nbsp;de collection assurables&nbsp;?<\/u><\/strong><\/p>\n\n\n\n<div class=\"wp-block-media-text alignwide is-stacked-on-mobile\"><figure class=\"wp-block-media-text__media\"><img loading=\"lazy\" decoding=\"async\" width=\"1024\" height=\"578\" src=\"https:\/\/aca-pl.com\/wp-content\/uploads\/2020\/10\/Caravelle-collection-1024x578.jpg\" alt=\"Voiture\" class=\"wp-image-1830 size-full\" srcset=\"https:\/\/aca-pl.com\/wp-content\/uploads\/2020\/10\/Caravelle-collection-1024x578.jpg 1024w, https:\/\/aca-pl.com\/wp-content\/uploads\/2020\/10\/Caravelle-collection-300x169.jpg 300w, https:\/\/aca-pl.com\/wp-content\/uploads\/2020\/10\/Caravelle-collection-768x433.jpg 768w, https:\/\/aca-pl.com\/wp-content\/uploads\/2020\/10\/Caravelle-collection-1536x866.jpg 1536w, https:\/\/aca-pl.com\/wp-content\/uploads\/2020\/10\/Caravelle-collection.jpg 1920w\" sizes=\"auto, (max-width: 1024px) 100vw, 1024px\" \/><\/figure><div class=\"wp-block-media-text__content\">\n<p style=\"font-size:26px\"><strong><em>Voiture<\/em><\/strong><\/p>\n<\/div><\/div>\n\n\n\n<div class=\"wp-block-media-text alignwide is-stacked-on-mobile\"><figure class=\"wp-block-media-text__media\"><img loading=\"lazy\" decoding=\"async\" width=\"1024\" height=\"599\" src=\"https:\/\/aca-pl.com\/wp-content\/uploads\/2020\/10\/Moto-collection-1-1024x599.jpg\" alt=\"\" class=\"wp-image-1832 size-full\" srcset=\"https:\/\/aca-pl.com\/wp-content\/uploads\/2020\/10\/Moto-collection-1-1024x599.jpg 1024w, https:\/\/aca-pl.com\/wp-content\/uploads\/2020\/10\/Moto-collection-1-300x175.jpg 300w, https:\/\/aca-pl.com\/wp-content\/uploads\/2020\/10\/Moto-collection-1-768x449.jpg 768w, https:\/\/aca-pl.com\/wp-content\/uploads\/2020\/10\/Moto-collection-1.jpg 1069w\" sizes=\"auto, (max-width: 1024px) 100vw, 1024px\" \/><\/figure><div class=\"wp-block-media-text__content\">\n<p style=\"font-size:26px\"><strong><em>Moto<\/em><\/strong><\/p>\n<\/div><\/div>\n\n\n\n<div class=\"wp-block-media-text alignwide is-stacked-on-mobile\"><figure class=\"wp-block-media-text__media\"><img loading=\"lazy\" decoding=\"async\" width=\"1024\" height=\"576\" src=\"https:\/\/aca-pl.com\/wp-content\/uploads\/2020\/10\/Cyclomoteur-1024x576.jpg\" alt=\"\" class=\"wp-image-1833 size-full\" srcset=\"https:\/\/aca-pl.com\/wp-content\/uploads\/2020\/10\/Cyclomoteur-1024x576.jpg 1024w, https:\/\/aca-pl.com\/wp-content\/uploads\/2020\/10\/Cyclomoteur-300x169.jpg 300w, https:\/\/aca-pl.com\/wp-content\/uploads\/2020\/10\/Cyclomoteur-768x432.jpg 768w, https:\/\/aca-pl.com\/wp-content\/uploads\/2020\/10\/Cyclomoteur-1536x864.jpg 1536w, https:\/\/aca-pl.com\/wp-content\/uploads\/2020\/10\/Cyclomoteur.jpg 1920w\" sizes=\"auto, (max-width: 1024px) 100vw, 1024px\" \/><\/figure><div class=\"wp-block-media-text__content\">\n<p style=\"font-size:26px\"><strong><em>Motocyclette<\/em><\/strong><\/p>\n<\/div><\/div>\n\n\n\n<p><strong><u>A partir de quand&nbsp;?<\/u><\/strong><\/p>\n\n\n\n<p>Un v\u00e9hicule est dit de \u00ab&nbsp;<strong><em>collection<\/em><\/strong>&nbsp;\u00bb \u00e0 partir de 10 ans d\u2019\u00e2ge.<\/p>\n\n\n\n<p><strong><u>Pour quels usages&nbsp;?<\/u><\/strong><\/p>\n\n\n\n<ul class=\"wp-block-list\"><li>Usage priv\u00e9<\/li><li>Trajet professionnel occasionnel si accord de la compagnie<\/li><\/ul>\n\n\n\n<p>Certaines compagnies peuvent &nbsp;autoriser les sorties d\u2019entretien, les d\u00e9fil\u00e9s ou encore les essais.<\/p>\n\n\n\n<p><strong><u>Les garanties propos\u00e9es :<\/u><\/strong><\/p>\n\n\n\n<ul class=\"wp-block-list\"><li>Responsabilit\u00e9 Civile<\/li><li>Bris de glace<\/li><li>Vol<\/li><li>Incendie (temp\u00eates, gr\u00eales, neiges)<\/li><li>Catastrophes naturelles<\/li><li>Dommages tous accidents pour les Autos ou Dommages Collision pour les Motos.<\/li><\/ul>\n\n\n\n<p><strong><u>Des garanties optionnelles&nbsp;:<\/u><\/strong><\/p>\n\n\n\n<ul class=\"wp-block-list\"><li><em>Garantie accidents corporels du conducteur<\/em>\u00a0: elle va vous prot\u00e9ger contre les dommages corporels. (Avec plusieurs plafonds possibles)<\/li><li><em>Assistance 24h\/24<\/em>\u00a0: A partir de 0K<\/li><li><em>Protection Juridique<\/em>\u00a0: Elle vous permet de vous prot\u00e9ger en cas de litige avec un tiers.<\/li><\/ul>\n\n\n\n<p>Selon certaines compagnies, nous allons pouvoir appliquer un tarif d\u00e9gressif d\u00e8s le second v\u00e9hicule de collection assur\u00e9. (Flotte de v\u00e9hicule de collection)<\/p>\n\n\n\n<p><strong><u>Ce que l\u2019assurance v\u00e9hicule de collection ne garantit pas&nbsp;:<\/u><\/strong><\/p>\n\n\n\n<ul class=\"wp-block-list\"><li>Les soci\u00e9t\u00e9s de Location.<\/li><li>Toutes formes de comp\u00e9titions sportives. (courses, courses chronom\u00e9tr\u00e9es)<\/li><li>Les exclusions pr\u00e9vues dans les conditions particuli\u00e8res et g\u00e9n\u00e9rales du contrat.<\/li><\/ul>\n\n\n\n<p><strong><u>Conclusions sur le contrat V\u00e9hicules de collection&nbsp;:<\/u><\/strong><\/p>\n\n\n\n<p>Vous devez assurer tous vos v\u00e9hicules terrestres \u00e0 moteur, et les v\u00e9hicules de collection n\u2019y \u00e9chappent pas. Ainsi, nous sommes l\u00e0 pour vous accompagner lors des choix de garanties afin de prot\u00e9ger votre v\u00e9hicule de collection contre les dommages mat\u00e9riels et de Responsabilit\u00e9 Civile.<\/p>\n\n\n\n<p><strong><u>Pour souscrire, nous avons besoin de&nbsp;:<\/u><\/strong><\/p>\n\n\n\n<ul class=\"wp-block-list\"><li>Une pi\u00e8ce d\u2019identit\u00e9 valide<\/li><li>Un permis de conduire<\/li><li>Un relev\u00e9 d\u2019informations<\/li><li>La carte grise du v\u00e9hicule concern\u00e9<\/li><li>Rapport d\u2019expertise si garantie dommage<\/li><\/ul>\n\n\n\n<div class=\"wp-block-image\"><figure class=\"aligncenter size-large is-resized\"><img loading=\"lazy\" decoding=\"async\" src=\"https:\/\/aca-pl.com\/wp-content\/uploads\/2020\/10\/Auto-collection-1024x683.jpg\" alt=\"\" class=\"wp-image-1824\" width=\"497\" height=\"331\" srcset=\"https:\/\/aca-pl.com\/wp-content\/uploads\/2020\/10\/Auto-collection-1024x683.jpg 1024w, https:\/\/aca-pl.com\/wp-content\/uploads\/2020\/10\/Auto-collection-300x200.jpg 300w, https:\/\/aca-pl.com\/wp-content\/uploads\/2020\/10\/Auto-collection-768x512.jpg 768w, https:\/\/aca-pl.com\/wp-content\/uploads\/2020\/10\/Auto-collection-1536x1024.jpg 1536w, https:\/\/aca-pl.com\/wp-content\/uploads\/2020\/10\/Auto-collection.jpg 1920w\" sizes=\"auto, (max-width: 497px) 100vw, 497px\" \/><\/figure><\/div>\n\n\n\n<p class=\"has-text-align-center has-text-color\" style=\"color:#009acc;font-size:15px\"><strong><em><span style=\"color:#009acc\" class=\"has-inline-color\">Notre conseil\u00a0: \u00ab\u00a0Ne n\u00e9gligez pas vos v\u00e9hicules de collection, assurez les\u00a0!\u00a0\u00bb<\/span><\/em><\/strong><\/p>\n\n\n\n<p><strong><u>Pour toute demande d\u2019informations:<\/u><\/strong><\/p>\n\n\n\n<p>Vous pouvez nous contacter par t\u00e9l\u00e9phone au 02 41 09 77 32, par notre <a href=\"https:\/\/aca-pl.com\/?page_id=181\">formulaire de contact<\/a>, ou par mail&nbsp;: info@aca-pl.com<\/p>\n\n\n\n<div class=\"wp-block-image\"><figure class=\"aligncenter size-large\"><img loading=\"lazy\" decoding=\"async\" width=\"125\" height=\"125\" src=\"https:\/\/aca-pl.com\/wp-content\/uploads\/2019\/11\/ACA-15pxX15px-1.png\" alt=\"LOGO ACA\" class=\"wp-image-33\"\/><\/figure><\/div>\n\n\n\n<p class=\"has-text-align-center\"><strong>Quand la passion est un m\u00e9tier<\/strong><\/p>\n","protected":false},"excerpt":{"rendered":"<p>Vous d\u00e9tenez un v\u00e9hicule de collection, que ce soit une voiture, une moto ou un cyclomoteur, nous sommes l\u00e0 pour vous assurer contre les risques mat\u00e9riels et\/ou corporels qui peuvent en d\u00e9couler. &nbsp; Ce qu\u2019il faut savoir, c\u2019est que les v\u00e9hicules de collection sont des v\u00e9hicules terrestres \u00e0 moteur, c&rsquo;est-\u00e0-dire&nbsp; que vous \u00eates dans l\u2019obligation &hellip; <a href=\"https:\/\/aca-pl.com\/?page_id=1822\" class=\"more-link\">Continuer la lecture de <span class=\"screen-reader-text\">LES V\u00c9HICULES DE COLLECTION<\/span>  <span class=\"meta-nav\">&rarr;<\/span><\/a><\/p>\n","protected":false},"author":1,"featured_media":0,"parent":0,"menu_order":0,"comment_status":"closed","ping_status":"closed","template":"","meta":{"_bbp_topic_count":0,"_bbp_reply_count":0,"_bbp_total_topic_count":0,"_bbp_total_reply_count":0,"_bbp_voice_count":0,"_bbp_anonymous_reply_count":0,"_bbp_topic_count_hidden":0,"_bbp_reply_count_hidden":0,"_bbp_forum_subforum_count":0,"_monsterinsights_skip_tracking":false,"_monsterinsights_sitenote_active":false,"_monsterinsights_sitenote_note":"","_monsterinsights_sitenote_category":0,"_themeisle_gutenberg_block_has_review":false,"footnotes":""},"class_list":["post-1822","page","type-page","status-publish","hentry"],"yoast_head":"<!-- This site is optimized with the Yoast SEO plugin v24.9 - https:\/\/yoast.com\/wordpress\/plugins\/seo\/ -->\n<title>LES V\u00c9HICULES DE COLLECTION -<\/title>\n<meta name=\"description\" content=\"Vous d\u00e9tenez un v\u00e9hicule de collection, que ce soit une voiture, une moto ou un cyclomoteur, nous sommes l\u00e0 pour vous assurer contre les risques mat\u00e9riels et\/ou corporels qui peuvent en d\u00e9couler.\" \/>\n<meta name=\"robots\" content=\"index, follow, max-snippet:-1, max-image-preview:large, max-video-preview:-1\" \/>\n<link rel=\"canonical\" href=\"https:\/\/aca-pl.com\/?page_id=1822\" \/>\n<meta property=\"og:locale\" content=\"fr_FR\" \/>\n<meta property=\"og:type\" content=\"article\" \/>\n<meta property=\"og:title\" content=\"LES V\u00c9HICULES DE COLLECTION -\" \/>\n<meta property=\"og:description\" content=\"Vous d\u00e9tenez un v\u00e9hicule de collection, que ce soit une voiture, une moto ou un cyclomoteur, nous sommes l\u00e0 pour vous assurer contre les risques mat\u00e9riels et\/ou corporels qui peuvent en d\u00e9couler.\" \/>\n<meta property=\"og:url\" content=\"https:\/\/aca-pl.com\/?page_id=1822\" \/>\n<meta property=\"article:publisher\" content=\"https:\/\/www.facebook.com\/groups\/1773349446235806\/?ref=bookmarks\" \/>\n<meta property=\"article:modified_time\" content=\"2021-02-10T15:19:56+00:00\" \/>\n<meta property=\"og:image\" content=\"https:\/\/aca-pl.com\/wp-content\/uploads\/2020\/10\/Caravelle-collection-1024x578.jpg\" \/>\n<meta name=\"twitter:card\" content=\"summary_large_image\" \/>\n<meta name=\"twitter:site\" content=\"@AssistanceAudit\" \/>\n<meta name=\"twitter:label1\" content=\"Dur\u00e9e de lecture estim\u00e9e\" \/>\n\t<meta name=\"twitter:data1\" content=\"3 minutes\" \/>\n<script type=\"application\/ld+json\" class=\"yoast-schema-graph\">{\"@context\":\"https:\/\/schema.org\",\"@graph\":[{\"@type\":\"WebPage\",\"@id\":\"https:\/\/aca-pl.com\/?page_id=1822\",\"url\":\"https:\/\/aca-pl.com\/?page_id=1822\",\"name\":\"LES V\u00c9HICULES DE COLLECTION -\",\"isPartOf\":{\"@id\":\"https:\/\/aca-pl.com\/#website\"},\"primaryImageOfPage\":{\"@id\":\"https:\/\/aca-pl.com\/?page_id=1822#primaryimage\"},\"image\":{\"@id\":\"https:\/\/aca-pl.com\/?page_id=1822#primaryimage\"},\"thumbnailUrl\":\"https:\/\/aca-pl.com\/wp-content\/uploads\/2020\/10\/Caravelle-collection-1024x578.jpg\",\"datePublished\":\"2020-10-02T09:29:18+00:00\",\"dateModified\":\"2021-02-10T15:19:56+00:00\",\"description\":\"Vous d\u00e9tenez un v\u00e9hicule de collection, que ce soit une voiture, une moto ou un cyclomoteur, nous sommes l\u00e0 pour vous assurer contre les risques mat\u00e9riels et\/ou corporels qui peuvent en d\u00e9couler.\",\"breadcrumb\":{\"@id\":\"https:\/\/aca-pl.com\/?page_id=1822#breadcrumb\"},\"inLanguage\":\"fr-FR\",\"potentialAction\":[{\"@type\":\"ReadAction\",\"target\":[\"https:\/\/aca-pl.com\/?page_id=1822\"]}]},{\"@type\":\"ImageObject\",\"inLanguage\":\"fr-FR\",\"@id\":\"https:\/\/aca-pl.com\/?page_id=1822#primaryimage\",\"url\":\"https:\/\/aca-pl.com\/wp-content\/uploads\/2020\/10\/Caravelle-collection.jpg\",\"contentUrl\":\"https:\/\/aca-pl.com\/wp-content\/uploads\/2020\/10\/Caravelle-collection.jpg\",\"width\":1920,\"height\":1083,\"caption\":\"Voiture\"},{\"@type\":\"BreadcrumbList\",\"@id\":\"https:\/\/aca-pl.com\/?page_id=1822#breadcrumb\",\"itemListElement\":[{\"@type\":\"ListItem\",\"position\":1,\"name\":\"Accueil\",\"item\":\"https:\/\/aca-pl.com\/\"},{\"@type\":\"ListItem\",\"position\":2,\"name\":\"LES V\u00c9HICULES DE COLLECTION\"}]},{\"@type\":\"WebSite\",\"@id\":\"https:\/\/aca-pl.com\/#website\",\"url\":\"https:\/\/aca-pl.com\/\",\"name\":\"\",\"description\":\"Quand la passion est un m\u00e9tier\",\"publisher\":{\"@id\":\"https:\/\/aca-pl.com\/#organization\"},\"potentialAction\":[{\"@type\":\"SearchAction\",\"target\":{\"@type\":\"EntryPoint\",\"urlTemplate\":\"https:\/\/aca-pl.com\/?s={search_term_string}\"},\"query-input\":{\"@type\":\"PropertyValueSpecification\",\"valueRequired\":true,\"valueName\":\"search_term_string\"}}],\"inLanguage\":\"fr-FR\"},{\"@type\":\"Organization\",\"@id\":\"https:\/\/aca-pl.com\/#organization\",\"name\":\"AUDIT CONSEIL ASSISTANCE\",\"url\":\"https:\/\/aca-pl.com\/\",\"logo\":{\"@type\":\"ImageObject\",\"inLanguage\":\"fr-FR\",\"@id\":\"https:\/\/aca-pl.com\/#\/schema\/logo\/image\/\",\"url\":\"https:\/\/aca-pl.com\/wp-content\/uploads\/2019\/11\/ACA-15pxX15px-1.png\",\"contentUrl\":\"https:\/\/aca-pl.com\/wp-content\/uploads\/2019\/11\/ACA-15pxX15px-1.png\",\"width\":125,\"height\":125,\"caption\":\"AUDIT CONSEIL ASSISTANCE\"},\"image\":{\"@id\":\"https:\/\/aca-pl.com\/#\/schema\/logo\/image\/\"},\"sameAs\":[\"https:\/\/www.facebook.com\/groups\/1773349446235806\/?ref=bookmarks\",\"https:\/\/x.com\/AssistanceAudit\",\"http:\/\/www.linkedin.com\/in\/philippe-b-7a43b342\"]}]}<\/script>\n<!-- \/ Yoast SEO plugin. -->","yoast_head_json":{"title":"LES V\u00c9HICULES DE COLLECTION -","description":"Vous d\u00e9tenez un v\u00e9hicule de collection, que ce soit une voiture, une moto ou un cyclomoteur, nous sommes l\u00e0 pour vous assurer contre les risques mat\u00e9riels et\/ou corporels qui peuvent en d\u00e9couler.","robots":{"index":"index","follow":"follow","max-snippet":"max-snippet:-1","max-image-preview":"max-image-preview:large","max-video-preview":"max-video-preview:-1"},"canonical":"https:\/\/aca-pl.com\/?page_id=1822","og_locale":"fr_FR","og_type":"article","og_title":"LES V\u00c9HICULES DE COLLECTION -","og_description":"Vous d\u00e9tenez un v\u00e9hicule de collection, que ce soit une voiture, une moto ou un cyclomoteur, nous sommes l\u00e0 pour vous assurer contre les risques mat\u00e9riels et\/ou corporels qui peuvent en d\u00e9couler.","og_url":"https:\/\/aca-pl.com\/?page_id=1822","article_publisher":"https:\/\/www.facebook.com\/groups\/1773349446235806\/?ref=bookmarks","article_modified_time":"2021-02-10T15:19:56+00:00","og_image":[{"url":"https:\/\/aca-pl.com\/wp-content\/uploads\/2020\/10\/Caravelle-collection-1024x578.jpg","type":"","width":"","height":""}],"twitter_card":"summary_large_image","twitter_site":"@AssistanceAudit","twitter_misc":{"Dur\u00e9e de lecture estim\u00e9e":"3 minutes"},"schema":{"@context":"https:\/\/schema.org","@graph":[{"@type":"WebPage","@id":"https:\/\/aca-pl.com\/?page_id=1822","url":"https:\/\/aca-pl.com\/?page_id=1822","name":"LES V\u00c9HICULES DE COLLECTION -","isPartOf":{"@id":"https:\/\/aca-pl.com\/#website"},"primaryImageOfPage":{"@id":"https:\/\/aca-pl.com\/?page_id=1822#primaryimage"},"image":{"@id":"https:\/\/aca-pl.com\/?page_id=1822#primaryimage"},"thumbnailUrl":"https:\/\/aca-pl.com\/wp-content\/uploads\/2020\/10\/Caravelle-collection-1024x578.jpg","datePublished":"2020-10-02T09:29:18+00:00","dateModified":"2021-02-10T15:19:56+00:00","description":"Vous d\u00e9tenez un v\u00e9hicule de collection, que ce soit une voiture, une moto ou un cyclomoteur, nous sommes l\u00e0 pour vous assurer contre les risques mat\u00e9riels et\/ou corporels qui peuvent en d\u00e9couler.","breadcrumb":{"@id":"https:\/\/aca-pl.com\/?page_id=1822#breadcrumb"},"inLanguage":"fr-FR","potentialAction":[{"@type":"ReadAction","target":["https:\/\/aca-pl.com\/?page_id=1822"]}]},{"@type":"ImageObject","inLanguage":"fr-FR","@id":"https:\/\/aca-pl.com\/?page_id=1822#primaryimage","url":"https:\/\/aca-pl.com\/wp-content\/uploads\/2020\/10\/Caravelle-collection.jpg","contentUrl":"https:\/\/aca-pl.com\/wp-content\/uploads\/2020\/10\/Caravelle-collection.jpg","width":1920,"height":1083,"caption":"Voiture"},{"@type":"BreadcrumbList","@id":"https:\/\/aca-pl.com\/?page_id=1822#breadcrumb","itemListElement":[{"@type":"ListItem","position":1,"name":"Accueil","item":"https:\/\/aca-pl.com\/"},{"@type":"ListItem","position":2,"name":"LES V\u00c9HICULES DE COLLECTION"}]},{"@type":"WebSite","@id":"https:\/\/aca-pl.com\/#website","url":"https:\/\/aca-pl.com\/","name":"","description":"Quand la passion est un m\u00e9tier","publisher":{"@id":"https:\/\/aca-pl.com\/#organization"},"potentialAction":[{"@type":"SearchAction","target":{"@type":"EntryPoint","urlTemplate":"https:\/\/aca-pl.com\/?s={search_term_string}"},"query-input":{"@type":"PropertyValueSpecification","valueRequired":true,"valueName":"search_term_string"}}],"inLanguage":"fr-FR"},{"@type":"Organization","@id":"https:\/\/aca-pl.com\/#organization","name":"AUDIT CONSEIL ASSISTANCE","url":"https:\/\/aca-pl.com\/","logo":{"@type":"ImageObject","inLanguage":"fr-FR","@id":"https:\/\/aca-pl.com\/#\/schema\/logo\/image\/","url":"https:\/\/aca-pl.com\/wp-content\/uploads\/2019\/11\/ACA-15pxX15px-1.png","contentUrl":"https:\/\/aca-pl.com\/wp-content\/uploads\/2019\/11\/ACA-15pxX15px-1.png","width":125,"height":125,"caption":"AUDIT CONSEIL ASSISTANCE"},"image":{"@id":"https:\/\/aca-pl.com\/#\/schema\/logo\/image\/"},"sameAs":["https:\/\/www.facebook.com\/groups\/1773349446235806\/?ref=bookmarks","https:\/\/x.com\/AssistanceAudit","http:\/\/www.linkedin.com\/in\/philippe-b-7a43b342"]}]}},"_links":{"self":[{"href":"https:\/\/aca-pl.com\/index.php?rest_route=\/wp\/v2\/pages\/1822","targetHints":{"allow":["GET"]}}],"collection":[{"href":"https:\/\/aca-pl.com\/index.php?rest_route=\/wp\/v2\/pages"}],"about":[{"href":"https:\/\/aca-pl.com\/index.php?rest_route=\/wp\/v2\/types\/page"}],"author":[{"embeddable":true,"href":"https:\/\/aca-pl.com\/index.php?rest_route=\/wp\/v2\/users\/1"}],"replies":[{"embeddable":true,"href":"https:\/\/aca-pl.com\/index.php?rest_route=%2Fwp%2Fv2%2Fcomments&post=1822"}],"version-history":[{"count":9,"href":"https:\/\/aca-pl.com\/index.php?rest_route=\/wp\/v2\/pages\/1822\/revisions"}],"predecessor-version":[{"id":2752,"href":"https:\/\/aca-pl.com\/index.php?rest_route=\/wp\/v2\/pages\/1822\/revisions\/2752"}],"wp:attachment":[{"href":"https:\/\/aca-pl.com\/index.php?rest_route=%2Fwp%2Fv2%2Fmedia&parent=1822"}],"curies":[{"name":"wp","href":"https:\/\/api.w.org\/{rel}","templated":true}]}}