{"id":1738,"date":"2020-09-29T15:01:42","date_gmt":"2020-09-29T13:01:42","guid":{"rendered":"https:\/\/aca-pl.com\/?page_id=1738"},"modified":"2021-02-10T16:21:09","modified_gmt":"2021-02-10T15:21:09","slug":"les-nvei-nouveaux-vehicules-electriques-individuels","status":"publish","type":"page","link":"https:\/\/aca-pl.com\/?page_id=1738","title":{"rendered":"Les NVEI (Nouveaux v\u00e9hicules \u00e9lectriques individuels)"},"content":{"rendered":"\n<p>Aujourd\u2019hui, les NVEI sont tr\u00e8s pr\u00e9sents en France.<\/p>\n\n\n\n<p>Ce qu\u2019il faut savoir, lorsque vous acqu\u00e9rez un nouveau v\u00e9hicule \u00e9lectrique individuel, c\u2019est que ceux-ci sont cat\u00e9goris\u00e9s comme des v\u00e9hicules terrestres \u00e0 moteur.<\/p>\n\n\n\n<p> Ainsi vous serez dans l\u2019obligation de vous assurer \u00e0 \u00ab&nbsp;minima&nbsp;\u00bb en <strong><em>Responsabilit\u00e9 Civile<\/em><\/strong>, selon l\u2019article L.211-1 du Code des assurances.<\/p>\n\n\n\n<p><strong><u>Les cibles du contrat NVEI&nbsp;:<\/u><\/strong> <\/p>\n\n\n\n<ul class=\"wp-block-list\"><li>Le propri\u00e9taire d\u2019un Nouveau V\u00e9hicule \u00c9lectrique Individuel, doit \u00eatre d\u00e9sign\u00e9 sur le contrat.<\/li><li>\u00catre \u00e2g\u00e9 d\u2019au moins 18 ans pour le souscripteur, et r\u00e9sider en France m\u00e9tropolitaine.<\/li><\/ul>\n\n\n\n<p><strong><u>Les diff\u00e9rents v\u00e9hicules assurables&nbsp;:<\/u><\/strong><\/p>\n\n\n\n<p><\/p>\n\n\n\n<div class=\"wp-block-media-text alignwide is-stacked-on-mobile\"><figure class=\"wp-block-media-text__media\"><img loading=\"lazy\" decoding=\"async\" width=\"1024\" height=\"576\" src=\"https:\/\/aca-pl.com\/wp-content\/uploads\/2020\/09\/Gyroroue-1024x576.jpg\" alt=\"\" class=\"wp-image-1743 size-full\" srcset=\"https:\/\/aca-pl.com\/wp-content\/uploads\/2020\/09\/Gyroroue-1024x576.jpg 1024w, https:\/\/aca-pl.com\/wp-content\/uploads\/2020\/09\/Gyroroue-300x169.jpg 300w, https:\/\/aca-pl.com\/wp-content\/uploads\/2020\/09\/Gyroroue-768x432.jpg 768w, https:\/\/aca-pl.com\/wp-content\/uploads\/2020\/09\/Gyroroue-1536x864.jpg 1536w, https:\/\/aca-pl.com\/wp-content\/uploads\/2020\/09\/Gyroroue.jpg 1920w\" sizes=\"auto, (max-width: 1024px) 100vw, 1024px\" \/><\/figure><div class=\"wp-block-media-text__content\">\n<p style=\"font-size:30px\">La gyroroue<\/p>\n<\/div><\/div>\n\n\n\n<div class=\"wp-block-media-text alignwide is-stacked-on-mobile\"><figure class=\"wp-block-media-text__media\"><img loading=\"lazy\" decoding=\"async\" width=\"1024\" height=\"754\" src=\"https:\/\/aca-pl.com\/wp-content\/uploads\/2020\/09\/Trottinette-electrique-1-1024x754.jpg\" alt=\"\" class=\"wp-image-1744 size-full\" srcset=\"https:\/\/aca-pl.com\/wp-content\/uploads\/2020\/09\/Trottinette-electrique-1-1024x754.jpg 1024w, https:\/\/aca-pl.com\/wp-content\/uploads\/2020\/09\/Trottinette-electrique-1-300x221.jpg 300w, https:\/\/aca-pl.com\/wp-content\/uploads\/2020\/09\/Trottinette-electrique-1-768x565.jpg 768w, https:\/\/aca-pl.com\/wp-content\/uploads\/2020\/09\/Trottinette-electrique-1-1536x1130.jpg 1536w, https:\/\/aca-pl.com\/wp-content\/uploads\/2020\/09\/Trottinette-electrique-1.jpg 1920w\" sizes=\"auto, (max-width: 1024px) 100vw, 1024px\" \/><\/figure><div class=\"wp-block-media-text__content\">\n<p style=\"font-size:30px\">La trottinette \u00e9lectrique<\/p>\n<\/div><\/div>\n\n\n\n<p><\/p>\n\n\n\n<div class=\"wp-block-media-text alignwide is-stacked-on-mobile\"><figure class=\"wp-block-media-text__media\"><img loading=\"lazy\" decoding=\"async\" width=\"1024\" height=\"667\" src=\"https:\/\/aca-pl.com\/wp-content\/uploads\/2020\/09\/Hoverboard-1024x667.jpg\" alt=\"\" class=\"wp-image-1745 size-full\" srcset=\"https:\/\/aca-pl.com\/wp-content\/uploads\/2020\/09\/Hoverboard-1024x667.jpg 1024w, https:\/\/aca-pl.com\/wp-content\/uploads\/2020\/09\/Hoverboard-300x195.jpg 300w, https:\/\/aca-pl.com\/wp-content\/uploads\/2020\/09\/Hoverboard-768x500.jpg 768w, https:\/\/aca-pl.com\/wp-content\/uploads\/2020\/09\/Hoverboard-1536x1001.jpg 1536w, https:\/\/aca-pl.com\/wp-content\/uploads\/2020\/09\/Hoverboard.jpg 1920w\" sizes=\"auto, (max-width: 1024px) 100vw, 1024px\" \/><\/figure><div class=\"wp-block-media-text__content\">\n<p style=\"font-size:30px\">Hoverboard<\/p>\n<\/div><\/div>\n\n\n\n<p><strong><span style=\"text-decoration: underline;\">Mais aussi:<\/span><\/strong><\/p>\n\n\n\n<ul class=\"wp-block-list\"><li>Le gyropode<\/li><li>Le scooter \u00e9lectrique ultra l\u00e9ger<\/li><\/ul>\n\n\n\n<p>(<em>A savoir&nbsp;<\/em>: L\u2019immatriculation du v\u00e9hicule n\u2019est pas obligatoire)<\/p>\n\n\n\n<p><strong><u>Quels d\u00e9placements&nbsp;?<\/u><\/strong><\/p>\n\n\n\n<ul class=\"wp-block-list\"><li> <em>Trajet Priv\u00e9<\/em>&nbsp;: que ce soit pour des sorties quelconques ou un simple loisir.<\/li><li><em>Trajet Priv\u00e9 \u2013 Professionnel<\/em>&nbsp;: Attention&nbsp;: Pendant les trajets professionnels, vous ne pouvez pas transporter ou livrer des personnes et\/ou des marchandises.<\/li><\/ul>\n\n\n\n<p><strong><u>Les garanties du contrat :<\/u><\/strong><\/p>\n\n\n\n<ul class=\"wp-block-list\"><li>Responsabilit\u00e9 Civile <em>obligatoire<\/em><\/li><li>D\u00e9fense P\u00e9nale et Recours Suite \u00e0 Accident<\/li><li>Dommages collision avec tiers identifi\u00e9s<\/li><li>Vol avec agression<\/li><li>Attentats et Actes de Terrorisme<\/li><li>Catastrophes naturelles&nbsp;:<\/li><li>Catastrophes technologiques<\/li><\/ul>\n\n\n\n<p>Vous serez garantis en dommages mat\u00e9riels et\/ou corporels suivant les options souscrites au pr\u00e9alable. (Garanties applicables dans la limite des conditions du contrat souscrit).<\/p>\n\n\n\n<p><strong><u>Le contrat NVEI vous propose des options, telles que&nbsp;:<\/u><\/strong><\/p>\n\n\n\n<ul class=\"wp-block-list\"><li><em>Option&nbsp;: Garantie Individuelle Accident&nbsp;<\/em>: une indemnisation pouvant aller jusqu\u2019\u00e0 200 000 \u20ac en cas de dommages au conducteur, s\u2019il y a port du casque. Si vous ne portez pas le casque, il n\u2019y aura pas d\u2019indemnisation possible.<\/li><li><em>Option&nbsp;: Garantie Protection Juridique<\/em><\/li><\/ul>\n\n\n\n<p><strong><u>Les franchises applicables au contrat&nbsp;:<\/u><\/strong><\/p>\n\n\n\n<ul class=\"wp-block-list\"><li>Dommages collision, Vol avec violence : <em>10 % du montant des dommages avec un minimum de 100 \u20ac<\/em><\/li><li>Individuelle accident : <em>franchise AIPP 10 %<\/em><\/li><li>Catastrophes Naturelles : <em>franchise l\u00e9gale<\/em><\/li><\/ul>\n\n\n\n<p>* <strong><em>AIPP<\/em><\/strong>&nbsp;: Atteinte de l\u2019Int\u00e9grit\u00e9 Physique et Psychique<\/p>\n\n\n\n<p><strong><u>Ce que le contrat NVEI ne garantit pas&nbsp;:<\/u><\/strong><\/p>\n\n\n\n<ul class=\"wp-block-list\"><li>Tous les v\u00e9hicules allant \u00e0 plus de 25km\/h.<\/li><li>Toutes modifications non conformes aux normes constructeurs ou le d\u00e9bridage du moteur.<\/li><li>Les v\u00e9los \u00e0 assistance \u00e9lectrique (dont le \u00ab&nbsp;Speed-bike&nbsp;\u00bb)<\/li><li>Les flottes de location<\/li><li>Plus de 5 nouveaux v\u00e9hicules \u00e9lectriques individuels par contrat.<\/li><\/ul>\n\n\n\n<p><strong><u>Conclusion sur les NVEI&nbsp;:<\/u><\/strong><\/p>\n\n\n\n<p>Vous devez \u00eatre assur\u00e9 en Responsabilit\u00e9 Civile d\u00e8s lors que vous vous d\u00e9tenez un nouveau v\u00e9hicule \u00e9lectrique individuel, sans oublier de vous prot\u00e9ger vous-m\u00eame contre les potentiels risques mat\u00e9riels et\/ou corporels qui peuvent en d\u00e9couler.<\/p>\n\n\n\n<div class=\"wp-block-image\"><figure class=\"aligncenter size-large is-resized\"><img loading=\"lazy\" decoding=\"async\" src=\"https:\/\/aca-pl.com\/wp-content\/uploads\/2020\/09\/Trottinette-electrique-1024x754.jpg\" alt=\"\" class=\"wp-image-1742\" width=\"309\" height=\"228\" srcset=\"https:\/\/aca-pl.com\/wp-content\/uploads\/2020\/09\/Trottinette-electrique-1024x754.jpg 1024w, https:\/\/aca-pl.com\/wp-content\/uploads\/2020\/09\/Trottinette-electrique-300x221.jpg 300w, https:\/\/aca-pl.com\/wp-content\/uploads\/2020\/09\/Trottinette-electrique-768x565.jpg 768w, https:\/\/aca-pl.com\/wp-content\/uploads\/2020\/09\/Trottinette-electrique-1536x1130.jpg 1536w, https:\/\/aca-pl.com\/wp-content\/uploads\/2020\/09\/Trottinette-electrique.jpg 1920w\" sizes=\"auto, (max-width: 309px) 100vw, 309px\" \/><\/figure><\/div>\n\n\n\n<p>En fonction de vos besoins, notre partenariat avec ZEPHIR assurances et APRIL, nous permet de vous apporter une solution compl\u00e8te.<\/p>\n\n\n\n<p class=\"has-text-align-center has-text-color\" style=\"color:#009acc\"><strong>\u00ab Notre conseil, faites en sorte de vous prot\u00e9ger contre les risques corporels que peuvent engendrer l\u2019utilisation des NVEI&nbsp;\u00bb<\/strong><\/p>\n\n\n\n<p><strong><u>Pour souscrire, nous avons besoin de<\/u><\/strong>:<\/p>\n\n\n\n<ul class=\"wp-block-list\"><li>Une pi\u00e8ce d\u2019identit\u00e9 valide.<\/li><li>Facture d&rsquo;achat<\/li><\/ul>\n\n\n\n<p><strong><u>Pour toute demande d\u2019informations:<\/u><\/strong><\/p>\n\n\n\n<p>Vous pouvez nous contacter par t\u00e9l\u00e9phone au 02 41 09 77 32 ou par <a href=\"https:\/\/aca-pl.com\/?page_id=181\">notre formulaire de contact<\/a>, ou par mail&nbsp;: info@aca-pl.com<\/p>\n\n\n\n<div class=\"wp-block-image\"><figure class=\"aligncenter size-large\"><img loading=\"lazy\" decoding=\"async\" width=\"125\" height=\"125\" src=\"https:\/\/aca-pl.com\/wp-content\/uploads\/2019\/11\/ACA-15pxX15px-1.png\" alt=\"LOGO ACA\" class=\"wp-image-33\"\/><\/figure><\/div>\n\n\n\n<p class=\"has-text-align-center\"><strong>Quand la passion est un m\u00e9tier<\/strong><\/p>\n","protected":false},"excerpt":{"rendered":"<p>Aujourd\u2019hui, les NVEI sont tr\u00e8s pr\u00e9sents en France. Ce qu\u2019il faut savoir, lorsque vous acqu\u00e9rez un nouveau v\u00e9hicule \u00e9lectrique individuel, c\u2019est que ceux-ci sont cat\u00e9goris\u00e9s comme des v\u00e9hicules terrestres \u00e0 moteur. Ainsi vous serez dans l\u2019obligation de vous assurer \u00e0 \u00ab&nbsp;minima&nbsp;\u00bb en Responsabilit\u00e9 Civile, selon l\u2019article L.211-1 du Code des assurances. Les cibles du contrat &hellip; <a href=\"https:\/\/aca-pl.com\/?page_id=1738\" class=\"more-link\">Continuer la lecture de <span class=\"screen-reader-text\">Les NVEI (Nouveaux v\u00e9hicules \u00e9lectriques individuels)<\/span>  <span class=\"meta-nav\">&rarr;<\/span><\/a><\/p>\n","protected":false},"author":1,"featured_media":0,"parent":0,"menu_order":0,"comment_status":"closed","ping_status":"closed","template":"","meta":{"_bbp_topic_count":0,"_bbp_reply_count":0,"_bbp_total_topic_count":0,"_bbp_total_reply_count":0,"_bbp_voice_count":0,"_bbp_anonymous_reply_count":0,"_bbp_topic_count_hidden":0,"_bbp_reply_count_hidden":0,"_bbp_forum_subforum_count":0,"_monsterinsights_skip_tracking":false,"_monsterinsights_sitenote_active":false,"_monsterinsights_sitenote_note":"","_monsterinsights_sitenote_category":0,"_themeisle_gutenberg_block_has_review":false,"footnotes":""},"class_list":["post-1738","page","type-page","status-publish","hentry"],"yoast_head":"<!-- This site is optimized with the Yoast SEO plugin v24.9 - https:\/\/yoast.com\/wordpress\/plugins\/seo\/ -->\n<title>Les NVEI (Nouveaux v\u00e9hicules \u00e9lectriques individuels) -<\/title>\n<meta name=\"description\" content=\"Ce qu\u2019il faut savoir, lorsque vous acqu\u00e9rez un nouveau v\u00e9hicule \u00e9lectrique individuel, c\u2019est que ceux-ci sont cat\u00e9goris\u00e9s comme des v\u00e9hicules terrestres \u00e0 moteur. Ainsi vous serez dans l\u2019obligation de vous assurer \u00e0 \u00ab minima \u00bb en Responsabilit\u00e9 Civile, selon l\u2019article L.211-1 du Code des assurances.\" \/>\n<meta name=\"robots\" content=\"index, follow, max-snippet:-1, max-image-preview:large, max-video-preview:-1\" \/>\n<link rel=\"canonical\" href=\"https:\/\/aca-pl.com\/?page_id=1738\" \/>\n<meta property=\"og:locale\" content=\"fr_FR\" \/>\n<meta property=\"og:type\" content=\"article\" \/>\n<meta property=\"og:title\" content=\"Les NVEI (Nouveaux v\u00e9hicules \u00e9lectriques individuels) -\" \/>\n<meta property=\"og:description\" content=\"Ce qu\u2019il faut savoir, lorsque vous acqu\u00e9rez un nouveau v\u00e9hicule \u00e9lectrique individuel, c\u2019est que ceux-ci sont cat\u00e9goris\u00e9s comme des v\u00e9hicules terrestres \u00e0 moteur. Ainsi vous serez dans l\u2019obligation de vous assurer \u00e0 \u00ab minima \u00bb en Responsabilit\u00e9 Civile, selon l\u2019article L.211-1 du Code des assurances.\" \/>\n<meta property=\"og:url\" content=\"https:\/\/aca-pl.com\/?page_id=1738\" \/>\n<meta property=\"article:publisher\" content=\"https:\/\/www.facebook.com\/groups\/1773349446235806\/?ref=bookmarks\" \/>\n<meta property=\"article:modified_time\" content=\"2021-02-10T15:21:09+00:00\" \/>\n<meta property=\"og:image\" content=\"https:\/\/aca-pl.com\/wp-content\/uploads\/2020\/09\/Gyroroue-1024x576.jpg\" \/>\n<meta name=\"twitter:card\" content=\"summary_large_image\" \/>\n<meta name=\"twitter:site\" content=\"@AssistanceAudit\" \/>\n<meta name=\"twitter:label1\" content=\"Dur\u00e9e de lecture estim\u00e9e\" \/>\n\t<meta name=\"twitter:data1\" content=\"4 minutes\" \/>\n<script type=\"application\/ld+json\" class=\"yoast-schema-graph\">{\"@context\":\"https:\/\/schema.org\",\"@graph\":[{\"@type\":\"WebPage\",\"@id\":\"https:\/\/aca-pl.com\/?page_id=1738\",\"url\":\"https:\/\/aca-pl.com\/?page_id=1738\",\"name\":\"Les NVEI (Nouveaux v\u00e9hicules \u00e9lectriques individuels) -\",\"isPartOf\":{\"@id\":\"https:\/\/aca-pl.com\/#website\"},\"primaryImageOfPage\":{\"@id\":\"https:\/\/aca-pl.com\/?page_id=1738#primaryimage\"},\"image\":{\"@id\":\"https:\/\/aca-pl.com\/?page_id=1738#primaryimage\"},\"thumbnailUrl\":\"https:\/\/aca-pl.com\/wp-content\/uploads\/2020\/09\/Gyroroue-1024x576.jpg\",\"datePublished\":\"2020-09-29T13:01:42+00:00\",\"dateModified\":\"2021-02-10T15:21:09+00:00\",\"description\":\"Ce qu\u2019il faut savoir, lorsque vous acqu\u00e9rez un nouveau v\u00e9hicule \u00e9lectrique individuel, c\u2019est que ceux-ci sont cat\u00e9goris\u00e9s comme des v\u00e9hicules terrestres \u00e0 moteur. Ainsi vous serez dans l\u2019obligation de vous assurer \u00e0 \u00ab minima \u00bb en Responsabilit\u00e9 Civile, selon l\u2019article L.211-1 du Code des assurances.\",\"breadcrumb\":{\"@id\":\"https:\/\/aca-pl.com\/?page_id=1738#breadcrumb\"},\"inLanguage\":\"fr-FR\",\"potentialAction\":[{\"@type\":\"ReadAction\",\"target\":[\"https:\/\/aca-pl.com\/?page_id=1738\"]}]},{\"@type\":\"ImageObject\",\"inLanguage\":\"fr-FR\",\"@id\":\"https:\/\/aca-pl.com\/?page_id=1738#primaryimage\",\"url\":\"https:\/\/aca-pl.com\/wp-content\/uploads\/2020\/09\/Gyroroue.jpg\",\"contentUrl\":\"https:\/\/aca-pl.com\/wp-content\/uploads\/2020\/09\/Gyroroue.jpg\",\"width\":1920,\"height\":1080},{\"@type\":\"BreadcrumbList\",\"@id\":\"https:\/\/aca-pl.com\/?page_id=1738#breadcrumb\",\"itemListElement\":[{\"@type\":\"ListItem\",\"position\":1,\"name\":\"Accueil\",\"item\":\"https:\/\/aca-pl.com\/\"},{\"@type\":\"ListItem\",\"position\":2,\"name\":\"Les NVEI (Nouveaux v\u00e9hicules \u00e9lectriques individuels)\"}]},{\"@type\":\"WebSite\",\"@id\":\"https:\/\/aca-pl.com\/#website\",\"url\":\"https:\/\/aca-pl.com\/\",\"name\":\"\",\"description\":\"Quand la passion est un m\u00e9tier\",\"publisher\":{\"@id\":\"https:\/\/aca-pl.com\/#organization\"},\"potentialAction\":[{\"@type\":\"SearchAction\",\"target\":{\"@type\":\"EntryPoint\",\"urlTemplate\":\"https:\/\/aca-pl.com\/?s={search_term_string}\"},\"query-input\":{\"@type\":\"PropertyValueSpecification\",\"valueRequired\":true,\"valueName\":\"search_term_string\"}}],\"inLanguage\":\"fr-FR\"},{\"@type\":\"Organization\",\"@id\":\"https:\/\/aca-pl.com\/#organization\",\"name\":\"AUDIT CONSEIL ASSISTANCE\",\"url\":\"https:\/\/aca-pl.com\/\",\"logo\":{\"@type\":\"ImageObject\",\"inLanguage\":\"fr-FR\",\"@id\":\"https:\/\/aca-pl.com\/#\/schema\/logo\/image\/\",\"url\":\"https:\/\/aca-pl.com\/wp-content\/uploads\/2019\/11\/ACA-15pxX15px-1.png\",\"contentUrl\":\"https:\/\/aca-pl.com\/wp-content\/uploads\/2019\/11\/ACA-15pxX15px-1.png\",\"width\":125,\"height\":125,\"caption\":\"AUDIT CONSEIL ASSISTANCE\"},\"image\":{\"@id\":\"https:\/\/aca-pl.com\/#\/schema\/logo\/image\/\"},\"sameAs\":[\"https:\/\/www.facebook.com\/groups\/1773349446235806\/?ref=bookmarks\",\"https:\/\/x.com\/AssistanceAudit\",\"http:\/\/www.linkedin.com\/in\/philippe-b-7a43b342\"]}]}<\/script>\n<!-- \/ Yoast SEO plugin. -->","yoast_head_json":{"title":"Les NVEI (Nouveaux v\u00e9hicules \u00e9lectriques individuels) -","description":"Ce qu\u2019il faut savoir, lorsque vous acqu\u00e9rez un nouveau v\u00e9hicule \u00e9lectrique individuel, c\u2019est que ceux-ci sont cat\u00e9goris\u00e9s comme des v\u00e9hicules terrestres \u00e0 moteur. Ainsi vous serez dans l\u2019obligation de vous assurer \u00e0 \u00ab minima \u00bb en Responsabilit\u00e9 Civile, selon l\u2019article L.211-1 du Code des assurances.","robots":{"index":"index","follow":"follow","max-snippet":"max-snippet:-1","max-image-preview":"max-image-preview:large","max-video-preview":"max-video-preview:-1"},"canonical":"https:\/\/aca-pl.com\/?page_id=1738","og_locale":"fr_FR","og_type":"article","og_title":"Les NVEI (Nouveaux v\u00e9hicules \u00e9lectriques individuels) -","og_description":"Ce qu\u2019il faut savoir, lorsque vous acqu\u00e9rez un nouveau v\u00e9hicule \u00e9lectrique individuel, c\u2019est que ceux-ci sont cat\u00e9goris\u00e9s comme des v\u00e9hicules terrestres \u00e0 moteur. Ainsi vous serez dans l\u2019obligation de vous assurer \u00e0 \u00ab minima \u00bb en Responsabilit\u00e9 Civile, selon l\u2019article L.211-1 du Code des assurances.","og_url":"https:\/\/aca-pl.com\/?page_id=1738","article_publisher":"https:\/\/www.facebook.com\/groups\/1773349446235806\/?ref=bookmarks","article_modified_time":"2021-02-10T15:21:09+00:00","og_image":[{"url":"https:\/\/aca-pl.com\/wp-content\/uploads\/2020\/09\/Gyroroue-1024x576.jpg","type":"","width":"","height":""}],"twitter_card":"summary_large_image","twitter_site":"@AssistanceAudit","twitter_misc":{"Dur\u00e9e de lecture estim\u00e9e":"4 minutes"},"schema":{"@context":"https:\/\/schema.org","@graph":[{"@type":"WebPage","@id":"https:\/\/aca-pl.com\/?page_id=1738","url":"https:\/\/aca-pl.com\/?page_id=1738","name":"Les NVEI (Nouveaux v\u00e9hicules \u00e9lectriques individuels) -","isPartOf":{"@id":"https:\/\/aca-pl.com\/#website"},"primaryImageOfPage":{"@id":"https:\/\/aca-pl.com\/?page_id=1738#primaryimage"},"image":{"@id":"https:\/\/aca-pl.com\/?page_id=1738#primaryimage"},"thumbnailUrl":"https:\/\/aca-pl.com\/wp-content\/uploads\/2020\/09\/Gyroroue-1024x576.jpg","datePublished":"2020-09-29T13:01:42+00:00","dateModified":"2021-02-10T15:21:09+00:00","description":"Ce qu\u2019il faut savoir, lorsque vous acqu\u00e9rez un nouveau v\u00e9hicule \u00e9lectrique individuel, c\u2019est que ceux-ci sont cat\u00e9goris\u00e9s comme des v\u00e9hicules terrestres \u00e0 moteur. Ainsi vous serez dans l\u2019obligation de vous assurer \u00e0 \u00ab minima \u00bb en Responsabilit\u00e9 Civile, selon l\u2019article L.211-1 du Code des assurances.","breadcrumb":{"@id":"https:\/\/aca-pl.com\/?page_id=1738#breadcrumb"},"inLanguage":"fr-FR","potentialAction":[{"@type":"ReadAction","target":["https:\/\/aca-pl.com\/?page_id=1738"]}]},{"@type":"ImageObject","inLanguage":"fr-FR","@id":"https:\/\/aca-pl.com\/?page_id=1738#primaryimage","url":"https:\/\/aca-pl.com\/wp-content\/uploads\/2020\/09\/Gyroroue.jpg","contentUrl":"https:\/\/aca-pl.com\/wp-content\/uploads\/2020\/09\/Gyroroue.jpg","width":1920,"height":1080},{"@type":"BreadcrumbList","@id":"https:\/\/aca-pl.com\/?page_id=1738#breadcrumb","itemListElement":[{"@type":"ListItem","position":1,"name":"Accueil","item":"https:\/\/aca-pl.com\/"},{"@type":"ListItem","position":2,"name":"Les NVEI (Nouveaux v\u00e9hicules \u00e9lectriques individuels)"}]},{"@type":"WebSite","@id":"https:\/\/aca-pl.com\/#website","url":"https:\/\/aca-pl.com\/","name":"","description":"Quand la passion est un m\u00e9tier","publisher":{"@id":"https:\/\/aca-pl.com\/#organization"},"potentialAction":[{"@type":"SearchAction","target":{"@type":"EntryPoint","urlTemplate":"https:\/\/aca-pl.com\/?s={search_term_string}"},"query-input":{"@type":"PropertyValueSpecification","valueRequired":true,"valueName":"search_term_string"}}],"inLanguage":"fr-FR"},{"@type":"Organization","@id":"https:\/\/aca-pl.com\/#organization","name":"AUDIT CONSEIL ASSISTANCE","url":"https:\/\/aca-pl.com\/","logo":{"@type":"ImageObject","inLanguage":"fr-FR","@id":"https:\/\/aca-pl.com\/#\/schema\/logo\/image\/","url":"https:\/\/aca-pl.com\/wp-content\/uploads\/2019\/11\/ACA-15pxX15px-1.png","contentUrl":"https:\/\/aca-pl.com\/wp-content\/uploads\/2019\/11\/ACA-15pxX15px-1.png","width":125,"height":125,"caption":"AUDIT CONSEIL ASSISTANCE"},"image":{"@id":"https:\/\/aca-pl.com\/#\/schema\/logo\/image\/"},"sameAs":["https:\/\/www.facebook.com\/groups\/1773349446235806\/?ref=bookmarks","https:\/\/x.com\/AssistanceAudit","http:\/\/www.linkedin.com\/in\/philippe-b-7a43b342"]}]}},"_links":{"self":[{"href":"https:\/\/aca-pl.com\/index.php?rest_route=\/wp\/v2\/pages\/1738","targetHints":{"allow":["GET"]}}],"collection":[{"href":"https:\/\/aca-pl.com\/index.php?rest_route=\/wp\/v2\/pages"}],"about":[{"href":"https:\/\/aca-pl.com\/index.php?rest_route=\/wp\/v2\/types\/page"}],"author":[{"embeddable":true,"href":"https:\/\/aca-pl.com\/index.php?rest_route=\/wp\/v2\/users\/1"}],"replies":[{"embeddable":true,"href":"https:\/\/aca-pl.com\/index.php?rest_route=%2Fwp%2Fv2%2Fcomments&post=1738"}],"version-history":[{"count":13,"href":"https:\/\/aca-pl.com\/index.php?rest_route=\/wp\/v2\/pages\/1738\/revisions"}],"predecessor-version":[{"id":2753,"href":"https:\/\/aca-pl.com\/index.php?rest_route=\/wp\/v2\/pages\/1738\/revisions\/2753"}],"wp:attachment":[{"href":"https:\/\/aca-pl.com\/index.php?rest_route=%2Fwp%2Fv2%2Fmedia&parent=1738"}],"curies":[{"name":"wp","href":"https:\/\/api.w.org\/{rel}","templated":true}]}}