{"id":156,"date":"2020-12-22T11:00:17","date_gmt":"2020-12-22T10:00:17","guid":{"rendered":"https:\/\/aca-pl.com\/?page_id=156"},"modified":"2021-02-09T22:22:31","modified_gmt":"2021-02-09T21:22:31","slug":"responsabilite-civile-projet-assurances-professionnelles-entreprises-independants","status":"publish","type":"page","link":"https:\/\/aca-pl.com\/?page_id=156","title":{"rendered":"RESPONSABILIT\u00c9 CIVILE ENTREPRISES"},"content":{"rendered":"\r\n<p>Des informations sur la RESPONSABILIT\u00c9 CIVILE PROFESSIONNELLE ?<\/p>\r\n\r\n\r\n\r\n<p>Non merci je suis parfaitement assur\u00e9 !<\/p>\r\n\r\n\r\n\r\n<p>A ce jour, combien de fois ai-je entendu cette r\u00e9ponse qui ne r\u00e9sistait malheureusement \u00e0 l&rsquo;analyse.<\/p>\r\n\r\n\r\n\r\n<p><strong>Et pourtant&#8230;\u00a0 Qui casse les verres les paie ! Alors en \u00eates-vous si certain ?<\/strong><\/p>\r\n\r\n\r\n\r\n<p><span style=\"text-decoration: underline;\">Les premi\u00e8res des questions \u00e0 se poser sont les suivantes:<\/span><\/p>\r\n\r\n\r\n\r\n<p>Quelle mon activit\u00e9 actuelle ? A-t-elle \u00e9volu\u00e9 depuis la mise en place du contrat ?<\/p>\r\n\r\n\r\n\r\n<p>Quel est mon chiffre d&rsquo;affaires et mon nombre de salari\u00e9s ?<\/p>\r\n\r\n\r\n\r\n<p>L&rsquo;ensemble de mes responsabilit\u00e9s vis-\u00e0-vis des tiers est-il bien garanti hors mon activit\u00e9 professionnelle elle-m\u00eame ? Mes responsabilit\u00e9s de dirigeant sont-elles assur\u00e9es ? Ai-je une activit\u00e9 tourn\u00e9e indirectement vers l&rsquo;aviation ?<\/p>\r\n\r\n\r\n\r\n<p class=\"ticss-5493493d\" style=\"font-size: 0;\">Beaucoup de questions et souvent peu de r\u00e9ponses.<\/p>\r\n\r\n\r\n\r\n<p><strong>En effet, un \u00ab\u00a0trou\u00a0\u00bb dans vos garanties, et les cons\u00e9quences qui en d\u00e9coulent peuvent \u00eatre d\u00e9sastreuses.<\/strong><\/p>\r\n\r\n\r\n\r\n<p><span style=\"text-decoration: underline;\">Quelques exemples:<\/span><\/p>\r\n\r\n\r\n\r\n<ul class=\"wp-block-list\">\r\n<li>Une grue tombe sur une maison alors que l&rsquo;entreprise n&rsquo;\u00e9tait pas assur\u00e9e: Elle a d\u00fb r\u00e9gler les dommages occasionn\u00e9s \u00e0 celle-ci.<\/li>\r\n<li>Une entreprise fabrique des pi\u00e8ces de rotor pour un h\u00e9licopt\u00e8re. Celui-ci explose pendant l&rsquo;essai. Heureusement, il n&rsquo;y a pas eu de dommages, mais l&rsquo;entreprise n&rsquo;\u00e9tait pas assur\u00e9e.<\/li>\r\n<li>Un cabinet m\u00e9dical s&rsquo;aper\u00e7oit un jour que les salari\u00e9s du cabinet ne sont pas assur\u00e9s, car les m\u00e9decins se sont constitu\u00e9s en SCM, et leur contrat ne garantit pas ce type de soci\u00e9t\u00e9.<\/li>\r\n<li>Un \u00e9lectricien assur\u00e9 pour la pose d&rsquo;antennes et pour des travaux de tr\u00e8s basse tension, refait l&rsquo;int\u00e9gralit\u00e9 du r\u00e9seau \u00e9lectrique d&rsquo;une maison et provoque un court-circuit majeur lors de la remise en route: mal assur\u00e9, il a d\u00fb prendre en charge les dommages occasionn\u00e9s au mat\u00e9riel \u00e9lectrom\u00e9nager de son client.<\/li>\r\n<\/ul>\r\n\r\n\r\n\r\n<p>Les exemples ci-dessus sont des exemples rencontr\u00e9s dans le cadre de notre activit\u00e9.<\/p>\r\n\r\n\r\n\r\n<p>Vous pouvez nous contacter par <a href=\"mailto:info@aca-pl.com\">mail<\/a> ou par t\u00e9l\u00e9phone au\u00a0\u00a0\u00a0\u00a0\u00a0\u00a0\u00a0\u00a0\u00a0\u00a0\u00a0\u00a0\u00a0\u00a0\u00a0\u00a0\u00a0\u00a0\u00a0 <strong>02 41 09 77 32<\/strong> ou par notre <a href=\"https:\/\/aca-pl.com\/?page_id=181\">formulaire<\/a> de contact<\/p>\r\n\r\n\r\n\r\n<div class=\"wp-block-image animated bounceInDown\">\r\n<figure class=\"aligncenter size-large is-resized\"><img loading=\"lazy\" decoding=\"async\" class=\"wp-image-33 aligncenter\" src=\"https:\/\/aca-pl.com\/wp-content\/uploads\/2019\/11\/ACA-15pxX15px-1.png\" alt=\"\" width=\"168\" height=\"168\" \/><\/figure>\r\n<\/div>\r\n\r\n\r\n\r\n<p style=\"text-align: center;\"><strong>Quand la passion est un m\u00e9tier<\/strong><\/p>\r\n","protected":false},"excerpt":{"rendered":"<p>Des informations sur la RESPONSABILIT\u00c9 CIVILE PROFESSIONNELLE ? Non merci je suis parfaitement assur\u00e9 ! A ce jour, combien de fois ai-je entendu cette r\u00e9ponse qui ne r\u00e9sistait malheureusement \u00e0 l&rsquo;analyse. Et pourtant&#8230;\u00a0 Qui casse les verres les paie ! Alors en \u00eates-vous si certain ? Les premi\u00e8res des questions \u00e0 se poser sont les &hellip; <a href=\"https:\/\/aca-pl.com\/?page_id=156\" class=\"more-link\">Continuer la lecture de <span class=\"screen-reader-text\">RESPONSABILIT\u00c9 CIVILE ENTREPRISES<\/span>  <span class=\"meta-nav\">&rarr;<\/span><\/a><\/p>\n","protected":false},"author":1,"featured_media":2639,"parent":134,"menu_order":2,"comment_status":"closed","ping_status":"closed","template":"","meta":{"_bbp_topic_count":0,"_bbp_reply_count":0,"_bbp_total_topic_count":0,"_bbp_total_reply_count":0,"_bbp_voice_count":0,"_bbp_anonymous_reply_count":0,"_bbp_topic_count_hidden":0,"_bbp_reply_count_hidden":0,"_bbp_forum_subforum_count":0,"_monsterinsights_skip_tracking":false,"_monsterinsights_sitenote_active":false,"_monsterinsights_sitenote_note":"","_monsterinsights_sitenote_category":0,"_themeisle_gutenberg_block_has_review":false,"footnotes":""},"class_list":["post-156","page","type-page","status-publish","has-post-thumbnail","hentry"],"yoast_head":"<!-- This site is optimized with the Yoast SEO plugin v24.9 - https:\/\/yoast.com\/wordpress\/plugins\/seo\/ -->\n<title>RESPONSABILIT\u00c9 CIVILE ENTREPRISES - Les premi\u00e8res des questions \u00e0 se poser sont les suivantes:Quelle mon activit\u00e9 actuelle ? A t-elle \u00e9volu\u00e9 depuis la mise en place du contrat ?Quel est mon chiffre d&#039;affaires et mon nombre de salari\u00e9s ?L&#039;ensemble de mes responsabilit\u00e9s vis \u00e0 vis des tiers est-il bien garanti hors mon activit\u00e9 professionnelle elle-m\u00eame ? Mes responsabilit\u00e9s de dirigeant sont-elles assur\u00e9s ? Ai-je une activit\u00e9 tourn\u00e9e indirectement vers l&#039;aviation ?<\/title>\n<meta name=\"description\" content=\"RESPONSABILIT\u00c9 CIVILE ENTREPRISES\" \/>\n<meta name=\"robots\" content=\"index, follow, max-snippet:-1, max-image-preview:large, max-video-preview:-1\" \/>\n<link rel=\"canonical\" href=\"https:\/\/aca-pl.com\/?page_id=156\" \/>\n<meta property=\"og:locale\" content=\"fr_FR\" \/>\n<meta property=\"og:type\" content=\"article\" \/>\n<meta property=\"og:title\" content=\"RESPONSABILIT\u00c9 CIVILE ENTREPRISES - Les premi\u00e8res des questions \u00e0 se poser sont les suivantes:Quelle mon activit\u00e9 actuelle ? A t-elle \u00e9volu\u00e9 depuis la mise en place du contrat ?Quel est mon chiffre d&#039;affaires et mon nombre de salari\u00e9s ?L&#039;ensemble de mes responsabilit\u00e9s vis \u00e0 vis des tiers est-il bien garanti hors mon activit\u00e9 professionnelle elle-m\u00eame ? Mes responsabilit\u00e9s de dirigeant sont-elles assur\u00e9s ? Ai-je une activit\u00e9 tourn\u00e9e indirectement vers l&#039;aviation ?\" \/>\n<meta property=\"og:description\" content=\"RESPONSABILIT\u00c9 CIVILE ENTREPRISES\" \/>\n<meta property=\"og:url\" content=\"https:\/\/aca-pl.com\/?page_id=156\" \/>\n<meta property=\"article:publisher\" content=\"https:\/\/www.facebook.com\/groups\/1773349446235806\/?ref=bookmarks\" \/>\n<meta property=\"article:modified_time\" content=\"2021-02-09T21:22:31+00:00\" \/>\n<meta property=\"og:image\" content=\"https:\/\/aca-pl.com\/wp-content\/uploads\/2020\/12\/pot-575532_1280.png\" \/>\n\t<meta property=\"og:image:width\" content=\"1280\" \/>\n\t<meta property=\"og:image:height\" content=\"1198\" \/>\n\t<meta property=\"og:image:type\" content=\"image\/png\" \/>\n<meta name=\"twitter:card\" content=\"summary_large_image\" \/>\n<meta name=\"twitter:site\" content=\"@AssistanceAudit\" \/>\n<meta name=\"twitter:label1\" content=\"Dur\u00e9e de lecture estim\u00e9e\" \/>\n\t<meta name=\"twitter:data1\" content=\"2 minutes\" \/>\n<script type=\"application\/ld+json\" class=\"yoast-schema-graph\">{\"@context\":\"https:\/\/schema.org\",\"@graph\":[{\"@type\":\"WebPage\",\"@id\":\"https:\/\/aca-pl.com\/?page_id=156\",\"url\":\"https:\/\/aca-pl.com\/?page_id=156\",\"name\":\"RESPONSABILIT\u00c9 CIVILE ENTREPRISES - Les premi\u00e8res des questions \u00e0 se poser sont les suivantes:Quelle mon activit\u00e9 actuelle ? A t-elle \u00e9volu\u00e9 depuis la mise en place du contrat ?Quel est mon chiffre d'affaires et mon nombre de salari\u00e9s ?L'ensemble de mes responsabilit\u00e9s vis \u00e0 vis des tiers est-il bien garanti hors mon activit\u00e9 professionnelle elle-m\u00eame ? Mes responsabilit\u00e9s de dirigeant sont-elles assur\u00e9s ? Ai-je une activit\u00e9 tourn\u00e9e indirectement vers l'aviation ?\",\"isPartOf\":{\"@id\":\"https:\/\/aca-pl.com\/#website\"},\"primaryImageOfPage\":{\"@id\":\"https:\/\/aca-pl.com\/?page_id=156#primaryimage\"},\"image\":{\"@id\":\"https:\/\/aca-pl.com\/?page_id=156#primaryimage\"},\"thumbnailUrl\":\"https:\/\/aca-pl.com\/wp-content\/uploads\/2020\/12\/pot-575532_1280.png\",\"datePublished\":\"2020-12-22T10:00:17+00:00\",\"dateModified\":\"2021-02-09T21:22:31+00:00\",\"description\":\"RESPONSABILIT\u00c9 CIVILE ENTREPRISES\",\"breadcrumb\":{\"@id\":\"https:\/\/aca-pl.com\/?page_id=156#breadcrumb\"},\"inLanguage\":\"fr-FR\",\"potentialAction\":[{\"@type\":\"ReadAction\",\"target\":[\"https:\/\/aca-pl.com\/?page_id=156\"]}]},{\"@type\":\"ImageObject\",\"inLanguage\":\"fr-FR\",\"@id\":\"https:\/\/aca-pl.com\/?page_id=156#primaryimage\",\"url\":\"https:\/\/aca-pl.com\/wp-content\/uploads\/2020\/12\/pot-575532_1280.png\",\"contentUrl\":\"https:\/\/aca-pl.com\/wp-content\/uploads\/2020\/12\/pot-575532_1280.png\",\"width\":1280,\"height\":1198},{\"@type\":\"BreadcrumbList\",\"@id\":\"https:\/\/aca-pl.com\/?page_id=156#breadcrumb\",\"itemListElement\":[{\"@type\":\"ListItem\",\"position\":1,\"name\":\"Accueil\",\"item\":\"https:\/\/aca-pl.com\/\"},{\"@type\":\"ListItem\",\"position\":2,\"name\":\"ASSURANCES DES ENTREPRISES\",\"item\":\"https:\/\/aca-pl.com\/?page_id=134\"},{\"@type\":\"ListItem\",\"position\":3,\"name\":\"RESPONSABILIT\u00c9 CIVILE ENTREPRISES\"}]},{\"@type\":\"WebSite\",\"@id\":\"https:\/\/aca-pl.com\/#website\",\"url\":\"https:\/\/aca-pl.com\/\",\"name\":\"\",\"description\":\"Quand la passion est un m\u00e9tier\",\"publisher\":{\"@id\":\"https:\/\/aca-pl.com\/#organization\"},\"potentialAction\":[{\"@type\":\"SearchAction\",\"target\":{\"@type\":\"EntryPoint\",\"urlTemplate\":\"https:\/\/aca-pl.com\/?s={search_term_string}\"},\"query-input\":{\"@type\":\"PropertyValueSpecification\",\"valueRequired\":true,\"valueName\":\"search_term_string\"}}],\"inLanguage\":\"fr-FR\"},{\"@type\":\"Organization\",\"@id\":\"https:\/\/aca-pl.com\/#organization\",\"name\":\"AUDIT CONSEIL ASSISTANCE\",\"url\":\"https:\/\/aca-pl.com\/\",\"logo\":{\"@type\":\"ImageObject\",\"inLanguage\":\"fr-FR\",\"@id\":\"https:\/\/aca-pl.com\/#\/schema\/logo\/image\/\",\"url\":\"https:\/\/aca-pl.com\/wp-content\/uploads\/2019\/11\/ACA-15pxX15px-1.png\",\"contentUrl\":\"https:\/\/aca-pl.com\/wp-content\/uploads\/2019\/11\/ACA-15pxX15px-1.png\",\"width\":125,\"height\":125,\"caption\":\"AUDIT CONSEIL ASSISTANCE\"},\"image\":{\"@id\":\"https:\/\/aca-pl.com\/#\/schema\/logo\/image\/\"},\"sameAs\":[\"https:\/\/www.facebook.com\/groups\/1773349446235806\/?ref=bookmarks\",\"https:\/\/x.com\/AssistanceAudit\",\"http:\/\/www.linkedin.com\/in\/philippe-b-7a43b342\"]}]}<\/script>\n<!-- \/ Yoast SEO plugin. -->","yoast_head_json":{"title":"RESPONSABILIT\u00c9 CIVILE ENTREPRISES - Les premi\u00e8res des questions \u00e0 se poser sont les suivantes:Quelle mon activit\u00e9 actuelle ? A t-elle \u00e9volu\u00e9 depuis la mise en place du contrat ?Quel est mon chiffre d'affaires et mon nombre de salari\u00e9s ?L'ensemble de mes responsabilit\u00e9s vis \u00e0 vis des tiers est-il bien garanti hors mon activit\u00e9 professionnelle elle-m\u00eame ? Mes responsabilit\u00e9s de dirigeant sont-elles assur\u00e9s ? Ai-je une activit\u00e9 tourn\u00e9e indirectement vers l'aviation ?","description":"RESPONSABILIT\u00c9 CIVILE ENTREPRISES","robots":{"index":"index","follow":"follow","max-snippet":"max-snippet:-1","max-image-preview":"max-image-preview:large","max-video-preview":"max-video-preview:-1"},"canonical":"https:\/\/aca-pl.com\/?page_id=156","og_locale":"fr_FR","og_type":"article","og_title":"RESPONSABILIT\u00c9 CIVILE ENTREPRISES - Les premi\u00e8res des questions \u00e0 se poser sont les suivantes:Quelle mon activit\u00e9 actuelle ? A t-elle \u00e9volu\u00e9 depuis la mise en place du contrat ?Quel est mon chiffre d'affaires et mon nombre de salari\u00e9s ?L'ensemble de mes responsabilit\u00e9s vis \u00e0 vis des tiers est-il bien garanti hors mon activit\u00e9 professionnelle elle-m\u00eame ? Mes responsabilit\u00e9s de dirigeant sont-elles assur\u00e9s ? Ai-je une activit\u00e9 tourn\u00e9e indirectement vers l'aviation ?","og_description":"RESPONSABILIT\u00c9 CIVILE ENTREPRISES","og_url":"https:\/\/aca-pl.com\/?page_id=156","article_publisher":"https:\/\/www.facebook.com\/groups\/1773349446235806\/?ref=bookmarks","article_modified_time":"2021-02-09T21:22:31+00:00","og_image":[{"width":1280,"height":1198,"url":"https:\/\/aca-pl.com\/wp-content\/uploads\/2020\/12\/pot-575532_1280.png","type":"image\/png"}],"twitter_card":"summary_large_image","twitter_site":"@AssistanceAudit","twitter_misc":{"Dur\u00e9e de lecture estim\u00e9e":"2 minutes"},"schema":{"@context":"https:\/\/schema.org","@graph":[{"@type":"WebPage","@id":"https:\/\/aca-pl.com\/?page_id=156","url":"https:\/\/aca-pl.com\/?page_id=156","name":"RESPONSABILIT\u00c9 CIVILE ENTREPRISES - Les premi\u00e8res des questions \u00e0 se poser sont les suivantes:Quelle mon activit\u00e9 actuelle ? A t-elle \u00e9volu\u00e9 depuis la mise en place du contrat ?Quel est mon chiffre d'affaires et mon nombre de salari\u00e9s ?L'ensemble de mes responsabilit\u00e9s vis \u00e0 vis des tiers est-il bien garanti hors mon activit\u00e9 professionnelle elle-m\u00eame ? Mes responsabilit\u00e9s de dirigeant sont-elles assur\u00e9s ? Ai-je une activit\u00e9 tourn\u00e9e indirectement vers l'aviation ?","isPartOf":{"@id":"https:\/\/aca-pl.com\/#website"},"primaryImageOfPage":{"@id":"https:\/\/aca-pl.com\/?page_id=156#primaryimage"},"image":{"@id":"https:\/\/aca-pl.com\/?page_id=156#primaryimage"},"thumbnailUrl":"https:\/\/aca-pl.com\/wp-content\/uploads\/2020\/12\/pot-575532_1280.png","datePublished":"2020-12-22T10:00:17+00:00","dateModified":"2021-02-09T21:22:31+00:00","description":"RESPONSABILIT\u00c9 CIVILE ENTREPRISES","breadcrumb":{"@id":"https:\/\/aca-pl.com\/?page_id=156#breadcrumb"},"inLanguage":"fr-FR","potentialAction":[{"@type":"ReadAction","target":["https:\/\/aca-pl.com\/?page_id=156"]}]},{"@type":"ImageObject","inLanguage":"fr-FR","@id":"https:\/\/aca-pl.com\/?page_id=156#primaryimage","url":"https:\/\/aca-pl.com\/wp-content\/uploads\/2020\/12\/pot-575532_1280.png","contentUrl":"https:\/\/aca-pl.com\/wp-content\/uploads\/2020\/12\/pot-575532_1280.png","width":1280,"height":1198},{"@type":"BreadcrumbList","@id":"https:\/\/aca-pl.com\/?page_id=156#breadcrumb","itemListElement":[{"@type":"ListItem","position":1,"name":"Accueil","item":"https:\/\/aca-pl.com\/"},{"@type":"ListItem","position":2,"name":"ASSURANCES DES ENTREPRISES","item":"https:\/\/aca-pl.com\/?page_id=134"},{"@type":"ListItem","position":3,"name":"RESPONSABILIT\u00c9 CIVILE ENTREPRISES"}]},{"@type":"WebSite","@id":"https:\/\/aca-pl.com\/#website","url":"https:\/\/aca-pl.com\/","name":"","description":"Quand la passion est un m\u00e9tier","publisher":{"@id":"https:\/\/aca-pl.com\/#organization"},"potentialAction":[{"@type":"SearchAction","target":{"@type":"EntryPoint","urlTemplate":"https:\/\/aca-pl.com\/?s={search_term_string}"},"query-input":{"@type":"PropertyValueSpecification","valueRequired":true,"valueName":"search_term_string"}}],"inLanguage":"fr-FR"},{"@type":"Organization","@id":"https:\/\/aca-pl.com\/#organization","name":"AUDIT CONSEIL ASSISTANCE","url":"https:\/\/aca-pl.com\/","logo":{"@type":"ImageObject","inLanguage":"fr-FR","@id":"https:\/\/aca-pl.com\/#\/schema\/logo\/image\/","url":"https:\/\/aca-pl.com\/wp-content\/uploads\/2019\/11\/ACA-15pxX15px-1.png","contentUrl":"https:\/\/aca-pl.com\/wp-content\/uploads\/2019\/11\/ACA-15pxX15px-1.png","width":125,"height":125,"caption":"AUDIT CONSEIL ASSISTANCE"},"image":{"@id":"https:\/\/aca-pl.com\/#\/schema\/logo\/image\/"},"sameAs":["https:\/\/www.facebook.com\/groups\/1773349446235806\/?ref=bookmarks","https:\/\/x.com\/AssistanceAudit","http:\/\/www.linkedin.com\/in\/philippe-b-7a43b342"]}]}},"_links":{"self":[{"href":"https:\/\/aca-pl.com\/index.php?rest_route=\/wp\/v2\/pages\/156","targetHints":{"allow":["GET"]}}],"collection":[{"href":"https:\/\/aca-pl.com\/index.php?rest_route=\/wp\/v2\/pages"}],"about":[{"href":"https:\/\/aca-pl.com\/index.php?rest_route=\/wp\/v2\/types\/page"}],"author":[{"embeddable":true,"href":"https:\/\/aca-pl.com\/index.php?rest_route=\/wp\/v2\/users\/1"}],"replies":[{"embeddable":true,"href":"https:\/\/aca-pl.com\/index.php?rest_route=%2Fwp%2Fv2%2Fcomments&post=156"}],"version-history":[{"count":27,"href":"https:\/\/aca-pl.com\/index.php?rest_route=\/wp\/v2\/pages\/156\/revisions"}],"predecessor-version":[{"id":2724,"href":"https:\/\/aca-pl.com\/index.php?rest_route=\/wp\/v2\/pages\/156\/revisions\/2724"}],"up":[{"embeddable":true,"href":"https:\/\/aca-pl.com\/index.php?rest_route=\/wp\/v2\/pages\/134"}],"wp:featuredmedia":[{"embeddable":true,"href":"https:\/\/aca-pl.com\/index.php?rest_route=\/wp\/v2\/media\/2639"}],"wp:attachment":[{"href":"https:\/\/aca-pl.com\/index.php?rest_route=%2Fwp%2Fv2%2Fmedia&parent=156"}],"curies":[{"name":"wp","href":"https:\/\/api.w.org\/{rel}","templated":true}]}}