{"id":15,"date":"2020-11-04T07:01:00","date_gmt":"2020-11-04T06:01:00","guid":{"rendered":"http:\/\/aca-pl.com\/?page_id=15"},"modified":"2020-11-04T07:02:46","modified_gmt":"2020-11-04T06:02:46","slug":"qui-sommes-nous-philippe-busson-audit-conseil-assistance-aca","status":"publish","type":"page","link":"https:\/\/aca-pl.com\/?page_id=15","title":{"rendered":"Qui sommes nous ?"},"content":{"rendered":"\n<p>AUDIT CONSEIL ASSISTANCE c&rsquo;est la volont\u00e9 d&rsquo;apporter tout \u00e0 la fois le conseil \u00e0 ses clients, tout en privil\u00e9giant le c\u00f4t\u00e9 technique de l&rsquo;assurance, et les rapports humains.<\/p>\n\n\n\n<p>Sp\u00e9cialistes de l&rsquo;assurance depuis plus de 30 ans,  nous sommes \u00e0 votre disposition dans toute la France pour tout ce qui concerne vos assurances, qu&rsquo;il s&rsquo;agisse d&rsquo;un audit ou d&rsquo;un projet de garanties que vous soyez particuliers, entreprises ou ind\u00e9pendants<\/p>\n\n\n\n<p>Qu&rsquo;il s&rsquo;agisse de votre contrat automobile, habitation ou encore de vos contrats professionnels , ACA  a la solution.<\/p>\n\n\n\n<p>Appelez nous au 02 41 09 77 32 ou \u00e9crivez nous \u00e0 contact@aca-pl.com<\/p>\n\n\n\n<p><\/p>\n\n\n\n<div class=\"wp-block-image\"><figure class=\"aligncenter size-large\"><img loading=\"lazy\" decoding=\"async\" width=\"125\" height=\"125\" src=\"https:\/\/aca-pl.com\/wp-content\/uploads\/2019\/11\/ACA-15pxX15px-1.png\" alt=\"\" class=\"wp-image-33\"\/><\/figure><\/div>\n\n\n\n<p class=\"has-text-align-center\"><strong>Quand la passion est un m\u00e9tier<\/strong><\/p>\n","protected":false},"excerpt":{"rendered":"<p>AUDIT CONSEIL ASSISTANCE c&rsquo;est la volont\u00e9 d&rsquo;apporter tout \u00e0 la fois le conseil \u00e0 ses clients, tout en privil\u00e9giant le c\u00f4t\u00e9 technique de l&rsquo;assurance, et les rapports humains. Sp\u00e9cialistes de l&rsquo;assurance depuis plus de 30 ans, nous sommes \u00e0 votre disposition dans toute la France pour tout ce qui concerne vos assurances, qu&rsquo;il s&rsquo;agisse d&rsquo;un &hellip; <a href=\"https:\/\/aca-pl.com\/?page_id=15\" class=\"more-link\">Continuer la lecture de <span class=\"screen-reader-text\">Qui sommes nous ?<\/span>  <span class=\"meta-nav\">&rarr;<\/span><\/a><\/p>\n","protected":false},"author":1,"featured_media":0,"parent":0,"menu_order":0,"comment_status":"closed","ping_status":"closed","template":"","meta":{"_bbp_topic_count":0,"_bbp_reply_count":0,"_bbp_total_topic_count":0,"_bbp_total_reply_count":0,"_bbp_voice_count":0,"_bbp_anonymous_reply_count":0,"_bbp_topic_count_hidden":0,"_bbp_reply_count_hidden":0,"_bbp_forum_subforum_count":0,"_monsterinsights_skip_tracking":false,"_monsterinsights_sitenote_active":false,"_monsterinsights_sitenote_note":"","_monsterinsights_sitenote_category":0,"_themeisle_gutenberg_block_has_review":false,"footnotes":""},"class_list":["post-15","page","type-page","status-publish","hentry"],"yoast_head":"<!-- This site is optimized with the Yoast SEO plugin v24.9 - https:\/\/yoast.com\/wordpress\/plugins\/seo\/ -->\n<title>Qui sommes nous ? -<\/title>\n<meta name=\"description\" content=\"AUDIT CONSEIL ASSISTANCE c&#039;est la volont\u00e9 d&#039;apporter tout \u00e0 la fois le conseil \u00e0 ses clients, tout en privil\u00e9giant le c\u00f4t\u00e9 technique de l&#039;assurance, et les rapports humains.\" \/>\n<meta name=\"robots\" content=\"index, follow, max-snippet:-1, max-image-preview:large, max-video-preview:-1\" \/>\n<link rel=\"canonical\" href=\"https:\/\/aca-pl.com\/?page_id=15\" \/>\n<meta property=\"og:locale\" content=\"fr_FR\" \/>\n<meta property=\"og:type\" content=\"article\" \/>\n<meta property=\"og:title\" content=\"Qui sommes nous ?\" \/>\n<meta property=\"og:description\" content=\"AUDIT CONSEIL ASSISTANCE c&#039;est la volont\u00e9 d&#039;apporter tout \u00e0 la fois le conseil \u00e0 ses clients, tout privil\u00e9giant le c\u00f4t\u00e9 technique de l&#039;assurance, ainsi que les rapports humains.\" \/>\n<meta property=\"og:url\" content=\"https:\/\/aca-pl.com\/?page_id=15\" \/>\n<meta property=\"article:publisher\" content=\"https:\/\/www.facebook.com\/groups\/1773349446235806\/?ref=bookmarks\" \/>\n<meta property=\"article:modified_time\" content=\"2020-11-04T06:02:46+00:00\" \/>\n<meta property=\"og:image\" content=\"https:\/\/aca-pl.com\/wp-content\/uploads\/2019\/11\/WIN_20190903_15_21_20_Pro-e1574888190290.jpg\" \/>\n\t<meta property=\"og:image:width\" content=\"500\" \/>\n\t<meta property=\"og:image:height\" content=\"282\" \/>\n\t<meta property=\"og:image:type\" content=\"image\/jpeg\" \/>\n<meta name=\"twitter:card\" content=\"summary_large_image\" \/>\n<meta name=\"twitter:title\" content=\"AUDIT CONSEIL ASSISTANCE\" \/>\n<meta name=\"twitter:description\" content=\"D\u00e9couvrez audit conseil assistance\" \/>\n<meta name=\"twitter:site\" content=\"@AssistanceAudit\" \/>\n<meta name=\"twitter:label1\" content=\"Dur\u00e9e de lecture estim\u00e9e\" \/>\n\t<meta name=\"twitter:data1\" content=\"1 minute\" \/>\n<script type=\"application\/ld+json\" class=\"yoast-schema-graph\">{\"@context\":\"https:\/\/schema.org\",\"@graph\":[{\"@type\":\"WebPage\",\"@id\":\"https:\/\/aca-pl.com\/?page_id=15\",\"url\":\"https:\/\/aca-pl.com\/?page_id=15\",\"name\":\"Qui sommes nous ? -\",\"isPartOf\":{\"@id\":\"https:\/\/aca-pl.com\/#website\"},\"primaryImageOfPage\":{\"@id\":\"https:\/\/aca-pl.com\/?page_id=15#primaryimage\"},\"image\":{\"@id\":\"https:\/\/aca-pl.com\/?page_id=15#primaryimage\"},\"thumbnailUrl\":\"https:\/\/aca-pl.com\/wp-content\/uploads\/2019\/11\/ACA-15pxX15px-1.png\",\"datePublished\":\"2020-11-04T06:01:00+00:00\",\"dateModified\":\"2020-11-04T06:02:46+00:00\",\"description\":\"AUDIT CONSEIL ASSISTANCE c'est la volont\u00e9 d'apporter tout \u00e0 la fois le conseil \u00e0 ses clients, tout en privil\u00e9giant le c\u00f4t\u00e9 technique de l'assurance, et les rapports humains.\",\"breadcrumb\":{\"@id\":\"https:\/\/aca-pl.com\/?page_id=15#breadcrumb\"},\"inLanguage\":\"fr-FR\",\"potentialAction\":[{\"@type\":\"ReadAction\",\"target\":[\"https:\/\/aca-pl.com\/?page_id=15\"]}]},{\"@type\":\"ImageObject\",\"inLanguage\":\"fr-FR\",\"@id\":\"https:\/\/aca-pl.com\/?page_id=15#primaryimage\",\"url\":\"https:\/\/aca-pl.com\/wp-content\/uploads\/2019\/11\/ACA-15pxX15px-1.png\",\"contentUrl\":\"https:\/\/aca-pl.com\/wp-content\/uploads\/2019\/11\/ACA-15pxX15px-1.png\",\"width\":125,\"height\":125,\"caption\":\"LOGO ACA\"},{\"@type\":\"BreadcrumbList\",\"@id\":\"https:\/\/aca-pl.com\/?page_id=15#breadcrumb\",\"itemListElement\":[{\"@type\":\"ListItem\",\"position\":1,\"name\":\"Accueil\",\"item\":\"https:\/\/aca-pl.com\/\"},{\"@type\":\"ListItem\",\"position\":2,\"name\":\"Qui sommes nous ?\"}]},{\"@type\":\"WebSite\",\"@id\":\"https:\/\/aca-pl.com\/#website\",\"url\":\"https:\/\/aca-pl.com\/\",\"name\":\"\",\"description\":\"Quand la passion est un m\u00e9tier\",\"publisher\":{\"@id\":\"https:\/\/aca-pl.com\/#organization\"},\"potentialAction\":[{\"@type\":\"SearchAction\",\"target\":{\"@type\":\"EntryPoint\",\"urlTemplate\":\"https:\/\/aca-pl.com\/?s={search_term_string}\"},\"query-input\":{\"@type\":\"PropertyValueSpecification\",\"valueRequired\":true,\"valueName\":\"search_term_string\"}}],\"inLanguage\":\"fr-FR\"},{\"@type\":\"Organization\",\"@id\":\"https:\/\/aca-pl.com\/#organization\",\"name\":\"AUDIT CONSEIL ASSISTANCE\",\"url\":\"https:\/\/aca-pl.com\/\",\"logo\":{\"@type\":\"ImageObject\",\"inLanguage\":\"fr-FR\",\"@id\":\"https:\/\/aca-pl.com\/#\/schema\/logo\/image\/\",\"url\":\"https:\/\/aca-pl.com\/wp-content\/uploads\/2019\/11\/ACA-15pxX15px-1.png\",\"contentUrl\":\"https:\/\/aca-pl.com\/wp-content\/uploads\/2019\/11\/ACA-15pxX15px-1.png\",\"width\":125,\"height\":125,\"caption\":\"AUDIT CONSEIL ASSISTANCE\"},\"image\":{\"@id\":\"https:\/\/aca-pl.com\/#\/schema\/logo\/image\/\"},\"sameAs\":[\"https:\/\/www.facebook.com\/groups\/1773349446235806\/?ref=bookmarks\",\"https:\/\/x.com\/AssistanceAudit\",\"http:\/\/www.linkedin.com\/in\/philippe-b-7a43b342\"]}]}<\/script>\n<!-- \/ Yoast SEO plugin. -->","yoast_head_json":{"title":"Qui sommes nous ? -","description":"AUDIT CONSEIL ASSISTANCE c'est la volont\u00e9 d'apporter tout \u00e0 la fois le conseil \u00e0 ses clients, tout en privil\u00e9giant le c\u00f4t\u00e9 technique de l'assurance, et les rapports humains.","robots":{"index":"index","follow":"follow","max-snippet":"max-snippet:-1","max-image-preview":"max-image-preview:large","max-video-preview":"max-video-preview:-1"},"canonical":"https:\/\/aca-pl.com\/?page_id=15","og_locale":"fr_FR","og_type":"article","og_title":"Qui sommes nous ?","og_description":"AUDIT CONSEIL ASSISTANCE c'est la volont\u00e9 d'apporter tout \u00e0 la fois le conseil \u00e0 ses clients, tout privil\u00e9giant le c\u00f4t\u00e9 technique de l'assurance, ainsi que les rapports humains.","og_url":"https:\/\/aca-pl.com\/?page_id=15","article_publisher":"https:\/\/www.facebook.com\/groups\/1773349446235806\/?ref=bookmarks","article_modified_time":"2020-11-04T06:02:46+00:00","og_image":[{"width":500,"height":282,"url":"https:\/\/aca-pl.com\/wp-content\/uploads\/2019\/11\/WIN_20190903_15_21_20_Pro-e1574888190290.jpg","type":"image\/jpeg"}],"twitter_card":"summary_large_image","twitter_title":"AUDIT CONSEIL ASSISTANCE","twitter_description":"D\u00e9couvrez audit conseil assistance","twitter_site":"@AssistanceAudit","twitter_misc":{"Dur\u00e9e de lecture estim\u00e9e":"1 minute"},"schema":{"@context":"https:\/\/schema.org","@graph":[{"@type":"WebPage","@id":"https:\/\/aca-pl.com\/?page_id=15","url":"https:\/\/aca-pl.com\/?page_id=15","name":"Qui sommes nous ? -","isPartOf":{"@id":"https:\/\/aca-pl.com\/#website"},"primaryImageOfPage":{"@id":"https:\/\/aca-pl.com\/?page_id=15#primaryimage"},"image":{"@id":"https:\/\/aca-pl.com\/?page_id=15#primaryimage"},"thumbnailUrl":"https:\/\/aca-pl.com\/wp-content\/uploads\/2019\/11\/ACA-15pxX15px-1.png","datePublished":"2020-11-04T06:01:00+00:00","dateModified":"2020-11-04T06:02:46+00:00","description":"AUDIT CONSEIL ASSISTANCE c'est la volont\u00e9 d'apporter tout \u00e0 la fois le conseil \u00e0 ses clients, tout en privil\u00e9giant le c\u00f4t\u00e9 technique de l'assurance, et les rapports humains.","breadcrumb":{"@id":"https:\/\/aca-pl.com\/?page_id=15#breadcrumb"},"inLanguage":"fr-FR","potentialAction":[{"@type":"ReadAction","target":["https:\/\/aca-pl.com\/?page_id=15"]}]},{"@type":"ImageObject","inLanguage":"fr-FR","@id":"https:\/\/aca-pl.com\/?page_id=15#primaryimage","url":"https:\/\/aca-pl.com\/wp-content\/uploads\/2019\/11\/ACA-15pxX15px-1.png","contentUrl":"https:\/\/aca-pl.com\/wp-content\/uploads\/2019\/11\/ACA-15pxX15px-1.png","width":125,"height":125,"caption":"LOGO ACA"},{"@type":"BreadcrumbList","@id":"https:\/\/aca-pl.com\/?page_id=15#breadcrumb","itemListElement":[{"@type":"ListItem","position":1,"name":"Accueil","item":"https:\/\/aca-pl.com\/"},{"@type":"ListItem","position":2,"name":"Qui sommes nous ?"}]},{"@type":"WebSite","@id":"https:\/\/aca-pl.com\/#website","url":"https:\/\/aca-pl.com\/","name":"","description":"Quand la passion est un m\u00e9tier","publisher":{"@id":"https:\/\/aca-pl.com\/#organization"},"potentialAction":[{"@type":"SearchAction","target":{"@type":"EntryPoint","urlTemplate":"https:\/\/aca-pl.com\/?s={search_term_string}"},"query-input":{"@type":"PropertyValueSpecification","valueRequired":true,"valueName":"search_term_string"}}],"inLanguage":"fr-FR"},{"@type":"Organization","@id":"https:\/\/aca-pl.com\/#organization","name":"AUDIT CONSEIL ASSISTANCE","url":"https:\/\/aca-pl.com\/","logo":{"@type":"ImageObject","inLanguage":"fr-FR","@id":"https:\/\/aca-pl.com\/#\/schema\/logo\/image\/","url":"https:\/\/aca-pl.com\/wp-content\/uploads\/2019\/11\/ACA-15pxX15px-1.png","contentUrl":"https:\/\/aca-pl.com\/wp-content\/uploads\/2019\/11\/ACA-15pxX15px-1.png","width":125,"height":125,"caption":"AUDIT CONSEIL ASSISTANCE"},"image":{"@id":"https:\/\/aca-pl.com\/#\/schema\/logo\/image\/"},"sameAs":["https:\/\/www.facebook.com\/groups\/1773349446235806\/?ref=bookmarks","https:\/\/x.com\/AssistanceAudit","http:\/\/www.linkedin.com\/in\/philippe-b-7a43b342"]}]}},"_links":{"self":[{"href":"https:\/\/aca-pl.com\/index.php?rest_route=\/wp\/v2\/pages\/15","targetHints":{"allow":["GET"]}}],"collection":[{"href":"https:\/\/aca-pl.com\/index.php?rest_route=\/wp\/v2\/pages"}],"about":[{"href":"https:\/\/aca-pl.com\/index.php?rest_route=\/wp\/v2\/types\/page"}],"author":[{"embeddable":true,"href":"https:\/\/aca-pl.com\/index.php?rest_route=\/wp\/v2\/users\/1"}],"replies":[{"embeddable":true,"href":"https:\/\/aca-pl.com\/index.php?rest_route=%2Fwp%2Fv2%2Fcomments&post=15"}],"version-history":[{"count":24,"href":"https:\/\/aca-pl.com\/index.php?rest_route=\/wp\/v2\/pages\/15\/revisions"}],"predecessor-version":[{"id":2398,"href":"https:\/\/aca-pl.com\/index.php?rest_route=\/wp\/v2\/pages\/15\/revisions\/2398"}],"wp:attachment":[{"href":"https:\/\/aca-pl.com\/index.php?rest_route=%2Fwp%2Fv2%2Fmedia&parent=15"}],"curies":[{"name":"wp","href":"https:\/\/api.w.org\/{rel}","templated":true}]}}