{"id":138,"date":"2020-01-14T10:17:08","date_gmt":"2020-01-14T09:17:08","guid":{"rendered":"http:\/\/aca-pl.com\/?page_id=138"},"modified":"2020-12-21T16:20:12","modified_gmt":"2020-12-21T15:20:12","slug":"multirisque-professionnelle","status":"publish","type":"page","link":"https:\/\/aca-pl.com\/?page_id=138","title":{"rendered":"MULTIRISQUE PROFESSIONNELLE"},"content":{"rendered":"\r\n<div id=\"wp-block-themeisle-blocks-advanced-columns-30ef9638\" class=\"wp-block-themeisle-blocks-advanced-columns has-1-columns has-desktop-equal-layout has-tablet-equal-layout has-mobile-equal-layout has-default-gap has-vertical-unset\">\r\n<div class=\"wp-block-themeisle-blocks-advanced-columns-overlay\">\u00a0<\/div>\r\n<div class=\"innerblocks-wrap\">\r\n<div id=\"wp-block-themeisle-blocks-advanced-column-53b39f0d\" class=\"wp-block-themeisle-blocks-advanced-column\">\r\n<p>Toutes les soci\u00e9t\u00e9s qu&rsquo;elles aient une activit\u00e9 tertiaire, artisanale, ou industrielle, disposent d&rsquo;un contrat MULTIRISQUE PROFESSIONNELLE.<\/p>\r\n\r\n\r\n\r\n<p>Pourtant, une fois celui-ci r\u00e9gularis\u00e9, il apparait, la plupart du temps que le contrat part au fond d&rsquo;un tiroir et n&rsquo;en ressort plus qu&rsquo;\u00e0 la suite d&rsquo;un sinistre.<\/p>\r\n\r\n\r\n\r\n<p>On risque alors de s&rsquo;apercevoir que la situation au moment d&rsquo;un sinistre incendie, d\u00e9g\u00e2ts des eaux ou vol, est totalement diff\u00e9rente du moment o\u00f9 il a \u00e9t\u00e9 souscrit et que des garanties sont absentes, ou bien encore que les capitaux souscrits sont largement insuffisants.<\/p>\r\n\r\n\r\n\r\n<p><span style=\"text-decoration: underline;\">D&rsquo;o\u00f9 la n\u00e9cessit\u00e9 de revoir ses contrats tr\u00e8s r\u00e9guli\u00e8rement.<\/span><\/p>\r\n\r\n\r\n\r\n<div class=\"wp-block-group\">\r\n<div class=\"wp-block-group__inner-container is-layout-flow wp-block-group-is-layout-flow\">\r\n<p class=\"has-text-align-left\"><strong>L&rsquo;assurance MULTIRISQUE PROFESSIONNELLE, est indispensable dans le cadre de la protection assurantielle d&rsquo;une entreprise et est d\u2019ailleurs souvent le premier contrat sign\u00e9 par celle-ci.<\/strong><\/p>\r\n\r\n\r\n\r\n<p>Il est donc imp\u00e9ratif de faire r\u00e9guli\u00e8rement le point sur les garanties et cotisations de celui-ci<\/p>\r\n<\/div>\r\n<\/div>\r\n\r\n\r\n\r\n<p>Les arguments souvent rencontr\u00e9s pour la non r\u00e9vision de ces contrats, sont la crainte d&rsquo;une augmentation de la cotisation ou bien encore le manque de temps !<\/p>\r\n\r\n\r\n\r\n<p>La question est donc de savoir si quelques centaines d&rsquo;euros ou peu de temps \u00e0 consacrer valent la peine de voir son entreprise disparaitre \u00e0 cause d&rsquo;une indemnisation beaucoup trop faible ou inexistante.<\/p>\r\n\r\n\r\n\r\n<p>Parlons en !<\/p>\r\n\r\n\r\n\r\n<p>Vous pouvez nous contacter par <a href=\"mailto:info@aca-pl.com\">mail<\/a> ou par t\u00e9l\u00e9phone au \u00a0 \u00a0 \u00a0 \u00a0 \u00a0 \u00a0 \u00a0 \u00a0 \u00a0\u00a0 <strong>02 41 09 77 32<\/strong> ou par notre <a href=\"https:\/\/aca-pl.com\/?page_id=181\">formulaire<\/a> de contact de 8h \u00e0 19h du Lundi au Vendredi, et le Samedi uniquement par mail.<\/p>\r\n<\/div>\r\n<\/div>\r\n<\/div>\r\n\r\n\r\n\r\n<div class=\"wp-block-image animated bounceInLeft is-style-circle-mask\">\r\n<figure class=\"aligncenter size-large is-resized\"><img decoding=\"async\" class=\"wp-image-33\" src=\"http:\/\/aca-pl.com\/wp-content\/uploads\/2019\/11\/ACA-15pxX15px-1.png\" alt=\"\" height=\"132\" \/><\/figure>\r\n<\/div>\r\n\r\n\r\n\r\n<p class=\"has-text-align-center\">Quand la passion est un m\u00e9tier<\/p>\r\n\r\n\r\n\r\n<p>&nbsp;<\/p>\r\n","protected":false},"excerpt":{"rendered":"<p>Quand la passion est un m\u00e9tier &nbsp;<\/p>\n","protected":false},"author":1,"featured_media":2632,"parent":0,"menu_order":0,"comment_status":"closed","ping_status":"closed","template":"","meta":{"_bbp_topic_count":0,"_bbp_reply_count":0,"_bbp_total_topic_count":0,"_bbp_total_reply_count":0,"_bbp_voice_count":0,"_bbp_anonymous_reply_count":0,"_bbp_topic_count_hidden":0,"_bbp_reply_count_hidden":0,"_bbp_forum_subforum_count":0,"_monsterinsights_skip_tracking":false,"_monsterinsights_sitenote_active":false,"_monsterinsights_sitenote_note":"","_monsterinsights_sitenote_category":0,"_themeisle_gutenberg_block_has_review":false,"footnotes":""},"class_list":["post-138","page","type-page","status-publish","has-post-thumbnail","hentry"],"yoast_head":"<!-- This site is optimized with the Yoast SEO plugin v24.9 - https:\/\/yoast.com\/wordpress\/plugins\/seo\/ -->\n<title>MULTIRISQUE PROFESSIONNELLE -<\/title>\n<meta name=\"description\" content=\"Multirisque professionnelle, Multirisque incendie, Risque industriel,\" \/>\n<meta name=\"robots\" content=\"index, follow, max-snippet:-1, max-image-preview:large, max-video-preview:-1\" \/>\n<link rel=\"canonical\" href=\"https:\/\/aca-pl.com\/?page_id=138\" \/>\n<meta property=\"og:locale\" content=\"fr_FR\" \/>\n<meta property=\"og:type\" content=\"article\" \/>\n<meta property=\"og:title\" content=\"MULTIRISQUE PROFESSIONNELLE -\" \/>\n<meta property=\"og:description\" content=\"Multirisque professionnelle, Multirisque incendie, Risque industriel,\" \/>\n<meta property=\"og:url\" content=\"https:\/\/aca-pl.com\/?page_id=138\" \/>\n<meta property=\"article:publisher\" content=\"https:\/\/www.facebook.com\/groups\/1773349446235806\/?ref=bookmarks\" \/>\n<meta property=\"article:modified_time\" content=\"2020-12-21T15:20:12+00:00\" \/>\n<meta property=\"og:image\" content=\"https:\/\/aca-pl.com\/wp-content\/uploads\/2020\/12\/building-856442_1920.jpg\" \/>\n\t<meta property=\"og:image:width\" content=\"1920\" \/>\n\t<meta property=\"og:image:height\" content=\"1280\" \/>\n\t<meta property=\"og:image:type\" content=\"image\/jpeg\" \/>\n<meta name=\"twitter:card\" content=\"summary_large_image\" \/>\n<meta name=\"twitter:site\" content=\"@AssistanceAudit\" \/>\n<meta name=\"twitter:label1\" content=\"Dur\u00e9e de lecture estim\u00e9e\" \/>\n\t<meta name=\"twitter:data1\" content=\"1 minute\" \/>\n<script type=\"application\/ld+json\" class=\"yoast-schema-graph\">{\"@context\":\"https:\/\/schema.org\",\"@graph\":[{\"@type\":\"WebPage\",\"@id\":\"https:\/\/aca-pl.com\/?page_id=138\",\"url\":\"https:\/\/aca-pl.com\/?page_id=138\",\"name\":\"MULTIRISQUE PROFESSIONNELLE -\",\"isPartOf\":{\"@id\":\"https:\/\/aca-pl.com\/#website\"},\"primaryImageOfPage\":{\"@id\":\"https:\/\/aca-pl.com\/?page_id=138#primaryimage\"},\"image\":{\"@id\":\"https:\/\/aca-pl.com\/?page_id=138#primaryimage\"},\"thumbnailUrl\":\"https:\/\/aca-pl.com\/wp-content\/uploads\/2020\/12\/building-856442_1920.jpg\",\"datePublished\":\"2020-01-14T09:17:08+00:00\",\"dateModified\":\"2020-12-21T15:20:12+00:00\",\"description\":\"Multirisque professionnelle, Multirisque incendie, Risque industriel,\",\"breadcrumb\":{\"@id\":\"https:\/\/aca-pl.com\/?page_id=138#breadcrumb\"},\"inLanguage\":\"fr-FR\",\"potentialAction\":[{\"@type\":\"ReadAction\",\"target\":[\"https:\/\/aca-pl.com\/?page_id=138\"]}]},{\"@type\":\"ImageObject\",\"inLanguage\":\"fr-FR\",\"@id\":\"https:\/\/aca-pl.com\/?page_id=138#primaryimage\",\"url\":\"https:\/\/aca-pl.com\/wp-content\/uploads\/2020\/12\/building-856442_1920.jpg\",\"contentUrl\":\"https:\/\/aca-pl.com\/wp-content\/uploads\/2020\/12\/building-856442_1920.jpg\",\"width\":1920,\"height\":1280},{\"@type\":\"BreadcrumbList\",\"@id\":\"https:\/\/aca-pl.com\/?page_id=138#breadcrumb\",\"itemListElement\":[{\"@type\":\"ListItem\",\"position\":1,\"name\":\"Accueil\",\"item\":\"https:\/\/aca-pl.com\/\"},{\"@type\":\"ListItem\",\"position\":2,\"name\":\"MULTIRISQUE PROFESSIONNELLE\"}]},{\"@type\":\"WebSite\",\"@id\":\"https:\/\/aca-pl.com\/#website\",\"url\":\"https:\/\/aca-pl.com\/\",\"name\":\"\",\"description\":\"Quand la passion est un m\u00e9tier\",\"publisher\":{\"@id\":\"https:\/\/aca-pl.com\/#organization\"},\"potentialAction\":[{\"@type\":\"SearchAction\",\"target\":{\"@type\":\"EntryPoint\",\"urlTemplate\":\"https:\/\/aca-pl.com\/?s={search_term_string}\"},\"query-input\":{\"@type\":\"PropertyValueSpecification\",\"valueRequired\":true,\"valueName\":\"search_term_string\"}}],\"inLanguage\":\"fr-FR\"},{\"@type\":\"Organization\",\"@id\":\"https:\/\/aca-pl.com\/#organization\",\"name\":\"AUDIT CONSEIL ASSISTANCE\",\"url\":\"https:\/\/aca-pl.com\/\",\"logo\":{\"@type\":\"ImageObject\",\"inLanguage\":\"fr-FR\",\"@id\":\"https:\/\/aca-pl.com\/#\/schema\/logo\/image\/\",\"url\":\"https:\/\/aca-pl.com\/wp-content\/uploads\/2019\/11\/ACA-15pxX15px-1.png\",\"contentUrl\":\"https:\/\/aca-pl.com\/wp-content\/uploads\/2019\/11\/ACA-15pxX15px-1.png\",\"width\":125,\"height\":125,\"caption\":\"AUDIT CONSEIL ASSISTANCE\"},\"image\":{\"@id\":\"https:\/\/aca-pl.com\/#\/schema\/logo\/image\/\"},\"sameAs\":[\"https:\/\/www.facebook.com\/groups\/1773349446235806\/?ref=bookmarks\",\"https:\/\/x.com\/AssistanceAudit\",\"http:\/\/www.linkedin.com\/in\/philippe-b-7a43b342\"]}]}<\/script>\n<!-- \/ Yoast SEO plugin. -->","yoast_head_json":{"title":"MULTIRISQUE PROFESSIONNELLE -","description":"Multirisque professionnelle, Multirisque incendie, Risque industriel,","robots":{"index":"index","follow":"follow","max-snippet":"max-snippet:-1","max-image-preview":"max-image-preview:large","max-video-preview":"max-video-preview:-1"},"canonical":"https:\/\/aca-pl.com\/?page_id=138","og_locale":"fr_FR","og_type":"article","og_title":"MULTIRISQUE PROFESSIONNELLE -","og_description":"Multirisque professionnelle, Multirisque incendie, Risque industriel,","og_url":"https:\/\/aca-pl.com\/?page_id=138","article_publisher":"https:\/\/www.facebook.com\/groups\/1773349446235806\/?ref=bookmarks","article_modified_time":"2020-12-21T15:20:12+00:00","og_image":[{"width":1920,"height":1280,"url":"https:\/\/aca-pl.com\/wp-content\/uploads\/2020\/12\/building-856442_1920.jpg","type":"image\/jpeg"}],"twitter_card":"summary_large_image","twitter_site":"@AssistanceAudit","twitter_misc":{"Dur\u00e9e de lecture estim\u00e9e":"1 minute"},"schema":{"@context":"https:\/\/schema.org","@graph":[{"@type":"WebPage","@id":"https:\/\/aca-pl.com\/?page_id=138","url":"https:\/\/aca-pl.com\/?page_id=138","name":"MULTIRISQUE PROFESSIONNELLE -","isPartOf":{"@id":"https:\/\/aca-pl.com\/#website"},"primaryImageOfPage":{"@id":"https:\/\/aca-pl.com\/?page_id=138#primaryimage"},"image":{"@id":"https:\/\/aca-pl.com\/?page_id=138#primaryimage"},"thumbnailUrl":"https:\/\/aca-pl.com\/wp-content\/uploads\/2020\/12\/building-856442_1920.jpg","datePublished":"2020-01-14T09:17:08+00:00","dateModified":"2020-12-21T15:20:12+00:00","description":"Multirisque professionnelle, Multirisque incendie, Risque industriel,","breadcrumb":{"@id":"https:\/\/aca-pl.com\/?page_id=138#breadcrumb"},"inLanguage":"fr-FR","potentialAction":[{"@type":"ReadAction","target":["https:\/\/aca-pl.com\/?page_id=138"]}]},{"@type":"ImageObject","inLanguage":"fr-FR","@id":"https:\/\/aca-pl.com\/?page_id=138#primaryimage","url":"https:\/\/aca-pl.com\/wp-content\/uploads\/2020\/12\/building-856442_1920.jpg","contentUrl":"https:\/\/aca-pl.com\/wp-content\/uploads\/2020\/12\/building-856442_1920.jpg","width":1920,"height":1280},{"@type":"BreadcrumbList","@id":"https:\/\/aca-pl.com\/?page_id=138#breadcrumb","itemListElement":[{"@type":"ListItem","position":1,"name":"Accueil","item":"https:\/\/aca-pl.com\/"},{"@type":"ListItem","position":2,"name":"MULTIRISQUE PROFESSIONNELLE"}]},{"@type":"WebSite","@id":"https:\/\/aca-pl.com\/#website","url":"https:\/\/aca-pl.com\/","name":"","description":"Quand la passion est un m\u00e9tier","publisher":{"@id":"https:\/\/aca-pl.com\/#organization"},"potentialAction":[{"@type":"SearchAction","target":{"@type":"EntryPoint","urlTemplate":"https:\/\/aca-pl.com\/?s={search_term_string}"},"query-input":{"@type":"PropertyValueSpecification","valueRequired":true,"valueName":"search_term_string"}}],"inLanguage":"fr-FR"},{"@type":"Organization","@id":"https:\/\/aca-pl.com\/#organization","name":"AUDIT CONSEIL ASSISTANCE","url":"https:\/\/aca-pl.com\/","logo":{"@type":"ImageObject","inLanguage":"fr-FR","@id":"https:\/\/aca-pl.com\/#\/schema\/logo\/image\/","url":"https:\/\/aca-pl.com\/wp-content\/uploads\/2019\/11\/ACA-15pxX15px-1.png","contentUrl":"https:\/\/aca-pl.com\/wp-content\/uploads\/2019\/11\/ACA-15pxX15px-1.png","width":125,"height":125,"caption":"AUDIT CONSEIL ASSISTANCE"},"image":{"@id":"https:\/\/aca-pl.com\/#\/schema\/logo\/image\/"},"sameAs":["https:\/\/www.facebook.com\/groups\/1773349446235806\/?ref=bookmarks","https:\/\/x.com\/AssistanceAudit","http:\/\/www.linkedin.com\/in\/philippe-b-7a43b342"]}]}},"_links":{"self":[{"href":"https:\/\/aca-pl.com\/index.php?rest_route=\/wp\/v2\/pages\/138","targetHints":{"allow":["GET"]}}],"collection":[{"href":"https:\/\/aca-pl.com\/index.php?rest_route=\/wp\/v2\/pages"}],"about":[{"href":"https:\/\/aca-pl.com\/index.php?rest_route=\/wp\/v2\/types\/page"}],"author":[{"embeddable":true,"href":"https:\/\/aca-pl.com\/index.php?rest_route=\/wp\/v2\/users\/1"}],"replies":[{"embeddable":true,"href":"https:\/\/aca-pl.com\/index.php?rest_route=%2Fwp%2Fv2%2Fcomments&post=138"}],"version-history":[{"count":23,"href":"https:\/\/aca-pl.com\/index.php?rest_route=\/wp\/v2\/pages\/138\/revisions"}],"predecessor-version":[{"id":1686,"href":"https:\/\/aca-pl.com\/index.php?rest_route=\/wp\/v2\/pages\/138\/revisions\/1686"}],"wp:featuredmedia":[{"embeddable":true,"href":"https:\/\/aca-pl.com\/index.php?rest_route=\/wp\/v2\/media\/2632"}],"wp:attachment":[{"href":"https:\/\/aca-pl.com\/index.php?rest_route=%2Fwp%2Fv2%2Fmedia&parent=138"}],"curies":[{"name":"wp","href":"https:\/\/api.w.org\/{rel}","templated":true}]}}