{"id":134,"date":"2020-01-13T16:03:10","date_gmt":"2020-01-13T15:03:10","guid":{"rendered":"http:\/\/aca-pl.com\/?page_id=134"},"modified":"2021-11-17T15:07:03","modified_gmt":"2021-11-17T14:07:03","slug":"assurances-etudes-projets-devis","status":"publish","type":"page","link":"https:\/\/aca-pl.com\/?page_id=134","title":{"rendered":"ASSURANCES DES ENTREPRISES"},"content":{"rendered":"\r\n<div id=\"wp-block-themeisle-blocks-advanced-columns-786a1934\" class=\"wp-block-themeisle-blocks-advanced-columns has-1-columns has-desktop-equal-layout has-tablet-equal-layout has-mobile-equal-layout has-default-gap has-vertical-unset\">\r\n<div class=\"wp-block-themeisle-blocks-advanced-columns-overlay\">\u00a0<\/div>\r\n<div class=\"innerblocks-wrap\">\r\n<div id=\"wp-block-themeisle-blocks-advanced-column-0332ecf1\" class=\"wp-block-themeisle-blocks-advanced-column\">\r\n<p>Bienvenue sur cette page.<\/p>\r\n\r\n\r\n\r\n<p>Nous aborderons au fur et \u00e0 mesure diff\u00e9rents th\u00e8mes relatifs \u00e0 vos besoins et aux questions que vous pouvez vous poser sur les diff\u00e9rentes garanties de votre programme d\u2019assurance.<\/p>\r\n\r\n\r\n\r\n<p>Ces pages s\u2019enrichiront r\u00e9guli\u00e8rement.<\/p>\r\n\r\n\r\n\r\n<p>N&rsquo;h\u00e9sitez pas \u00e0 revenir vers nous ! Vous pouvez nous contacter par <a href=\"mailto:info@aca-pl.com\">mail<\/a> ou par t\u00e9l\u00e9phone au<strong> 02 41 09 77 32<\/strong> ou par notre <a href=\"https:\/\/aca-pl.com\/?page_id=181\">formulaire<\/a> de contact de 8h \u00e0 19h du Lundi au Vendredi, et le Samedi uniquement par mail.<\/p>\r\n\r\n\r\n\r\n<div class=\"wp-block-image animated bounceOutLeft\">\r\n<figure class=\"aligncenter\"><img loading=\"lazy\" decoding=\"async\" width=\"125\" height=\"125\" class=\"wp-image-33\" src=\"http:\/\/aca-pl.com\/wp-content\/uploads\/2019\/11\/ACA-15pxX15px-1.png\" alt=\"\" \/><\/figure>\r\n<\/div>\r\n<\/div>\r\n<\/div>\r\n<\/div>\r\n\r\n\r\n\r\n<p class=\"has-text-align-center\"><strong>Quand la passion est un m\u00e9tier<\/strong><\/p>\r\n","protected":false},"excerpt":{"rendered":"<p>Quand la passion est un m\u00e9tier<\/p>\n","protected":false},"author":1,"featured_media":0,"parent":0,"menu_order":0,"comment_status":"closed","ping_status":"closed","template":"","meta":{"_bbp_topic_count":0,"_bbp_reply_count":0,"_bbp_total_topic_count":0,"_bbp_total_reply_count":0,"_bbp_voice_count":0,"_bbp_anonymous_reply_count":0,"_bbp_topic_count_hidden":0,"_bbp_reply_count_hidden":0,"_bbp_forum_subforum_count":0,"_monsterinsights_skip_tracking":false,"_monsterinsights_sitenote_active":false,"_monsterinsights_sitenote_note":"","_monsterinsights_sitenote_category":0,"_themeisle_gutenberg_block_has_review":false,"footnotes":""},"class_list":["post-134","page","type-page","status-publish","hentry"],"yoast_head":"<!-- This site is optimized with the Yoast SEO plugin v24.9 - https:\/\/yoast.com\/wordpress\/plugins\/seo\/ -->\n<title>ASSURANCES DES ENTREPRISES ET DES PROFESSIONNELS<\/title>\n<meta name=\"description\" content=\"Entreprise, programme d&#039;assurance destin\u00e9 \u00e0 garantir les entreprises - et les professionnels - responsabilit\u00e9 civile - d\u00e9cennale- incendie - multirisque professionnelle - bris de machine - pertes d&#039;exploitation\" \/>\n<meta name=\"robots\" content=\"index, follow, max-snippet:-1, max-image-preview:large, max-video-preview:-1\" \/>\n<link rel=\"canonical\" href=\"https:\/\/aca-pl.com\/?page_id=134\" \/>\n<meta property=\"og:locale\" content=\"fr_FR\" \/>\n<meta property=\"og:type\" content=\"article\" \/>\n<meta property=\"og:title\" content=\"ASSURANCES DES ENTREPRISES ET DES PROFESSIONNELS\" \/>\n<meta property=\"og:description\" content=\"Entreprise, programme d&#039;assurance destin\u00e9 \u00e0 garantir les entreprises - et les professionnels - responsabilit\u00e9 civile - d\u00e9cennale- incendie - multirisque professionnelle - bris de machine - pertes d&#039;exploitation\" \/>\n<meta property=\"og:url\" content=\"https:\/\/aca-pl.com\/?page_id=134\" \/>\n<meta property=\"article:publisher\" content=\"https:\/\/www.facebook.com\/groups\/1773349446235806\/?ref=bookmarks\" \/>\n<meta property=\"article:modified_time\" content=\"2021-11-17T14:07:03+00:00\" \/>\n<meta property=\"og:image\" content=\"http:\/\/aca-pl.com\/wp-content\/uploads\/2019\/11\/ACA-15pxX15px-1.png\" \/>\n<meta name=\"twitter:card\" content=\"summary_large_image\" \/>\n<meta name=\"twitter:site\" content=\"@AssistanceAudit\" \/>\n<script type=\"application\/ld+json\" class=\"yoast-schema-graph\">{\"@context\":\"https:\/\/schema.org\",\"@graph\":[{\"@type\":\"WebPage\",\"@id\":\"https:\/\/aca-pl.com\/?page_id=134\",\"url\":\"https:\/\/aca-pl.com\/?page_id=134\",\"name\":\"ASSURANCES DES ENTREPRISES ET DES PROFESSIONNELS\",\"isPartOf\":{\"@id\":\"https:\/\/aca-pl.com\/#website\"},\"primaryImageOfPage\":{\"@id\":\"https:\/\/aca-pl.com\/?page_id=134#primaryimage\"},\"image\":{\"@id\":\"https:\/\/aca-pl.com\/?page_id=134#primaryimage\"},\"thumbnailUrl\":\"http:\/\/aca-pl.com\/wp-content\/uploads\/2019\/11\/ACA-15pxX15px-1.png\",\"datePublished\":\"2020-01-13T15:03:10+00:00\",\"dateModified\":\"2021-11-17T14:07:03+00:00\",\"description\":\"Entreprise, programme d'assurance destin\u00e9 \u00e0 garantir les entreprises - et les professionnels - responsabilit\u00e9 civile - d\u00e9cennale- incendie - multirisque professionnelle - bris de machine - pertes d'exploitation\",\"breadcrumb\":{\"@id\":\"https:\/\/aca-pl.com\/?page_id=134#breadcrumb\"},\"inLanguage\":\"fr-FR\",\"potentialAction\":[{\"@type\":\"ReadAction\",\"target\":[\"https:\/\/aca-pl.com\/?page_id=134\"]}]},{\"@type\":\"ImageObject\",\"inLanguage\":\"fr-FR\",\"@id\":\"https:\/\/aca-pl.com\/?page_id=134#primaryimage\",\"url\":\"https:\/\/aca-pl.com\/wp-content\/uploads\/2019\/11\/ACA-15pxX15px-1.png\",\"contentUrl\":\"https:\/\/aca-pl.com\/wp-content\/uploads\/2019\/11\/ACA-15pxX15px-1.png\",\"width\":125,\"height\":125,\"caption\":\"LOGO ACA\"},{\"@type\":\"BreadcrumbList\",\"@id\":\"https:\/\/aca-pl.com\/?page_id=134#breadcrumb\",\"itemListElement\":[{\"@type\":\"ListItem\",\"position\":1,\"name\":\"Accueil\",\"item\":\"https:\/\/aca-pl.com\/\"},{\"@type\":\"ListItem\",\"position\":2,\"name\":\"ASSURANCES DES ENTREPRISES\"}]},{\"@type\":\"WebSite\",\"@id\":\"https:\/\/aca-pl.com\/#website\",\"url\":\"https:\/\/aca-pl.com\/\",\"name\":\"\",\"description\":\"Quand la passion est un m\u00e9tier\",\"publisher\":{\"@id\":\"https:\/\/aca-pl.com\/#organization\"},\"potentialAction\":[{\"@type\":\"SearchAction\",\"target\":{\"@type\":\"EntryPoint\",\"urlTemplate\":\"https:\/\/aca-pl.com\/?s={search_term_string}\"},\"query-input\":{\"@type\":\"PropertyValueSpecification\",\"valueRequired\":true,\"valueName\":\"search_term_string\"}}],\"inLanguage\":\"fr-FR\"},{\"@type\":\"Organization\",\"@id\":\"https:\/\/aca-pl.com\/#organization\",\"name\":\"AUDIT CONSEIL ASSISTANCE\",\"url\":\"https:\/\/aca-pl.com\/\",\"logo\":{\"@type\":\"ImageObject\",\"inLanguage\":\"fr-FR\",\"@id\":\"https:\/\/aca-pl.com\/#\/schema\/logo\/image\/\",\"url\":\"https:\/\/aca-pl.com\/wp-content\/uploads\/2019\/11\/ACA-15pxX15px-1.png\",\"contentUrl\":\"https:\/\/aca-pl.com\/wp-content\/uploads\/2019\/11\/ACA-15pxX15px-1.png\",\"width\":125,\"height\":125,\"caption\":\"AUDIT CONSEIL ASSISTANCE\"},\"image\":{\"@id\":\"https:\/\/aca-pl.com\/#\/schema\/logo\/image\/\"},\"sameAs\":[\"https:\/\/www.facebook.com\/groups\/1773349446235806\/?ref=bookmarks\",\"https:\/\/x.com\/AssistanceAudit\",\"http:\/\/www.linkedin.com\/in\/philippe-b-7a43b342\"]}]}<\/script>\n<!-- \/ Yoast SEO plugin. -->","yoast_head_json":{"title":"ASSURANCES DES ENTREPRISES ET DES PROFESSIONNELS","description":"Entreprise, programme d'assurance destin\u00e9 \u00e0 garantir les entreprises - et les professionnels - responsabilit\u00e9 civile - d\u00e9cennale- incendie - multirisque professionnelle - bris de machine - pertes d'exploitation","robots":{"index":"index","follow":"follow","max-snippet":"max-snippet:-1","max-image-preview":"max-image-preview:large","max-video-preview":"max-video-preview:-1"},"canonical":"https:\/\/aca-pl.com\/?page_id=134","og_locale":"fr_FR","og_type":"article","og_title":"ASSURANCES DES ENTREPRISES ET DES PROFESSIONNELS","og_description":"Entreprise, programme d'assurance destin\u00e9 \u00e0 garantir les entreprises - et les professionnels - responsabilit\u00e9 civile - d\u00e9cennale- incendie - multirisque professionnelle - bris de machine - pertes d'exploitation","og_url":"https:\/\/aca-pl.com\/?page_id=134","article_publisher":"https:\/\/www.facebook.com\/groups\/1773349446235806\/?ref=bookmarks","article_modified_time":"2021-11-17T14:07:03+00:00","og_image":[{"url":"http:\/\/aca-pl.com\/wp-content\/uploads\/2019\/11\/ACA-15pxX15px-1.png","type":"","width":"","height":""}],"twitter_card":"summary_large_image","twitter_site":"@AssistanceAudit","schema":{"@context":"https:\/\/schema.org","@graph":[{"@type":"WebPage","@id":"https:\/\/aca-pl.com\/?page_id=134","url":"https:\/\/aca-pl.com\/?page_id=134","name":"ASSURANCES DES ENTREPRISES ET DES PROFESSIONNELS","isPartOf":{"@id":"https:\/\/aca-pl.com\/#website"},"primaryImageOfPage":{"@id":"https:\/\/aca-pl.com\/?page_id=134#primaryimage"},"image":{"@id":"https:\/\/aca-pl.com\/?page_id=134#primaryimage"},"thumbnailUrl":"http:\/\/aca-pl.com\/wp-content\/uploads\/2019\/11\/ACA-15pxX15px-1.png","datePublished":"2020-01-13T15:03:10+00:00","dateModified":"2021-11-17T14:07:03+00:00","description":"Entreprise, programme d'assurance destin\u00e9 \u00e0 garantir les entreprises - et les professionnels - responsabilit\u00e9 civile - d\u00e9cennale- incendie - multirisque professionnelle - bris de machine - pertes d'exploitation","breadcrumb":{"@id":"https:\/\/aca-pl.com\/?page_id=134#breadcrumb"},"inLanguage":"fr-FR","potentialAction":[{"@type":"ReadAction","target":["https:\/\/aca-pl.com\/?page_id=134"]}]},{"@type":"ImageObject","inLanguage":"fr-FR","@id":"https:\/\/aca-pl.com\/?page_id=134#primaryimage","url":"https:\/\/aca-pl.com\/wp-content\/uploads\/2019\/11\/ACA-15pxX15px-1.png","contentUrl":"https:\/\/aca-pl.com\/wp-content\/uploads\/2019\/11\/ACA-15pxX15px-1.png","width":125,"height":125,"caption":"LOGO ACA"},{"@type":"BreadcrumbList","@id":"https:\/\/aca-pl.com\/?page_id=134#breadcrumb","itemListElement":[{"@type":"ListItem","position":1,"name":"Accueil","item":"https:\/\/aca-pl.com\/"},{"@type":"ListItem","position":2,"name":"ASSURANCES DES ENTREPRISES"}]},{"@type":"WebSite","@id":"https:\/\/aca-pl.com\/#website","url":"https:\/\/aca-pl.com\/","name":"","description":"Quand la passion est un m\u00e9tier","publisher":{"@id":"https:\/\/aca-pl.com\/#organization"},"potentialAction":[{"@type":"SearchAction","target":{"@type":"EntryPoint","urlTemplate":"https:\/\/aca-pl.com\/?s={search_term_string}"},"query-input":{"@type":"PropertyValueSpecification","valueRequired":true,"valueName":"search_term_string"}}],"inLanguage":"fr-FR"},{"@type":"Organization","@id":"https:\/\/aca-pl.com\/#organization","name":"AUDIT CONSEIL ASSISTANCE","url":"https:\/\/aca-pl.com\/","logo":{"@type":"ImageObject","inLanguage":"fr-FR","@id":"https:\/\/aca-pl.com\/#\/schema\/logo\/image\/","url":"https:\/\/aca-pl.com\/wp-content\/uploads\/2019\/11\/ACA-15pxX15px-1.png","contentUrl":"https:\/\/aca-pl.com\/wp-content\/uploads\/2019\/11\/ACA-15pxX15px-1.png","width":125,"height":125,"caption":"AUDIT CONSEIL ASSISTANCE"},"image":{"@id":"https:\/\/aca-pl.com\/#\/schema\/logo\/image\/"},"sameAs":["https:\/\/www.facebook.com\/groups\/1773349446235806\/?ref=bookmarks","https:\/\/x.com\/AssistanceAudit","http:\/\/www.linkedin.com\/in\/philippe-b-7a43b342"]}]}},"_links":{"self":[{"href":"https:\/\/aca-pl.com\/index.php?rest_route=\/wp\/v2\/pages\/134","targetHints":{"allow":["GET"]}}],"collection":[{"href":"https:\/\/aca-pl.com\/index.php?rest_route=\/wp\/v2\/pages"}],"about":[{"href":"https:\/\/aca-pl.com\/index.php?rest_route=\/wp\/v2\/types\/page"}],"author":[{"embeddable":true,"href":"https:\/\/aca-pl.com\/index.php?rest_route=\/wp\/v2\/users\/1"}],"replies":[{"embeddable":true,"href":"https:\/\/aca-pl.com\/index.php?rest_route=%2Fwp%2Fv2%2Fcomments&post=134"}],"version-history":[{"count":10,"href":"https:\/\/aca-pl.com\/index.php?rest_route=\/wp\/v2\/pages\/134\/revisions"}],"predecessor-version":[{"id":2976,"href":"https:\/\/aca-pl.com\/index.php?rest_route=\/wp\/v2\/pages\/134\/revisions\/2976"}],"wp:attachment":[{"href":"https:\/\/aca-pl.com\/index.php?rest_route=%2Fwp%2Fv2%2Fmedia&parent=134"}],"curies":[{"name":"wp","href":"https:\/\/api.w.org\/{rel}","templated":true}]}}