{"id":1003,"date":"2020-11-17T13:40:35","date_gmt":"2020-11-17T12:40:35","guid":{"rendered":"https:\/\/aca-pl.com\/?page_id=1003"},"modified":"2020-11-17T13:42:54","modified_gmt":"2020-11-17T12:42:54","slug":"prevoyance-independants-artisans-commercants","status":"publish","type":"page","link":"https:\/\/aca-pl.com\/?page_id=1003","title":{"rendered":"PR\u00c9VOYANCE IND\u00c9PENDANTS ARTISANS COMMER\u00c7ANTS"},"content":{"rendered":"\r\n<p><a href=\"https:\/\/aca-pl.com\/?page_id=2581\">QUESTIONNAIRE PR\u00c9VOYANCE<\/a><\/p>\r\n<p>A un moment o\u00f9 les entrepreneurs essaie de maintenir leur activit\u00e9 et sont tout particuli\u00e8rement occup\u00e9s, je m\u2019aper\u00e7ois au fil de mes discussions avec nombre d\u2019entre vous, que votre protection personnelle est tr\u00e8s souvent mise de c\u00f4t\u00e9.<\/p>\r\n\r\n\r\n\r\n<p>La p\u00e9riode actuelle nous montre \u00e0 quel point il est important d\u2019\u00eatre bien prot\u00e9g\u00e9.<\/p>\r\n\r\n\r\n\r\n<p>Cela para\u00eet tellement naturel que vous soyez la colonne vert\u00e9brale de votre entreprise que vous finissez par vous oublier vous-m\u00eame.<\/p>\r\n\r\n\r\n\r\n<p>Que se passerait-il si en plus des difficult\u00e9s \u00e9conomiques, vous deviez vous arr\u00eater \u00e0 la suite d\u2019un accident ou d\u2019une maladie\u00a0?<\/p>\r\n\r\n\r\n\r\n<p>Je pense que vous connaissez la r\u00e9ponse.<\/p>\r\n\r\n\r\n\r\n<p>Alors que faire\u00a0?<\/p>\r\n\r\n\r\n\r\n<p class=\"animated rotateIn\"><strong>Il faut vous faut prendre en compte la possibilit\u00e9 de vous arr\u00eater en cas d\u2019accident ou de souci de sant\u00e9 important et donc, pr\u00e9voir la perte de revenus qui en d\u00e9coule automatiquement.<\/strong><\/p>\r\n\r\n\r\n\r\n<p>En compl\u00e9ment, il faut aussi tenir compte de vos charges, et donc d&rsquo;envisager de les assurer en cas d\u2019arr\u00eat de travail plus ou moins long.<\/p>\r\n\r\n\r\n\r\n<p><span style=\"text-decoration: underline;\">Pour cela, vous devez n\u00e9cessairement r\u00e9fl\u00e9chir aux questions suivantes<\/span>:<\/p>\r\n\r\n\r\n\r\n<ul class=\"wp-block-list\">\r\n<li>Quels sont les revenus qui me sont n\u00e9cessaires pour vivre et faire vivre ma famille en cas d\u2019arr\u00eat de travail\u00a0?<\/li>\r\n<li>Que se passerait-il en cas d\u2019invalidit\u00e9 et quelle somme mensuelle me serait n\u00e9cessaire\u00a0 pour maintenir mon niveau de vie?<\/li>\r\n<li>En cas de d\u00e9c\u00e8s, quelle somme serait n\u00e9cessaire pour que ma famille puisse vivre correctement\u00a0?<\/li>\r\n<li>Enfin, comment financer les frais g\u00e9n\u00e9raux de mon entreprise afin de maintenir ma tr\u00e9sorerie et payer mes charges ?<\/li>\r\n<\/ul>\r\n\r\n\r\n\r\n<p class=\"animated rotateIn\"><strong>Apr\u00e8s r\u00e9flexion, vous r\u00e9aliserez l\u2019importance de vous prot\u00e9ger vous, et votre famille.<\/strong><\/p>\r\n\r\n\r\n\r\n<p>Je vous propose de faire le point sur vos garanties au moment que vous choisirez.<\/p>\r\n\r\n\r\n\r\n<p><span style=\"text-decoration: underline;\">Vous avez plusieurs possibilit\u00e9s:<\/span><\/p>\r\n\r\n\r\n\r\n<ul class=\"wp-block-list\">\r\n<li>Soit en nous appelant au <strong>02 41 09 77 32<\/strong><\/li>\r\n<li>Soit compl\u00e9tant le questionnaire ci-dessous<\/li>\r\n<\/ul>\r\n\r\n\r\n\r\n<p><a href=\"https:\/\/aca-pl.com\/?page_id=2581\">QUESTIONNAIRE PR\u00c9VOYANCE<\/a><\/p>\r\n\r\n\r\n\r\n<p>et en nous le renvoyant \u00e0 info@aca-pl.com<\/p>\r\n\r\n\r\n\r\n<p>A tr\u00e8s bient\u00f4t et merci de votre confiance<\/p>\r\n\r\n\r\n\r\n<div class=\"wp-block-image\">\r\n<figure class=\"aligncenter size-large\"><img loading=\"lazy\" decoding=\"async\" width=\"125\" height=\"125\" class=\"wp-image-33 aligncenter\" src=\"https:\/\/aca-pl.com\/wp-content\/uploads\/2019\/11\/ACA-15pxX15px-1.png\" alt=\"LOGO ACA\" \/><\/figure>\r\n<\/div>\r\n\r\n\r\n\r\n<p class=\"has-text-align-center\" style=\"padding-left: 120px;\"><strong>Quand la passion est un m\u00e9tier<\/strong><\/p>\r\n\r\n\r\n\r\n<p>&nbsp;<\/p>\r\n\r\n\r\n\r\n<p>&nbsp;<\/p>\r\n\r\n\r\n\r\n<p class=\"animated bounce\">\u00a0<\/p>\r\n","protected":false},"excerpt":{"rendered":"<p>QUESTIONNAIRE PR\u00c9VOYANCE A un moment o\u00f9 les entrepreneurs essaie de maintenir leur activit\u00e9 et sont tout particuli\u00e8rement occup\u00e9s, je m\u2019aper\u00e7ois au fil de mes discussions avec nombre d\u2019entre vous, que votre protection personnelle est tr\u00e8s souvent mise de c\u00f4t\u00e9. La p\u00e9riode actuelle nous montre \u00e0 quel point il est important d\u2019\u00eatre bien prot\u00e9g\u00e9. Cela para\u00eet &hellip; <a href=\"https:\/\/aca-pl.com\/?page_id=1003\" class=\"more-link\">Continuer la lecture de <span class=\"screen-reader-text\">PR\u00c9VOYANCE IND\u00c9PENDANTS ARTISANS COMMER\u00c7ANTS<\/span>  <span class=\"meta-nav\">&rarr;<\/span><\/a><\/p>\n","protected":false},"author":1,"featured_media":0,"parent":0,"menu_order":0,"comment_status":"closed","ping_status":"closed","template":"","meta":{"_bbp_topic_count":0,"_bbp_reply_count":0,"_bbp_total_topic_count":0,"_bbp_total_reply_count":0,"_bbp_voice_count":0,"_bbp_anonymous_reply_count":0,"_bbp_topic_count_hidden":0,"_bbp_reply_count_hidden":0,"_bbp_forum_subforum_count":0,"_monsterinsights_skip_tracking":false,"_monsterinsights_sitenote_active":false,"_monsterinsights_sitenote_note":"","_monsterinsights_sitenote_category":0,"_themeisle_gutenberg_block_has_review":false,"footnotes":""},"class_list":["post-1003","page","type-page","status-publish","hentry"],"yoast_head":"<!-- This site is optimized with the Yoast SEO plugin v24.9 - https:\/\/yoast.com\/wordpress\/plugins\/seo\/ -->\n<title>PR\u00c9VOYANCE IND\u00c9PENDANTS ARTISANS COMMER\u00c7ANTS -<\/title>\n<meta name=\"description\" content=\"A l\u2019heure o\u00f9 les entrepreneurs reprennent leur activit\u00e9 et sont tout particuli\u00e8rement occup\u00e9s, je m\u2019aper\u00e7ois au fils de mes discussions avec nombre d\u2019entre vous, que votre protection personnelle est tr\u00e8s souvent mise de c\u00f4t\u00e9.La p\u00e9riode actuelle nous montre \u00e0 quel point il est important d\u2019\u00eatre bien prot\u00e9g\u00e9.Cela para\u00eet tellement naturel que vous soyez la colonne vert\u00e9brale de votre entreprise que vous finissez par vous l\u2019oublier en vous oubliant.Que se passerait-il si en plus des difficult\u00e9s \u00e9conomiques, vous deviez vous arr\u00eater \u00e0 la suite d\u2019un accident ou d\u2019une maladie\u00a0?\" \/>\n<meta name=\"robots\" content=\"index, follow, max-snippet:-1, max-image-preview:large, max-video-preview:-1\" \/>\n<link rel=\"canonical\" href=\"https:\/\/aca-pl.com\/?page_id=1003\" \/>\n<meta property=\"og:locale\" content=\"fr_FR\" \/>\n<meta property=\"og:type\" content=\"article\" \/>\n<meta property=\"og:title\" content=\"PREVOYANCE ARTISANS COMMERCANT INDEPENDANTS\" \/>\n<meta property=\"og:description\" content=\"A l\u2019heure o\u00f9 les entrepreneurs reprennent leur activit\u00e9 et sont tout particuli\u00e8rement occup\u00e9s, je m\u2019aper\u00e7ois au fils de mes discussions avec nombre d\u2019entre vous, que votre protection personnelle est tr\u00e8s souvent mise de c\u00f4t\u00e9.La p\u00e9riode actuelle nous montre \u00e0 quel point il est important d\u2019\u00eatre bien prot\u00e9g\u00e9.Cela para\u00eet tellement naturel que vous soyez la colonne vert\u00e9brale de votre entreprise que vous finissez par vous l\u2019oublier en vous oubliant.Que se passerait-il si en plus des difficult\u00e9s \u00e9conomiques, vous deviez vous arr\u00eater \u00e0 la suite d\u2019un accident ou d\u2019une maladie\u00a0?\" \/>\n<meta property=\"og:url\" content=\"https:\/\/aca-pl.com\/?page_id=1003\" \/>\n<meta property=\"article:publisher\" content=\"https:\/\/www.facebook.com\/groups\/1773349446235806\/?ref=bookmarks\" \/>\n<meta property=\"article:modified_time\" content=\"2020-11-17T12:42:54+00:00\" \/>\n<meta property=\"og:image\" content=\"https:\/\/aca-pl.com\/wp-content\/uploads\/2019\/11\/ACA-15pxX15px-1.png\" \/>\n<meta name=\"twitter:card\" content=\"summary_large_image\" \/>\n<meta name=\"twitter:site\" content=\"@AssistanceAudit\" \/>\n<meta name=\"twitter:label1\" content=\"Dur\u00e9e de lecture estim\u00e9e\" \/>\n\t<meta name=\"twitter:data1\" content=\"2 minutes\" \/>\n<script type=\"application\/ld+json\" class=\"yoast-schema-graph\">{\"@context\":\"https:\/\/schema.org\",\"@graph\":[{\"@type\":\"WebPage\",\"@id\":\"https:\/\/aca-pl.com\/?page_id=1003\",\"url\":\"https:\/\/aca-pl.com\/?page_id=1003\",\"name\":\"PR\u00c9VOYANCE IND\u00c9PENDANTS ARTISANS COMMER\u00c7ANTS -\",\"isPartOf\":{\"@id\":\"https:\/\/aca-pl.com\/#website\"},\"primaryImageOfPage\":{\"@id\":\"https:\/\/aca-pl.com\/?page_id=1003#primaryimage\"},\"image\":{\"@id\":\"https:\/\/aca-pl.com\/?page_id=1003#primaryimage\"},\"thumbnailUrl\":\"https:\/\/aca-pl.com\/wp-content\/uploads\/2019\/11\/ACA-15pxX15px-1.png\",\"datePublished\":\"2020-11-17T12:40:35+00:00\",\"dateModified\":\"2020-11-17T12:42:54+00:00\",\"description\":\"A l\u2019heure o\u00f9 les entrepreneurs reprennent leur activit\u00e9 et sont tout particuli\u00e8rement occup\u00e9s, je m\u2019aper\u00e7ois au fils de mes discussions avec nombre d\u2019entre vous, que votre protection personnelle est tr\u00e8s souvent mise de c\u00f4t\u00e9.La p\u00e9riode actuelle nous montre \u00e0 quel point il est important d\u2019\u00eatre bien prot\u00e9g\u00e9.Cela para\u00eet tellement naturel que vous soyez la colonne vert\u00e9brale de votre entreprise que vous finissez par vous l\u2019oublier en vous oubliant.Que se passerait-il si en plus des difficult\u00e9s \u00e9conomiques, vous deviez vous arr\u00eater \u00e0 la suite d\u2019un accident ou d\u2019une maladie\u00a0?\",\"breadcrumb\":{\"@id\":\"https:\/\/aca-pl.com\/?page_id=1003#breadcrumb\"},\"inLanguage\":\"fr-FR\",\"potentialAction\":[{\"@type\":\"ReadAction\",\"target\":[\"https:\/\/aca-pl.com\/?page_id=1003\"]}]},{\"@type\":\"ImageObject\",\"inLanguage\":\"fr-FR\",\"@id\":\"https:\/\/aca-pl.com\/?page_id=1003#primaryimage\",\"url\":\"https:\/\/aca-pl.com\/wp-content\/uploads\/2019\/11\/ACA-15pxX15px-1.png\",\"contentUrl\":\"https:\/\/aca-pl.com\/wp-content\/uploads\/2019\/11\/ACA-15pxX15px-1.png\",\"width\":125,\"height\":125,\"caption\":\"LOGO ACA\"},{\"@type\":\"BreadcrumbList\",\"@id\":\"https:\/\/aca-pl.com\/?page_id=1003#breadcrumb\",\"itemListElement\":[{\"@type\":\"ListItem\",\"position\":1,\"name\":\"Accueil\",\"item\":\"https:\/\/aca-pl.com\/\"},{\"@type\":\"ListItem\",\"position\":2,\"name\":\"PR\u00c9VOYANCE IND\u00c9PENDANTS ARTISANS COMMER\u00c7ANTS\"}]},{\"@type\":\"WebSite\",\"@id\":\"https:\/\/aca-pl.com\/#website\",\"url\":\"https:\/\/aca-pl.com\/\",\"name\":\"\",\"description\":\"Quand la passion est un m\u00e9tier\",\"publisher\":{\"@id\":\"https:\/\/aca-pl.com\/#organization\"},\"potentialAction\":[{\"@type\":\"SearchAction\",\"target\":{\"@type\":\"EntryPoint\",\"urlTemplate\":\"https:\/\/aca-pl.com\/?s={search_term_string}\"},\"query-input\":{\"@type\":\"PropertyValueSpecification\",\"valueRequired\":true,\"valueName\":\"search_term_string\"}}],\"inLanguage\":\"fr-FR\"},{\"@type\":\"Organization\",\"@id\":\"https:\/\/aca-pl.com\/#organization\",\"name\":\"AUDIT CONSEIL ASSISTANCE\",\"url\":\"https:\/\/aca-pl.com\/\",\"logo\":{\"@type\":\"ImageObject\",\"inLanguage\":\"fr-FR\",\"@id\":\"https:\/\/aca-pl.com\/#\/schema\/logo\/image\/\",\"url\":\"https:\/\/aca-pl.com\/wp-content\/uploads\/2019\/11\/ACA-15pxX15px-1.png\",\"contentUrl\":\"https:\/\/aca-pl.com\/wp-content\/uploads\/2019\/11\/ACA-15pxX15px-1.png\",\"width\":125,\"height\":125,\"caption\":\"AUDIT CONSEIL ASSISTANCE\"},\"image\":{\"@id\":\"https:\/\/aca-pl.com\/#\/schema\/logo\/image\/\"},\"sameAs\":[\"https:\/\/www.facebook.com\/groups\/1773349446235806\/?ref=bookmarks\",\"https:\/\/x.com\/AssistanceAudit\",\"http:\/\/www.linkedin.com\/in\/philippe-b-7a43b342\"]}]}<\/script>\n<!-- \/ Yoast SEO plugin. -->","yoast_head_json":{"title":"PR\u00c9VOYANCE IND\u00c9PENDANTS ARTISANS COMMER\u00c7ANTS -","description":"A l\u2019heure o\u00f9 les entrepreneurs reprennent leur activit\u00e9 et sont tout particuli\u00e8rement occup\u00e9s, je m\u2019aper\u00e7ois au fils de mes discussions avec nombre d\u2019entre vous, que votre protection personnelle est tr\u00e8s souvent mise de c\u00f4t\u00e9.La p\u00e9riode actuelle nous montre \u00e0 quel point il est important d\u2019\u00eatre bien prot\u00e9g\u00e9.Cela para\u00eet tellement naturel que vous soyez la colonne vert\u00e9brale de votre entreprise que vous finissez par vous l\u2019oublier en vous oubliant.Que se passerait-il si en plus des difficult\u00e9s \u00e9conomiques, vous deviez vous arr\u00eater \u00e0 la suite d\u2019un accident ou d\u2019une maladie\u00a0?","robots":{"index":"index","follow":"follow","max-snippet":"max-snippet:-1","max-image-preview":"max-image-preview:large","max-video-preview":"max-video-preview:-1"},"canonical":"https:\/\/aca-pl.com\/?page_id=1003","og_locale":"fr_FR","og_type":"article","og_title":"PREVOYANCE ARTISANS COMMERCANT INDEPENDANTS","og_description":"A l\u2019heure o\u00f9 les entrepreneurs reprennent leur activit\u00e9 et sont tout particuli\u00e8rement occup\u00e9s, je m\u2019aper\u00e7ois au fils de mes discussions avec nombre d\u2019entre vous, que votre protection personnelle est tr\u00e8s souvent mise de c\u00f4t\u00e9.La p\u00e9riode actuelle nous montre \u00e0 quel point il est important d\u2019\u00eatre bien prot\u00e9g\u00e9.Cela para\u00eet tellement naturel que vous soyez la colonne vert\u00e9brale de votre entreprise que vous finissez par vous l\u2019oublier en vous oubliant.Que se passerait-il si en plus des difficult\u00e9s \u00e9conomiques, vous deviez vous arr\u00eater \u00e0 la suite d\u2019un accident ou d\u2019une maladie\u00a0?","og_url":"https:\/\/aca-pl.com\/?page_id=1003","article_publisher":"https:\/\/www.facebook.com\/groups\/1773349446235806\/?ref=bookmarks","article_modified_time":"2020-11-17T12:42:54+00:00","og_image":[{"url":"https:\/\/aca-pl.com\/wp-content\/uploads\/2019\/11\/ACA-15pxX15px-1.png","type":"","width":"","height":""}],"twitter_card":"summary_large_image","twitter_site":"@AssistanceAudit","twitter_misc":{"Dur\u00e9e de lecture estim\u00e9e":"2 minutes"},"schema":{"@context":"https:\/\/schema.org","@graph":[{"@type":"WebPage","@id":"https:\/\/aca-pl.com\/?page_id=1003","url":"https:\/\/aca-pl.com\/?page_id=1003","name":"PR\u00c9VOYANCE IND\u00c9PENDANTS ARTISANS COMMER\u00c7ANTS -","isPartOf":{"@id":"https:\/\/aca-pl.com\/#website"},"primaryImageOfPage":{"@id":"https:\/\/aca-pl.com\/?page_id=1003#primaryimage"},"image":{"@id":"https:\/\/aca-pl.com\/?page_id=1003#primaryimage"},"thumbnailUrl":"https:\/\/aca-pl.com\/wp-content\/uploads\/2019\/11\/ACA-15pxX15px-1.png","datePublished":"2020-11-17T12:40:35+00:00","dateModified":"2020-11-17T12:42:54+00:00","description":"A l\u2019heure o\u00f9 les entrepreneurs reprennent leur activit\u00e9 et sont tout particuli\u00e8rement occup\u00e9s, je m\u2019aper\u00e7ois au fils de mes discussions avec nombre d\u2019entre vous, que votre protection personnelle est tr\u00e8s souvent mise de c\u00f4t\u00e9.La p\u00e9riode actuelle nous montre \u00e0 quel point il est important d\u2019\u00eatre bien prot\u00e9g\u00e9.Cela para\u00eet tellement naturel que vous soyez la colonne vert\u00e9brale de votre entreprise que vous finissez par vous l\u2019oublier en vous oubliant.Que se passerait-il si en plus des difficult\u00e9s \u00e9conomiques, vous deviez vous arr\u00eater \u00e0 la suite d\u2019un accident ou d\u2019une maladie\u00a0?","breadcrumb":{"@id":"https:\/\/aca-pl.com\/?page_id=1003#breadcrumb"},"inLanguage":"fr-FR","potentialAction":[{"@type":"ReadAction","target":["https:\/\/aca-pl.com\/?page_id=1003"]}]},{"@type":"ImageObject","inLanguage":"fr-FR","@id":"https:\/\/aca-pl.com\/?page_id=1003#primaryimage","url":"https:\/\/aca-pl.com\/wp-content\/uploads\/2019\/11\/ACA-15pxX15px-1.png","contentUrl":"https:\/\/aca-pl.com\/wp-content\/uploads\/2019\/11\/ACA-15pxX15px-1.png","width":125,"height":125,"caption":"LOGO ACA"},{"@type":"BreadcrumbList","@id":"https:\/\/aca-pl.com\/?page_id=1003#breadcrumb","itemListElement":[{"@type":"ListItem","position":1,"name":"Accueil","item":"https:\/\/aca-pl.com\/"},{"@type":"ListItem","position":2,"name":"PR\u00c9VOYANCE IND\u00c9PENDANTS ARTISANS COMMER\u00c7ANTS"}]},{"@type":"WebSite","@id":"https:\/\/aca-pl.com\/#website","url":"https:\/\/aca-pl.com\/","name":"","description":"Quand la passion est un m\u00e9tier","publisher":{"@id":"https:\/\/aca-pl.com\/#organization"},"potentialAction":[{"@type":"SearchAction","target":{"@type":"EntryPoint","urlTemplate":"https:\/\/aca-pl.com\/?s={search_term_string}"},"query-input":{"@type":"PropertyValueSpecification","valueRequired":true,"valueName":"search_term_string"}}],"inLanguage":"fr-FR"},{"@type":"Organization","@id":"https:\/\/aca-pl.com\/#organization","name":"AUDIT CONSEIL ASSISTANCE","url":"https:\/\/aca-pl.com\/","logo":{"@type":"ImageObject","inLanguage":"fr-FR","@id":"https:\/\/aca-pl.com\/#\/schema\/logo\/image\/","url":"https:\/\/aca-pl.com\/wp-content\/uploads\/2019\/11\/ACA-15pxX15px-1.png","contentUrl":"https:\/\/aca-pl.com\/wp-content\/uploads\/2019\/11\/ACA-15pxX15px-1.png","width":125,"height":125,"caption":"AUDIT CONSEIL ASSISTANCE"},"image":{"@id":"https:\/\/aca-pl.com\/#\/schema\/logo\/image\/"},"sameAs":["https:\/\/www.facebook.com\/groups\/1773349446235806\/?ref=bookmarks","https:\/\/x.com\/AssistanceAudit","http:\/\/www.linkedin.com\/in\/philippe-b-7a43b342"]}]}},"_links":{"self":[{"href":"https:\/\/aca-pl.com\/index.php?rest_route=\/wp\/v2\/pages\/1003","targetHints":{"allow":["GET"]}}],"collection":[{"href":"https:\/\/aca-pl.com\/index.php?rest_route=\/wp\/v2\/pages"}],"about":[{"href":"https:\/\/aca-pl.com\/index.php?rest_route=\/wp\/v2\/types\/page"}],"author":[{"embeddable":true,"href":"https:\/\/aca-pl.com\/index.php?rest_route=\/wp\/v2\/users\/1"}],"replies":[{"embeddable":true,"href":"https:\/\/aca-pl.com\/index.php?rest_route=%2Fwp%2Fv2%2Fcomments&post=1003"}],"version-history":[{"count":12,"href":"https:\/\/aca-pl.com\/index.php?rest_route=\/wp\/v2\/pages\/1003\/revisions"}],"predecessor-version":[{"id":2587,"href":"https:\/\/aca-pl.com\/index.php?rest_route=\/wp\/v2\/pages\/1003\/revisions\/2587"}],"wp:attachment":[{"href":"https:\/\/aca-pl.com\/index.php?rest_route=%2Fwp%2Fv2%2Fmedia&parent=1003"}],"curies":[{"name":"wp","href":"https:\/\/api.w.org\/{rel}","templated":true}]}}